{"id":9362,"date":"2019-11-05T16:23:13","date_gmt":"2019-11-05T15:23:13","guid":{"rendered":"https:\/\/www.horizonemployeur.fr\/wp2019\/?page_id=9362"},"modified":"2026-03-22T16:07:28","modified_gmt":"2026-03-22T15:07:28","slug":"sante","status":"publish","type":"page","link":"https:\/\/www.horizonemployeur.fr\/wp2019\/sante\/","title":{"rendered":"La sant\u00e9"},"content":{"rendered":"<div class=\"et_pb_section_0 et_pb_section et_section_regular et_block_section\">\n<div class=\"et_pb_row_0 et_pb_row et_block_row\">\n<div class=\"et_pb_column_0 et_pb_column et_pb_column_4_4 et-last-child et_block_column et_pb_css_mix_blend_mode_passthrough\">\n<div class=\"et_pb_text_0 et_pb_text et_pb_bg_layout_light et_pb_module et_block_module\"><div class=\"et_pb_text_inner\"><p>M\u00e9decins, g\u00e9n\u00e9ralistes ou sp\u00e9cialistes, et autres professionnels de sant\u00e9 sont \u00e0 votre disposition dans les diverses communes du territoire. Les h\u00f4pitaux et cliniques figurent sur la page Urgences<\/p>\n<\/div><\/div>\n<\/div>\n<\/div>\n\n<div class=\"et_pb_row_1 et_pb_row et_block_row\">\n<div class=\"et_pb_column_1 et_pb_column et_pb_column_4_4 et-last-child et_block_column et_pb_css_mix_blend_mode_passthrough\">\n<div class=\"et_pb_text_1 et_pb_text et_pb_bg_layout_light et_pb_module et_block_module\"><div class=\"et_pb_text_inner\"><h1>Les annuaires communaux des professionnels de sant\u00e9<\/h1>\n<\/div><\/div>\n<\/div>\n<\/div>\n\n<div class=\"et_pb_row_2 et_pb_row et_block_row\">\n<div class=\"et_pb_column_2 et_pb_column et_pb_column_4_4 et-last-child et_block_column et_pb_css_mix_blend_mode_passthrough\">\n<div class=\"et_pb_text_2 et_pb_text et_pb_bg_layout_light et_pb_module et_block_module\"><div class=\"et_pb_text_inner\"><p>Vous pouvez acc\u00e9der aux annuaires des professionnels de la sant\u00e9 en cliquant sur la ville correspondante<\/p>\n<\/div><\/div>\n<\/div>\n<\/div>\n\n<div class=\"et_pb_row_3 et_pb_row et_pb_row_6col et_block_row et_block_row_6col\">\n<div class=\"et_pb_column_3 et_pb_column et_pb_column_1_6 et_block_column et_pb_css_mix_blend_mode_passthrough\">\n<div class=\"et_pb_text_3 et_pb_text et_pb_bg_layout_light et_clickable et_pb_module et_block_module\"><div class=\"et_pb_text_inner\"><p style=\"text-align: center;\"><img loading=\"lazy\" decoding=\"async\" src=\"https:\/\/www.horizonemployeur.fr\/wp2019\/wp-content\/uploads\/2021\/01\/VilledeVelizy_400x400-150x150.jpg\" width=\"150\" height=\"150\" alt=\"\" class=\"wp-image-12307 alignnone size-thumbnail\" srcset=\"https:\/\/www.horizonemployeur.fr\/wp2019\/wp-content\/uploads\/2021\/01\/VilledeVelizy_400x400-150x150.jpg 150w, https:\/\/www.horizonemployeur.fr\/wp2019\/wp-content\/uploads\/2021\/01\/VilledeVelizy_400x400-300x300.jpg 300w, https:\/\/www.horizonemployeur.fr\/wp2019\/wp-content\/uploads\/2021\/01\/VilledeVelizy_400x400.jpg 400w\" sizes=\"(max-width: 150px) 100vw, 150px\" \/><br \/>V\u00e9lizy-Villacoublay<\/p>\n<\/div><\/div>\n<\/div>\n\n<div class=\"et_pb_column_4 et_pb_column et_pb_column_1_6 et_block_column et_pb_css_mix_blend_mode_passthrough\">\n<div class=\"et_pb_text_4 et_pb_text et_pb_bg_layout_light et_clickable et_pb_module et_block_module\"><div class=\"et_pb_text_inner\"><p style=\"text-align: center;\"><img loading=\"lazy\" decoding=\"async\" src=\"https:\/\/www.horizonemployeur.fr\/wp2019\/wp-content\/uploads\/2019\/05\/logo_meudon_400-150x150.png\" width=\"150\" height=\"150\" alt=\"\" class=\"wp-image-7735 alignnone size-thumbnail\" srcset=\"https:\/\/www.horizonemployeur.fr\/wp2019\/wp-content\/uploads\/2019\/05\/logo_meudon_400-150x150.png 150w, https:\/\/www.horizonemployeur.fr\/wp2019\/wp-content\/uploads\/2019\/05\/logo_meudon_400-300x300.png 300w, https:\/\/www.horizonemployeur.fr\/wp2019\/wp-content\/uploads\/2019\/05\/logo_meudon_400.png 400w\" sizes=\"(max-width: 150px) 100vw, 150px\" \/><br \/>Meudon<\/p>\n<\/div><\/div>\n<\/div>\n\n<div class=\"et_pb_column_5 et_pb_column et_pb_column_1_6 et_block_column et_pb_css_mix_blend_mode_passthrough\">\n<div class=\"et_pb_text_5 et_pb_text et_pb_bg_layout_light et_clickable et_pb_module et_block_module\"><div class=\"et_pb_text_inner\"><p style=\"text-align: center;\"><img loading=\"lazy\" decoding=\"async\" src=\"https:\/\/www.horizonemployeur.fr\/wp2019\/wp-content\/uploads\/2019\/05\/logo_bievres_400-150x150.png\" width=\"150\" height=\"150\" alt=\"\" class=\"wp-image-7731 alignnone size-thumbnail\" srcset=\"https:\/\/www.horizonemployeur.fr\/wp2019\/wp-content\/uploads\/2019\/05\/logo_bievres_400-150x150.png 150w, https:\/\/www.horizonemployeur.fr\/wp2019\/wp-content\/uploads\/2019\/05\/logo_bievres_400-300x300.png 300w, https:\/\/www.horizonemployeur.fr\/wp2019\/wp-content\/uploads\/2019\/05\/logo_bievres_400.png 400w\" sizes=\"(max-width: 150px) 100vw, 150px\" \/><br \/>Bi\u00e8vres<\/p>\n<\/div><\/div>\n<\/div>\n\n<div class=\"et_pb_column_6 et_pb_column et_pb_column_1_6 et_block_column et_pb_css_mix_blend_mode_passthrough\">\n<div class=\"et_pb_text_6 et_pb_text et_pb_bg_layout_light et_clickable et_pb_module et_block_module\"><div class=\"et_pb_text_inner\"><p style=\"text-align: center;\"><img loading=\"lazy\" decoding=\"async\" src=\"https:\/\/www.horizonemployeur.fr\/wp2019\/wp-content\/uploads\/2019\/05\/logo_jouy-en-josas_400-150x150.png\" width=\"150\" height=\"150\" alt=\"\" class=\"wp-image-7732 alignnone size-thumbnail\" srcset=\"https:\/\/www.horizonemployeur.fr\/wp2019\/wp-content\/uploads\/2019\/05\/logo_jouy-en-josas_400-150x150.png 150w, https:\/\/www.horizonemployeur.fr\/wp2019\/wp-content\/uploads\/2019\/05\/logo_jouy-en-josas_400-300x300.png 300w, https:\/\/www.horizonemployeur.fr\/wp2019\/wp-content\/uploads\/2019\/05\/logo_jouy-en-josas_400.png 400w\" sizes=\"(max-width: 150px) 100vw, 150px\" \/><br \/>Jouy-en-Josas<\/p>\n<\/div><\/div>\n<\/div>\n\n<div class=\"et_pb_column_7 et_pb_column et_pb_column_1_6 et_block_column et_pb_css_mix_blend_mode_passthrough\">\n<div class=\"et_pb_text_7 et_pb_text et_pb_bg_layout_light et_clickable et_pb_module et_block_module\"><div class=\"et_pb_text_inner\"><p style=\"text-align: center;\"><img loading=\"lazy\" decoding=\"async\" src=\"https:\/\/www.horizonemployeur.fr\/wp2019\/wp-content\/uploads\/2019\/05\/logo_viroflay_400-150x150.png\" width=\"150\" height=\"150\" alt=\"\" class=\"wp-image-7733 alignnone size-thumbnail\" srcset=\"https:\/\/www.horizonemployeur.fr\/wp2019\/wp-content\/uploads\/2019\/05\/logo_viroflay_400-150x150.png 150w, https:\/\/www.horizonemployeur.fr\/wp2019\/wp-content\/uploads\/2019\/05\/logo_viroflay_400-300x300.png 300w, https:\/\/www.horizonemployeur.fr\/wp2019\/wp-content\/uploads\/2019\/05\/logo_viroflay_400.png 400w\" sizes=\"(max-width: 150px) 100vw, 150px\" \/><br \/>Viroflay<\/p>\n<\/div><\/div>\n<\/div>\n\n<div class=\"et_pb_column_8 et_pb_column et_pb_column_1_6 et-last-child et_block_column et_pb_css_mix_blend_mode_passthrough\">\n<div class=\"et_pb_text_8 et_pb_text et_pb_bg_layout_light et_clickable et_pb_module et_block_module\"><div class=\"et_pb_text_inner\"><p style=\"text-align: center;\"><img loading=\"lazy\" decoding=\"async\" src=\"https:\/\/www.horizonemployeur.fr\/wp2019\/wp-content\/uploads\/2019\/05\/logo_chaville_400-150x150.png\" width=\"150\" height=\"150\" alt=\"\" class=\"wp-image-7734 alignnone size-thumbnail\" srcset=\"https:\/\/www.horizonemployeur.fr\/wp2019\/wp-content\/uploads\/2019\/05\/logo_chaville_400-150x150.png 150w, https:\/\/www.horizonemployeur.fr\/wp2019\/wp-content\/uploads\/2019\/05\/logo_chaville_400-300x300.png 300w, https:\/\/www.horizonemployeur.fr\/wp2019\/wp-content\/uploads\/2019\/05\/logo_chaville_400.png 400w\" sizes=\"(max-width: 150px) 100vw, 150px\" \/><br \/>Chaville<\/p>\n<\/div><\/div>\n<\/div>\n<\/div>\n<\/div>","protected":false},"excerpt":{"rendered":"","protected":false},"author":1,"featured_media":0,"parent":0,"menu_order":0,"comment_status":"closed","ping_status":"closed","template":"","meta":{"_acf_changed":false,"inline_featured_image":false,"footnotes":""},"dipi_cpt_category":[],"class_list":["post-9362","page","type-page","status-publish","hentry"],"acf":[],"dsm_author":{"name":"Association Horizon Employeur","avatar_url":"https:\/\/www.horizonemployeur.fr\/wp2019\/wp-content\/plugins\/ultimate-member\/assets\/img\/default_avatar.jpg","archive_link":"https:\/\/www.horizonemployeur.fr\/wp2019\/author\/horizonemployeur\/","biodata":""},"dsm_categories":[],"dsm_attachment_categories":[],"dsm_featured_image":null,"_links":{"self":[{"href":"https:\/\/www.horizonemployeur.fr\/wp2019\/wp-json\/wp\/v2\/pages\/9362","targetHints":{"allow":["GET"]}}],"collection":[{"href":"https:\/\/www.horizonemployeur.fr\/wp2019\/wp-json\/wp\/v2\/pages"}],"about":[{"href":"https:\/\/www.horizonemployeur.fr\/wp2019\/wp-json\/wp\/v2\/types\/page"}],"author":[{"embeddable":true,"href":"https:\/\/www.horizonemployeur.fr\/wp2019\/wp-json\/wp\/v2\/users\/1"}],"replies":[{"embeddable":true,"href":"https:\/\/www.horizonemployeur.fr\/wp2019\/wp-json\/wp\/v2\/comments?post=9362"}],"version-history":[{"count":1,"href":"https:\/\/www.horizonemployeur.fr\/wp2019\/wp-json\/wp\/v2\/pages\/9362\/revisions"}],"predecessor-version":[{"id":20488,"href":"https:\/\/www.horizonemployeur.fr\/wp2019\/wp-json\/wp\/v2\/pages\/9362\/revisions\/20488"}],"wp:attachment":[{"href":"https:\/\/www.horizonemployeur.fr\/wp2019\/wp-json\/wp\/v2\/media?parent=9362"}],"wp:term":[{"taxonomy":"dipi_cpt_category","embeddable":true,"href":"https:\/\/www.horizonemployeur.fr\/wp2019\/wp-json\/wp\/v2\/dipi_cpt_category?post=9362"}],"curies":[{"name":"wp","href":"https:\/\/api.w.org\/{rel}","templated":true}]}}