{"id":8230,"date":"2019-08-09T17:50:53","date_gmt":"2019-08-09T15:50:53","guid":{"rendered":"https:\/\/www.horizonemployeur.fr\/wp2019\/?page_id=8230"},"modified":"2019-08-09T17:50:53","modified_gmt":"2019-08-09T15:50:53","slug":"em2016-demenager-pourquoi-pas","status":"publish","type":"page","link":"https:\/\/www.horizonemployeur.fr\/wp2019\/em2016-demenager-pourquoi-pas\/","title":{"rendered":"EM2016: d\u00e9m\u00e9nager, pourquoi pas ?"},"content":{"rendered":"<div class=\"et_d4_element et_pb_section et_pb_section_0  et_pb_css_mix_blend_mode et_section_regular et_block_section\" >\n\t\t\t\t\n\t\t\t\t\n\t\t\t\t\n\t\t\t\t\n\t\t\t\t\n\t\t\t\t\n\t\t\t\t<div class=\"et_d4_element et_pb_row et_pb_row_0  et_pb_css_mix_blend_mode et_block_row\">\n\t\t\t\t<div class=\"et_d4_element et_pb_column_4_4 et_pb_column et_pb_column_0  et_pb_css_mix_blend_mode et-last-child et_block_column\">\n\t\t\t\t\n\t\t\t\t\n\t\t\t\t\n\t\t\t\t\n\t\t\t\t<div class=\"et_pb_module et_d4_element et_pb_post_title et_pb_post_title_0 et_pb_bg_layout_light  et_pb_text_align_left\"   >\n\t\t\t\t\n\t\t\t\t\n\t\t\t\t\n\t\t\t\t\n\t\t\t\t\n\t\t\t\t<div class=\"et_pb_title_container\">\n\t\t\t\t\t<h1 class=\"entry-title\"><\/h1>\n\t\t\t\t<\/div>\n\t\t\t\t\n\t\t\t<\/div><div class=\"et_pb_module et_d4_element et_pb_text et_pb_text_0  et_pb_text_align_left et_pb_bg_layout_light\">\n\t\t\t\t\n\t\t\t\t\n\t\t\t\t\n\t\t\t\t\n\t\t\t\t<div class=\"et_pb_text_inner\"><p>Dans cette partie, on s'adressait aux r\u00e9pondants qui indiquaient \u00eatre d\u00e9j\u00e0 pr\u00e9sents sur Inovel Parc en 2013, lors de l'enqu\u00eate pr\u00e9c\u00e9dente, soit 3544 personnes.<\/p>\n<p>788 ont d\u00e9m\u00e9nag\u00e9 durant ces 3 ann\u00e9es, dont 255 se sont rapproch\u00e9es de leur lieu de travail.<\/p>\n<p>Souhaiteriez-vous vous rapprocher de votre \u00e9tablissement ?<\/p>\n<p>504 personnes r\u00e9pondent positivement. Pourquoi ?<\/p>\n<ul>\n<li>349 \u00e0 cause de leur temps de transport actuel<\/li>\n<li>42 \u00e0 cause du stress, de la fatigue, de la s\u00e9curit\u00e9 du trajet<\/li>\n<li>26 pour une meilleure qualit\u00e9 de vie<\/li>\n<li>15 pour raisons financi\u00e8res<\/li>\n<li>15 \u00e9galement pour raisons familiales<\/li>\n<li>2 pour raisons professionnelles<\/li>\n<\/ul>\n<p>3327 r\u00e9pondent n\u00e9gativement. Pour quelles raisons ?<\/p>\n<ul>\n<li>637 \u00e0 cause de la qualit\u00e9 de vie\u00a0<\/li>\n<li>581 pour raisons familiales<\/li>\n<li>505 par choix personnel<\/li>\n<li>386 pour raisons financi\u00e8res<\/li>\n<li>88 pour raisons professionnelles<\/li>\n<\/ul><\/div>\n\t\t\t<\/div>\n\t\t\t<\/div>\n\t\t\t\t\n\t\t\t\t\n\t\t\t\t\n\t\t\t\t\n\t\t\t<\/div>\n\t\t\t\t\n\t\t\t\t\n\t\t\t<\/div>\n","protected":false},"excerpt":{"rendered":"","protected":false},"author":1,"featured_media":0,"parent":0,"menu_order":0,"comment_status":"closed","ping_status":"closed","template":"","meta":{"_acf_changed":false,"inline_featured_image":false,"_et_pb_use_builder":"on","_et_pb_old_content":"","_et_gb_content_width":"","footnotes":""},"dipi_cpt_category":[],"class_list":["post-8230","page","type-page","status-publish","hentry"],"acf":[],"dsm_author":{"name":"Association Horizon Employeur","avatar_url":"https:\/\/www.horizonemployeur.fr\/wp2019\/wp-content\/plugins\/ultimate-member\/assets\/img\/default_avatar.jpg","archive_link":"https:\/\/www.horizonemployeur.fr\/wp2019\/author\/horizonemployeur\/","biodata":""},"dsm_categories":[],"dsm_attachment_categories":[],"dsm_featured_image":null,"_links":{"self":[{"href":"https:\/\/www.horizonemployeur.fr\/wp2019\/wp-json\/wp\/v2\/pages\/8230","targetHints":{"allow":["GET"]}}],"collection":[{"href":"https:\/\/www.horizonemployeur.fr\/wp2019\/wp-json\/wp\/v2\/pages"}],"about":[{"href":"https:\/\/www.horizonemployeur.fr\/wp2019\/wp-json\/wp\/v2\/types\/page"}],"author":[{"embeddable":true,"href":"https:\/\/www.horizonemployeur.fr\/wp2019\/wp-json\/wp\/v2\/users\/1"}],"replies":[{"embeddable":true,"href":"https:\/\/www.horizonemployeur.fr\/wp2019\/wp-json\/wp\/v2\/comments?post=8230"}],"version-history":[{"count":0,"href":"https:\/\/www.horizonemployeur.fr\/wp2019\/wp-json\/wp\/v2\/pages\/8230\/revisions"}],"wp:attachment":[{"href":"https:\/\/www.horizonemployeur.fr\/wp2019\/wp-json\/wp\/v2\/media?parent=8230"}],"wp:term":[{"taxonomy":"dipi_cpt_category","embeddable":true,"href":"https:\/\/www.horizonemployeur.fr\/wp2019\/wp-json\/wp\/v2\/dipi_cpt_category?post=8230"}],"curies":[{"name":"wp","href":"https:\/\/api.w.org\/{rel}","templated":true}]}}