{"id":8226,"date":"2019-08-09T18:35:47","date_gmt":"2019-08-09T16:35:47","guid":{"rendered":"https:\/\/www.horizonemployeur.fr\/wp2019\/?page_id=8226"},"modified":"2019-08-09T18:35:47","modified_gmt":"2019-08-09T16:35:47","slug":"em2016-tc-pourquoi-pas","status":"publish","type":"page","link":"https:\/\/www.horizonemployeur.fr\/wp2019\/em2016-tc-pourquoi-pas\/","title":{"rendered":"EM2016: les transports en commun, pourquoi pas ?"},"content":{"rendered":"\n<div class=\"et_d4_element et_pb_section et_pb_section_0  et_pb_css_mix_blend_mode et_section_regular et_block_section\" >\n\t\t\t\t\n\t\t\t\t\n\t\t\t\t\n\t\t\t\t\n\t\t\t\t\n\t\t\t\t\n\t\t\t\t<div class=\"et_d4_element et_pb_row et_pb_row_0  et_pb_css_mix_blend_mode et_block_row\">\n\t\t\t\t<div class=\"et_d4_element et_pb_column_4_4 et_pb_column et_pb_column_0  et_pb_css_mix_blend_mode et-last-child et_block_column\">\n\t\t\t\t\n\t\t\t\t\n\t\t\t\t\n\t\t\t\t\n\t\t\t\t<div class=\"et_pb_module et_d4_element et_pb_post_title et_pb_post_title_0 et_pb_bg_layout_light  et_pb_text_align_left\"   >\n\t\t\t\t\n\t\t\t\t\n\t\t\t\t\n\t\t\t\t\n\t\t\t\t\n\t\t\t\t<div class=\"et_pb_title_container\">\n\t\t\t\t\t<h1 class=\"entry-title\"><\/h1>\n\t\t\t\t<\/div>\n\t\t\t\t\n\t\t\t<\/div><div class=\"et_pb_module et_d4_element et_pb_text et_pb_text_0  et_pb_text_align_left et_pb_bg_layout_light\">\n\t\t\t\t\n\t\t\t\t\n\t\t\t\t\n\t\t\t\t\n\t\t\t\t<div class=\"et_pb_text_inner\"><p>Pr\u00eat \u00e0 utiliser les transports en commun pour les d\u00e9placements domicile-travail ?\u00a0<\/p>\n<p>2054 r\u00e9pondants disent oui, 1864 disent non.<\/p>\n<p>En fonction du mode principal actuel de d\u00e9placement, les r\u00e9ponses sont les suivantes:<\/p>\n<table>\n<tbody>\n<tr>\n<td><strong>Mode principal actuel<\/strong><\/td>\n<td style=\"text-align: center;\"><strong>Marche<\/strong><\/td>\n<td style=\"text-align: center;\"><strong>V\u00e9lo<\/strong><\/td>\n<td style=\"text-align: center;\"><strong>Voiture<\/strong><\/td>\n<td style=\"text-align: center;\"><strong>Covoiturage<\/strong><\/td>\n<td style=\"text-align: center;\"><strong>2 roues motoris\u00e9<\/strong><\/td>\n<\/tr>\n<tr>\n<td><strong>Oui<\/strong><\/td>\n<td style=\"text-align: right;\">27<\/td>\n<td style=\"text-align: right;\">78<\/td>\n<td style=\"text-align: right;\">1611<\/td>\n<td style=\"text-align: right;\">95<\/td>\n<td style=\"text-align: right;\">139<\/td>\n<\/tr>\n<tr>\n<td><strong>Non<\/strong><\/td>\n<td style=\"text-align: right;\">49<\/td>\n<td style=\"text-align: right;\">64<\/td>\n<td style=\"text-align: right;\">1440<\/td>\n<td style=\"text-align: right;\">79<\/td>\n<td style=\"text-align: right;\">165<\/td>\n<\/tr>\n<\/tbody>\n<\/table>\n<p>Ceci repr\u00e9sente un nombre non n\u00e9gligeable de candidats \u00e0 un changement de mode. Mais pas dans n'importe quelles conditions<\/p>\n<p>Sur les 2054 r\u00e9pondant oui, les attentes sont les suivantes:<\/p>\n<ul>\n<li>1291 attendent un temps de transport diminu\u00e9<\/li>\n<li>958 de meilleures fr\u00e9quences<\/li>\n<li>851 une diminution du nombre de correspondances<\/li>\n<li>645 une meilleure offre le soir<\/li>\n<li>627 davantage de r\u00e9gularit\u00e9<\/li>\n<li>542 une meilleure offre le matin<\/li>\n<li>450 un temps d'attente diminu\u00e9 aux correspondances<\/li>\n<li>375 un temps de marche \u00e0 pied diminu\u00e9<\/li>\n<li>365 davantage de confort<\/li>\n<li>310 une amplitude de service plus large<\/li>\n<li>137 davantage de s\u00e9curit\u00e9<\/li>\n<\/ul>\n<p>&nbsp;<\/p><\/div>\n\t\t\t<\/div>\n\t\t\t<\/div>\n\t\t\t\t\n\t\t\t\t\n\t\t\t\t\n\t\t\t\t\n\t\t\t<\/div>\n\t\t\t\t\n\t\t\t\t\n\t\t\t<\/div>\n","protected":false},"excerpt":{"rendered":"","protected":false},"author":1,"featured_media":0,"parent":0,"menu_order":0,"comment_status":"closed","ping_status":"closed","template":"","meta":{"_acf_changed":false,"inline_featured_image":false,"_et_pb_use_builder":"on","_et_pb_old_content":"","_et_gb_content_width":"","footnotes":""},"dipi_cpt_category":[],"class_list":["post-8226","page","type-page","status-publish","hentry"],"acf":[],"dsm_author":{"name":"Association Horizon Employeur","avatar_url":"https:\/\/www.horizonemployeur.fr\/wp2019\/wp-content\/plugins\/ultimate-member\/assets\/img\/default_avatar.jpg","archive_link":"https:\/\/www.horizonemployeur.fr\/wp2019\/author\/horizonemployeur\/","biodata":""},"dsm_categories":[],"dsm_attachment_categories":[],"dsm_featured_image":null,"_links":{"self":[{"href":"https:\/\/www.horizonemployeur.fr\/wp2019\/wp-json\/wp\/v2\/pages\/8226","targetHints":{"allow":["GET"]}}],"collection":[{"href":"https:\/\/www.horizonemployeur.fr\/wp2019\/wp-json\/wp\/v2\/pages"}],"about":[{"href":"https:\/\/www.horizonemployeur.fr\/wp2019\/wp-json\/wp\/v2\/types\/page"}],"author":[{"embeddable":true,"href":"https:\/\/www.horizonemployeur.fr\/wp2019\/wp-json\/wp\/v2\/users\/1"}],"replies":[{"embeddable":true,"href":"https:\/\/www.horizonemployeur.fr\/wp2019\/wp-json\/wp\/v2\/comments?post=8226"}],"version-history":[{"count":0,"href":"https:\/\/www.horizonemployeur.fr\/wp2019\/wp-json\/wp\/v2\/pages\/8226\/revisions"}],"wp:attachment":[{"href":"https:\/\/www.horizonemployeur.fr\/wp2019\/wp-json\/wp\/v2\/media?parent=8226"}],"wp:term":[{"taxonomy":"dipi_cpt_category","embeddable":true,"href":"https:\/\/www.horizonemployeur.fr\/wp2019\/wp-json\/wp\/v2\/dipi_cpt_category?post=8226"}],"curies":[{"name":"wp","href":"https:\/\/api.w.org\/{rel}","templated":true}]}}