{"id":8222,"date":"2019-08-09T16:51:26","date_gmt":"2019-08-09T14:51:26","guid":{"rendered":"https:\/\/www.horizonemployeur.fr\/wp2019\/?page_id=8222"},"modified":"2019-08-09T18:33:59","modified_gmt":"2019-08-09T16:33:59","slug":"em2016-covoiturage-pourquoi-pas","status":"publish","type":"page","link":"https:\/\/www.horizonemployeur.fr\/wp2019\/em2016-covoiturage-pourquoi-pas\/","title":{"rendered":"EM2016: le covoiturage, pourquoi pas ?"},"content":{"rendered":"\n<div class=\"et_d4_element et_pb_section et_pb_section_0  et_pb_css_mix_blend_mode et_section_regular et_block_section\" >\n\t\t\t\t\n\t\t\t\t\n\t\t\t\t\n\t\t\t\t\n\t\t\t\t\n\t\t\t\t\n\t\t\t\t<div class=\"et_d4_element et_pb_row et_pb_row_0  et_pb_css_mix_blend_mode et_block_row\">\n\t\t\t\t<div class=\"et_d4_element et_pb_column_4_4 et_pb_column et_pb_column_0  et_pb_css_mix_blend_mode et-last-child et_block_column\">\n\t\t\t\t\n\t\t\t\t\n\t\t\t\t\n\t\t\t\t\n\t\t\t\t<div class=\"et_pb_module et_d4_element et_pb_post_title et_pb_post_title_0 et_pb_bg_layout_light  et_pb_text_align_left\"   >\n\t\t\t\t\n\t\t\t\t\n\t\t\t\t\n\t\t\t\t\n\t\t\t\t\n\t\t\t\t<div class=\"et_pb_title_container\">\n\t\t\t\t\t<h1 class=\"entry-title\"><\/h1>\n\t\t\t\t<\/div>\n\t\t\t\t\n\t\t\t<\/div><div class=\"et_pb_module et_d4_element et_pb_text et_pb_text_0  et_pb_text_align_left et_pb_bg_layout_light\">\n\t\t\t\t\n\t\t\t\t\n\t\t\t\t\n\t\t\t\t\n\t\t\t\t<div class=\"et_pb_text_inner\"><p>Pr\u00eat \u00e0 passer au covoiturage pour les d\u00e9placements domicile-travail ?\u00a0<\/p>\n<p>Parmi les r\u00e9pondants qui ne covoiturent pas aujourd'hui, 1559 se d\u00e9clarent pr\u00eats \u00e0 y recourir, 3707 n'y sont pas pr\u00eats. Et parmi les 1559...<\/p>\n<ul>\n<li>904 en tant que conducteur ou passager<\/li>\n<li>303 seulement en tant que conducteur<\/li>\n<li>339 seulement en tant que passager<\/li>\n<\/ul>\n<p>En fonction du mode principal actuel de d\u00e9placement, les r\u00e9ponses sont les suivantes:<\/p>\n<table>\n<tbody>\n<tr>\n<td><strong>Mode principal actuel<\/strong><\/td>\n<td style=\"text-align: center;\"><strong>Marche<\/strong><\/td>\n<td style=\"text-align: center;\"><strong>Transport en commun<\/strong><\/td>\n<td style=\"text-align: center;\"><strong>Voiture<\/strong><\/td>\n<td style=\"text-align: center;\"><strong>V\u00e9lo<\/strong><\/td>\n<td style=\"text-align: center;\"><strong>2 roues motoris\u00e9<\/strong><\/td>\n<\/tr>\n<tr>\n<td><strong>Conducteur ou passager<\/strong><\/td>\n<td style=\"text-align: right;\">8<\/td>\n<td style=\"text-align: right;\">111<\/td>\n<td style=\"text-align: right;\">716<\/td>\n<td style=\"text-align: right;\">23<\/td>\n<td style=\"text-align: right;\">23<\/td>\n<\/tr>\n<tr>\n<td><strong>Seulement conducteur<\/strong><\/td>\n<td style=\"text-align: right;\"><\/td>\n<td style=\"text-align: right;\">7<\/td>\n<td style=\"text-align: right;\">289<\/td>\n<td style=\"text-align: right;\">1<\/td>\n<td style=\"text-align: right;\">4<\/td>\n<\/tr>\n<tr>\n<td><strong>Seulement passager<\/strong><\/td>\n<td style=\"text-align: right;\">5<\/td>\n<td style=\"text-align: right;\">279<\/td>\n<td style=\"text-align: right;\">12<\/td>\n<td style=\"text-align: right;\">3<\/td>\n<td style=\"text-align: right;\">12<\/td>\n<\/tr>\n<tr>\n<td><strong>Inenvisageable<\/strong><\/td>\n<td style=\"text-align: right;\">64<\/td>\n<td style=\"text-align: right;\">1154<\/td>\n<td style=\"text-align: right;\">1997<\/td>\n<td style=\"text-align: right;\">112<\/td>\n<td style=\"text-align: right;\">269<\/td>\n<\/tr>\n<\/tbody>\n<\/table>\n<p>&nbsp;<\/p>\n<p>Pour quelles raisons passer au covoiturage ? (sur 1559 r\u00e9pondants)<\/p>\n<ul>\n<li>906 pour l'int\u00e9r\u00eat \u00e9conomique<\/li>\n<li>901 comme r\u00e9ponse \u00e9cocitoyenne<\/li>\n<li>633 pour la convivialit\u00e9<\/li>\n<li>605 comme alternative au moyen de d\u00e9placement actuel<\/li>\n<li>80 pour la s\u00e9curit\u00e9<\/li>\n<\/ul>\n<p>Pour quelles raisons ne pas y passer ? (sur 3707 r\u00e9pondants)<\/p>\n<ul>\n<li>2618 pour le manque de flexibilit\u00e9<\/li>\n<li>1155 pour la tranquilit\u00e9<\/li>\n<li>1123 \u00e0 cause de l'allongement du temps de parcours que cela induirait<\/li>\n<li>878 \u00e0 cause de ses trajets variables<\/li>\n<\/ul><\/div>\n\t\t\t<\/div>\n\t\t\t<\/div>\n\t\t\t\t\n\t\t\t\t\n\t\t\t\t\n\t\t\t\t\n\t\t\t<\/div>\n\t\t\t\t\n\t\t\t\t\n\t\t\t<\/div>\n","protected":false},"excerpt":{"rendered":"","protected":false},"author":1,"featured_media":0,"parent":0,"menu_order":0,"comment_status":"closed","ping_status":"closed","template":"","meta":{"_acf_changed":false,"inline_featured_image":false,"_et_pb_use_builder":"on","_et_pb_old_content":"","_et_gb_content_width":"","footnotes":""},"dipi_cpt_category":[],"class_list":["post-8222","page","type-page","status-publish","hentry"],"acf":[],"dsm_author":{"name":"Association Horizon Employeur","avatar_url":"https:\/\/www.horizonemployeur.fr\/wp2019\/wp-content\/plugins\/ultimate-member\/assets\/img\/default_avatar.jpg","archive_link":"https:\/\/www.horizonemployeur.fr\/wp2019\/author\/horizonemployeur\/","biodata":""},"dsm_categories":[],"dsm_attachment_categories":[],"dsm_featured_image":null,"_links":{"self":[{"href":"https:\/\/www.horizonemployeur.fr\/wp2019\/wp-json\/wp\/v2\/pages\/8222","targetHints":{"allow":["GET"]}}],"collection":[{"href":"https:\/\/www.horizonemployeur.fr\/wp2019\/wp-json\/wp\/v2\/pages"}],"about":[{"href":"https:\/\/www.horizonemployeur.fr\/wp2019\/wp-json\/wp\/v2\/types\/page"}],"author":[{"embeddable":true,"href":"https:\/\/www.horizonemployeur.fr\/wp2019\/wp-json\/wp\/v2\/users\/1"}],"replies":[{"embeddable":true,"href":"https:\/\/www.horizonemployeur.fr\/wp2019\/wp-json\/wp\/v2\/comments?post=8222"}],"version-history":[{"count":0,"href":"https:\/\/www.horizonemployeur.fr\/wp2019\/wp-json\/wp\/v2\/pages\/8222\/revisions"}],"wp:attachment":[{"href":"https:\/\/www.horizonemployeur.fr\/wp2019\/wp-json\/wp\/v2\/media?parent=8222"}],"wp:term":[{"taxonomy":"dipi_cpt_category","embeddable":true,"href":"https:\/\/www.horizonemployeur.fr\/wp2019\/wp-json\/wp\/v2\/dipi_cpt_category?post=8222"}],"curies":[{"name":"wp","href":"https:\/\/api.w.org\/{rel}","templated":true}]}}