{"id":8218,"date":"2019-08-09T16:29:47","date_gmt":"2019-08-09T14:29:47","guid":{"rendered":"https:\/\/www.horizonemployeur.fr\/wp2019\/?page_id=8218"},"modified":"2019-08-09T18:34:15","modified_gmt":"2019-08-09T16:34:15","slug":"em2016-velo-pourquoi-pas","status":"publish","type":"page","link":"https:\/\/www.horizonemployeur.fr\/wp2019\/em2016-velo-pourquoi-pas\/","title":{"rendered":"EM2016: le v\u00e9lo, pourquoi pas ?"},"content":{"rendered":"\n<div class=\"et_d4_element et_pb_section et_pb_section_0  et_pb_css_mix_blend_mode et_section_regular et_block_section\" >\n\t\t\t\t\n\t\t\t\t\n\t\t\t\t\n\t\t\t\t\n\t\t\t\t\n\t\t\t\t\n\t\t\t\t<div class=\"et_d4_element et_pb_row et_pb_row_0  et_pb_css_mix_blend_mode et_block_row\">\n\t\t\t\t<div class=\"et_d4_element et_pb_column_4_4 et_pb_column et_pb_column_0  et_pb_css_mix_blend_mode et-last-child et_block_column\">\n\t\t\t\t\n\t\t\t\t\n\t\t\t\t\n\t\t\t\t\n\t\t\t\t<div class=\"et_pb_module et_d4_element et_pb_post_title et_pb_post_title_0 et_pb_bg_layout_light  et_pb_text_align_left\"   >\n\t\t\t\t\n\t\t\t\t\n\t\t\t\t\n\t\t\t\t\n\t\t\t\t\n\t\t\t\t<div class=\"et_pb_title_container\">\n\t\t\t\t\t<h1 class=\"entry-title\"><\/h1>\n\t\t\t\t<\/div>\n\t\t\t\t\n\t\t\t<\/div><div class=\"et_pb_module et_d4_element et_pb_text et_pb_text_0  et_pb_text_align_left et_pb_bg_layout_light\">\n\t\t\t\t\n\t\t\t\t\n\t\t\t\t\n\t\t\t\t\n\t\t\t\t<div class=\"et_pb_text_inner\"><p>Pr\u00eat \u00e0 utiliser le v\u00e9lo pour les d\u00e9placements domicile-travail ? 2 hypoth\u00e8ses \u00e9taient propos\u00e9es:<\/p>\n<ul>\n<li>un trajet enti\u00e8rement \u00e0 v\u00e9lo<\/li>\n<li>un trajet pour partie \u00e0 v\u00e9lo, pour partie en transport en commun (RER, train, tramway). Cette option est, dans l'\u00e9tat actuel des choses en Ile-de-France, et comme plusieurs r\u00e9pondants l'ont signal\u00e9, tr\u00e8s strictement limit\u00e9e puisque, d'apr\u00e8s la r\u00e9glementation en vigueur, les v\u00e9los ne sont autoris\u00e9s dans les RER et trains qu'en dehors de heures de pointe (6h30-9h00 et 16h30-19h00 ou 19h30) les jours ouvr\u00e9s, et interdits dans les tramways.<\/li>\n<\/ul>\n<p>En fonction du mode principal actuel de d\u00e9placement, les r\u00e9ponses sont les suivantes:<\/p>\n<table>\n<tbody>\n<tr>\n<td><strong>Mode principal actuel<\/strong><\/td>\n<td style=\"text-align: center;\"><strong>Marche<\/strong><\/td>\n<td style=\"text-align: center;\"><strong>Transport en commun<\/strong><\/td>\n<td style=\"text-align: center;\"><strong>Voiture<\/strong><\/td>\n<td style=\"text-align: center;\"><strong>Covoiturage<\/strong><\/td>\n<td style=\"text-align: center;\"><strong>2 roues motoris\u00e9<\/strong><\/td>\n<\/tr>\n<tr>\n<td><strong>Trajet totalement \u00e0 v\u00e9lo<\/strong><\/td>\n<td style=\"text-align: right;\">34<\/td>\n<td style=\"text-align: right;\">234<\/td>\n<td style=\"text-align: right;\">515<\/td>\n<td style=\"text-align: right;\">33<\/td>\n<td style=\"text-align: right;\">65<\/td>\n<\/tr>\n<tr>\n<td><strong>Trajet partiellement \u00e0 v\u00e9lo<\/strong><\/td>\n<td style=\"text-align: right;\">4<\/td>\n<td style=\"text-align: right;\">371<\/td>\n<td style=\"text-align: right;\">264<\/td>\n<td style=\"text-align: right;\">22<\/td>\n<td style=\"text-align: right;\">29<\/td>\n<\/tr>\n<tr>\n<td><strong>Inenvisageable<\/strong><\/td>\n<td style=\"text-align: right;\">43<\/td>\n<td style=\"text-align: right;\">983<\/td>\n<td style=\"text-align: right;\">2291<\/td>\n<td style=\"text-align: right;\">119<\/td>\n<td style=\"text-align: right;\">218<\/td>\n<\/tr>\n<\/tbody>\n<\/table>\n<p>En ne consid\u00e9rant que l'option \"trajet totalement \u00e0 v\u00e9lo\", ce sont 881 r\u00e9pondants qui pourraient envisager de passer au v\u00e9lo ou au v\u00e9lo \u00e0 assistance \u00e9lectrique. Soit 15,8 % du nombre total de r\u00e9pondants. Mais il faut pour cela satisfaire \u00e0 un certain nombre de conditions pr\u00e9alables...<\/p>\n<p>Pour quelles raisons passer au v\u00e9lo (totalement ou partiellement) ?<\/p>\n<ul>\n<li>1194 pour les avantages sant\u00e9<\/li>\n<li>904 comme alternative au moyen de d\u00e9placement actuel<\/li>\n<li>823 comme r\u00e9ponse \u00e9cocitoyenne<\/li>\n<li>501 pour l'int\u00e9r\u00eat \u00e9conomique<\/li>\n<\/ul>\n<p>Pour quelles raisons ne pas y passer ?<\/p>\n<ul>\n<li>1743 \u00e0 cause de l'allongement du temps de parcours que cela induirait<\/li>\n<li>1604 \u00e0 cause des al\u00e9as li\u00e9s \u00e0 la m\u00e9t\u00e9o<\/li>\n<li>1408 parce que leur domicile est trop \u00e9loign\u00e9<\/li>\n<li>1241 \u00e0 cause des am\u00e9nagements v\u00e9lo qui ne sont pas continus<\/li>\n<li>1162 \u00e0 cause du manque de s\u00e9curit\u00e9 des voiries<\/li>\n<li>818 \u00e0 cause de l'al\u00e9a li\u00e9 au retour<\/li>\n<li>457 parce qu'ils ne sont pas sportifs<\/li>\n<li>324 parce qu'il n'y a pas de v\u00e9los disponibles<\/li>\n<li>206 parce qu'il n'y a pas de douches ou de vestiaires dans l'\u00e9tablissement<\/li>\n<li>198 \u00e0 cause de probl\u00e8mes de stationnement<\/li>\n<li>et 528 pour d'autres raisons, parmi lesquelles\n<ul>\n<li>le fait de ne pas savoir faire du v\u00e9lo<\/li>\n<li>les nombreuses d\u00e9nivellations du secteur<\/li>\n<li>la n\u00e9cessit\u00e9 de d\u00e9poser les enfants \u00e0 la cr\u00e8che ou \u00e0 l'\u00e9cole<\/li>\n<li>la n\u00e9cessit\u00e9 d'emporter des charges lourdes ou encombrantes<\/li>\n<li>les d\u00e9placements en journ\u00e9e<\/li>\n<li>et bien \u00e9videmment les contraintes de sant\u00e9 voire de handicap<\/li>\n<\/ul>\n<\/li>\n<\/ul>\n<p>&nbsp;<\/p><\/div>\n\t\t\t<\/div>\n\t\t\t<\/div>\n\t\t\t\t\n\t\t\t\t\n\t\t\t\t\n\t\t\t\t\n\t\t\t<\/div>\n\t\t\t\t\n\t\t\t\t\n\t\t\t<\/div>\n","protected":false},"excerpt":{"rendered":"","protected":false},"author":1,"featured_media":0,"parent":0,"menu_order":0,"comment_status":"closed","ping_status":"closed","template":"","meta":{"_acf_changed":false,"inline_featured_image":false,"_et_pb_use_builder":"on","_et_pb_old_content":"","_et_gb_content_width":"","footnotes":""},"dipi_cpt_category":[],"class_list":["post-8218","page","type-page","status-publish","hentry"],"acf":[],"dsm_author":{"name":"Association Horizon Employeur","avatar_url":"https:\/\/www.horizonemployeur.fr\/wp2019\/wp-content\/plugins\/ultimate-member\/assets\/img\/default_avatar.jpg","archive_link":"https:\/\/www.horizonemployeur.fr\/wp2019\/author\/horizonemployeur\/","biodata":""},"dsm_categories":[],"dsm_attachment_categories":[],"dsm_featured_image":null,"_links":{"self":[{"href":"https:\/\/www.horizonemployeur.fr\/wp2019\/wp-json\/wp\/v2\/pages\/8218","targetHints":{"allow":["GET"]}}],"collection":[{"href":"https:\/\/www.horizonemployeur.fr\/wp2019\/wp-json\/wp\/v2\/pages"}],"about":[{"href":"https:\/\/www.horizonemployeur.fr\/wp2019\/wp-json\/wp\/v2\/types\/page"}],"author":[{"embeddable":true,"href":"https:\/\/www.horizonemployeur.fr\/wp2019\/wp-json\/wp\/v2\/users\/1"}],"replies":[{"embeddable":true,"href":"https:\/\/www.horizonemployeur.fr\/wp2019\/wp-json\/wp\/v2\/comments?post=8218"}],"version-history":[{"count":0,"href":"https:\/\/www.horizonemployeur.fr\/wp2019\/wp-json\/wp\/v2\/pages\/8218\/revisions"}],"wp:attachment":[{"href":"https:\/\/www.horizonemployeur.fr\/wp2019\/wp-json\/wp\/v2\/media?parent=8218"}],"wp:term":[{"taxonomy":"dipi_cpt_category","embeddable":true,"href":"https:\/\/www.horizonemployeur.fr\/wp2019\/wp-json\/wp\/v2\/dipi_cpt_category?post=8218"}],"curies":[{"name":"wp","href":"https:\/\/api.w.org\/{rel}","templated":true}]}}