{"id":8201,"date":"2019-08-09T15:00:23","date_gmt":"2019-08-09T13:00:23","guid":{"rendered":"https:\/\/www.horizonemployeur.fr\/wp2019\/?page_id=8201"},"modified":"2019-08-09T18:35:10","modified_gmt":"2019-08-09T16:35:10","slug":"em2016-modes-actifs","status":"publish","type":"page","link":"https:\/\/www.horizonemployeur.fr\/wp2019\/em2016-modes-actifs\/","title":{"rendered":"EM2016: les modes actifs"},"content":{"rendered":"\n<div class=\"et_d4_element et_pb_section et_pb_section_0  et_pb_css_mix_blend_mode et_section_regular et_block_section\" >\n\t\t\t\t\n\t\t\t\t\n\t\t\t\t\n\t\t\t\t\n\t\t\t\t\n\t\t\t\t\n\t\t\t\t<div class=\"et_d4_element et_pb_row et_pb_row_0  et_pb_css_mix_blend_mode et_block_row\">\n\t\t\t\t<div class=\"et_d4_element et_pb_column_4_4 et_pb_column et_pb_column_0  et_pb_css_mix_blend_mode et-last-child et_block_column\">\n\t\t\t\t\n\t\t\t\t\n\t\t\t\t\n\t\t\t\t\n\t\t\t\t<div class=\"et_pb_module et_d4_element et_pb_post_title et_pb_post_title_0 et_pb_bg_layout_light  et_pb_text_align_left\"   >\n\t\t\t\t\n\t\t\t\t\n\t\t\t\t\n\t\t\t\t\n\t\t\t\t\n\t\t\t\t<div class=\"et_pb_title_container\">\n\t\t\t\t\t<h1 class=\"entry-title\"><\/h1>\n\t\t\t\t<\/div>\n\t\t\t\t\n\t\t\t<\/div><div class=\"et_pb_module et_d4_element et_pb_text et_pb_text_0  et_pb_text_align_left et_pb_bg_layout_light\">\n\t\t\t\t\n\t\t\t\t\n\t\t\t\t\n\t\t\t\t\n\t\t\t\t<div class=\"et_pb_text_inner\"><p>Les modes actifs, \u00e9galement appel\u00e9s modes doux, sont ceux mettant \u00e0 contribution l'\u00e9nergie du voyageur: marche \u00e0 pied, v\u00e9lo, mais aussi quelques engins comme la trottinette classique. En 2016, ces derniers occupent encore une place marginale dans le paysage de la mobilit\u00e9.<\/p>\n<ul>\n<li>143 r\u00e9pondants indiquent avoir recours au v\u00e9lo<\/li>\n<li>81 \u00e0 la marche \u00e0 pied<\/li>\n<li>1 \u00e0 la trottinette<\/li>\n<\/ul>\n<p>Le total repr\u00e9sente une part modale totale de 4,0 %.<\/p>\n<p>Parmi les utilisateurs de v\u00e9lo (classique ou \u00e0 assistance \u00e9lectrique), les distances parcourues quotidiennement sont:<\/p>\n<table>\n<tbody>\n<tr>\n<td><strong>Distance parcourue<\/strong><\/td>\n<td><strong>Trajet <span style=\"text-decoration: underline;\">uniquement<\/span> \u00e0\u00a0v\u00e9lo \/ VAE <\/strong><\/td>\n<td><strong>Trajet <span style=\"text-decoration: underline;\">pour partie<\/span> \u00e0 v\u00e9lo \/ VAE<\/strong><\/td>\n<\/tr>\n<tr>\n<td><strong>&lt; 5 km<\/strong><\/td>\n<td style=\"text-align: right;\">25<\/td>\n<td style=\"text-align: right;\">22<\/td>\n<\/tr>\n<tr>\n<td><strong>5-10 km<\/strong><\/td>\n<td style=\"text-align: right;\">35<\/td>\n<td style=\"text-align: right;\">41<\/td>\n<\/tr>\n<tr>\n<td><strong>10-15 km<\/strong><\/td>\n<td style=\"text-align: right;\">29<\/td>\n<td style=\"text-align: right;\">65<\/td>\n<\/tr>\n<tr>\n<td><strong>15-20 km<\/strong><\/td>\n<td style=\"text-align: right;\">28<\/td>\n<td style=\"text-align: right;\">85<\/td>\n<\/tr>\n<tr>\n<td><strong>20-25 km<\/strong><\/td>\n<td style=\"text-align: right;\">14<\/td>\n<td style=\"text-align: right;\">75<\/td>\n<\/tr>\n<tr>\n<td><strong>&gt; 25 km<\/strong><\/td>\n<td style=\"text-align: right;\">10<\/td>\n<td style=\"text-align: right;\">277<\/td>\n<\/tr>\n<\/tbody>\n<\/table>\n<p>La 1e colonne de donn\u00e9es correspond aux trajets effectu\u00e9s uniquement \u00e0 v\u00e9lo (du domicile au lieu de travail ou d'\u00e9tude), la 2e colonne aux trajets effectu\u00e9s pour partie \u00e0 v\u00e9lo, g\u00e9n\u00e9ralement en correspondance avec les transports en commun avant ou apr\u00e8s le trajet \u00e0 v\u00e9lo.<\/p><\/div>\n\t\t\t<\/div>\n\t\t\t<\/div>\n\t\t\t\t\n\t\t\t\t\n\t\t\t\t\n\t\t\t\t\n\t\t\t<\/div>\n\t\t\t\t\n\t\t\t\t\n\t\t\t<\/div>\n","protected":false},"excerpt":{"rendered":"","protected":false},"author":1,"featured_media":0,"parent":0,"menu_order":0,"comment_status":"closed","ping_status":"closed","template":"","meta":{"_acf_changed":false,"inline_featured_image":false,"_et_pb_use_builder":"on","_et_pb_old_content":"","_et_gb_content_width":"","footnotes":""},"dipi_cpt_category":[],"class_list":["post-8201","page","type-page","status-publish","hentry"],"acf":[],"dsm_author":{"name":"Association Horizon Employeur","avatar_url":"https:\/\/www.horizonemployeur.fr\/wp2019\/wp-content\/plugins\/ultimate-member\/assets\/img\/default_avatar.jpg","archive_link":"https:\/\/www.horizonemployeur.fr\/wp2019\/author\/horizonemployeur\/","biodata":""},"dsm_categories":[],"dsm_attachment_categories":[],"dsm_featured_image":null,"_links":{"self":[{"href":"https:\/\/www.horizonemployeur.fr\/wp2019\/wp-json\/wp\/v2\/pages\/8201","targetHints":{"allow":["GET"]}}],"collection":[{"href":"https:\/\/www.horizonemployeur.fr\/wp2019\/wp-json\/wp\/v2\/pages"}],"about":[{"href":"https:\/\/www.horizonemployeur.fr\/wp2019\/wp-json\/wp\/v2\/types\/page"}],"author":[{"embeddable":true,"href":"https:\/\/www.horizonemployeur.fr\/wp2019\/wp-json\/wp\/v2\/users\/1"}],"replies":[{"embeddable":true,"href":"https:\/\/www.horizonemployeur.fr\/wp2019\/wp-json\/wp\/v2\/comments?post=8201"}],"version-history":[{"count":0,"href":"https:\/\/www.horizonemployeur.fr\/wp2019\/wp-json\/wp\/v2\/pages\/8201\/revisions"}],"wp:attachment":[{"href":"https:\/\/www.horizonemployeur.fr\/wp2019\/wp-json\/wp\/v2\/media?parent=8201"}],"wp:term":[{"taxonomy":"dipi_cpt_category","embeddable":true,"href":"https:\/\/www.horizonemployeur.fr\/wp2019\/wp-json\/wp\/v2\/dipi_cpt_category?post=8201"}],"curies":[{"name":"wp","href":"https:\/\/api.w.org\/{rel}","templated":true}]}}