{"id":8197,"date":"2019-08-09T14:58:49","date_gmt":"2019-08-09T12:58:49","guid":{"rendered":"https:\/\/www.horizonemployeur.fr\/wp2019\/?page_id=8197"},"modified":"2019-08-09T18:33:34","modified_gmt":"2019-08-09T16:33:34","slug":"em2016-covoiturage","status":"publish","type":"page","link":"https:\/\/www.horizonemployeur.fr\/wp2019\/em2016-covoiturage\/","title":{"rendered":"EM2016: le covoiturage"},"content":{"rendered":"\n<div class=\"et_d4_element et_pb_section et_pb_section_0  et_pb_css_mix_blend_mode et_section_regular et_block_section\" >\n\t\t\t\t\n\t\t\t\t\n\t\t\t\t\n\t\t\t\t\n\t\t\t\t\n\t\t\t\t\n\t\t\t\t<div class=\"et_d4_element et_pb_row et_pb_row_0  et_pb_css_mix_blend_mode et_block_row\">\n\t\t\t\t<div class=\"et_d4_element et_pb_column_4_4 et_pb_column et_pb_column_0  et_pb_css_mix_blend_mode et-last-child et_block_column\">\n\t\t\t\t\n\t\t\t\t\n\t\t\t\t\n\t\t\t\t\n\t\t\t\t<div class=\"et_pb_module et_d4_element et_pb_post_title et_pb_post_title_0 et_pb_bg_layout_light  et_pb_text_align_left\"   >\n\t\t\t\t\n\t\t\t\t\n\t\t\t\t\n\t\t\t\t\n\t\t\t\t\n\t\t\t\t<div class=\"et_pb_title_container\">\n\t\t\t\t\t<h1 class=\"entry-title\"><\/h1>\n\t\t\t\t<\/div>\n\t\t\t\t\n\t\t\t<\/div><div class=\"et_pb_module et_d4_element et_pb_text et_pb_text_0  et_pb_text_align_left et_pb_bg_layout_light\">\n\t\t\t\t\n\t\t\t\t\n\t\t\t\t\n\t\t\t\t\n\t\t\t\t<div class=\"et_pb_text_inner\"><h2>Les covoitureurs r\u00e9guliers<\/h2>\n<p>176 r\u00e9pondants ont indiqu\u00e9 utiliser le covoiturage comme moyen de transport habituel<\/p>\n<ul>\n<li>90 l'utilisent en tant que conducteur comme en tant que passager, soit un peu plus de la moiti\u00e9<\/li>\n<li>61 seulement en tant que conducteur<\/li>\n<li>23 seulement en tant que passager<\/li>\n<\/ul>\n<h2>Les autres r\u00e9pondants et le covoiturage<\/h2>\n<p>En faisant abstraction des 176 r\u00e9pondants pr\u00e9c\u00e9dents, 1056, soit 19 % des r\u00e9pondants, ont d\u00e9clar\u00e9 avoir d\u00e9j\u00e0 eu recours au covoiturage<\/p>\n<ul>\n<li>135, soit 2,4 % des r\u00e9pondants, de fa\u00e7on r\u00e9guli\u00e8re (au moins une fois par semaine)<\/li>\n<li>242, soit 4,3 % des r\u00e9pondants, de fa\u00e7on occasionnelle (entre une fois par semaine et une fois par mois)<\/li>\n<li>655, soit 11,7 % des r\u00e9pondants, de fa\u00e7on ponctuelle (moins d'une fois par semaine), g\u00e9n\u00e9ralement comme solution de d\u00e9pannage<\/li>\n<\/ul>\n<p>&nbsp;<\/p>\n<p>&nbsp;<\/p><\/div>\n\t\t\t<\/div>\n\t\t\t<\/div>\n\t\t\t\t\n\t\t\t\t\n\t\t\t\t\n\t\t\t\t\n\t\t\t<\/div>\n\t\t\t\t\n\t\t\t\t\n\t\t\t<\/div>\n","protected":false},"excerpt":{"rendered":"","protected":false},"author":1,"featured_media":0,"parent":0,"menu_order":0,"comment_status":"closed","ping_status":"closed","template":"","meta":{"_acf_changed":false,"inline_featured_image":false,"_et_pb_use_builder":"on","_et_pb_old_content":"","_et_gb_content_width":"","footnotes":""},"dipi_cpt_category":[],"class_list":["post-8197","page","type-page","status-publish","hentry"],"acf":[],"dsm_author":{"name":"Association Horizon Employeur","avatar_url":"https:\/\/www.horizonemployeur.fr\/wp2019\/wp-content\/plugins\/ultimate-member\/assets\/img\/default_avatar.jpg","archive_link":"https:\/\/www.horizonemployeur.fr\/wp2019\/author\/horizonemployeur\/","biodata":""},"dsm_categories":[],"dsm_attachment_categories":[],"dsm_featured_image":null,"_links":{"self":[{"href":"https:\/\/www.horizonemployeur.fr\/wp2019\/wp-json\/wp\/v2\/pages\/8197","targetHints":{"allow":["GET"]}}],"collection":[{"href":"https:\/\/www.horizonemployeur.fr\/wp2019\/wp-json\/wp\/v2\/pages"}],"about":[{"href":"https:\/\/www.horizonemployeur.fr\/wp2019\/wp-json\/wp\/v2\/types\/page"}],"author":[{"embeddable":true,"href":"https:\/\/www.horizonemployeur.fr\/wp2019\/wp-json\/wp\/v2\/users\/1"}],"replies":[{"embeddable":true,"href":"https:\/\/www.horizonemployeur.fr\/wp2019\/wp-json\/wp\/v2\/comments?post=8197"}],"version-history":[{"count":0,"href":"https:\/\/www.horizonemployeur.fr\/wp2019\/wp-json\/wp\/v2\/pages\/8197\/revisions"}],"wp:attachment":[{"href":"https:\/\/www.horizonemployeur.fr\/wp2019\/wp-json\/wp\/v2\/media?parent=8197"}],"wp:term":[{"taxonomy":"dipi_cpt_category","embeddable":true,"href":"https:\/\/www.horizonemployeur.fr\/wp2019\/wp-json\/wp\/v2\/dipi_cpt_category?post=8197"}],"curies":[{"name":"wp","href":"https:\/\/api.w.org\/{rel}","templated":true}]}}