{"id":8181,"date":"2019-08-09T19:02:52","date_gmt":"2019-08-09T17:02:52","guid":{"rendered":"https:\/\/www.horizonemployeur.fr\/wp2019\/?page_id=8181"},"modified":"2019-08-09T19:10:28","modified_gmt":"2019-08-09T17:10:28","slug":"em2016-resultats","status":"publish","type":"page","link":"https:\/\/www.horizonemployeur.fr\/wp2019\/em2016-resultats\/","title":{"rendered":"EM2016: les r\u00e9sultats"},"content":{"rendered":"\n\n<div class=\"et_d4_element et_pb_section et_pb_section_0  et_pb_css_mix_blend_mode et_section_regular et_block_section\" >\n\t\t\t\t\n\t\t\t\t\n\t\t\t\t\n\t\t\t\t\n\t\t\t\t\n\t\t\t\t\n\t\t\t\t<div class=\"et_d4_element et_pb_row et_pb_row_0  et_pb_css_mix_blend_mode et_block_row\">\n\t\t\t\t<div class=\"et_d4_element et_pb_column_4_4 et_pb_column et_pb_column_0  et_pb_css_mix_blend_mode et-last-child et_block_column\">\n\t\t\t\t\n\t\t\t\t\n\t\t\t\t\n\t\t\t\t\n\t\t\t\t<div class=\"et_pb_module et_d4_element et_pb_post_title et_pb_post_title_0 et_pb_bg_layout_light  et_pb_text_align_left\"   >\n\t\t\t\t\n\t\t\t\t\n\t\t\t\t\n\t\t\t\t\n\t\t\t\t\n\t\t\t\t<div class=\"et_pb_title_container\">\n\t\t\t\t\t<h1 class=\"entry-title\"><\/h1>\n\t\t\t\t<\/div>\n\t\t\t\t\n\t\t\t<\/div><div class=\"et_pb_module et_d4_element et_pb_text et_pb_text_0  et_pb_text_align_left et_pb_bg_layout_light\">\n\t\t\t\t\n\t\t\t\t\n\t\t\t\t\n\t\t\t\t\n\t\t\t\t<div class=\"et_pb_text_inner\"><p>L'enqu\u00eate mobilit\u00e9 de 2016 a re\u00e7u 5576 r\u00e9ponses. D\u00e9couvrez les principaux r\u00e9sultats de cette enqu\u00eate dans les pages suivantes<\/p>\n<p>G\u00e9n\u00e9ralit\u00e9s<\/p>\n<ul>\n<li><a href=\"https:\/\/www.horizonemployeur.fr\/wp2019\/em2016-repondants\/\">qui sont-ils ?<\/a><\/li>\n<li><a href=\"https:\/\/www.horizonemployeur.fr\/wp2019\/em2016-activite-repondants\/\">o\u00f9 travaillent-ils \/ \u00e9tudient-ils ?<\/a><\/li>\n<li><a href=\"https:\/\/www.horizonemployeur.fr\/wp2019\/em2016-deplacements-quotidiens\/\">comment se d\u00e9placent-ils en d\u00e9but et en fin de journ\u00e9e<\/a><\/li>\n<\/ul>\n<p>Focus sur...<\/p>\n<ul>\n<li><a href=\"https:\/\/www.horizonemployeur.fr\/wp2019\/em2016-modes-actifs\/\">les modes actifs<\/a><\/li>\n<li><a href=\"https:\/\/www.horizonemployeur.fr\/wp2019\/em2016-covoiturage\/\">le covoiturage<\/a><\/li>\n<li><a href=\"https:\/\/www.horizonemployeur.fr\/wp2019\/em2016-tc\/\">les transports en commun<\/a><\/li>\n<li><a href=\"https:\/\/www.horizonemployeur.fr\/wp2019\/em2016-deplacements-en-journee\/\">les d\u00e9placements en cours de journ\u00e9e (professionnels ou personnels)<\/a><\/li>\n<\/ul>\n<p>Et si...<\/p>\n<ul>\n<li><a href=\"https:\/\/www.horizonemployeur.fr\/wp2019\/em2016-velo-pourquoi-pas\/\">je passais au v\u00e9lo ?<\/a><\/li>\n<li><a href=\"https:\/\/www.horizonemployeur.fr\/wp2019\/em2016-covoiturage-pourquoi-pas\/\">je passais au covoiturage ?<\/a><\/li>\n<li><a href=\"https:\/\/www.horizonemployeur.fr\/wp2019\/em2016-tc-pourquoi-pas\/\">je passais aux transports en commun ?<\/a><\/li>\n<li><a href=\"https:\/\/www.horizonemployeur.fr\/wp2019\/em2016-demenager-pourquoi-pas\/\">je d\u00e9m\u00e9nageais ?<\/a><\/li>\n<\/ul>\n<p><a href=\"https:\/\/www.horizonemployeur.fr\/wp2019\/em2016-synthese\/\">Synth\u00e8se - conclusion<\/a><\/p>\n<p>&nbsp;<\/p><\/div>\n\t\t\t<\/div>\n\t\t\t<\/div>\n\t\t\t\t\n\t\t\t\t\n\t\t\t\t\n\t\t\t\t\n\t\t\t<\/div>\n\t\t\t\t\n\t\t\t\t\n\t\t\t<\/div>\n\n","protected":false},"excerpt":{"rendered":"","protected":false},"author":1,"featured_media":0,"parent":0,"menu_order":0,"comment_status":"closed","ping_status":"closed","template":"","meta":{"_acf_changed":false,"inline_featured_image":false,"_et_pb_use_builder":"on","_et_pb_old_content":"","_et_gb_content_width":"","footnotes":""},"dipi_cpt_category":[],"class_list":["post-8181","page","type-page","status-publish","hentry"],"acf":[],"dsm_author":{"name":"Association Horizon Employeur","avatar_url":"https:\/\/www.horizonemployeur.fr\/wp2019\/wp-content\/plugins\/ultimate-member\/assets\/img\/default_avatar.jpg","archive_link":"https:\/\/www.horizonemployeur.fr\/wp2019\/author\/horizonemployeur\/","biodata":""},"dsm_categories":[],"dsm_attachment_categories":[],"dsm_featured_image":null,"_links":{"self":[{"href":"https:\/\/www.horizonemployeur.fr\/wp2019\/wp-json\/wp\/v2\/pages\/8181","targetHints":{"allow":["GET"]}}],"collection":[{"href":"https:\/\/www.horizonemployeur.fr\/wp2019\/wp-json\/wp\/v2\/pages"}],"about":[{"href":"https:\/\/www.horizonemployeur.fr\/wp2019\/wp-json\/wp\/v2\/types\/page"}],"author":[{"embeddable":true,"href":"https:\/\/www.horizonemployeur.fr\/wp2019\/wp-json\/wp\/v2\/users\/1"}],"replies":[{"embeddable":true,"href":"https:\/\/www.horizonemployeur.fr\/wp2019\/wp-json\/wp\/v2\/comments?post=8181"}],"version-history":[{"count":0,"href":"https:\/\/www.horizonemployeur.fr\/wp2019\/wp-json\/wp\/v2\/pages\/8181\/revisions"}],"wp:attachment":[{"href":"https:\/\/www.horizonemployeur.fr\/wp2019\/wp-json\/wp\/v2\/media?parent=8181"}],"wp:term":[{"taxonomy":"dipi_cpt_category","embeddable":true,"href":"https:\/\/www.horizonemployeur.fr\/wp2019\/wp-json\/wp\/v2\/dipi_cpt_category?post=8181"}],"curies":[{"name":"wp","href":"https:\/\/api.w.org\/{rel}","templated":true}]}}