{"id":7589,"date":"2019-04-29T14:49:56","date_gmt":"2019-04-29T12:49:56","guid":{"rendered":"https:\/\/www.horizonemployeur.fr\/wp2019\/?page_id=7589"},"modified":"2022-07-29T16:41:55","modified_gmt":"2022-07-29T14:41:55","slug":"transports-en-commun","status":"publish","type":"page","link":"https:\/\/www.horizonemployeur.fr\/wp2019\/transports-en-commun\/","title":{"rendered":"Inovel Parc en transports en commun"},"content":{"rendered":"<div class=\"et_d4_element et_pb_section et_pb_section_0 dep  et_pb_css_mix_blend_mode et_section_regular et_block_section\" >\n\t\t\t\t\n\t\t\t\t\n\t\t\t\t\n\t\t\t\t\n\t\t\t\t\n\t\t\t\t\n\t\t\t\t<div class=\"et_d4_element et_pb_row et_pb_row_0  et_pb_css_mix_blend_mode et_block_row\">\n\t\t\t\t<div class=\"et_d4_element et_pb_column_4_4 et_pb_column et_pb_column_0  et_pb_css_mix_blend_mode et-last-child et_block_column\">\n\t\t\t\t\n\t\t\t\t\n\t\t\t\t\n\t\t\t\t\n\t\t\t\t<div class=\"et_pb_module et_d4_element et_pb_post_title et_pb_post_title_0 et_pb_bg_layout_light  et_pb_text_align_left\"   >\n\t\t\t\t\n\t\t\t\t\n\t\t\t\t\n\t\t\t\t\n\t\t\t\t\n\t\t\t\t<div class=\"et_pb_title_container\">\n\t\t\t\t\t<h1 class=\"entry-title\"><\/h1>\n\t\t\t\t<\/div>\n\t\t\t\t\n\t\t\t<\/div><div class=\"et_pb_module et_d4_element et_pb_text et_pb_text_0  et_pb_text_align_left et_pb_bg_layout_light\">\n\t\t\t\t\n\t\t\t\t\n\t\t\t\t\n\t\t\t\t\n\t\t\t\t<div class=\"et_pb_text_inner\"><header class=\"entry-header\"><\/header>\n<header class=\"entry-header\"><\/header>\n<header class=\"entry-header\">S'il fallait r\u00e9sumer le r\u00e9seau de transports en commun dans et autour d'Inovel Parc, les 2 extraits de plans suivants devraient suffire<\/header>\n<ul>\n<li class=\"entry-header\">d'une part, l'extrait du plan r\u00e9gional des transports (\u00e9dition janvier 2019) publi\u00e9 par Ile-de-France Mobilit\u00e9s :<br \/>\u00a0<img loading=\"lazy\" decoding=\"async\" src=\"https:\/\/www.horizonemployeur.fr\/wp2019\/wp-content\/uploads\/2020\/02\/Extrait-plan-r\u00e9gional-IDF-M-2019-02.png\" width=\"1200\" height=\"1072\" alt=\"\" class=\"wp-image-11630 alignnone size-full\" srcset=\"https:\/\/www.horizonemployeur.fr\/wp2019\/wp-content\/uploads\/2020\/02\/Extrait-plan-r\u00e9gional-IDF-M-2019-02.png 1200w, https:\/\/www.horizonemployeur.fr\/wp2019\/wp-content\/uploads\/2020\/02\/Extrait-plan-r\u00e9gional-IDF-M-2019-02-300x268.png 300w, https:\/\/www.horizonemployeur.fr\/wp2019\/wp-content\/uploads\/2020\/02\/Extrait-plan-r\u00e9gional-IDF-M-2019-02-1024x915.png 1024w, https:\/\/www.horizonemployeur.fr\/wp2019\/wp-content\/uploads\/2020\/02\/Extrait-plan-r\u00e9gional-IDF-M-2019-02-768x686.png 768w, https:\/\/www.horizonemployeur.fr\/wp2019\/wp-content\/uploads\/2020\/02\/Extrait-plan-r\u00e9gional-IDF-M-2019-02-1080x965.png 1080w, https:\/\/www.horizonemployeur.fr\/wp2019\/wp-content\/uploads\/2020\/02\/Extrait-plan-r\u00e9gional-IDF-M-2019-02-980x875.png 980w, https:\/\/www.horizonemployeur.fr\/wp2019\/wp-content\/uploads\/2020\/02\/Extrait-plan-r\u00e9gional-IDF-M-2019-02-480x429.png 480w\" sizes=\"(max-width: 1200px) 100vw, 1200px\" \/><br \/> Inovel Parc est sch\u00e9matis\u00e9 par la zone en bleu, le tramway T6 a \u00e9t\u00e9 surlign\u00e9 de rouge, les lignes de RER et de train, les lignes de m\u00e9tro et les autres lignes de tramway sont repr\u00e9sent\u00e9es par des lignes de couleur d'\u00e9paisseur d\u00e9croissante. Enfin les traits fins repr\u00e9sentent les lignes de bus express (en bleu) et Mobilien (en orange). Les cercles violets sont les principales \"portes d'entr\u00e9e\" d'Inovel Parc, certaines portes ne pouvant avoir d'int\u00e9r\u00eat que pour une provenance d\u00e9termin\u00e9e (exemple de la gare du Guichet en provenance de la vall\u00e9e de Chevreuse), ou que pour une partie d'Inovel Parc (exemple de la ligne Ph\u00e9bus 32 depuis Jouy-en-Josas).\u00a0\u00a0\u00a0 \u00a0<\/li>\n<li class=\"entry-header\">d'autre part, l'extrait du plan de bassin Versailles Grand Parc Est (r\u00e9f\u00e9rence 24 Est, \u00e9dition \u00e9t\u00e9 2019) publi\u00e9 par Ph\u00e9bus<br \/><img loading=\"lazy\" decoding=\"async\" src=\"https:\/\/www.horizonemployeur.fr\/wp2019\/wp-content\/uploads\/2020\/02\/Extrait-plan-secteur-VGP-Est-2019-08.png\" width=\"1200\" height=\"877\" alt=\"\" class=\"wp-image-11629 alignnone size-full\" srcset=\"https:\/\/www.horizonemployeur.fr\/wp2019\/wp-content\/uploads\/2020\/02\/Extrait-plan-secteur-VGP-Est-2019-08.png 1200w, https:\/\/www.horizonemployeur.fr\/wp2019\/wp-content\/uploads\/2020\/02\/Extrait-plan-secteur-VGP-Est-2019-08-980x716.png 980w, https:\/\/www.horizonemployeur.fr\/wp2019\/wp-content\/uploads\/2020\/02\/Extrait-plan-secteur-VGP-Est-2019-08-480x351.png 480w\" sizes=\"(min-width: 0px) and (max-width: 480px) 480px, (min-width: 481px) and (max-width: 980px) 980px, (min-width: 981px) 1200px, 100vw\" \/><br \/>o\u00f9 le p\u00e9rim\u00e8tre d'Inovel Parc (au sens large...) est repr\u00e9sent\u00e9 en bleu, et o\u00f9 le tramway T6 est repr\u00e9sent\u00e9 par la ligne rouge et jaune, les lignes de bus express en pointill\u00e9s bleus, les lignes de bus structurantes par un trait \u00e9pais et les autres lignes de bus par un trait fin.<br \/>\u00a0 \u00a0\u00a0<\/li>\n<\/ul>\n<p>Du fait de la localisation d'Inovel Parc sur le plateau de V\u00e9lizy et de la plupart des moyens de transport lourds (RER, trains, \u00e0 l'exception notable du tramway T6) dans les vall\u00e9es autour du plateau, le bus restera dans de nombreux cas le moyen de transport permettant d'effectuer le parcours entre la gare et Inovel Parc.<\/p><\/div>\n\t\t\t<\/div>\n\t\t\t<\/div>\n\t\t\t\t\n\t\t\t\t\n\t\t\t\t\n\t\t\t\t\n\t\t\t<\/div><div class=\"et_d4_element et_pb_row et_pb_row_2  et_pb_css_mix_blend_mode et_block_row\">\n\t\t\t\t<div class=\"et_d4_element et_pb_column_4_4 et_pb_column et_pb_column_1  et_pb_css_mix_blend_mode et-last-child et_block_column\">\n\t\t\t\t\n\t\t\t\t\n\t\t\t\t\n\t\t\t\t\n\t\t\t\t<div class=\"et_pb_module et_d4_element et_pb_text et_pb_text_2  et_pb_text_align_left et_pb_bg_layout_light\">\n\t\t\t\t\n\t\t\t\t\n\t\t\t\t\n\t\t\t\t\n\t\t\t\t<div class=\"et_pb_text_inner\"><p>Le r\u00e9seau bus compl\u00e8te la ligne de tramway T6 pour desservir un certain nombre des communes environnantes et les gares RER\/train et les stations m\u00e9tro\/tramway situ\u00e9es autour du plateau. Il se compose d'une vingtaine de lignes, desservant tel ou tel secteur d'Inovel Parc, exploit\u00e9es par 4 op\u00e9rateurs diff\u00e9rents<\/p>\n<ul>\n<li>RATP: 179, 190, 291, 379, 389, 390, Noctilien N66<\/li>\n<li>V\u00e9lizy Vall\u00e9es [Keolis V\u00e9lizy Vall\u00e9e de la Bi\u00e8vre]: 22, 23, 24, 31, 32, 33, 34, 40, 42 et 45<\/li>\n<li>Paris-Saclay [RD Saclay]: 15, 60 et 91.08<\/li>\n<li>SAVAC: 307<\/li>\n<\/ul><\/div>\n\t\t\t<\/div><div class=\"et_pb_button_module_wrapper et_pb_button_0_wrapper et_pb_button_alignment_center et_pb_module \">\n\t\t\t\t<a class=\"et_pb_button et_d4_element et_pb_button_0 et_pb_bg_layout_light et_block_module\" href=\"https:\/\/www.horizonemployeur.fr\/wp2019\/les-bus\">En savoir davantage<\/a>\n\t\t\t<\/div>\n\t\t\t<\/div>\n\t\t\t\t\n\t\t\t\t\n\t\t\t\t\n\t\t\t\t\n\t\t\t<\/div><div class=\"et_d4_element et_pb_row et_pb_row_3  et_pb_css_mix_blend_mode et_block_row\">\n\t\t\t\t<div class=\"et_d4_element et_pb_column_4_4 et_pb_column et_pb_column_2  et_pb_css_mix_blend_mode et-last-child et_block_column\">\n\t\t\t\t\n\t\t\t\t\n\t\t\t\t\n\t\t\t\t\n\t\t\t\t<div class=\"et_pb_module et_d4_element et_pb_text et_pb_text_4  et_pb_text_align_left et_pb_bg_layout_light\">\n\t\t\t\t\n\t\t\t\t\n\t\t\t\t\n\t\t\t\t\n\t\t\t\t<div class=\"et_pb_text_inner\"><p>Le m\u00e9tro est probablement le transport en commun le plus rapide pour aller d'un point A \u00e0 un point B dans Paris ou dans un certain nombre de communes limitrophes. Inovel Parc est reli\u00e9, par le tramway ou par le bus, \u00e0 plusieurs lignes de m\u00e9tro:<\/p>\n<ul>\n<li>ligne 9 (Pont de S\u00e8vres - Mairie de Montreuil) \u00e0 la station terminus Pont de S\u00e8vres<\/li>\n<li>ligne 12 (Mairie d'Issy - Mairie d'Aubervilliers) \u00e0 la station terminus Mairie d'Issy<\/li>\n<li>ligne 13 (St-Denis-Universit\u00e9 \/ Asni\u00e8res-Gennevilliers-Les Courtilles - Ch\u00e2tillon-Montrouge) \u00e0 la station terminus Ch\u00e2tillon-Montrouge<\/li>\n<\/ul>\n<p>D'autres lignes peuvent assez facilement \u00eatre rejointes:<\/p>\n<ul>\n<li>ligne 4 (Bagneux-Lucie Aubrac - Porte de Clignancourt) aux stations Barbara, Mairie de Montrouge ou Porte d'Orl\u00e9ans<\/li>\n<li>ligne 8 (Balard - Cr\u00e9teil) \u00e0 la station terminus Balard<\/li>\n<\/ul><\/div>\n\t\t\t<\/div><div class=\"et_pb_button_module_wrapper et_pb_button_1_wrapper et_pb_button_alignment_center et_pb_module \">\n\t\t\t\t<a class=\"et_pb_button et_d4_element et_pb_button_1 et_pb_bg_layout_light et_block_module\" href=\"\">En savoir davantage<\/a>\n\t\t\t<\/div>\n\t\t\t<\/div>\n\t\t\t\t\n\t\t\t\t\n\t\t\t\t\n\t\t\t\t\n\t\t\t<\/div><div class=\"et_d4_element et_pb_row et_pb_row_7  et_pb_css_mix_blend_mode et_block_row\">\n\t\t\t\t<div class=\"et_d4_element et_pb_column_4_4 et_pb_column et_pb_column_3  et_pb_css_mix_blend_mode et-last-child et_block_column\">\n\t\t\t\t\n\t\t\t\t\n\t\t\t\t\n\t\t\t\t\n\t\t\t\t<div class=\"et_pb_module et_d4_element et_pb_text et_pb_text_5  et_pb_text_align_center et_pb_bg_layout_light\">\n\t\t\t\t\n\t\t\t\t\n\t\t\t\t\n\t\t\t\t\n\t\t\t\t<div class=\"et_pb_text_inner\"><p><span style=\"font-size: 70px; text-align: center; color: #ffffff;\">\u00a0<\/span><\/p>\n<p style=\"text-align: center;\">Les tarifs<\/p>\n<p><span style=\"color: #ffffff;\"><span style=\"font-size: 70px; text-align: center;\">\u00a0<\/span><span style=\"font-size: 70px; text-align: center;\">\u00a0<\/span><\/span><\/p><\/div>\n\t\t\t<\/div><div class=\"et_pb_module et_d4_element et_pb_text et_pb_text_6  et_pb_text_align_left et_pb_bg_layout_light\">\n\t\t\t\t\n\t\t\t\t\n\t\t\t\t\n\t\t\t\t\n\t\t\t\t<div class=\"et_pb_text_inner\"><p>La tarification des transports en commun franciliens est un tr\u00e8s vaste sujet. Sans pr\u00e9tendre \u00e0 une vaine exhaustivit\u00e9, voyons les principales options. Celles-ci d\u00e9pendront de votre situation, du ou des trajets que vous avez \u00e0 r\u00e9aliser, et de la fr\u00e9quence de vos d\u00e9placements.<\/p><\/div>\n\t\t\t<\/div><div class=\"et_pb_button_module_wrapper et_pb_button_2_wrapper et_pb_button_alignment_center et_pb_module \">\n\t\t\t\t<a class=\"et_pb_button et_d4_element et_pb_button_2 et_pb_bg_layout_light et_block_module\" href=\"https:\/\/www.horizonemployeur.fr\/wp2019\/tarifs-tc\">En savoir davantage<\/a>\n\t\t\t<\/div>\n\t\t\t<\/div>\n\t\t\t\t\n\t\t\t\t\n\t\t\t\t\n\t\t\t\t\n\t\t\t<\/div>\n\t\t\t\t\n\t\t\t\t\n\t\t\t<\/div>\n","protected":false},"excerpt":{"rendered":"","protected":false},"author":1,"featured_media":0,"parent":0,"menu_order":0,"comment_status":"closed","ping_status":"closed","template":"","meta":{"_acf_changed":false,"inline_featured_image":false,"_et_pb_use_builder":"on","_et_pb_old_content":"","_et_gb_content_width":"","footnotes":""},"dipi_cpt_category":[],"class_list":["post-7589","page","type-page","status-publish","hentry"],"acf":[],"dsm_author":{"name":"Association Horizon Employeur","avatar_url":"https:\/\/www.horizonemployeur.fr\/wp2019\/wp-content\/plugins\/ultimate-member\/assets\/img\/default_avatar.jpg","archive_link":"https:\/\/www.horizonemployeur.fr\/wp2019\/author\/horizonemployeur\/","biodata":""},"dsm_categories":[],"dsm_attachment_categories":[],"dsm_featured_image":null,"_links":{"self":[{"href":"https:\/\/www.horizonemployeur.fr\/wp2019\/wp-json\/wp\/v2\/pages\/7589","targetHints":{"allow":["GET"]}}],"collection":[{"href":"https:\/\/www.horizonemployeur.fr\/wp2019\/wp-json\/wp\/v2\/pages"}],"about":[{"href":"https:\/\/www.horizonemployeur.fr\/wp2019\/wp-json\/wp\/v2\/types\/page"}],"author":[{"embeddable":true,"href":"https:\/\/www.horizonemployeur.fr\/wp2019\/wp-json\/wp\/v2\/users\/1"}],"replies":[{"embeddable":true,"href":"https:\/\/www.horizonemployeur.fr\/wp2019\/wp-json\/wp\/v2\/comments?post=7589"}],"version-history":[{"count":0,"href":"https:\/\/www.horizonemployeur.fr\/wp2019\/wp-json\/wp\/v2\/pages\/7589\/revisions"}],"wp:attachment":[{"href":"https:\/\/www.horizonemployeur.fr\/wp2019\/wp-json\/wp\/v2\/media?parent=7589"}],"wp:term":[{"taxonomy":"dipi_cpt_category","embeddable":true,"href":"https:\/\/www.horizonemployeur.fr\/wp2019\/wp-json\/wp\/v2\/dipi_cpt_category?post=7589"}],"curies":[{"name":"wp","href":"https:\/\/api.w.org\/{rel}","templated":true}]}}