{"id":6647,"date":"2019-08-09T15:01:49","date_gmt":"2019-08-09T13:01:49","guid":{"rendered":"https:\/\/www.horizonemployeur.fr\/wp2019\/?page_id=6647"},"modified":"2019-08-10T09:12:06","modified_gmt":"2019-08-10T07:12:06","slug":"em2016-repondants","status":"publish","type":"page","link":"https:\/\/www.horizonemployeur.fr\/wp2019\/em2016-repondants\/","title":{"rendered":"EM2016: les r\u00e9pondants"},"content":{"rendered":"<div class=\"et_d4_element et_pb_section et_pb_section_0  et_pb_css_mix_blend_mode et_section_regular et_block_section\" >\n\t\t\t\t\n\t\t\t\t\n\t\t\t\t\n\t\t\t\t\n\t\t\t\t\n\t\t\t\t\n\t\t\t\t<div class=\"et_d4_element et_pb_row et_pb_row_0  et_pb_css_mix_blend_mode et_block_row\">\n\t\t\t\t<div class=\"et_d4_element et_pb_column_4_4 et_pb_column et_pb_column_0  et_pb_css_mix_blend_mode et-last-child et_block_column\">\n\t\t\t\t\n\t\t\t\t\n\t\t\t\t\n\t\t\t\t\n\t\t\t\t<div class=\"et_pb_module et_d4_element et_pb_post_title et_pb_post_title_0 et_pb_bg_layout_light  et_pb_text_align_left\"   >\n\t\t\t\t\n\t\t\t\t\n\t\t\t\t\n\t\t\t\t\n\t\t\t\t\n\t\t\t\t<div class=\"et_pb_title_container\">\n\t\t\t\t\t<h1 class=\"entry-title\"><\/h1>\n\t\t\t\t<\/div>\n\t\t\t\t\n\t\t\t<\/div><div class=\"et_pb_module et_d4_element et_pb_text et_pb_text_0  et_pb_text_align_left et_pb_bg_layout_light\">\n\t\t\t\t\n\t\t\t\t\n\t\t\t\t\n\t\t\t\t\n\t\t\t\t<div class=\"et_pb_text_inner\"><p>Les donn\u00e9es ci-dessous portent sur les r\u00e9pondants.<\/p><\/div>\n\t\t\t<\/div><div class=\"et_pb_module et_d4_element et_pb_text et_pb_text_1  et_pb_text_align_left et_pb_bg_layout_light\">\n\t\t\t\t\n\t\t\t\t\n\t\t\t\t\n\t\t\t\t\n\t\t\t\t<div class=\"et_pb_text_inner\"><h1>Combien sont-ils ?<\/h1><\/div>\n\t\t\t<\/div><div class=\"et_pb_module et_d4_element et_pb_text et_pb_text_2  et_pb_text_align_left et_pb_bg_layout_light\">\n\t\t\t\t\n\t\t\t\t\n\t\t\t\t\n\t\t\t\t\n\t\t\t\t<div class=\"et_pb_text_inner\"><p>Apr\u00e8s une 2e vague de r\u00e9ponses plus tardives pour tenir compte de l'entr\u00e9e d'une nouvelle entreprise dans le Plan de Mobilit\u00e9, ce sont au total <strong>5576 r\u00e9ponses<\/strong> qui ont \u00e9t\u00e9 re\u00e7ues.<\/p><\/div>\n\t\t\t<\/div><div class=\"et_pb_module et_d4_element et_pb_text et_pb_text_3  et_pb_text_align_left et_pb_bg_layout_light\">\n\t\t\t\t\n\t\t\t\t\n\t\t\t\t\n\t\t\t\t\n\t\t\t\t<div class=\"et_pb_text_inner\"><h1>Qui sont-ils ?<\/h1><\/div>\n\t\t\t<\/div><div class=\"et_pb_module et_d4_element et_pb_text et_pb_text_4  et_pb_text_align_left et_pb_bg_layout_light\">\n\t\t\t\t\n\t\t\t\t\n\t\t\t\t\n\t\t\t\t\n\t\t\t\t<div class=\"et_pb_text_inner\"><p>Voici les r\u00e9partitions des r\u00e9pondants par tranche d'\u00e2ge, sexe et cat\u00e9gorie socioprofessionnelle:<\/p>\n<table width=\"603\">\n<tbody>\n<tr>\n<td width=\"153\"><\/td>\n<td width=\"98\" style=\"text-align: center;\"><strong>&lt;= 25 ans<\/strong><\/td>\n<td width=\"88\" style=\"text-align: center;\"><strong>26-35 ans<\/strong><\/td>\n<td width=\"88\" style=\"text-align: center;\"><strong>36-45 ans<\/strong><\/td>\n<td width=\"88\" style=\"text-align: center;\"><strong>46-55 ans<\/strong><\/td>\n<td width=\"88\" style=\"text-align: center;\"><strong>&gt; 55 ans<\/strong><\/td>\n<td width=\"88\" style=\"text-align: center;\"><strong>Total<\/strong><\/td>\n<\/tr>\n<tr>\n<td><strong>Homme<\/strong><\/td>\n<td style=\"text-align: right;\">340<\/td>\n<td style=\"text-align: right;\">795<\/td>\n<td style=\"text-align: right;\">1376<\/td>\n<td style=\"text-align: right;\">979<\/td>\n<td style=\"text-align: right;\">416<\/td>\n<td style=\"text-align: right;\">3906<br \/>(70,8 %)<\/td>\n<\/tr>\n<tr>\n<td><strong>Femme<\/strong><\/td>\n<td style=\"text-align: right;\">137<\/td>\n<td style=\"text-align: right;\">406<\/td>\n<td style=\"text-align: right;\">540<\/td>\n<td style=\"text-align: right;\">411<\/td>\n<td style=\"text-align: right;\">114<\/td>\n<td style=\"text-align: right;\">1608<br \/>(29,2 %)<\/td>\n<\/tr>\n<tr>\n<td><strong>Total<\/strong><\/td>\n<td style=\"text-align: right;\">477<br \/>(8,7 %)<\/td>\n<td style=\"text-align: right;\">1201<br \/>(21,8 %)<\/td>\n<td style=\"text-align: right;\">1916<br \/>(34,7 %)<\/td>\n<td style=\"text-align: right;\">1390<br \/>(25,2 %)<\/td>\n<td style=\"text-align: right;\">530<br \/>(9,6 %)<\/td>\n<td style=\"text-align: right;\">5514<\/td>\n<\/tr>\n<\/tbody>\n<\/table>\n<p>&nbsp;<\/p>\n<table width=\"641\">\n<tbody>\n<tr>\n<td width=\"153\"><\/td>\n<td width=\"46\" style=\"text-align: center;\"><strong>Cadres<\/strong><\/td>\n<td width=\"103\" style=\"text-align: center;\"><strong>El\u00e8ves,<\/strong><br \/> <strong>\u00e9tudiants<\/strong><\/td>\n<td width=\"61\" style=\"text-align: center;\"><strong>Employ\u00e9s<\/strong><\/td>\n<td width=\"55\" style=\"text-align: center;\"><strong>Ouvriers<\/strong><\/td>\n<td width=\"160\" style=\"text-align: center;\"><strong>Professions\u00a0<\/strong><br \/> <strong>interm\u00e9diaires<\/strong><\/td>\n<td width=\"63\" style=\"text-align: center;\"><strong>Stagiaires<\/strong><\/td>\n<\/tr>\n<tr>\n<td><strong>Homme<\/strong><\/td>\n<td style=\"text-align: right;\">2965<\/td>\n<td style=\"text-align: right;\">164<\/td>\n<td style=\"text-align: right;\">507<\/td>\n<td style=\"text-align: right;\">20<\/td>\n<td style=\"text-align: right;\">199<\/td>\n<td style=\"text-align: right;\">39<\/td>\n<\/tr>\n<tr>\n<td><strong>Femme<\/strong><\/td>\n<td style=\"text-align: right;\">1004<\/td>\n<td style=\"text-align: right;\">52<\/td>\n<td style=\"text-align: right;\">434<\/td>\n<td style=\"text-align: right;\">3<\/td>\n<td style=\"text-align: right;\">90<\/td>\n<td style=\"text-align: right;\">17<\/td>\n<\/tr>\n<tr>\n<td><strong>Total<\/strong><\/td>\n<td style=\"text-align: right;\">3969<br \/>(72,2 %)<\/td>\n<td style=\"text-align: right;\">216<\/td>\n<td style=\"text-align: right;\">941<\/td>\n<td style=\"text-align: right;\">23<\/td>\n<td style=\"text-align: right;\">289<\/td>\n<td style=\"text-align: right;\">56<\/td>\n<\/tr>\n<\/tbody>\n<\/table>\n<p>&nbsp;<\/p>\n<table width=\"776\">\n<tbody>\n<tr><\/tr>\n<tr>\n<td><\/td>\n<td style=\"text-align: center;\"><strong>Cadres<\/strong><\/td>\n<td style=\"text-align: center;\"><strong>El\u00e8ves,<\/strong><br \/> <strong>\u00e9tudiants<\/strong><\/td>\n<td style=\"text-align: center;\"><strong>Employ\u00e9s<\/strong><\/td>\n<td style=\"text-align: center;\"><strong>Ouvriers<\/strong><\/td>\n<td style=\"text-align: center;\"><strong>Professions<\/strong><br \/> <strong>interm\u00e9diaires<\/strong><\/td>\n<td style=\"text-align: center;\"><strong>Stagiaires<\/strong><\/td>\n<\/tr>\n<tr>\n<td><strong>25 ans ou moins<\/strong><\/td>\n<td style=\"text-align: right;\">143<\/td>\n<td style=\"text-align: right;\">212<\/td>\n<td style=\"text-align: right;\">63<\/td>\n<td style=\"text-align: right;\">3<\/td>\n<td style=\"text-align: right;\">8<\/td>\n<td style=\"text-align: right;\">47<\/td>\n<\/tr>\n<tr>\n<td><strong>De 26 \u00e0 35 ans<\/strong><\/td>\n<td style=\"text-align: right;\">943<\/td>\n<td style=\"text-align: right;\">5<\/td>\n<td style=\"text-align: right;\">204<\/td>\n<td style=\"text-align: right;\">4<\/td>\n<td style=\"text-align: right;\">37<\/td>\n<td style=\"text-align: right;\">8<\/td>\n<\/tr>\n<tr>\n<td><strong>De 36 \u00e0 45 ans<\/strong><\/td>\n<td style=\"text-align: right;\">1458<\/td>\n<td style=\"text-align: right;\"><\/td>\n<td style=\"text-align: right;\">348<\/td>\n<td style=\"text-align: right;\">6<\/td>\n<td style=\"text-align: right;\">114<\/td>\n<td style=\"text-align: right;\">1<\/td>\n<\/tr>\n<tr>\n<td><strong>De 46 \u00e0 55 ans<\/strong><\/td>\n<td style=\"text-align: right;\">1054<\/td>\n<td style=\"text-align: right;\"><\/td>\n<td style=\"text-align: right;\">245<\/td>\n<td style=\"text-align: right;\">6<\/td>\n<td style=\"text-align: right;\">92<\/td>\n<td style=\"text-align: right;\"><\/td>\n<\/tr>\n<tr>\n<td><strong>Plus de 55 ans<\/strong><\/td>\n<td style=\"text-align: right;\">396<\/td>\n<td style=\"text-align: right;\">1<\/td>\n<td style=\"text-align: right;\">88<\/td>\n<td style=\"text-align: right;\">5<\/td>\n<td style=\"text-align: right;\">39<\/td>\n<td style=\"text-align: right;\"><\/td>\n<\/tr>\n<\/tbody>\n<\/table><\/div>\n\t\t\t<\/div>\n\t\t\t<\/div>\n\t\t\t\t\n\t\t\t\t\n\t\t\t\t\n\t\t\t\t\n\t\t\t<\/div><div class=\"et_d4_element et_pb_row et_pb_row_1  et_pb_css_mix_blend_mode et_block_row\">\n\t\t\t\t<div class=\"et_d4_element et_pb_column_4_4 et_pb_column et_pb_column_1  et_pb_css_mix_blend_mode et-last-child et_block_column\">\n\t\t\t\t\n\t\t\t\t\n\t\t\t\t\n\t\t\t\t\n\t\t\t\t<div class=\"et_pb_module et_d4_element et_pb_text et_pb_text_5  et_pb_text_align_left et_pb_bg_layout_light\">\n\t\t\t\t\n\t\t\t\t\n\t\t\t\t\n\t\t\t\t\n\t\t\t\t<div class=\"et_pb_text_inner\"><h1>O\u00f9 habitent-ils ?<\/h1><\/div>\n\t\t\t<\/div><div class=\"et_pb_module et_d4_element et_pb_text et_pb_text_6  et_pb_text_align_left et_pb_bg_layout_light\">\n\t\t\t\t\n\t\t\t\t\n\t\t\t\t\n\t\t\t\t\n\t\t\t\t<div class=\"et_pb_text_inner\"><p>Le questionnaire incluait une partie sur la localisation du domicile, plus exactement sur son code postal qui \u00e9tait le seul \u00e9l\u00e9ment demand\u00e9. Les codes postaux mentionn\u00e9s au moins 50 fois sont les suivants<\/p>\n<table style=\"width: 670px;\">\n<tbody>\n<tr>\n<td style=\"text-align: center; width: 134px;\"><strong>Code postal<\/strong><\/td>\n<td style=\"text-align: center; width: 304px;\"><strong>Commune(s) correspondante(s)<\/strong><\/td>\n<td style=\"text-align: center; width: 213px;\"><strong>Nombre de mentions<\/strong><\/td>\n<\/tr>\n<tr>\n<td style=\"text-align: center; width: 134px;\"><strong>78140<\/strong><\/td>\n<td style=\"text-align: left; width: 304px;\">VELIZY-VILLACOUBLAY<\/td>\n<td style=\"text-align: right; width: 213px;\">233<\/td>\n<\/tr>\n<tr>\n<td style=\"text-align: center; width: 134px;\"><strong>78000<\/strong><\/td>\n<td style=\"text-align: left; width: 304px;\">VERSAILLES<\/td>\n<td style=\"text-align: right; width: 213px;\">173<\/td>\n<\/tr>\n<tr>\n<td style=\"text-align: center; width: 134px;\"><strong>75015<\/strong><\/td>\n<td style=\"text-align: left; width: 304px;\">PARIS 15e<\/td>\n<td style=\"text-align: right; width: 213px;\">171<\/td>\n<\/tr>\n<tr>\n<td style=\"text-align: center; width: 134px;\"><strong>92100<\/strong><\/td>\n<td style=\"text-align: left; width: 304px;\">NANTERRE<\/td>\n<td style=\"text-align: right; width: 213px;\">144<\/td>\n<\/tr>\n<tr>\n<td style=\"text-align: center; width: 134px;\"><strong>92130<\/strong><\/td>\n<td style=\"text-align: left; width: 304px;\">ISSY-LES-MOULINEAUX<\/td>\n<td style=\"text-align: right; width: 213px;\">124<\/td>\n<\/tr>\n<tr>\n<td style=\"text-align: center; width: 134px;\"><strong>92140<\/strong><\/td>\n<td style=\"text-align: left; width: 304px;\">CLAMART<\/td>\n<td style=\"text-align: right; width: 213px;\">102<\/td>\n<\/tr>\n<tr>\n<td style=\"text-align: center; width: 134px;\"><strong>92350<\/strong><\/td>\n<td style=\"text-align: left; width: 304px;\">LE PLESSIS-ROBINSON<\/td>\n<td style=\"text-align: right; width: 213px;\">97<\/td>\n<\/tr>\n<tr>\n<td style=\"text-align: center; width: 134px;\"><strong>91300<\/strong><\/td>\n<td style=\"text-align: left; width: 304px;\">MASSY<\/td>\n<td style=\"text-align: right; width: 213px;\">92<\/td>\n<\/tr>\n<tr>\n<td style=\"text-align: center; width: 134px;\"><strong>78180<\/strong><\/td>\n<td style=\"text-align: left; width: 304px;\">MONTIGNY-LE-BRETONNEUX<\/td>\n<td style=\"text-align: right; width: 213px;\">92<\/td>\n<\/tr>\n<tr>\n<td style=\"text-align: center; width: 134px;\"><strong>92370<\/strong><\/td>\n<td style=\"text-align: left; width: 304px;\">CHAVILLE<\/td>\n<td style=\"text-align: right; width: 213px;\">88<\/td>\n<\/tr>\n<tr>\n<td style=\"text-align: center; width: 134px;\"><strong>75014<\/strong><\/td>\n<td style=\"text-align: left; width: 304px;\">PARIS 14e<\/td>\n<td style=\"text-align: right; width: 213px;\">87<\/td>\n<\/tr>\n<tr>\n<td style=\"text-align: center; width: 134px;\"><strong>92320<\/strong><\/td>\n<td style=\"text-align: left; width: 304px;\">CH\u00c2TILLON<\/td>\n<td style=\"text-align: right; width: 213px;\">87<\/td>\n<\/tr>\n<tr>\n<td style=\"text-align: center; width: 134px;\"><strong>92160<\/strong><\/td>\n<td style=\"text-align: left; width: 304px;\">ANTONY<\/td>\n<td style=\"text-align: right; width: 213px;\">83<\/td>\n<\/tr>\n<tr>\n<td style=\"text-align: center; width: 134px;\"><strong>78220<\/strong><\/td>\n<td style=\"text-align: left; width: 304px;\">VIROFLAY<\/td>\n<td style=\"text-align: right; width: 213px;\">78<\/td>\n<\/tr>\n<tr>\n<td style=\"text-align: center; width: 134px;\"><strong>78280<\/strong><\/td>\n<td style=\"text-align: left; width: 304px;\">GUYANCOURT<\/td>\n<td style=\"text-align: right; width: 213px;\">73<\/td>\n<\/tr>\n<tr>\n<td style=\"text-align: center; width: 134px;\"><strong>75013<\/strong><\/td>\n<td style=\"text-align: left; width: 304px;\">PARIS 13e<\/td>\n<td style=\"text-align: right; width: 213px;\">66<\/td>\n<\/tr>\n<tr>\n<td style=\"text-align: center; width: 134px;\"><strong>92190<\/strong><\/td>\n<td style=\"text-align: left; width: 304px;\">MEUDON<\/td>\n<td style=\"text-align: right; width: 213px;\">63<\/td>\n<\/tr>\n<tr>\n<td style=\"text-align: center; width: 134px;\"><strong>91190<\/strong><\/td>\n<td style=\"text-align: left; width: 304px;\">GIF-SUR-YVETTE<br \/>ST-AUBIN<br \/>VILLIERS-LE-B\u00c2CLE<\/td>\n<td style=\"text-align: right; width: 213px;\">61<\/td>\n<\/tr>\n<tr>\n<td style=\"text-align: center; width: 134px;\"><strong>92290<\/strong><\/td>\n<td style=\"text-align: left; width: 304px;\">CH\u00c2TENAY-MALABRY<\/td>\n<td style=\"text-align: right; width: 213px;\">57<\/td>\n<\/tr>\n<tr>\n<td style=\"text-align: center; width: 134px;\"><strong>92500<\/strong><\/td>\n<td style=\"text-align: left; width: 304px;\">RUEIL-MALMAISON<\/td>\n<td style=\"text-align: right; width: 213px;\">57<\/td>\n<\/tr>\n<tr>\n<td width=\"135\" style=\"text-align: center;\"><strong>92150<\/strong><\/td>\n<td width=\"126\" style=\"text-align: left;\">SURESNES<\/td>\n<td width=\"126\" style=\"text-align: right;\">54<\/td>\n<\/tr>\n<tr>\n<td style=\"text-align: center;\"><strong>78350<\/strong><\/td>\n<td style=\"text-align: left;\">JOUY-EN-JOSAS<br \/>LES LOGES-EN-JOSAS<\/td>\n<td style=\"text-align: right;\">54<\/td>\n<\/tr>\n<tr>\n<td style=\"text-align: center;\"><strong>91120<\/strong><\/td>\n<td style=\"text-align: left;\">PALAISEAU<\/td>\n<td style=\"text-align: right;\">52<\/td>\n<\/tr>\n<tr>\n<td style=\"text-align: center;\"><strong>78210<\/strong><\/td>\n<td style=\"text-align: left;\">St-CYR-L'ECOLE<\/td>\n<td style=\"text-align: right;\">51<\/td>\n<\/tr>\n<tr>\n<td style=\"text-align: center;\"><strong>75016<\/strong><\/td>\n<td style=\"text-align: left;\">PARIS 16e<\/td>\n<td style=\"text-align: right;\">50<\/td>\n<\/tr>\n<tr>\n<td style=\"text-align: center;\"><strong>78150<\/strong><\/td>\n<td style=\"text-align: left;\">LE CHESNAY-ROCQUENCOURT<\/td>\n<td style=\"text-align: right;\">50<\/td>\n<\/tr>\n<tr>\n<td style=\"text-align: center;\"><strong>92800<\/strong><\/td>\n<td style=\"text-align: left;\">PUTEAUX<\/td>\n<td style=\"text-align: right;\">50<\/td>\n<\/tr>\n<\/tbody>\n<\/table>\n<p>On pourra s'\u00e9tonner de voir figurer dans ce classement toutes les communes limitrophes \u00e0 l'exception de Bi\u00e8vres. Mais cette ville compte aujourd'hui un peu moins de 5\u00a0000 habitants, alors qu'une ville comme Clamart en compte plus de 53 000 et que le seul 15e arrondissement de Paris en compte plus de 235 000.<\/p><\/div>\n\t\t\t<\/div>\n\t\t\t<\/div>\n\t\t\t\t\n\t\t\t\t\n\t\t\t\t\n\t\t\t\t\n\t\t\t<\/div>\n\t\t\t\t\n\t\t\t\t\n\t\t\t<\/div>\n","protected":false},"excerpt":{"rendered":"","protected":false},"author":1,"featured_media":0,"parent":0,"menu_order":0,"comment_status":"closed","ping_status":"closed","template":"","meta":{"_acf_changed":false,"inline_featured_image":false,"_et_pb_use_builder":"on","_et_pb_old_content":"","_et_gb_content_width":"","footnotes":""},"dipi_cpt_category":[],"class_list":["post-6647","page","type-page","status-publish","hentry"],"acf":[],"dsm_author":{"name":"Association Horizon Employeur","avatar_url":"https:\/\/www.horizonemployeur.fr\/wp2019\/wp-content\/plugins\/ultimate-member\/assets\/img\/default_avatar.jpg","archive_link":"https:\/\/www.horizonemployeur.fr\/wp2019\/author\/horizonemployeur\/","biodata":""},"dsm_categories":[],"dsm_attachment_categories":[],"dsm_featured_image":null,"_links":{"self":[{"href":"https:\/\/www.horizonemployeur.fr\/wp2019\/wp-json\/wp\/v2\/pages\/6647","targetHints":{"allow":["GET"]}}],"collection":[{"href":"https:\/\/www.horizonemployeur.fr\/wp2019\/wp-json\/wp\/v2\/pages"}],"about":[{"href":"https:\/\/www.horizonemployeur.fr\/wp2019\/wp-json\/wp\/v2\/types\/page"}],"author":[{"embeddable":true,"href":"https:\/\/www.horizonemployeur.fr\/wp2019\/wp-json\/wp\/v2\/users\/1"}],"replies":[{"embeddable":true,"href":"https:\/\/www.horizonemployeur.fr\/wp2019\/wp-json\/wp\/v2\/comments?post=6647"}],"version-history":[{"count":0,"href":"https:\/\/www.horizonemployeur.fr\/wp2019\/wp-json\/wp\/v2\/pages\/6647\/revisions"}],"wp:attachment":[{"href":"https:\/\/www.horizonemployeur.fr\/wp2019\/wp-json\/wp\/v2\/media?parent=6647"}],"wp:term":[{"taxonomy":"dipi_cpt_category","embeddable":true,"href":"https:\/\/www.horizonemployeur.fr\/wp2019\/wp-json\/wp\/v2\/dipi_cpt_category?post=6647"}],"curies":[{"name":"wp","href":"https:\/\/api.w.org\/{rel}","templated":true}]}}