{"id":6640,"date":"2019-08-09T19:10:10","date_gmt":"2019-08-09T17:10:10","guid":{"rendered":"https:\/\/www.horizonemployeur.fr\/wp2019\/?page_id=6640"},"modified":"2019-08-09T19:10:59","modified_gmt":"2019-08-09T17:10:59","slug":"em2016","status":"publish","type":"page","link":"https:\/\/www.horizonemployeur.fr\/wp2019\/em2016\/","title":{"rendered":"EM2016: l&#8217;enqu\u00eate mobilit\u00e9 2016"},"content":{"rendered":"\n<div class=\"et_d4_element et_pb_section et_pb_section_0  et_pb_css_mix_blend_mode et_section_regular et_block_section\" >\n\t\t\t\t\n\t\t\t\t\n\t\t\t\t\n\t\t\t\t\n\t\t\t\t\n\t\t\t\t\n\t\t\t\t<div class=\"et_d4_element et_pb_row et_pb_row_0  et_pb_css_mix_blend_mode et_block_row\">\n\t\t\t\t<div class=\"et_d4_element et_pb_column_4_4 et_pb_column et_pb_column_0  et_pb_css_mix_blend_mode et-last-child et_block_column\">\n\t\t\t\t\n\t\t\t\t\n\t\t\t\t\n\t\t\t\t\n\t\t\t\t<div class=\"et_pb_module et_d4_element et_pb_post_title et_pb_post_title_0 et_pb_bg_layout_light  et_pb_text_align_left\"   >\n\t\t\t\t\n\t\t\t\t\n\t\t\t\t\n\t\t\t\t\n\t\t\t\t\n\t\t\t\t<div class=\"et_pb_title_container\">\n\t\t\t\t\t<h1 class=\"entry-title\"><\/h1>\n\t\t\t\t<\/div>\n\t\t\t\t\n\t\t\t<\/div><div class=\"et_pb_module et_d4_element et_pb_text et_pb_text_0  et_pb_text_align_left et_pb_bg_layout_light\">\n\t\t\t\t\n\t\t\t\t\n\t\t\t\t\n\t\t\t\t\n\t\t\t\t<div class=\"et_pb_text_inner\"><p>Cette page vise \u00e0 pr\u00e9senter les principaux r\u00e9sultats de l'enqu\u00eate mobilit\u00e9 men\u00e9e aupr\u00e8s des collaborateurs des entreprises de l'association fin 2016.<\/p><\/div>\n\t\t\t<\/div><div class=\"et_pb_module et_d4_element et_pb_text et_pb_text_1  et_pb_text_align_left et_pb_bg_layout_light\">\n\t\t\t\t\n\t\t\t\t\n\t\t\t\t\n\t\t\t\t\n\t\t\t\t<div class=\"et_pb_text_inner\"><h1>Le principe de l'enqu\u00eate<\/h1><\/div>\n\t\t\t<\/div><div class=\"et_pb_module et_d4_element et_pb_text et_pb_text_2  et_pb_text_align_left et_pb_bg_layout_light\">\n\t\t\t\t\n\t\t\t\t\n\t\t\t\t\n\t\t\t\t\n\t\t\t\t<div class=\"et_pb_text_inner\"><p>L'enqu\u00eate est ouverte \u00e0 l'attention de tous les collaborateurs des \u00e9tablissements adh\u00e9rents de l'association. Elle est annonc\u00e9e :<\/p>\n<ul>\n<li>dans les \u00e9tablissements participant \u00e0 l'enqu\u00eate par les canaux de communication internes habituels: affichage, \u00e9crans, mail, application<\/li>\n<li>directement, en particulier via Twitter<\/li>\n<\/ul>\n<p>Elle a pour objet:<\/p>\n<ul>\n<li>de conna\u00eetre les habitudes de d\u00e9placement actuelles, leur co\u00fbt, notamment en temps pass\u00e9, leurs avantages et leurs inconv\u00e9nients<\/li>\n<li>d'analyser les facteurs qui pourraient provoquer ou au contraire emp\u00eacher tout changement d'habitude, partiel ou complet<\/li>\n<\/ul>\n<p>Afin d'avoir les \u00e9l\u00e9ments d'analyse n\u00e9cessaires, un certain nombre de donn\u00e9es d\u00e9mographiques sont recueillies, tout en pr\u00e9servant l'anonymat du r\u00e9pondant (on recueille la commune ou le code postal, mais pas l'adresse pr\u00e9cise du domicile)<\/p>\n<p>Cette enqu\u00eate est en principe r\u00e9alis\u00e9e tous les 3 ans: les premi\u00e8res \u00e9ditions ont en effet eu lieu en 2010, 2013 et 2016. Les comparaisons g\u00e9n\u00e9rales d'une enqu\u00eate \u00e0 l'autre restent cependant sujettes \u00e0 incertitude puisque les \u00e9tablissements participants ne sont pas toujours exactement les m\u00eames.<\/p>\n<p><strong>Les enqu\u00eates sont r\u00e9alis\u00e9es avec le pr\u00e9cieux support technique de la CCI Versailles-Yvelines, partenaire de l'association des entreprises Horizon Employeur depuis sa cr\u00e9ation en 2007.<\/strong><\/p><\/div>\n\t\t\t<\/div><div class=\"et_pb_module et_d4_element et_pb_text et_pb_text_3  et_pb_text_align_left et_pb_bg_layout_light\">\n\t\t\t\t\n\t\t\t\t\n\t\t\t\t\n\t\t\t\t\n\t\t\t\t<div class=\"et_pb_text_inner\"><h1>Les r\u00e9sultats de l'enqu\u00eate<\/h1><\/div>\n\t\t\t<\/div><div class=\"et_pb_module et_d4_element et_pb_text et_pb_text_4  et_pb_text_align_left et_pb_bg_layout_light\">\n\t\t\t\t\n\t\t\t\t\n\t\t\t\t\n\t\t\t\t\n\t\t\t\t<div class=\"et_pb_text_inner\"><p>Ils sont pr\u00e9sent\u00e9s sur <a href=\"https:\/\/www.horizonemployeur.fr\/wp2019\/em2016-resultats\/\">la page suivante<\/a>.<\/p>\n<p>&nbsp;<\/p>\n<p>&nbsp;<\/p><\/div>\n\t\t\t<\/div>\n\t\t\t<\/div>\n\t\t\t\t\n\t\t\t\t\n\t\t\t\t\n\t\t\t\t\n\t\t\t<\/div>\n\t\t\t\t\n\t\t\t\t\n\t\t\t<\/div>\n","protected":false},"excerpt":{"rendered":"","protected":false},"author":1,"featured_media":0,"parent":0,"menu_order":0,"comment_status":"closed","ping_status":"closed","template":"","meta":{"_acf_changed":false,"inline_featured_image":false,"_et_pb_use_builder":"on","_et_pb_old_content":"","_et_gb_content_width":"","footnotes":""},"dipi_cpt_category":[],"class_list":["post-6640","page","type-page","status-publish","hentry"],"acf":[],"dsm_author":{"name":"Association Horizon Employeur","avatar_url":"https:\/\/www.horizonemployeur.fr\/wp2019\/wp-content\/plugins\/ultimate-member\/assets\/img\/default_avatar.jpg","archive_link":"https:\/\/www.horizonemployeur.fr\/wp2019\/author\/horizonemployeur\/","biodata":""},"dsm_categories":[],"dsm_attachment_categories":[],"dsm_featured_image":null,"_links":{"self":[{"href":"https:\/\/www.horizonemployeur.fr\/wp2019\/wp-json\/wp\/v2\/pages\/6640","targetHints":{"allow":["GET"]}}],"collection":[{"href":"https:\/\/www.horizonemployeur.fr\/wp2019\/wp-json\/wp\/v2\/pages"}],"about":[{"href":"https:\/\/www.horizonemployeur.fr\/wp2019\/wp-json\/wp\/v2\/types\/page"}],"author":[{"embeddable":true,"href":"https:\/\/www.horizonemployeur.fr\/wp2019\/wp-json\/wp\/v2\/users\/1"}],"replies":[{"embeddable":true,"href":"https:\/\/www.horizonemployeur.fr\/wp2019\/wp-json\/wp\/v2\/comments?post=6640"}],"version-history":[{"count":0,"href":"https:\/\/www.horizonemployeur.fr\/wp2019\/wp-json\/wp\/v2\/pages\/6640\/revisions"}],"wp:attachment":[{"href":"https:\/\/www.horizonemployeur.fr\/wp2019\/wp-json\/wp\/v2\/media?parent=6640"}],"wp:term":[{"taxonomy":"dipi_cpt_category","embeddable":true,"href":"https:\/\/www.horizonemployeur.fr\/wp2019\/wp-json\/wp\/v2\/dipi_cpt_category?post=6640"}],"curies":[{"name":"wp","href":"https:\/\/api.w.org\/{rel}","templated":true}]}}