{"id":6269,"date":"2019-02-05T16:18:51","date_gmt":"2019-02-05T15:18:51","guid":{"rendered":"https:\/\/www.horizonemployeur.fr\/wp2019\/?page_id=6269"},"modified":"2026-05-13T17:48:51","modified_gmt":"2026-05-13T15:48:51","slug":"inovel-parc-2","status":"publish","type":"page","link":"https:\/\/www.horizonemployeur.fr\/wp2019\/inovel-parc-2\/","title":{"rendered":"Inovel Parc"},"content":{"rendered":"\n<div class=\"et_pb_section_0 et_pb_section et_section_regular et_block_section\"><div class=\"et_pb_row_0 et_pb_row et_block_row\"><div class=\"et_pb_column_0 et_pb_column et_pb_column_3_5 et_block_column et_pb_css_mix_blend_mode_passthrough\"><div class=\"et_pb_image_0 et_pb_image et_pb_module et_block_module\"><span class=\"et_pb_image_wrap\"><img loading=\"lazy\" decoding=\"async\" src=\"https:\/\/www.horizonemployeur.fr\/wp2019\/wp-content\/uploads\/2017\/12\/Situation-Inovel-Parc.png\" width=\"638\" height=\"639\" srcset=\"https:\/\/www.horizonemployeur.fr\/wp2019\/wp-content\/uploads\/2017\/12\/Situation-Inovel-Parc.png 638w, https:\/\/www.horizonemployeur.fr\/wp2019\/wp-content\/uploads\/2017\/12\/Situation-Inovel-Parc-150x150.png 150w, https:\/\/www.horizonemployeur.fr\/wp2019\/wp-content\/uploads\/2017\/12\/Situation-Inovel-Parc-300x300.png 300w\" sizes=\"(max-width: 638px) 100vw, 638px\" class=\"wp-image-3697\" \/><\/span><\/div><\/div><div class=\"et_pb_column_1 et_pb_column et_pb_column_2_5 et-last-child et_block_column et_pb_css_mix_blend_mode_passthrough\"><div class=\"et_pb_text_0 et_pb_text et_pb_bg_layout_light et_pb_module et_block_module\"><div class=\"et_pb_text_inner\"><p>Inovel Parc est situ\u00e9 \u00e0 15 km au sud-ouest de Paris (Notre-Dame), \u00e0 l'intersection de la route nationale 118 et de l'autoroute A 86.<\/p>\n<ul>\n<li>Inovel Parc , c\u2019est l\u2019ensemble des parcs d\u2019activit\u00e9s de V\u00e9lizy-Villacoublay (Yvelines) et de Meudon-la-For\u00eat (Hauts-de-Seine).<\/li>\n<li>Inovel Parc, ce sont plus de 40 000 salari\u00e9s et plus de 50 000 clients qui tous les jours se rendent dans les centres commerciaux: V\u00e9lizy 2, L\u2019Usine Mode et Maison (ex Usines Center) et La Maison Villacoublay (ex Art de Vivre).<\/li>\n<li>Inovel Parc, historiquement, ce sont aussi des d\u00e9placements difficiles faute de moyens de transport efficaces depuis Paris, les principales villes aux alentours, les gares, les a\u00e9roports, \u2026<\/li>\n<\/ul>\n<p>La vocation de ce\u00a0site\u00a0est de vous apporter un maximum d\u2019informations pour effectuer vos d\u00e9placements et vos activit\u00e9s dans les meilleures conditions possibles.<\/p>\n<\/div><\/div><\/div><\/div><div class=\"et_pb_row_1 et_pb_row et_block_row\"><div class=\"et_pb_column_2 et_pb_column et_pb_column_2_5 et_block_column et_pb_css_mix_blend_mode_passthrough\"><div class=\"et_pb_text_1 et_pb_text et_pb_bg_layout_light et_pb_module et_block_module\"><div class=\"et_pb_text_inner\"><p><span style=\"font-size: 14px;\">Le parc d\u2019activit\u00e9s se d\u00e9compose en 3 secteurs:<\/span><\/p>\n<ul>\n<li><strong>Inovel Parc Nord<\/strong>, entre l\u2019A 86, la RN 118 et la for\u00eat de Meudon. C\u2019est l\u2019ancienne \u201cZone d\u2019Emplois\u201d travers\u00e9e de part en part par l\u2019avenue Morane-Saulnier et le tramway T6 avec ses 3 stations V\u00e9lizy 2, Dewoitine et Inovel Parc Nord d\u2019est en ouest.<br \/>Sans que cela ait \u00e9t\u00e9 totalement officialis\u00e9, le secteur de Meudon-la-For\u00eat comprenant l\u2019avenue Mar\u00e9chal Juin et les voies du Parc tertiaire de Meudon a \u00e9t\u00e9 inclus dans Inovel Parc Nord.<\/li>\n<li><strong>Inovel Parc Est<\/strong>, entre la RN 118 \u00e0 l\u2019ouest et la rue du Petit Clamart et le tramway T6 (station Meudon-la-For\u00eat) \u00e0 l\u2019est<\/li>\n<li><strong>Inovel Parc Sud<\/strong>, au sud de l\u2019A 86 du quartier de la Pointe Ouest \u00e0 la RN 306. Ce sont\u00a0l\u2019ancienne \u201cZone A\u00e9ronautique Louis Breguet\u201d et l\u2019ancienne \u201cZone Commerciale du Val de Gr\u00e2ce\u201d<\/li>\n<\/ul>\n<p>On notera cependant que, au sens strict, ni les 3 centres commerciaux, ni la base a\u00e9rienne ne font partie d'Inovel Parc.<\/p>\n<p>&nbsp;<\/p>\n<\/div><\/div><\/div><div class=\"et_pb_column_3 et_pb_column et_pb_column_3_5 et-last-child et_block_column et_pb_css_mix_blend_mode_passthrough\"><div class=\"et_pb_image_1 et_pb_image et_pb_module et_block_module\"><span class=\"et_pb_image_wrap\"><img loading=\"lazy\" decoding=\"async\" src=\"https:\/\/www.horizonemployeur.fr\/wp2019\/wp-content\/uploads\/2019\/02\/Zonage-Inovel-Parc-dapr\u00e8s-DP-2011.png\" width=\"810\" height=\"567\" srcset=\"https:\/\/www.horizonemployeur.fr\/wp2019\/wp-content\/uploads\/2019\/02\/Zonage-Inovel-Parc-dapr\u00e8s-DP-2011.png 810w, https:\/\/www.horizonemployeur.fr\/wp2019\/wp-content\/uploads\/2019\/02\/Zonage-Inovel-Parc-dapr\u00e8s-DP-2011-300x210.png 300w, https:\/\/www.horizonemployeur.fr\/wp2019\/wp-content\/uploads\/2019\/02\/Zonage-Inovel-Parc-dapr\u00e8s-DP-2011-768x538.png 768w\" sizes=\"(max-width: 810px) 100vw, 810px\" class=\"wp-image-6272\" \/><\/span><\/div><div class=\"et_pb_text_2 et_pb_text et_pb_bg_layout_light et_pb_module et_block_module\"><div class=\"et_pb_text_inner\"><p><em>Les diff\u00e9rents secteurs: en vert, Inovel Parc Nord, et en plus clair, l'extension sur Meudon-la-For\u00eat; en orange, Inovel Parc Est; en rouge, Inovel Parc Sud. Burospace, parc d'activit\u00e9s implant\u00e9 plus au sud, sur le territoire de Bi\u00e8vres, est en bleu turquoise.<\/em><\/p>\n<\/div><\/div><\/div><\/div><div class=\"et_pb_row_2 et_pb_row et_block_row\"><div class=\"et_pb_column_4 et_pb_column et_pb_column_4_4 et-last-child et_block_column et_pb_css_mix_blend_mode_passthrough\"><div class=\"et_pb_text_3 et_pb_text et_pb_bg_layout_light et_pb_module et_block_module\"><div class=\"et_pb_text_inner\"><h1>Pourquoi \u201cInovel Parc\u201d ?\u00a0Et pourquoi ce logo bleu et vert ?<\/h1>\n<\/div><\/div><\/div><\/div><div class=\"et_pb_row_3 et_pb_row et_block_row\"><div class=\"et_pb_column_5 et_pb_column et_pb_column_2_5 et_block_column et_pb_css_mix_blend_mode_passthrough\"><div class=\"et_pb_image_2 et_pb_image et_pb_module et_block_module\"><span class=\"et_pb_image_wrap\"><img decoding=\"async\" src=\"https:\/\/www.horizonemployeur.fr\/wp2019\/wp-content\/uploads\/2019\/02\/vignette-inovel-parc-600x236.png\" \/><\/span><\/div><\/div><div class=\"et_pb_column_6 et_pb_column et_pb_column_3_5 et-last-child et_block_column et_pb_css_mix_blend_mode_passthrough\"><div class=\"et_pb_text_4 et_pb_text et_pb_bg_layout_light et_pb_module et_block_module\"><div class=\"et_pb_text_inner\"><p>La nouvelle identit\u00e9 des zones d\u2019activit\u00e9s de V\u00e9lizy-Villacoublay a \u00e9t\u00e9 pr\u00e9sent\u00e9e en janvier 2011 par la ville de V\u00e9lizy-Villacoublay. Les appellations \u201cZone d\u2019Emplois\u201d, \u201cZone A\u00e9ronautique Louis Breguet\u201d, \u201cZone Commerciale du Val de Gr\u00e2ce\u201d, \u2026 ont fait place \u00e0 \u201cInovel Parc\u201d. Inovel c'est le m\u00e9lange d'innovation et de V\u00e9lizy.<\/p>\n<p>Pour en savoir plus sur cette nouvelle identit\u00e9, consultez le<span>\u00a0<\/span><a title=\"DP_INOVEL_simplifie\" href=\"http:\/\/www.horizonemployeur.fr\/wordpress\/wp-content\/uploads\/2016\/04\/dp_inovel_simplifie.pdf\" target=\"_blank\" rel=\"noopener noreferrer\">dossier de presse de la ville de V\u00e9lizy-Villacoublay de janvier 2011<\/a><\/p>\n<p>&nbsp;<\/p>\n<\/div><\/div><\/div><\/div><\/div>\n","protected":false},"excerpt":{"rendered":"","protected":false},"author":1,"featured_media":0,"parent":0,"menu_order":0,"comment_status":"closed","ping_status":"closed","template":"","meta":{"_acf_changed":false,"inline_featured_image":false,"footnotes":""},"dipi_cpt_category":[],"class_list":["post-6269","page","type-page","status-publish","hentry"],"acf":[],"dsm_author":{"name":"Association Horizon Employeur","avatar_url":"https:\/\/www.horizonemployeur.fr\/wp2019\/wp-content\/plugins\/ultimate-member\/assets\/img\/default_avatar.jpg","archive_link":"https:\/\/www.horizonemployeur.fr\/wp2019\/author\/horizonemployeur\/","biodata":""},"dsm_categories":[],"dsm_attachment_categories":[],"dsm_featured_image":null,"_links":{"self":[{"href":"https:\/\/www.horizonemployeur.fr\/wp2019\/wp-json\/wp\/v2\/pages\/6269","targetHints":{"allow":["GET"]}}],"collection":[{"href":"https:\/\/www.horizonemployeur.fr\/wp2019\/wp-json\/wp\/v2\/pages"}],"about":[{"href":"https:\/\/www.horizonemployeur.fr\/wp2019\/wp-json\/wp\/v2\/types\/page"}],"author":[{"embeddable":true,"href":"https:\/\/www.horizonemployeur.fr\/wp2019\/wp-json\/wp\/v2\/users\/1"}],"replies":[{"embeddable":true,"href":"https:\/\/www.horizonemployeur.fr\/wp2019\/wp-json\/wp\/v2\/comments?post=6269"}],"version-history":[{"count":1,"href":"https:\/\/www.horizonemployeur.fr\/wp2019\/wp-json\/wp\/v2\/pages\/6269\/revisions"}],"predecessor-version":[{"id":21002,"href":"https:\/\/www.horizonemployeur.fr\/wp2019\/wp-json\/wp\/v2\/pages\/6269\/revisions\/21002"}],"wp:attachment":[{"href":"https:\/\/www.horizonemployeur.fr\/wp2019\/wp-json\/wp\/v2\/media?parent=6269"}],"wp:term":[{"taxonomy":"dipi_cpt_category","embeddable":true,"href":"https:\/\/www.horizonemployeur.fr\/wp2019\/wp-json\/wp\/v2\/dipi_cpt_category?post=6269"}],"curies":[{"name":"wp","href":"https:\/\/api.w.org\/{rel}","templated":true}]}}