{"id":18472,"date":"2023-04-03T12:44:10","date_gmt":"2023-04-03T10:44:10","guid":{"rendered":"https:\/\/www.horizonemployeur.fr\/wp2019\/?page_id=18472"},"modified":"2026-05-13T17:52:20","modified_gmt":"2026-05-13T15:52:20","slug":"accueil-territoire","status":"publish","type":"page","link":"https:\/\/www.horizonemployeur.fr\/wp2019\/accueil-territoire\/","title":{"rendered":"D\u00e9couvrir le territoire"},"content":{"rendered":"\n<div class=\"et_pb_section_0 et_pb_section et_section_regular et_block_section\"><div class=\"et_pb_row_0 et_pb_row et_block_row\" id=\"quisommesnous\"><div class=\"et_pb_column_0 et_pb_column et_pb_column_4_4 et-last-child et_block_column et_pb_css_mix_blend_mode_passthrough\"><div class=\"et_pb_text_0 et_pb_text et_pb_bg_layout_light et_pb_module et_block_module\"><div class=\"et_pb_text_inner\"><p>Notre parc d'activit\u00e9s est situ\u00e9 sur le plateau de V\u00e9lizy, sur les communes de<\/p>\n<ul>\n<li>V\u00e9lizy-Villacoublay (communaut\u00e9 d'agglom\u00e9ration Versailles Grand Parc, d\u00e9partement des Yvelines)<\/li>\n<li>Meudon (\u00e9tablissement public territorial Grand Paris Seine Ouest, m\u00e9tropole du Grand Paris, d\u00e9partement des Hauts-de-Seine)<\/li>\n<li>Bi\u00e8vres (communaut\u00e9 d'agglom\u00e9ration Versailles Grand Parc, d\u00e9partement de l'Essonne)<\/li>\n<\/ul>\n<p>et \u00e0 proximit\u00e9 imm\u00e9diate de\u00a0<\/p>\n<ul>\n<li>Jouy-en-Josas (communaut\u00e9 d'agglom\u00e9ration Versailles Grand Parc, d\u00e9partement des Yvelines)<\/li>\n<li>Clamart (\u00e9tablissement public territorial Vall\u00e9e Sud Grand Paris, m\u00e9tropole du Grand Paris, d\u00e9partement des Hauts-de-Seine)<\/li>\n<\/ul>\n<p>C'est donc un territoire administrativement tr\u00e8s \u00e9miett\u00e9, et g\u00e9ographiquement assez enclav\u00e9.<\/p>\n<\/div><\/div><\/div><\/div><div class=\"et_pb_row_1 et_pb_row et_block_row\"><div class=\"et_pb_column_1 et_pb_column et_pb_column_4_4 et-last-child et_block_column et_pb_css_mix_blend_mode_passthrough\"><div class=\"et_pb_text_1 et_pb_text et_pb_bg_layout_light et_pb_module et_block_module\"><div class=\"et_pb_text_inner\"><h1>Aujourd'hui<\/h1>\n<\/div><\/div><\/div><\/div><div class=\"et_pb_row_2 et_pb_row et_pb_row_4col et_pb_gutters1 et_block_row et_block_row_4col\"><div class=\"et_pb_column_2 et_pb_column et_pb_column_1_4 et_block_column et_pb_css_mix_blend_mode_passthrough\"><div class=\"et_pb_text_2 et_pb_text et_pb_bg_layout_light et_clickable et_pb_module et_block_module\"><div class=\"et_pb_text_inner\"><h3><span style=\"color: #ffffff;\">Inovel Parc<\/span><\/h3>\n<p><span style=\"color: #ffffff;\"><span color=\"#999999\">Parc d'activit\u00e9s sur les territoires de V\u00e9lizy-Villacoublay et Meudon-la-For\u00eat<\/span><\/span><\/p>\n<\/div><\/div><\/div><div class=\"et_pb_column_3 et_pb_column et_pb_column_1_4 et_block_column et_pb_css_mix_blend_mode_passthrough\"><div class=\"et_pb_text_3 et_pb_text et_pb_bg_layout_light et_clickable et_pb_module et_block_module\"><div class=\"et_pb_text_inner\"><h3><span style=\"color: #ffffff;\">La recette du millefeuille<\/span><\/h3>\n<p><span style=\"color: #ffffff;\"><span color=\"#999999\">L'empilement des couches administratives n'est pas tr\u00e8s simple<\/span><\/span><\/p>\n<\/div><\/div><\/div><div class=\"et_pb_column_4 et_pb_column et_pb_column_1_4 et_block_column et_pb_column_empty et_pb_css_mix_blend_mode_passthrough\"><\/div><div class=\"et_pb_column_5 et_pb_column et_pb_column_1_4 et-last-child et_block_column et_pb_column_empty et_pb_css_mix_blend_mode_passthrough\"><\/div><\/div><div class=\"et_pb_row_3 et_pb_row et_block_row\"><div class=\"et_pb_column_6 et_pb_column et_pb_column_4_4 et-last-child et_block_column et_pb_css_mix_blend_mode_passthrough\"><div class=\"et_pb_text_4 et_pb_text et_pb_bg_layout_light et_pb_module et_block_module\"><div class=\"et_pb_text_inner\"><h1>\"Hier\", ou m\u00eame \"avant-hier\"<\/h1>\n<\/div><\/div><\/div><\/div><div class=\"et_pb_row_4 et_pb_row et_pb_row_4col et_pb_gutters1 et_block_row et_block_row_4col\"><div class=\"et_pb_column_7 et_pb_column et_pb_column_1_4 et_block_column et_pb_css_mix_blend_mode_passthrough\"><div class=\"et_pb_text_5 et_pb_text et_pb_bg_layout_light et_clickable et_pb_module et_block_module\"><div class=\"et_pb_text_inner\"><h3><span style=\"color: #ffffff;\">Inovel Parc avant Inovel Parc<\/span><\/h3>\n<p><span style=\"color: #ffffff;\">Le parc d'activit\u00e9s n'a pas toujours exist\u00e9<\/span><\/p>\n<\/div><\/div><\/div><div class=\"et_pb_column_8 et_pb_column et_pb_column_1_4 et_block_column et_pb_css_mix_blend_mode_passthrough\"><div class=\"et_pb_text_6 et_pb_text et_pb_bg_layout_light et_clickable et_pb_module et_block_module\"><div class=\"et_pb_text_inner\"><h3><span style=\"color: #ffffff;\">La for\u00eat de Meudon il y a 300 ans<\/span><\/h3>\n<p><span style=\"color: #ffffff;\">Des plans du XVIIIe si\u00e8cle montrent ce qu'\u00e9tait la for\u00eat \u00e0 cette \u00e9poque<\/span><\/p>\n<\/div><\/div><\/div><div class=\"et_pb_column_9 et_pb_column et_pb_column_1_4 et_block_column et_pb_column_empty et_pb_css_mix_blend_mode_passthrough\"><\/div><div class=\"et_pb_column_10 et_pb_column et_pb_column_1_4 et-last-child et_block_column et_pb_column_empty et_pb_css_mix_blend_mode_passthrough\"><\/div><\/div><div class=\"et_pb_row_5 et_pb_row et_pb_row_4col et_pb_gutters1 et_block_row et_block_row_4col\"><div class=\"et_pb_column_11 et_pb_column et_pb_column_1_4 et_block_column et_pb_css_mix_blend_mode_passthrough\"><div class=\"et_pb_text_7 et_pb_text et_pb_bg_layout_light et_clickable et_pb_module et_block_module\"><div class=\"et_pb_text_inner\"><h3><span style=\"color: #ffffff;\">Planification des infrastructures de transport<\/span><\/h3>\n<p><span style=\"color: #ffffff;\">Comment c'est un tramway qui a finalement desservi V\u00e9lizy<\/span><\/p>\n<\/div><\/div><\/div><div class=\"et_pb_column_12 et_pb_column et_pb_column_1_4 et_block_column et_pb_css_mix_blend_mode_passthrough\"><div class=\"et_pb_text_8 et_pb_text et_pb_bg_layout_light et_clickable et_pb_module et_block_module\"><div class=\"et_pb_text_inner\"><h3><span style=\"color: #ffffff;\">XIXe si\u00e8cle : Paris et Haussmann<\/span><\/h3>\n<p><span style=\"color: #ffffff;\">Le XIXe si\u00e8cle \u00e0 Paris doit beaucoup au baron Haussmann<\/span><\/p>\n<\/div><\/div><\/div><div class=\"et_pb_column_13 et_pb_column et_pb_column_1_4 et_block_column et_pb_css_mix_blend_mode_passthrough\"><div class=\"et_pb_text_9 et_pb_text et_pb_bg_layout_light et_clickable et_pb_module et_block_module\"><div class=\"et_pb_text_inner\"><h3><span style=\"color: #ffffff;\">1932-1934 : le plan Prost<\/span><\/h3>\n<p><span style=\"color: #ffffff;\">C'est pour la r\u00e9gion parisienne le premier plan d'am\u00e9nagement global<\/span><\/p>\n<\/div><\/div><\/div><div class=\"et_pb_column_14 et_pb_column et_pb_column_1_4 et-last-child et_block_column et_pb_css_mix_blend_mode_passthrough\"><div class=\"et_pb_text_10 et_pb_text et_pb_bg_layout_light et_clickable et_pb_module et_block_module\"><div class=\"et_pb_text_inner\"><h3><span style=\"color: #ffffff;\">1958-1960 : le PADOG<\/span><\/h3>\n<p><span style=\"color: #ffffff;\">Le G\u00e9n\u00e9ral de Gaulle veut am\u00e9liorer l'\u00e9quipement de la r\u00e9gion parisienne<\/span><\/p>\n<\/div><\/div><\/div><\/div><div class=\"et_pb_row_6 et_pb_row et_pb_row_4col et_pb_gutters1 et_block_row et_block_row_4col\"><div class=\"et_pb_column_15 et_pb_column et_pb_column_1_4 et_block_column et_pb_css_mix_blend_mode_passthrough\"><div class=\"et_pb_text_11 et_pb_text et_pb_bg_layout_light et_clickable et_pb_module et_block_module\"><div class=\"et_pb_text_inner\"><h3><span style=\"color: #ffffff;\">1965 : le SDAURP<\/span><\/h3>\n<p><span style=\"color: #ffffff;\">Associ\u00e9 au nom de Paul Delouvrier, c'est l'acte de naissance des villes nouvelles<\/span><\/p>\n<\/div><\/div><\/div><div class=\"et_pb_column_16 et_pb_column et_pb_column_1_4 et_block_column et_pb_css_mix_blend_mode_passthrough\"><div class=\"et_pb_text_12 et_pb_text et_pb_bg_layout_light et_clickable et_pb_module et_block_module\"><div class=\"et_pb_text_inner\"><h3><span style=\"color: #ffffff;\">1976 : le SDAURIF<\/span><\/h3>\n<p><span style=\"color: #ffffff;\">Quand la r\u00e9alit\u00e9 de la technique et des financements s'impose<\/span><\/p>\n<\/div><\/div><\/div><div class=\"et_pb_column_17 et_pb_column et_pb_column_1_4 et_block_column et_pb_css_mix_blend_mode_passthrough\"><div class=\"et_pb_text_13 et_pb_text et_pb_bg_layout_light et_clickable et_pb_module et_block_module\"><div class=\"et_pb_text_inner\"><h3><span style=\"color: #ffffff;\">1994 : le SDRIF<\/span><\/h3>\n<p><span style=\"color: #ffffff;\">On prend en compte le n\u00e9cessaire r\u00e9\u00e9quilibrage de la r\u00e9gion<\/span><\/p>\n<\/div><\/div><\/div><div class=\"et_pb_column_18 et_pb_column et_pb_column_1_4 et-last-child et_block_column et_pb_css_mix_blend_mode_passthrough\"><div class=\"et_pb_text_14 et_pb_text et_pb_bg_layout_light et_clickable et_pb_module et_block_module\"><div class=\"et_pb_text_inner\"><h3><span style=\"color: #ffffff;\">2008 : le SDRIF (presque) r\u00e9vis\u00e9<\/span><\/h3>\n<p><span style=\"color: #ffffff;\">L'apparition du Grand Paris \u00e0 partir de 2007 c\u00f4t\u00e9 Etat rend la r\u00e9vision sans objet<\/span><\/p>\n<\/div><\/div><\/div><\/div><div class=\"et_pb_row_7 et_pb_row et_pb_row_4col et_pb_gutters1 et_block_row et_block_row_4col\"><div class=\"et_pb_column_19 et_pb_column et_pb_column_1_4 et_block_column et_pb_css_mix_blend_mode_passthrough\"><div class=\"et_pb_text_15 et_pb_text et_pb_bg_layout_light et_clickable et_pb_module et_block_module\"><div class=\"et_pb_text_inner\"><h3><span style=\"color: #ffffff;\">2007-2011 : le Grand Paris<\/span><\/h3>\n<p><span style=\"color: #ffffff;\">Clusters et RTGP, c'est une nouvelle vision de l'agglom\u00e9ration parisienne<\/span><\/p>\n<\/div><\/div><\/div><div class=\"et_pb_column_20 et_pb_column et_pb_column_1_4 et_block_column et_pb_css_mix_blend_mode_passthrough\"><div class=\"et_pb_text_16 et_pb_text et_pb_bg_layout_light et_clickable et_pb_module et_block_module\"><div class=\"et_pb_text_inner\"><h3><span style=\"color: #ffffff;\">2014 : le SDRIF r\u00e9vis\u00e9<\/span><\/h3>\n<p><span style=\"color: #ffffff;\">Int\u00e9grer le Grand Paris et le projet Grand Paris Express<\/span><\/p>\n<\/div><\/div><\/div><div class=\"et_pb_column_21 et_pb_column et_pb_column_1_4 et_block_column et_pb_column_empty et_pb_css_mix_blend_mode_passthrough\"><\/div><div class=\"et_pb_column_22 et_pb_column et_pb_column_1_4 et-last-child et_block_column et_pb_column_empty et_pb_css_mix_blend_mode_passthrough\"><\/div><\/div><\/div>\n","protected":false},"excerpt":{"rendered":"","protected":false},"author":1,"featured_media":0,"parent":0,"menu_order":0,"comment_status":"closed","ping_status":"closed","template":"","meta":{"_acf_changed":false,"inline_featured_image":false,"footnotes":""},"dipi_cpt_category":[],"class_list":["post-18472","page","type-page","status-publish","hentry"],"acf":[],"dsm_author":{"name":"Association Horizon Employeur","avatar_url":"https:\/\/www.horizonemployeur.fr\/wp2019\/wp-content\/plugins\/ultimate-member\/assets\/img\/default_avatar.jpg","archive_link":"https:\/\/www.horizonemployeur.fr\/wp2019\/author\/horizonemployeur\/","biodata":""},"dsm_categories":[],"dsm_attachment_categories":[],"dsm_featured_image":null,"_links":{"self":[{"href":"https:\/\/www.horizonemployeur.fr\/wp2019\/wp-json\/wp\/v2\/pages\/18472","targetHints":{"allow":["GET"]}}],"collection":[{"href":"https:\/\/www.horizonemployeur.fr\/wp2019\/wp-json\/wp\/v2\/pages"}],"about":[{"href":"https:\/\/www.horizonemployeur.fr\/wp2019\/wp-json\/wp\/v2\/types\/page"}],"author":[{"embeddable":true,"href":"https:\/\/www.horizonemployeur.fr\/wp2019\/wp-json\/wp\/v2\/users\/1"}],"replies":[{"embeddable":true,"href":"https:\/\/www.horizonemployeur.fr\/wp2019\/wp-json\/wp\/v2\/comments?post=18472"}],"version-history":[{"count":1,"href":"https:\/\/www.horizonemployeur.fr\/wp2019\/wp-json\/wp\/v2\/pages\/18472\/revisions"}],"predecessor-version":[{"id":21130,"href":"https:\/\/www.horizonemployeur.fr\/wp2019\/wp-json\/wp\/v2\/pages\/18472\/revisions\/21130"}],"wp:attachment":[{"href":"https:\/\/www.horizonemployeur.fr\/wp2019\/wp-json\/wp\/v2\/media?parent=18472"}],"wp:term":[{"taxonomy":"dipi_cpt_category","embeddable":true,"href":"https:\/\/www.horizonemployeur.fr\/wp2019\/wp-json\/wp\/v2\/dipi_cpt_category?post=18472"}],"curies":[{"name":"wp","href":"https:\/\/api.w.org\/{rel}","templated":true}]}}