{"id":179,"date":"2014-03-24T14:27:30","date_gmt":"2014-03-24T13:27:30","guid":{"rendered":"http:\/\/horizonmobi.wordpress.com\/?page_id=179"},"modified":"2026-05-13T17:47:41","modified_gmt":"2026-05-13T15:47:41","slug":"en-2-3-ou-4-roues","status":"publish","type":"page","link":"https:\/\/www.horizonemployeur.fr\/wp2019\/en-2-3-ou-4-roues\/","title":{"rendered":"En 2, 3 ou 4 roues motoris\u00e9s: voiture, moto, scooter, &#8230;"},"content":{"rendered":"<div class=\"et_pb_section_0 et_pb_section et_section_regular et_block_section\"><div class=\"et_pb_row_0 et_pb_row et_block_row\"><div class=\"et_pb_column_0 et_pb_column et_pb_column_4_4 et-last-child et_block_column et_pb_css_mix_blend_mode_passthrough\"><div class=\"et_pb_post_title_0 et_pb_post_title et_pb_bg_layout_dark et_pb_module et_block_module\"><div class=\"et_pb_title_container\"><h1 class=\"entry-title\">En 2, 3 ou 4 roues motoris\u00e9s: voiture, moto, scooter, \u2026<\/h1><\/div><\/div><\/div><\/div><div class=\"et_pb_row_1 et_pb_row et_block_row\"><div class=\"et_pb_column_1 et_pb_column et_pb_column_4_4 et-last-child et_block_column et_pb_css_mix_blend_mode_passthrough\"><div class=\"et_pb_text_0 et_pb_text et_pb_bg_layout_light et_pb_module et_block_module\"><div class=\"et_pb_text_inner\"><h1>O\u00f9 se trouve Inovel Parc ?<\/h1>\n<\/div><\/div><div class=\"et_pb_text_1 et_pb_text et_pb_bg_layout_light et_pb_module et_block_module\"><div class=\"et_pb_text_inner\"><p><img loading=\"lazy\" decoding=\"async\" class=\"alignnone wp-image-3697 size-full\" src=\"http:\/\/www.horizonemployeur.fr\/wordpress\/wp-content\/uploads\/2017\/12\/Situation-Inovel-Parc.png\" alt=\"\" width=\"638\" height=\"639\" style=\"display: block; margin-left: auto; margin-right: auto;\" srcset=\"https:\/\/www.horizonemployeur.fr\/wp2019\/wp-content\/uploads\/2017\/12\/Situation-Inovel-Parc.png 638w, https:\/\/www.horizonemployeur.fr\/wp2019\/wp-content\/uploads\/2017\/12\/Situation-Inovel-Parc-150x150.png 150w, https:\/\/www.horizonemployeur.fr\/wp2019\/wp-content\/uploads\/2017\/12\/Situation-Inovel-Parc-300x300.png 300w\" sizes=\"(max-width: 638px) 100vw, 638px\" \/><\/p>\n<p>&nbsp;<\/p>\n<\/div><\/div><div class=\"et_pb_text_2 et_pb_text et_pb_bg_layout_light et_pb_module et_block_module\"><div class=\"et_pb_text_inner\"><p>Au sud-ouest de Paris, \u00e0 environ 15 km de Notre-Dame, Inovel Parc se trouve \u00e0 l'intersection de 2 axes majeurs de l'Ile de France:<\/p>\n<ul>\n<li><strong>la route nationale 118<\/strong>, voie express joignant le pont de S\u00e8vres et l'autoroute A 10 au niveau des Ulis<\/li>\n<\/ul>\n<p>Au pont de S\u00e8vres, vous aurez le choix entre la RD 910 rejoignant le boulevard p\u00e9riph\u00e9rique \u00e0 la porte de St-Cloud moyennant la travers\u00e9e de Boulogne-Billancourt, et les quais de Seine (RD 7 c\u00f4t\u00e9 rive gauche, RD 1 c\u00f4t\u00e9 rive droite) rejoignant Paris (niveau quai d'Issy ou voie express Georges Pompidou), La D\u00e9fense, ...<\/p>\n<p>Aux Ulis, la RN 118 donne acc\u00e8s \u00e0 l'A 10 directions\u00a0Bordeaux \/ Clermont-Ferrand \/ Nantes \/ Rennes, mais aussi \u00e0 la RN 104 (Francilienne, 3e contournement de Paris) permettant de rejoindre les autoroutes A 6 (Lyon \/ Dijon \/ Mulhouse \/ Gen\u00e8ve) et A 5 (Troyes).<\/p>\n<ul>\n<li><strong>l'autoroute A 86<\/strong>, autoroute constituant le 2e contournement de Paris en en faisant le tour \u00e0 environ 5 km du boulevard p\u00e9riph\u00e9rique (surlign\u00e9e d'orange sur la carte)<\/li>\n<\/ul>\n<p>Cette autoroute est gratuite sur tout son parcours, sauf sur la section en tunnel \u00e0 l'ouest entre Rueil, Vaucresson (acc\u00e8s A 13) et V\u00e9lizy (acc\u00e8s RN 12).<\/p>\n<table style=\"background-color: #ffffdd;\">\n<tbody>\n<tr>\n<td>\n<p><em>Cette section Rueil - Vaucresson - V\u00e9lizy est enti\u00e8rement construite en tunnel. En dehors des 2 acc\u00e8s nord (Rueil) et sud (V\u00e9lizy), cet ouvrage de 10 km de long comporte un \u00e9chnageur interm\u00e9diaire permettant les \u00e9changes avec l'autoroute A13 \u00e0 Vaucresson.<\/em><\/p>\n<p><em>Seuls les v\u00e9hicules \u00e0 4 roues, de hauteur inf\u00e9rieure \u00e0 2 m, ne fonctionnant ni au GPL ni au GNV, et dont le PTAC ne d\u00e9passe pas 3,5 t y sont autoris\u00e9s. De fait, les 2 et 3 roues motoris\u00e9s sont interdits.<\/em><\/p>\n<p><em>Ce tunnel a la particularit\u00e9 d'\u00eatre constitu\u00e9 d'un seul tube partag\u00e9 en 2 moiti\u00e9s par un plancher horizontal \u00e0 mi-hauteur. Les v\u00e9hicules dans le sens sud-nord roulent en haut et ceux dans le sens oppos\u00e9 en bas.\u00a0<\/em><em>La circulation dans le sens sud-nord se fait sur la droite de la chauss\u00e9e, la gauche constituant la bande d'arr\u00eat d'urgence. La sortie et l'entr\u00e9e vers l'A13 \u00e0 Vaucresson se font sur la gauche.<\/em><\/p>\n<p><em>Le tarif du p\u00e9age d\u00e9pend<\/em><\/p>\n<ul>\n<li><em>du cr\u00e9neau horaire (en janvier 2020, un aller simple entre Rueil et V\u00e9lizy est factur\u00e9 entre 1,50 EUR et 13,10 EUR suivant le jour et l'heure)<\/em><\/li>\n<li><em>du mode de paiement (si on n'utilise pas le t\u00e9l\u00e9p\u00e9age, le tarif correspond au tarif maximum. Cette contrainte n'a pas d'effet en entrant \u00e0 Vaucresson, mais occasionnera une surfacturation des trajets Rueil - Vaucresson ou V\u00e9lizy - Vaucresson qui seront respectivement factur\u00e9s au prix des trajets Rueil - V\u00e9lizy ou V\u00e9lizy - Rueil. Pour y \u00e9chapper, vous avez la possibilit\u00e9 de r\u00e9cup\u00e9rer un badge t\u00e9l\u00e9p\u00e9age gratuit aupr\u00e8s de Vinci Autoroutes).<\/em><\/li>\n<\/ul>\n<p><em>La vitesse est limit\u00e9e \u00e0 70 km\/h sur toute cette section, avec de nombreux contr\u00f4les de vitesse automatiques.<\/em><\/p>\n<p><em>Au moins une nuit toutes les 2 semaines, g\u00e9n\u00e9ralement d'un mercredi 21 heures au jeudi 6 heures, le tunnel est totalement interdit \u00e0 la circulation pour les op\u00e9rations de maintenance programm\u00e9e.<\/em><\/p>\n<p><em>Pour en savoir plus:\u00a0<a href=\"http:\/\/www.duplexa86.fr\/\" target=\"_blank\" rel=\"noopener noreferrer\">www.duplexa86.fr<\/a><\/em><\/p>\n<\/td>\n<\/tr>\n<\/tbody>\n<\/table>\n<p>Ces 2 axes importants par l'int\u00e9r\u00eat qu'ils procurent aux automobilistes de la r\u00e9gion souffrent en contrepartie d'une saturation quotidienne aux heures de pointe matin et soir. D\u00e9caler son horaire de d\u00e9part peut, dans certains cas, apporter un net avantage en termes de temps de parcours.<\/p>\n<p>&nbsp;<\/p>\n<\/div><\/div><div class=\"et_pb_text_3 et_pb_text et_pb_bg_layout_light et_pb_module et_block_module\"><div class=\"et_pb_text_inner\"><h1>O\u00f9 sortir ?<\/h1>\n<\/div><\/div><div class=\"et_pb_text_4 et_pb_text et_pb_bg_layout_light et_pb_module et_block_module\"><div class=\"et_pb_text_inner\"><p>Les sorties desservant Inovel Parc sont:<\/p>\n<ul>\n<li>sur la RN 118, la sortie 3 (V\u00e9lizy \/ Meudon-la-For\u00eat) situ\u00e9e au point kilom\u00e9trique 5 (5 km depuis l'entr\u00e9e pont de S\u00e8vres)<\/li>\n<li>sur l'A 86 provenance Cr\u00e9teil \/ Orly, la bifurcation vers la RN 118 direction Boulogne \/ Paris situ\u00e9e juste apr\u00e8s la sortie 30 (Clamart). Une fois en direction de la RN 118, la sortie 3 mentionn\u00e9e pr\u00e9c\u00e9demment vous permet de sortir immediatement.<\/li>\n<li>sur la RN 12 provenance Dreux \/ St Quentin-en-Yvelines, la sortie 1 (V\u00e9lizy). Rester alors sur la voie de gauche (V\u00e9lizy-Zone d'Emplois) puis prendre tout de suite \u00e0 droite une fois l'A 86 franchie<\/li>\n<li>sur l'A 86 provenance Rueil (Duplex \u00e0 p\u00e9age), direction RN 12 (Dreux) puis sortie V\u00e9lizy. Vous rejoignez alors la sortie 1 mentionn\u00e9e pr\u00e9c\u00e9demment.<\/li>\n<\/ul>\n<p><img loading=\"lazy\" decoding=\"async\" class=\"alignnone size-full wp-image-3972\" src=\"http:\/\/www.horizonemployeur.fr\/wordpress\/wp-content\/uploads\/2018\/02\/Carte-Environs-de-Paris-sur-base-ScanExpress1000-IGN-2018.png\" alt=\"\" width=\"821\" height=\"697\" style=\"display: block; margin-left: auto; margin-right: auto;\" srcset=\"https:\/\/www.horizonemployeur.fr\/wp2019\/wp-content\/uploads\/2018\/02\/Carte-Environs-de-Paris-sur-base-ScanExpress1000-IGN-2018.png 821w, https:\/\/www.horizonemployeur.fr\/wp2019\/wp-content\/uploads\/2018\/02\/Carte-Environs-de-Paris-sur-base-ScanExpress1000-IGN-2018-300x255.png 300w, https:\/\/www.horizonemployeur.fr\/wp2019\/wp-content\/uploads\/2018\/02\/Carte-Environs-de-Paris-sur-base-ScanExpress1000-IGN-2018-768x652.png 768w\" sizes=\"(max-width: 821px) 100vw, 821px\" \/><br \/> (cartographie de base IGN ScanExpress1000 \u00e9dition 2018:\u00a0<a href=\"http:\/\/professionnels.ign.fr\/scanexpress\" target=\"_blank\" rel=\"noopener noreferrer\">professionnels.ign.fr\/scanexpress<\/a>)<\/p>\n<p><img loading=\"lazy\" decoding=\"async\" class=\"alignnone size-full wp-image-3971\" src=\"http:\/\/www.horizonemployeur.fr\/wordpress\/wp-content\/uploads\/2018\/02\/Carte-Sud-ouest-de-Paris-sur-base-ScanExpress250-IGN-2018.png\" alt=\"\" width=\"1127\" height=\"878\" style=\"display: block; margin-left: auto; margin-right: auto;\" srcset=\"https:\/\/www.horizonemployeur.fr\/wp2019\/wp-content\/uploads\/2018\/02\/Carte-Sud-ouest-de-Paris-sur-base-ScanExpress250-IGN-2018.png 1127w, https:\/\/www.horizonemployeur.fr\/wp2019\/wp-content\/uploads\/2018\/02\/Carte-Sud-ouest-de-Paris-sur-base-ScanExpress250-IGN-2018-300x234.png 300w, https:\/\/www.horizonemployeur.fr\/wp2019\/wp-content\/uploads\/2018\/02\/Carte-Sud-ouest-de-Paris-sur-base-ScanExpress250-IGN-2018-768x598.png 768w, https:\/\/www.horizonemployeur.fr\/wp2019\/wp-content\/uploads\/2018\/02\/Carte-Sud-ouest-de-Paris-sur-base-ScanExpress250-IGN-2018-1024x798.png 1024w, https:\/\/www.horizonemployeur.fr\/wp2019\/wp-content\/uploads\/2018\/02\/Carte-Sud-ouest-de-Paris-sur-base-ScanExpress250-IGN-2018-1080x841.png 1080w\" sizes=\"(max-width: 1127px) 100vw, 1127px\" \/><br \/> (cartographie de base IGN ScanExpress250 \u00e9dition 2018:\u00a0<a href=\"http:\/\/professionnels.ign.fr\/scanexpress\" target=\"_blank\" rel=\"noopener noreferrer\">professionnels.ign.fr\/scanexpress<\/a>)<\/p>\n<\/div><\/div><div class=\"et_pb_text_5 et_pb_text et_pb_bg_layout_light et_pb_module et_block_module\"><div class=\"et_pb_text_inner\"><h1>En r\u00e9sum\u00e9, comment rejoindre Inovel Parc ?<\/h1>\n<\/div><\/div><div class=\"et_pb_text_6 et_pb_text et_pb_bg_layout_light et_pb_module et_block_module\"><div class=\"et_pb_text_inner\"><p>Quelques itin\u00e9raires classiques (\u00e0 confirmer en fonction du trafic en temps r\u00e9el, voir sites d'information ci-dessous)<\/p>\n<p>&nbsp;<\/p>\n<table>\n<tbody>\n<tr>\n<td style=\"text-align: center;\"><strong>Si vous venez de<\/strong><\/td>\n<td style=\"text-align: center;\"><strong>empruntez les axes suivants<\/strong><\/td>\n<td style=\"text-align: center;\"><strong>et sortez<\/strong><\/td>\n<\/tr>\n<tr>\n<td><strong>La D\u00e9fense<\/strong> (<em>Roissy-CDG<\/em>)<\/td>\n<td>RD 7 direction Suresnes jusqu'\u00e0 S\u00e8vres, puis RN 118<\/td>\n<td>\n<ul>\n<li>pour Inovel Parc Nord et Est: la sortie 3<\/li>\n<li>pour Inovel Parc Sud et Burospace: la sortie 4.1<\/li>\n<\/ul>\n<\/td>\n<\/tr>\n<tr>\n<td><strong>Paris-Centre<br \/> <\/strong><strong>Bd p\u00e9riph\u00e9rique nord<\/strong> (<em>Roissy-CDG<\/em>)<\/td>\n<td>rejoindre la Porte de St-Cloud, RD 910 pour traverser Boulogne, puis RN 118<\/td>\n<td>\n<ul>\n<li>pour Inovel Parc Nord et Est: la sortie 3<\/li>\n<li>pour Inovel Parc Sud et Burospace: la sortie 4.1<\/li>\n<\/ul>\n<\/td>\n<\/tr>\n<tr>\n<td><strong>Paris-Sud<br \/> <\/strong><strong>Bd p\u00e9riph\u00e9rique sud<\/strong><\/td>\n<td>rejoindre le quai d'Issy (rive gauche de la Seine, \u00e0 l'endroit o\u00f9 la Seine quitte Paris), RD 7 pour traverser Issy les Moulineaux, Meudon et S\u00e8vres, puis RN 118<\/td>\n<td>\n<ul>\n<li>pour Inovel Parc Nord et Est: la sortie 3<\/li>\n<li>pour Inovel Parc Sud et Burospace: la sortie 4.1<\/li>\n<\/ul>\n<\/td>\n<\/tr>\n<tr>\n<td><strong>Cr\u00e9teil<br \/> <\/strong><strong>Orly<br \/> <\/strong><strong>Antony<\/strong><\/td>\n<td>RN 186 \/ A 86 direction Versailles<\/td>\n<td>\n<ul>\n<li>pour Inovel Parc Nord et Est: apr\u00e8s la sortie 30, bifurcation vers la RN 118 direction Boulogne \/ Paris, puis sortie 3 imm\u00e9diatement<\/li>\n<li>pour Inovel Parc Sud et Burospace: sortie 30, traverser le rond-point du Petit Clamart direction Versailles (en face), suivre ensuite la direction Z.A. Villacoublay pour rejoindre la RN 118 direction province. L'emprunter sur quelques centaines de m\u00e8tres et la quitter \u00e0 la sortie 4.1<\/li>\n<\/ul>\n<\/td>\n<\/tr>\n<tr>\n<td><strong>A 10<br \/> <\/strong><strong>Saclay<br \/> <\/strong><strong>Massy (par RD 444)<br \/> <\/strong><strong>Bi\u00e8vres<\/strong><\/td>\n<td>RN 118 direction Boulogne - Paris<\/td>\n<td>\n<ul>\n<li>pour Inovel Parc Nord et Est:\u00a0jusqu'\u00e0 la sortie 3<\/li>\n<li>pour Inovel Parc Sud et Burospace: apr\u00e8s la sortie 5, rester sur la voie de droite en direction de Versailles - V\u00e9lizy (autres secteurs). Suivre cette m\u00eame direction en prenant la sortie \u00e0 droite. Vous arrivez sur une voie lat\u00e9rale de l'A 86. La quitter presque tout de suite en suivant la direction Z.A. Villacoublay et\u00a0rejoindre la RN 118 direction province. L'emprunter sur quelques centaines de m\u00e8tres et la quitter \u00e0 la sortie 4.1<\/li>\n<\/ul>\n<\/td>\n<\/tr>\n<tr>\n<td><strong>St Quentin en Yvelines<br \/> Versailles<\/strong><\/td>\n<td>RN 12 direction Cr\u00e9teil<\/td>\n<td>\n<p>sortie 1 puis<\/p>\n<ul>\n<li>pour Inovel Parc Nord et Est: direction V\u00e9lizy-Zone d'Emplois (franchir l'autoroute A 86 puis prendre tout de suite \u00e0 droite) puis direction Inovel Parc Nord<\/li>\n<li>pour Inovel Parc Sud et Burospace: direction Z.A. Louis Breguet puis direction Inovel Parc Sud<\/li>\n<\/ul>\n<\/td>\n<\/tr>\n<\/tbody>\n<\/table>\n<p>&nbsp;<\/p>\n<\/div><\/div><div class=\"et_pb_text_7 et_pb_text et_pb_bg_layout_light et_pb_module et_block_module\"><div class=\"et_pb_text_inner\"><h1>Comment vous renseigner ?<\/h1>\n<\/div><\/div><div class=\"et_pb_text_8 et_pb_text et_pb_bg_layout_light et_pb_module et_block_module\"><div class=\"et_pb_text_inner\"><p>Vous pouvez vous renseigner via les sites suivants:<\/p>\n<ul>\n<li>cartographie: les sites\u00a0<a title=\"www.mappy.fr\" href=\"http:\/\/www.mappy.fr\">www.mappy.fr<\/a><a target=\"_blank\" rel=\"noopener noreferrer\">,\u00a0<\/a><a title=\"www.viamichelin.fr\" href=\"http:\/\/www.viamichelin.fr\">www.viamichelin.fr<\/a><a target=\"_blank\" rel=\"noopener noreferrer\">,\u00a0<\/a><a href=\"http:\/\/maps.google.fr\/\" target=\"_blank\" rel=\"noopener noreferrer\">maps.google.fr<\/a>,\u00a0<a href=\"http:\/\/www.openstreetmap.org\/\" target=\"_blank\" rel=\"noopener noreferrer\">www.openstreetmap.org,\u00a0<\/a>les applications Mappy, ViaMichelin, Maps, ...<\/li>\n<li>informations trafic:\u00a0<a title=\"www.mappy.fr\" href=\"http:\/\/www.mappy.fr\">www.mappy.fr<\/a><a target=\"_blank\" rel=\"noopener noreferrer\">,\u00a0<\/a><a title=\"www.viamichelin.fr\" href=\"http:\/\/www.viamichelin.fr\">www.viamichelin.fr<\/a><a target=\"_blank\" rel=\"noopener noreferrer\">,\u00a0<\/a><a href=\"http:\/\/maps.google.fr\/\" target=\"_blank\" rel=\"noopener noreferrer\">maps.google.fr<\/a>\u00a0(en activant l'option Trafic), <a href=\"http:\/\/www.waze.fr\" target=\"_blank\" rel=\"noopener noreferrer\">www.waze.fr<\/a> mais aussi\u00a0<a href=\"http:\/\/www.sytadin.fr\/\" target=\"_blank\" rel=\"noopener noreferrer\">www.sytadin.fr<\/a>\u00a0(site de la Direction des Routes Ile de France, incluant les informations relatives aux fermetures nocturnes),\u00a0les applications Mappy, ViaMichelin, Maps, Waze, Sytadin, ... ou le service\u00a0<a href=\"http:\/\/www.infotrafic.com\/route.php?region=IDF\">www.infotrafic.com<\/a><\/li>\n<\/ul>\n<p>Sur les grands axes routiers et autoroutiers nationaux de la r\u00e9gion, ainsi que sur quelques axes majeurs du d\u00e9partement des Hauts-de-Seine, des panneaux \u00e0 messages variables vous donnent les temps de parcours jusqu'aux prochains principaux \u00e9changeurs. Ce sont respectivement les syst\u00e8mes SIRIUS et SITER.<\/p>\n<\/div><\/div><\/div><\/div><\/div>","protected":false},"excerpt":{"rendered":"","protected":false},"author":1,"featured_media":0,"parent":0,"menu_order":3,"comment_status":"open","ping_status":"closed","template":"","meta":{"_acf_changed":false,"inline_featured_image":false,"footnotes":""},"dipi_cpt_category":[],"class_list":["post-179","page","type-page","status-publish","hentry"],"acf":[],"dsm_author":{"name":"Association Horizon Employeur","avatar_url":"https:\/\/www.horizonemployeur.fr\/wp2019\/wp-content\/plugins\/ultimate-member\/assets\/img\/default_avatar.jpg","archive_link":"https:\/\/www.horizonemployeur.fr\/wp2019\/author\/horizonemployeur\/","biodata":""},"dsm_categories":[],"dsm_attachment_categories":[],"dsm_featured_image":null,"_links":{"self":[{"href":"https:\/\/www.horizonemployeur.fr\/wp2019\/wp-json\/wp\/v2\/pages\/179","targetHints":{"allow":["GET"]}}],"collection":[{"href":"https:\/\/www.horizonemployeur.fr\/wp2019\/wp-json\/wp\/v2\/pages"}],"about":[{"href":"https:\/\/www.horizonemployeur.fr\/wp2019\/wp-json\/wp\/v2\/types\/page"}],"author":[{"embeddable":true,"href":"https:\/\/www.horizonemployeur.fr\/wp2019\/wp-json\/wp\/v2\/users\/1"}],"replies":[{"embeddable":true,"href":"https:\/\/www.horizonemployeur.fr\/wp2019\/wp-json\/wp\/v2\/comments?post=179"}],"version-history":[{"count":1,"href":"https:\/\/www.horizonemployeur.fr\/wp2019\/wp-json\/wp\/v2\/pages\/179\/revisions"}],"predecessor-version":[{"id":20955,"href":"https:\/\/www.horizonemployeur.fr\/wp2019\/wp-json\/wp\/v2\/pages\/179\/revisions\/20955"}],"wp:attachment":[{"href":"https:\/\/www.horizonemployeur.fr\/wp2019\/wp-json\/wp\/v2\/media?parent=179"}],"wp:term":[{"taxonomy":"dipi_cpt_category","embeddable":true,"href":"https:\/\/www.horizonemployeur.fr\/wp2019\/wp-json\/wp\/v2\/dipi_cpt_category?post=179"}],"curies":[{"name":"wp","href":"https:\/\/api.w.org\/{rel}","templated":true}]}}