{"id":654,"date":"2015-07-20T12:39:32","date_gmt":"2015-07-20T10:39:32","guid":{"rendered":"https:\/\/horizonmobi.wordpress.com\/?page_id=654"},"modified":"2018-04-23T16:08:04","modified_gmt":"2018-04-23T14:08:04","slug":"a-pied-ou-a-velo-en-foret","status":"publish","type":"page","link":"https:\/\/www.horizonemployeur.fr\/wordpress\/accueil\/sedeplacer\/circulations-douces\/a-pied-ou-a-velo-en-foret\/","title":{"rendered":"Circuler \u00e0 pied ou \u00e0 v\u00e9lo en for\u00eat"},"content":{"rendered":"<p>Le site de l&rsquo;Office National des For\u00eats&nbsp;(<a href=\"http:\/\/www.onf.fr\" target=\"_blank\" rel=\"noopener\">www.onf.fr<\/a>) dispose d&rsquo;une section d\u00e9di\u00e9e \u00e0 la for\u00eat de Meudon. On y trouve entre autres ressources \u00e0 explorer quelques r\u00e8gles \u00e0 respecter pour circuler en for\u00eat que ce soit \u00e0 pied ou \u00e0 v\u00e9lo:&nbsp;<a href=\"http:\/\/www.onf.fr\/enforet\/meudon\/explorer\/recommandations\/@@index.html\" target=\"_blank\" rel=\"noopener\">www.onf.fr\/enforet\/meudon\/explorer\/recommandations\/@@index.html<\/a><\/p>\n<p>Ces recommandations sont valables dans toutes les for\u00eats domaniales, donc \u00e9galement en for\u00eats de Verri\u00e8res, de Versailles ou de Fausses Reposes.<\/p>\n<table>\n<tbody>\n<tr>\n<td><span style=\"color: #339966;\"><em><strong>Pi\u00e9tons<\/strong><\/em><\/span><span style=\"color: #339966;\"><em>Un pi\u00e9tinement r\u00e9p\u00e9t\u00e9 compacte les sols, d\u00e9truit la v\u00e9g\u00e9tation et emp\u00eache la repousse de la for\u00eat. C&rsquo;est particuli\u00e8rement le cas sur les pentes sablonneuses de la for\u00eat de Meudon, et \u00e0 proximit\u00e9 des aires d&rsquo;accueil.<\/em><\/span><\/p>\n<p><span style=\"color: #339966;\"><em>Evitez donc de quitter les sentiers : les 130 km de chemins trac\u00e9s vous permettent largement d&rsquo;arpenter la for\u00eat.&nbsp;<\/em><\/span><\/p>\n<p><span style=\"color: #339966;\"><em><strong>V\u00e9los et VTT<\/strong><\/em><\/span><\/p>\n<p><span style=\"color: #339966;\"><em>En for\u00eat publique, la priorit\u00e9 est toujours accord\u00e9e aux pi\u00e9tons. Cyclistes et VTTistes, vous \u00eates bienvenus sur les chemins de plus de 2,50 m de large qui donnent la possibilit\u00e9 de se croiser sans trop de danger. La circulation dans les sous-bois est en revanche strictement interdite.<\/em><\/span><\/p>\n<p><span style=\"color: #339966;\"><em>A l&rsquo;approche des pi\u00e9tons et dans les endroits \u00e0 faible visibilit\u00e9, notamment dans les pentes, une vitesse r\u00e9duite permet de limiter les risques, accrus en for\u00eat de Meudon par la fr\u00e9quentation tr\u00e8s familiale.<\/em><\/span><\/td>\n<\/tr>\n<\/tbody>\n<\/table>\n<p>Les liens vers les pages du site de l&rsquo;ONF consacr\u00e9es aux for\u00eats voisines, plus ou moins d\u00e9velopp\u00e9es suivant les for\u00eats:<\/p>\n<ul>\n<li>for\u00eat de Meudon:&nbsp;<a href=\"http:\/\/www.onf.fr\/enforet\/meudon\/@@index.html\" target=\"_blank\" rel=\"noopener\">www.onf.fr\/enforet\/meudon\/@@index.html<\/a><\/li>\n<li>for\u00eat de Verri\u00e8res:&nbsp;<a href=\"http:\/\/www.onf.fr\/enforet\/verrieres\/@@index.html\" target=\"_blank\" rel=\"noopener\">www.onf.fr\/enforet\/verrieres\/@@index.html<\/a><\/li>\n<li>for\u00eat de Versailles:&nbsp;<a href=\"http:\/\/www.onf.fr\/enforet\/versailles\/@@index.html\" target=\"_blank\" rel=\"noopener\">www.onf.fr\/enforet\/versailles\/@@index.html<\/a><\/li>\n<li>for\u00eat de Fausses Reposes:&nbsp;<a href=\"http:\/\/www.onf.fr\/enforet\/fausses-reposes\/@@index.html\" target=\"_blank\" rel=\"noopener\">www.onf.fr\/enforet\/fausses-reposes\/@@index.html<\/a><\/li>\n<\/ul>\n<p>&nbsp;<\/p>\n<p>Enfin, pour vous aider \u00e0 vous y retrouver, un&nbsp;<a href=\"http:\/\/www.horizonemployeur.fr\/wordpress\/wp-content\/uploads\/2015\/07\/carte_foret_meudon.pdf\" target=\"_blank\" rel=\"noopener\">plan de la for\u00eat de Meudon<\/a><\/p>\n","protected":false},"excerpt":{"rendered":"<p>Le site de l&rsquo;Office National des For\u00eats&nbsp;(www.onf.fr) dispose d&rsquo;une section d\u00e9di\u00e9e \u00e0 la for\u00eat de Meudon. On y trouve entre autres ressources \u00e0 explorer quelques r\u00e8gles \u00e0 respecter pour circuler en for\u00eat que ce soit \u00e0 pied ou \u00e0 v\u00e9lo:&nbsp;www.onf.fr\/enforet\/meudon\/explorer\/recommandations\/@@index.html Ces recommandations sont valables dans toutes les for\u00eats domaniales, donc \u00e9galement en for\u00eats de Verri\u00e8res, [&hellip;]<\/p>\n","protected":false},"author":1,"featured_media":1798,"parent":33,"menu_order":0,"comment_status":"open","ping_status":"open","template":"","meta":{"ngg_post_thumbnail":0,"jetpack_post_was_ever_published":false},"jetpack_sharing_enabled":true,"jetpack_shortlink":"https:\/\/wp.me\/P7AoJR-ay","jetpack-related-posts":[{"id":33,"url":"https:\/\/www.horizonemployeur.fr\/wordpress\/accueil\/sedeplacer\/circulations-douces\/","url_meta":{"origin":654,"position":0},"title":"Les Circulations Douces","date":"27 f\u00e9vrier 2014","format":false,"excerpt":"Les circulations douces (ou circulations actives) sont les modes de transport dans lesquels seule (ou pratiquement seule) l'\u00e9nergie du voyageur est mis en oeuvre. \u00a0 La marche \u00e0 pied Pour qui habite V\u00e9lizy ou Meudon-la-For\u00eat, voire quelques autres communes environnantes, la marche \u00e0 pied peut \u00eatre, surtout par beau temps,\u2026","rel":"","context":"Article similaire","img":{"alt_text":"","src":"https:\/\/i0.wp.com\/www.horizonemployeur.fr\/wordpress\/wp-content\/uploads\/2016\/03\/20141121_175251_1200x600d.jpg?fit=1200%2C600&ssl=1&resize=350%2C200","width":350,"height":200},"classes":[]},{"id":650,"url":"https:\/\/www.horizonemployeur.fr\/wordpress\/accueil\/sedeplacer\/circulations-douces\/itineraires-pietons-velos\/","url_meta":{"origin":654,"position":1},"title":"Itin\u00e9raires pi\u00e9tons et v\u00e9los","date":"19 juillet 2015","format":false,"excerpt":"Cette page est un h\u00e9ritage de la Commission Transports d'Alcatel-Lucent V\u00e9lizy, avant que cet \u00e9tablissement ne soit transf\u00e9r\u00e9 sur Villarceaux (Essonne). Les informations sont reprises ici avec leur accord. Un certain nombre d'itin\u00e9raires avaient \u00e9t\u00e9 cartographi\u00e9s par diff\u00e9rentes personnes et r\u00e9pertori\u00e9s dans cette rubrique (site original: bosseravelizy.blogspot.fr\/). Attention, ces itin\u00e9raires\u2026","rel":"","context":"Article similaire","img":{"alt_text":"","src":"https:\/\/i0.wp.com\/www.horizonemployeur.fr\/wordpress\/wp-content\/uploads\/2016\/03\/p1180112_600-1.jpg?fit=600%2C450&ssl=1&resize=350%2C200","width":350,"height":200},"classes":[]},{"id":1731,"url":"https:\/\/www.horizonemployeur.fr\/wordpress\/inovel-parc\/","url_meta":{"origin":654,"position":2},"title":"Inovel Parc","date":"1 janvier 2017","format":false,"excerpt":"Inovel Parc, c'est l'ensemble des parcs d'activit\u00e9s de V\u00e9lizy-Villacoublay et de Meudon-la-For\u00eat. Inovel Parc, ce sont plus de 40 000 salari\u00e9s et plus de 50 000 clients qui tous les jours se rendent dans les centres commerciaux: V\u00e9lizy 2, L'Usine Mode et Maison (ex Usines Center) et La Maison Villacoublay\u2026","rel":"","context":"Article similaire","img":{"alt_text":"","src":"https:\/\/i0.wp.com\/www.horizonemployeur.fr\/wordpress\/wp-content\/uploads\/2014\/02\/logo-rvb1.jpg?resize=350%2C200","width":350,"height":200},"classes":[]},{"id":30,"url":"https:\/\/www.horizonemployeur.fr\/wordpress\/accueil\/inovelparc\/parc-inovelparc\/","url_meta":{"origin":654,"position":3},"title":"Le parc d&rsquo;activit\u00e9s \u00ab\u00a0Inovel Parc\u00a0\u00bb","date":"27 f\u00e9vrier 2014","format":false,"excerpt":"INOVEL PARC INOVEL PARC, c'est l'ensemble des parcs d'activit\u00e9s de V\u00e9lizy-Villacoublay et de Meudon-la-For\u00eat. INOVEL PARC, ce sont plus de 40 000 salari\u00e9s et plus de 50 000 clients qui tous les jours se rendent dans les centres commerciaux: V\u00e9lizy 2, L'Usine Mode et Maison (ex Usines Center) et La\u2026","rel":"","context":"Avec 2 commentaires","img":{"alt_text":"","src":"https:\/\/i0.wp.com\/www.horizonemployeur.fr\/wordpress\/wp-content\/uploads\/2016\/04\/vignette-inovel-parc-600x430-1.png?fit=600%2C430&ssl=1&resize=350%2C200","width":350,"height":200},"classes":[]},{"id":3613,"url":"https:\/\/www.horizonemployeur.fr\/wordpress\/autolib\/","url_meta":{"origin":654,"position":4},"title":"Le dispositif d&rsquo;autopartage Autolib&rsquo;","date":"17 novembre 2017","format":false,"excerpt":"31 JUILLET 2018: le service Autolib' est ferm\u00e9. Que ce soit sur V\u00e9lizy ou sur Meudon, les places de stationnement d\u00e9di\u00e9es \u00e0 Autolib' sont d\u00e9sormais accessibles aux seuls v\u00e9hicules \u00e9lectriques. A V\u00e9lizy, la dur\u00e9e de stationnement est limit\u00e9e \u00e0 2 heures. Autolib' est devenu en quelques ann\u00e9es le syst\u00e8me d'autopartage\u2026","rel":"","context":"Article similaire","img":{"alt_text":"","src":"https:\/\/i0.wp.com\/www.horizonemployeur.fr\/wordpress\/wp-content\/uploads\/2016\/03\/p1070085_1200x600d.jpg?resize=350%2C200","width":350,"height":200},"classes":[]},{"id":2996,"url":"https:\/\/www.horizonemployeur.fr\/wordpress\/contribution-velo-10-2016\/","url_meta":{"origin":654,"position":5},"title":"Contribution sur le plan v\u00e9lo r\u00e9gional (octobre 2016)","date":"20 octobre 2016","format":false,"excerpt":"\"Participez au Plan v\u00e9lo de l'\u00cele-de-France Le d\u00e9veloppement de l\u2019usage du v\u00e9lo en \u00cele-de-France repr\u00e9sente un enjeu majeur pour les Franciliens en termes de d\u00e9placements quotidiens, de sant\u00e9 publique, de qualit\u00e9 de l\u2019air, de r\u00e9duction des nuisances sonores, de d\u00e9veloppement \u00e9conomique, de tourisme, de sport et de loisirs.\u00a0 Une conf\u00e9rence\u2026","rel":"","context":"Article similaire","img":{"alt_text":"","src":"","width":0,"height":0},"classes":[]}],"_links":{"self":[{"href":"https:\/\/www.horizonemployeur.fr\/wordpress\/wp-json\/wp\/v2\/pages\/654"}],"collection":[{"href":"https:\/\/www.horizonemployeur.fr\/wordpress\/wp-json\/wp\/v2\/pages"}],"about":[{"href":"https:\/\/www.horizonemployeur.fr\/wordpress\/wp-json\/wp\/v2\/types\/page"}],"author":[{"embeddable":true,"href":"https:\/\/www.horizonemployeur.fr\/wordpress\/wp-json\/wp\/v2\/users\/1"}],"replies":[{"embeddable":true,"href":"https:\/\/www.horizonemployeur.fr\/wordpress\/wp-json\/wp\/v2\/comments?post=654"}],"version-history":[{"count":4,"href":"https:\/\/www.horizonemployeur.fr\/wordpress\/wp-json\/wp\/v2\/pages\/654\/revisions"}],"predecessor-version":[{"id":4530,"href":"https:\/\/www.horizonemployeur.fr\/wordpress\/wp-json\/wp\/v2\/pages\/654\/revisions\/4530"}],"up":[{"embeddable":true,"href":"https:\/\/www.horizonemployeur.fr\/wordpress\/wp-json\/wp\/v2\/pages\/33"}],"wp:featuredmedia":[{"embeddable":true,"href":"https:\/\/www.horizonemployeur.fr\/wordpress\/wp-json\/wp\/v2\/media\/1798"}],"wp:attachment":[{"href":"https:\/\/www.horizonemployeur.fr\/wordpress\/wp-json\/wp\/v2\/media?parent=654"}],"curies":[{"name":"wp","href":"https:\/\/api.w.org\/{rel}","templated":true}]}}