{"id":59,"date":"2014-02-28T11:26:19","date_gmt":"2014-02-28T10:26:19","guid":{"rendered":"http:\/\/horizonmobi.wordpress.com\/?page_id=59"},"modified":"2017-11-03T14:32:36","modified_gmt":"2017-11-03T13:32:36","slug":"bus-versailles-sqy","status":"publish","type":"page","link":"https:\/\/www.horizonemployeur.fr\/wordpress\/accueil\/sedeplacer\/transports-en-commun\/bus-versailles-sqy\/","title":{"rendered":"Les bus c\u00f4t\u00e9 Versailles et St Quentin-en-Yvelines"},"content":{"rendered":"<p>Plusieurs lignes permettent de rejoindre Versailles et St-Quentin-en-Yvelines depuis V\u00e9lizy<\/p>\n<ul>\n<li>En gare de Versailles-Chantiers uniquement:\n<ul>\n<li>Ph\u00e9bus <strong>24<\/strong>&nbsp;(Versailles-Chantiers \u2013 V\u00e9lizy 2 Gare routi\u00e8re \u2013 Centre Commercial V\u00e9lizy 2)&nbsp;<span style=\"color: #993300;\">-&gt; desserte d\u2019INOVEL PARC Nord<\/span><\/li>\n<li>Ph\u00e9bus <strong>22<\/strong>&nbsp;(Versailles-Chantiers \u2013 Base A\u00e9rienne 107 \u2013 Burospace)&nbsp;-&gt; desserte d\u2019INOVEL PARC Sud<\/li>\n<\/ul>\n<\/li>\n<li>Toujours en gare de Versailles-Chantiers, 1&nbsp;ligne ne dessert la gare <span style=\"text-decoration: underline;\">que dans le sens V\u00e9lizy &gt; Versailles<\/span> et pas dans l\u2019autre sens:\n<ul>\n<li>SAVAC <strong>307<\/strong> (St Quentin-en-Yvelines-Gare de Montigny \u2013 Centre Commercial V\u00e9lizy 2 \u2013 V\u00e9lizy 2 Gare routi\u00e8re) <span style=\"color: #993300;\">\u2013&gt; desserte d\u2019INOVEL PARC Nord<\/span><br \/>\nVersailles-Chantiers n\u2019est desservie&nbsp;qu\u2019en direction de St-Quentin<\/li>\n<\/ul>\n<\/li>\n<li>En gare routi\u00e8re Versailles-Europe:\n<ul>\n<li>Ph\u00e9bus <strong>23<\/strong>&nbsp;(ex LCV, Versailles-Europe \u2013 Centre Commercial V\u00e9lizy 2) <span style=\"color: #993300;\">\u2013&gt; desserte d\u2019INOVEL PARC Nord<\/span><\/li>\n<\/ul>\n<\/li>\n<li>En gare de St-Quentin-en-Yvelines-Montigny-le-Bretonneux:\n<ul>\n<li>SAVAC&nbsp;<strong>307<\/strong>&nbsp;(St Quentin-en-Yvelines-Gare de Montigny \u2013 Centre Commercial V\u00e9lizy 2)&nbsp;<span style=\"color: #993300;\">\u2013&gt; desserte d\u2019INOVEL PARC Nord<\/span><br \/>\n<em>Sur l\u2019axe Elancourt \u2013 St-Quentin-en-Yvelines-Gare de Montigny \u2013 V\u00e9lizy, vous pouvez \u00e9galement utiliser la ligne SQYbus <strong>475<\/strong> puis faire une correspondance avec le tramway <strong>T6<\/strong> \u00e0 Clamart-Pav\u00e9 Blanc. La distance parcourue est plus longue, mais l\u2019utilisation de la RN 12 puis de l\u2019A 86 par la ligne 475 peut rendre le temps de parcours int\u00e9ressant \u00e0 certaines heures.<\/em><\/li>\n<\/ul>\n<\/li>\n<\/ul>\n","protected":false},"excerpt":{"rendered":"<p>Plusieurs lignes permettent de rejoindre Versailles et St-Quentin-en-Yvelines depuis V\u00e9lizy En gare de Versailles-Chantiers uniquement: Ph\u00e9bus 24&nbsp;(Versailles-Chantiers \u2013 V\u00e9lizy 2 Gare routi\u00e8re \u2013 Centre Commercial V\u00e9lizy 2)&nbsp;-&gt; desserte d\u2019INOVEL PARC Nord Ph\u00e9bus 22&nbsp;(Versailles-Chantiers \u2013 Base A\u00e9rienne 107 \u2013 Burospace)&nbsp;-&gt; desserte d\u2019INOVEL PARC Sud Toujours en gare de Versailles-Chantiers, 1&nbsp;ligne ne dessert la gare que dans [&hellip;]<\/p>\n","protected":false},"author":1,"featured_media":1819,"parent":38,"menu_order":4,"comment_status":"open","ping_status":"open","template":"page-templates\/no-sidebar.php","meta":{"ngg_post_thumbnail":0,"jetpack_post_was_ever_published":false},"jetpack_sharing_enabled":true,"jetpack_shortlink":"https:\/\/wp.me\/P7AoJR-X","jetpack-related-posts":[{"id":53,"url":"https:\/\/www.horizonemployeur.fr\/wordpress\/accueil\/sedeplacer\/transports-en-commun\/bus-paris\/","url_meta":{"origin":59,"position":0},"title":"Les bus c\u00f4t\u00e9 Paris","date":"28 f\u00e9vrier 2014","format":false,"excerpt":"Outre la desserte des communes proches de Paris, ces lignes assurent la correspondance avec: RER \u00a0branches C5 (Versailles-Ch\u00e2teau-Rive Gauche) et C7 (St-Quentin-en-Yvelines) en gare de Meudon-Val Fleury: RATP 289 (Porte de St-Cloud \u00a0- Clamart-Georges Pompidou) - passage \u00e0 proximit\u00e9 d'INOVEL PARC Est RATP\u00a0389\u00a0(H\u00f4tel de Ville de Boulogne-Billancourt - Clamart-Georges Pompidou)\u2026","rel":"","context":"Article similaire","img":{"alt_text":"","src":"https:\/\/i0.wp.com\/www.horizonemployeur.fr\/wordpress\/wp-content\/uploads\/2016\/03\/p1150550_1200x900-1.jpg?fit=1200%2C900&ssl=1&resize=350%2C200","width":350,"height":200},"classes":[]},{"id":51,"url":"https:\/\/www.horizonemployeur.fr\/wordpress\/accueil\/sedeplacer\/transports-en-commun\/bus-chaville\/","url_meta":{"origin":59,"position":1},"title":"Les bus c\u00f4t\u00e9 Chaville","date":"28 f\u00e9vrier 2014","format":false,"excerpt":"En dehors d\u2019assurer la desserte des communes de Viroflay (quartier est) et Chaville, ces lignes donnent correspondance avec: en gare de Chaville-V\u00e9lizy: RER branches C5 (Versailles-Ch\u00e2teau-Rive Gauche) et C7 (St Quentin-en-Yvelines) en gare de Chaville-Rive Gauche: Transilien (Paris-Montparnasse - Versailles-Chantiers - Rambouillet \/ Dreux \/ Mantes) en gare de Chaville-Rive\u2026","rel":"","context":"Avec 2 commentaires","img":{"alt_text":"","src":"https:\/\/i0.wp.com\/www.horizonemployeur.fr\/wordpress\/wp-content\/uploads\/2016\/04\/p1100542-600x430.jpg?fit=600%2C430&ssl=1&resize=350%2C200","width":350,"height":200},"classes":[]},{"id":2461,"url":"https:\/\/www.horizonemployeur.fr\/wordpress\/28-05-2016\/restructuration-bus-phase-2\/versailles\/","url_meta":{"origin":59,"position":2},"title":"La restructuration bus sur l&rsquo;axe Versailles","date":"28 avril 2016","format":false,"excerpt":"Depuis d\u00e9cembre 2014, l'offre sur l'axe Versailles est compos\u00e9e de 4 lignes: la ligne 20, Versailles-Rive-Gauche - V\u00e9lizy 2, qui dessert la gare des Chantiers et rejoint V\u00e9lizy par le pont Colbert et l'A 86 la ligne 22, Versailles-Chantiers - Burospace, passe \u00e9galement par le pont Colbert et l'A 86,\u2026","rel":"","context":"Article similaire","img":{"alt_text":"","src":"","width":0,"height":0},"classes":[]},{"id":2599,"url":"https:\/\/www.horizonemployeur.fr\/wordpress\/28-05-2016\/documentation\/","url_meta":{"origin":59,"position":3},"title":"Se renseigner","date":"4 mai 2016","format":false,"excerpt":"Avec le d\u00e9veloppement des affichages dans les gares routi\u00e8res et aux arr\u00eats, d'Internet, des sites, des applications, les canaux d'information \u00e0 votre disposition se sont multipli\u00e9s. Que peuvent-ils vous apporter ? en quoi peuvent-ils vous aider ? Qui fait quoi ? Face \u00e0 une mutiplicit\u00e9 de noms et d'abr\u00e9viations, il\u2026","rel":"","context":"Article similaire","img":{"alt_text":"","src":"","width":0,"height":0},"classes":[]},{"id":2477,"url":"https:\/\/www.horizonemployeur.fr\/wordpress\/28-05-2016\/t6-viroflay\/viroflay-rive-gauche\/","url_meta":{"origin":59,"position":4},"title":"Viroflay-Rive Gauche","date":"28 avril 2016","format":false,"excerpt":"Viroflay-Rive Droite est la 20e et avant-derni\u00e8re station de la ligne T6. Elle se situe dans le tunnel de Viroflay emprunt\u00e9 par le tramway \u00e0 partir de la c\u00f4te de Chaville et\u00a0donc\u00a0sous la place du Mar\u00e9chal Koenig. Elle propose les\u00a0correspondances avec: la ligne RER C Paris - Versailles-Ch\u00e2teau-Rive Gauche \/\u2026","rel":"","context":"Article similaire","img":{"alt_text":"P1130441_800d","src":"https:\/\/i0.wp.com\/www.horizonemployeur.fr\/wordpress\/wp-content\/uploads\/2016\/04\/P1130441_800d-300x150.jpg?resize=350%2C200","width":350,"height":200},"classes":[]},{"id":2482,"url":"https:\/\/www.horizonemployeur.fr\/wordpress\/28-05-2016\/restructuration-bus-phase-2\/ligne-phebus-20\/","url_meta":{"origin":59,"position":5},"title":"La ligne Ph\u00e9bus 20 en d\u00e9tails","date":"28 avril 2016","format":false,"excerpt":"Elle reliait la gare de Versailles-Rive Gauche et V\u00e9lizy 2 en passant par la gare des Chantiers, le pont Colbert et dans V\u00e9lizy, le quartier Mozart-Provinces\u00a0et\u00a0le centre ville (sauf jusqu'\u00e0 9h en direction de V\u00e9lizy 2) et Inovel Parc Nord. Cette ligne ne survit pas \u00e0 la restructuration, son itin\u00e9raire\u2026","rel":"","context":"Article similaire","img":{"alt_text":"","src":"","width":0,"height":0},"classes":[]}],"_links":{"self":[{"href":"https:\/\/www.horizonemployeur.fr\/wordpress\/wp-json\/wp\/v2\/pages\/59"}],"collection":[{"href":"https:\/\/www.horizonemployeur.fr\/wordpress\/wp-json\/wp\/v2\/pages"}],"about":[{"href":"https:\/\/www.horizonemployeur.fr\/wordpress\/wp-json\/wp\/v2\/types\/page"}],"author":[{"embeddable":true,"href":"https:\/\/www.horizonemployeur.fr\/wordpress\/wp-json\/wp\/v2\/users\/1"}],"replies":[{"embeddable":true,"href":"https:\/\/www.horizonemployeur.fr\/wordpress\/wp-json\/wp\/v2\/comments?post=59"}],"version-history":[{"count":2,"href":"https:\/\/www.horizonemployeur.fr\/wordpress\/wp-json\/wp\/v2\/pages\/59\/revisions"}],"predecessor-version":[{"id":3516,"href":"https:\/\/www.horizonemployeur.fr\/wordpress\/wp-json\/wp\/v2\/pages\/59\/revisions\/3516"}],"up":[{"embeddable":true,"href":"https:\/\/www.horizonemployeur.fr\/wordpress\/wp-json\/wp\/v2\/pages\/38"}],"wp:featuredmedia":[{"embeddable":true,"href":"https:\/\/www.horizonemployeur.fr\/wordpress\/wp-json\/wp\/v2\/media\/1819"}],"wp:attachment":[{"href":"https:\/\/www.horizonemployeur.fr\/wordpress\/wp-json\/wp\/v2\/media?parent=59"}],"curies":[{"name":"wp","href":"https:\/\/api.w.org\/{rel}","templated":true}]}}