{"id":53,"date":"2014-02-28T10:21:18","date_gmt":"2014-02-28T09:21:18","guid":{"rendered":"http:\/\/horizonmobi.wordpress.com\/?page_id=53"},"modified":"2017-11-03T14:14:54","modified_gmt":"2017-11-03T13:14:54","slug":"bus-paris","status":"publish","type":"page","link":"https:\/\/www.horizonemployeur.fr\/wordpress\/accueil\/sedeplacer\/transports-en-commun\/bus-paris\/","title":{"rendered":"Les bus c\u00f4t\u00e9 Paris"},"content":{"rendered":"<p>Outre la desserte des communes proches de Paris, ces lignes assurent la correspondance avec:<\/p>\n<ul>\n<li><strong>RER <img data-attachment-id=\"3225\" data-permalink=\"https:\/\/www.horizonemployeur.fr\/wordpress\/2017\/06\/14\/travaux-ete-2017\/picto_c\/\" data-orig-file=\"https:\/\/i0.wp.com\/www.horizonemployeur.fr\/wordpress\/wp-content\/uploads\/2017\/06\/picto_c.png?fit=146%2C146&amp;ssl=1\" data-orig-size=\"146,146\" data-comments-opened=\"1\" data-image-meta=\"{&quot;aperture&quot;:&quot;0&quot;,&quot;credit&quot;:&quot;&quot;,&quot;camera&quot;:&quot;&quot;,&quot;caption&quot;:&quot;&quot;,&quot;created_timestamp&quot;:&quot;0&quot;,&quot;copyright&quot;:&quot;&quot;,&quot;focal_length&quot;:&quot;0&quot;,&quot;iso&quot;:&quot;0&quot;,&quot;shutter_speed&quot;:&quot;0&quot;,&quot;title&quot;:&quot;&quot;,&quot;orientation&quot;:&quot;0&quot;}\" data-image-title=\"picto_c\" data-image-description=\"\" data-image-caption=\"\" data-medium-file=\"https:\/\/i0.wp.com\/www.horizonemployeur.fr\/wordpress\/wp-content\/uploads\/2017\/06\/picto_c.png?fit=146%2C146&amp;ssl=1\" data-large-file=\"https:\/\/i0.wp.com\/www.horizonemployeur.fr\/wordpress\/wp-content\/uploads\/2017\/06\/picto_c.png?fit=146%2C146&amp;ssl=1\" decoding=\"async\" loading=\"lazy\" class=\"alignnone wp-image-3225\" src=\"https:\/\/i0.wp.com\/www.horizonemployeur.fr\/wordpress\/wp-content\/uploads\/2017\/06\/picto_c.png?resize=16%2C16\" alt=\"\" width=\"16\" height=\"16\" srcset=\"https:\/\/i0.wp.com\/www.horizonemployeur.fr\/wordpress\/wp-content\/uploads\/2017\/06\/picto_c.png?w=146&amp;ssl=1 146w, https:\/\/i0.wp.com\/www.horizonemployeur.fr\/wordpress\/wp-content\/uploads\/2017\/06\/picto_c.png?resize=96%2C96&amp;ssl=1 96w\" sizes=\"(max-width: 16px) 100vw, 16px\" data-recalc-dims=\"1\" \/><\/strong>&nbsp;branches C5 (Versailles-Ch\u00e2teau-Rive Gauche) et C7 (St-Quentin-en-Yvelines)\n<ul>\n<li>en gare de Meudon-Val Fleury:\n<ul>\n<li>RATP <strong>289<\/strong> (Porte de St-Cloud &nbsp;&#8211; Clamart-Georges Pompidou) <span style=\"color: #ff0000;\">&#8211; passage \u00e0 proximit\u00e9 d&rsquo;INOVEL PARC Est<\/span><\/li>\n<li>RATP&nbsp;<strong>389<\/strong>&nbsp;(H\u00f4tel de Ville de Boulogne-Billancourt &#8211; Clamart-Georges Pompidou) <span style=\"color: #ff0000;\">&#8211; passage \u00e0 proximit\u00e9 d&rsquo;INOVEL PARC Est<\/span><\/li>\n<\/ul>\n<\/li>\n<\/ul>\n<\/li>\n<li><span style=\"line-height: 1.5em;\"><strong>Transilien <img data-attachment-id=\"3228\" data-permalink=\"https:\/\/www.horizonemployeur.fr\/wordpress\/2017\/06\/14\/travaux-ete-2017\/picto_n\/\" data-orig-file=\"https:\/\/i0.wp.com\/www.horizonemployeur.fr\/wordpress\/wp-content\/uploads\/2017\/06\/picto_n.png?fit=146%2C146&amp;ssl=1\" data-orig-size=\"146,146\" data-comments-opened=\"1\" data-image-meta=\"{&quot;aperture&quot;:&quot;0&quot;,&quot;credit&quot;:&quot;&quot;,&quot;camera&quot;:&quot;&quot;,&quot;caption&quot;:&quot;&quot;,&quot;created_timestamp&quot;:&quot;0&quot;,&quot;copyright&quot;:&quot;&quot;,&quot;focal_length&quot;:&quot;0&quot;,&quot;iso&quot;:&quot;0&quot;,&quot;shutter_speed&quot;:&quot;0&quot;,&quot;title&quot;:&quot;&quot;,&quot;orientation&quot;:&quot;0&quot;}\" data-image-title=\"picto_n\" data-image-description=\"\" data-image-caption=\"\" data-medium-file=\"https:\/\/i0.wp.com\/www.horizonemployeur.fr\/wordpress\/wp-content\/uploads\/2017\/06\/picto_n.png?fit=146%2C146&amp;ssl=1\" data-large-file=\"https:\/\/i0.wp.com\/www.horizonemployeur.fr\/wordpress\/wp-content\/uploads\/2017\/06\/picto_n.png?fit=146%2C146&amp;ssl=1\" decoding=\"async\" loading=\"lazy\" class=\"alignnone wp-image-3228\" src=\"https:\/\/i0.wp.com\/www.horizonemployeur.fr\/wordpress\/wp-content\/uploads\/2017\/06\/picto_n.png?resize=17%2C17\" alt=\"\" width=\"17\" height=\"17\" srcset=\"https:\/\/i0.wp.com\/www.horizonemployeur.fr\/wordpress\/wp-content\/uploads\/2017\/06\/picto_n.png?w=146&amp;ssl=1 146w, https:\/\/i0.wp.com\/www.horizonemployeur.fr\/wordpress\/wp-content\/uploads\/2017\/06\/picto_n.png?resize=96%2C96&amp;ssl=1 96w\" sizes=\"(max-width: 17px) 100vw, 17px\" data-recalc-dims=\"1\" \/><\/strong>&nbsp;(Paris-Montparnasse &#8211; Versailles-Chantiers &#8211; Rambouillet \/ Dreux \/ Mantes)<\/span>\n<ul>\n<li>en gare de S\u00e8vres-Rive Gauche:\n<ul>\n<li><span style=\"line-height: 1.5em;\">RATP&nbsp;<\/span><strong style=\"line-height: 1.5em;\">179<\/strong><span style=\"line-height: 1.5em;\">&nbsp;(Pont de S\u00e8vres &#8211; V\u00e9lizy 2 Gare routi\u00e8re &#8211; Robinson RER B)&nbsp;<span style=\"color: #ff0000;\">&#8211;&gt; desserte INOVEL PARC Nord et Est<\/span><\/span><\/li>\n<\/ul>\n<\/li>\n<li>en gare de Bellevue:\n<ul>\n<li>RATP&nbsp;<strong>389<\/strong>&nbsp;(H\u00f4tel de Ville de Boulogne-Billancourt &#8211; Clamart-Georges Pompidou)<\/li>\n<\/ul>\n<\/li>\n<\/ul>\n<\/li>\n<li><strong>le tramway T2<\/strong>&nbsp;(Pont de Bezons &#8211; La D\u00e9fense &#8211; Issy-Val-de-Seine &#8211; Porte de Versailles)\n<ul>\n<li>\u00e0 la station Mus\u00e9e de S\u00e8vres:\n<ul>\n<li>Ph\u00e9bus&nbsp;<strong>45<\/strong>&nbsp;(Mus\u00e9e de S\u00e8vres &#8211; Mairie de V\u00e9lizy)&nbsp;<span style=\"color: #ff0000;\">&#8211;&gt; desserte INOVEL PARC Nord<\/span><\/li>\n<li>RATP&nbsp;<strong>179<\/strong>&nbsp;(Pont de S\u00e8vres &#8211; Centre Commercial V\u00e9lizy 2 &#8211; Robinson RER B)&nbsp;<span style=\"color: #ff0000;\">&#8211;&gt; desserte INOVEL PARC Nord<\/span><\/li>\n<\/ul>\n<\/li>\n<li>\u00e0 la station Les Moulineaux:\n<ul>\n<li><span style=\"line-height: 1.5em;\">RATP&nbsp;<\/span><strong style=\"line-height: 1.5em;\">289<\/strong><span style=\"line-height: 1.5em;\">&nbsp;(Porte de St-Cloud &nbsp;&#8211; Clamart-Georges Pompidou)<\/span><\/li>\n<li><span style=\"line-height: 1.5em;\">RATP&nbsp;<\/span><strong style=\"line-height: 1.5em;\">389<\/strong><span style=\"line-height: 1.5em;\">&nbsp;(H\u00f4tel de Ville de Boulogne-Billancourt &#8211; Meudon-la-For\u00eat-Centre Administratif)<\/span><\/li>\n<\/ul>\n<\/li>\n<\/ul>\n<\/li>\n<li><span style=\"line-height: 1.5em;\"><strong>le m\u00e9tro&nbsp;M9<\/strong> (Pont de S\u00e8vres &#8211; Mairie de Montreuil<\/span><span style=\"line-height: 1.5em;\">)<\/span>\n<ul>\n<li>\u00e0 la station Pont de S\u00e8vres:\n<ul>\n<li><span style=\"line-height: 1.5em;\">RATP&nbsp;<\/span><strong style=\"line-height: 1.5em;\">291<\/strong><span style=\"line-height: 1.5em;\">&nbsp;(Pont de S\u00e8vres &#8211; V\u00e9lizy-La Chemin\u00e9e)&nbsp;<span style=\"color: #ff0000;\">&#8211;&gt; desserte INOVEL PARC Nord<\/span><\/span><\/li>\n<li><span style=\"line-height: 1.5em;\">Ph\u00e9bus&nbsp;<\/span><strong style=\"line-height: 1.5em;\">40<\/strong><span style=\"line-height: 1.5em;\">&nbsp;(Pont de S\u00e8vres &#8211; V\u00e9lizy-Inovel Parc Nord)&nbsp;<span style=\"color: #ff0000;\">&#8211;&gt; desserte INOVEL PARC Nord<\/span><\/span><\/li>\n<li><span style=\"line-height: 1.5em;\">Ph\u00e9bus&nbsp;<strong>42<\/strong><\/span><span style=\"line-height: 1.5em;\">&nbsp;(Pont de S\u00e8vres &#8211; Base A\u00e9rienne 107 &#8211; Burospace &#8211; Inovel Parc Sud &#8211; L&rsquo;Onde)&nbsp;<span style=\"color: #ff0000;\">&#8211;&gt; desserte INOVEL PARC Sud<\/span><\/span><\/li>\n<li><span style=\"line-height: 1.5em;\">RATP&nbsp;<\/span><strong style=\"line-height: 1.5em;\">179<\/strong><span style=\"line-height: 1.5em;\">&nbsp;(Pont de S\u00e8vres &#8211; V\u00e9lizy 2 Gare routi\u00e8re &#8211; Robinson RER B)&nbsp;<\/span><span style=\"line-height: 1.5em; color: #ff0000;\">&#8211;&gt; desserte INOVEL PARC Nor<\/span><span style=\"line-height: 1.5em; color: #ff0000;\">d<\/span><\/li>\n<\/ul>\n<\/li>\n<li>\u00e0 la station Porte de St-Cloud:\n<ul>\n<li><span style=\"line-height: 1.5em;\">RATP&nbsp;<\/span><strong style=\"line-height: 1.5em;\">289<\/strong><span style=\"line-height: 1.5em;\">&nbsp;(Porte de St-Cloud &nbsp;&#8211; Clamart-Georges Pompidou)<\/span><\/li>\n<\/ul>\n<\/li>\n<\/ul>\n<\/li>\n<\/ul>\n<p>&nbsp;<\/p>\n<table style=\"border-color: #000000; background-color: #ffffff;\">\n<tbody>\n<tr>\n<th style=\"border-color: #000000; background-color: #25303b; text-align: center;\" rowspan=\"2\"><span style=\"color: #ffffff;\">Ligne<\/span><\/th>\n<th style=\"border-color: #000000; background-color: #25303b; text-align: center;\" rowspan=\"2\"><span style=\"color: #ffffff;\">Itin\u00e9raire<\/span><\/th>\n<th style=\"border-color: #000000; background-color: #25303b; text-align: center;\" colspan=\"3\"><span style=\"color: #ffffff;\">Desserte<\/span><\/th>\n<\/tr>\n<tr>\n<th style=\"border-color: #000000; background-color: #25303b; text-align: center;\"><span style=\"color: #ffffff;\">Lun<br \/>\nVen<\/span><\/th>\n<th style=\"border-color: #000000; background-color: #25303b; text-align: center;\"><span style=\"color: #ffffff;\">Sam<\/span><\/th>\n<th style=\"border-color: #000000; background-color: #25303b; text-align: center;\"><span style=\"color: #ffffff;\">Dim<br \/>\nJ F<\/span><\/th>\n<\/tr>\n<tr>\n<td style=\"border-color: #000000; background-color: #5aaad3; text-align: center;\"><span style=\"color: #ffffff;\"><strong>40<\/strong><\/span><\/td>\n<td style=\"border-color: #000000; text-align: left;\">Pont de S\u00e8vres &#8211; V\u00e9lizy-Inovel Parc Nord<\/td>\n<td style=\"border-color: #000000; text-align: center;\">*<\/td>\n<td style=\"border-color: #000000; text-align: center;\">*&nbsp;<\/td>\n<td style=\"border-color: #000000; text-align: center;\">&#8211;&nbsp;<\/td>\n<\/tr>\n<tr>\n<td style=\"border-color: #000000; background-color: #5aaad3; text-align: center;\"><span style=\"color: #ffffff;\"><strong>42<\/strong><\/span><\/td>\n<td style=\"border-color: #000000; text-align: left;\">Pont de S\u00e8vres &#8211; Base A\u00e9rienne 107 &#8211; Burospace &#8211; Inovel Parc Sud &#8211; L&rsquo;Onde<\/td>\n<td style=\"border-color: #000000; text-align: center;\">*<\/td>\n<td style=\"border-color: #000000; text-align: center;\">&#8211;<\/td>\n<td style=\"border-color: #000000; text-align: center;\">&#8211;&nbsp;<\/td>\n<\/tr>\n<tr>\n<td style=\"border-color: #000000; background-color: #5aaad3; text-align: center;\"><span style=\"color: #ffffff;\"><strong>45<\/strong><\/span><\/td>\n<td style=\"border-color: #000000; text-align: left;\">Mus\u00e9e de S\u00e8vres &#8211; Mairie de V\u00e9lizy<\/td>\n<td style=\"border-color: #000000; text-align: center;\">*<\/td>\n<td style=\"border-color: #000000; text-align: center;\">*<\/td>\n<td style=\"border-color: #000000; text-align: center;\">&#8211;&nbsp;<\/td>\n<\/tr>\n<tr>\n<td style=\"border-color: #000000; background-color: #5aaad3; text-align: center;\"><span style=\"color: #ffffff;\"><strong>179<\/strong><\/span><\/td>\n<td style=\"border-color: #000000; text-align: left;\">Pont de S\u00e8vres &#8211; V\u00e9lizy 2 Gare routi\u00e8re &#8211; Robinson RER B<\/td>\n<td style=\"border-color: #000000; text-align: center;\">*<\/td>\n<td style=\"border-color: #000000; text-align: center;\">*<\/td>\n<td style=\"border-color: #000000; text-align: center;\">*<\/td>\n<\/tr>\n<tr>\n<td style=\"border-color: #000000; background-color: #5aaad3; text-align: center;\"><span style=\"color: #ffffff;\"><strong>289<\/strong><\/span><\/td>\n<td style=\"border-color: #000000; text-align: left;\">Porte de St-Cloud &nbsp;&#8211; Clamart-Georges Pompidou<\/td>\n<td style=\"border-color: #000000; text-align: center;\">*<\/td>\n<td style=\"border-color: #000000; text-align: center;\">*<\/td>\n<td style=\"border-color: #000000; text-align: center;\">*<\/td>\n<\/tr>\n<tr>\n<td style=\"border-color: #000000; background-color: #5aaad3; text-align: center;\"><span style=\"color: #ffffff;\"><strong>291<\/strong><\/span><\/td>\n<td style=\"border-color: #000000; text-align: left;\">Pont de S\u00e8vres &#8211; V\u00e9lizy-La Chemin\u00e9e<\/td>\n<td style=\"border-color: #000000; text-align: center;\">*<\/td>\n<td style=\"border-color: #000000; text-align: center;\">(1)<\/td>\n<td style=\"border-color: #000000; text-align: center;\">*<\/td>\n<\/tr>\n<tr>\n<td style=\"border-color: #000000; background-color: #5aaad3; text-align: center;\"><span style=\"color: #ffffff;\"><strong>389<\/strong><\/span><\/td>\n<td style=\"border-color: #000000; text-align: left;\">H\u00f4tel de Ville de Boulogne-Billancourt &#8211; Meudon-la-For\u00eat-Centre Administratif<\/td>\n<td style=\"border-color: #000000; text-align: center;\">*<\/td>\n<td style=\"border-color: #000000; text-align: center;\">*<\/td>\n<td style=\"border-color: #000000; text-align: center;\">&#8211;<\/td>\n<\/tr>\n<\/tbody>\n<\/table>\n<p>(1) <em>le samedi, la ligne 291 n&rsquo;assure que des services partiels entre Pont de S\u00e8vres et V\u00e9lizy 2.<\/em><\/p>\n","protected":false},"excerpt":{"rendered":"<p>Outre la desserte des communes proches de Paris, ces lignes assurent la correspondance avec: RER &nbsp;branches C5 (Versailles-Ch\u00e2teau-Rive Gauche) et C7 (St-Quentin-en-Yvelines) en gare de Meudon-Val Fleury: RATP 289 (Porte de St-Cloud &nbsp;&#8211; Clamart-Georges Pompidou) &#8211; passage \u00e0 proximit\u00e9 d&rsquo;INOVEL PARC Est RATP&nbsp;389&nbsp;(H\u00f4tel de Ville de Boulogne-Billancourt &#8211; Clamart-Georges Pompidou) &#8211; passage \u00e0 proximit\u00e9 d&rsquo;INOVEL [&hellip;]<\/p>\n","protected":false},"author":1,"featured_media":1824,"parent":38,"menu_order":2,"comment_status":"open","ping_status":"open","template":"page-templates\/no-sidebar.php","meta":{"ngg_post_thumbnail":0,"jetpack_post_was_ever_published":false},"jetpack_sharing_enabled":true,"jetpack_shortlink":"https:\/\/wp.me\/P7AoJR-R","jetpack-related-posts":[{"id":349,"url":"https:\/\/www.horizonemployeur.fr\/wordpress\/accueil\/sedeplacer\/t6-chatillon\/","url_meta":{"origin":53,"position":0},"title":"Le tramway T6 jusqu&rsquo;\u00e0 Ch\u00e2tillon","date":"29 d\u00e9cembre 2014","format":false,"excerpt":"Depuis le samedi 13 d\u00e9cembre 2014, le tramway T6 assure une liaison entre V\u00e9lizy-Robert Wagner et le terminus de Ch\u00e2tillon-Montrouge. 19 stations sont ainsi desservies, dont 6\u00a0desservent\u00a0les divers secteurs d'INOVEL PARC. Soit d'ouest en est: L'Onde-Maison des Arts, qui dessert le secteur ouest d'INOVEL PARC Sud: SOPEMEA, Messier-Bugatti-Dowty via la\u2026","rel":"","context":"Article similaire","img":{"alt_text":"","src":"https:\/\/i0.wp.com\/www.horizonemployeur.fr\/wordpress\/wp-content\/uploads\/2016\/03\/p1010448_1200x600d-1.jpg?fit=1200%2C600&ssl=1&resize=350%2C200","width":350,"height":200},"classes":[]},{"id":2599,"url":"https:\/\/www.horizonemployeur.fr\/wordpress\/28-05-2016\/documentation\/","url_meta":{"origin":53,"position":1},"title":"Se renseigner","date":"4 mai 2016","format":false,"excerpt":"Avec le d\u00e9veloppement des affichages dans les gares routi\u00e8res et aux arr\u00eats, d'Internet, des sites, des applications, les canaux d'information \u00e0 votre disposition se sont multipli\u00e9s. Que peuvent-ils vous apporter ? en quoi peuvent-ils vous aider ? Qui fait quoi ? Face \u00e0 une mutiplicit\u00e9 de noms et d'abr\u00e9viations, il\u2026","rel":"","context":"Article similaire","img":{"alt_text":"","src":"","width":0,"height":0},"classes":[]},{"id":59,"url":"https:\/\/www.horizonemployeur.fr\/wordpress\/accueil\/sedeplacer\/transports-en-commun\/bus-versailles-sqy\/","url_meta":{"origin":53,"position":2},"title":"Les bus c\u00f4t\u00e9 Versailles et St Quentin-en-Yvelines","date":"28 f\u00e9vrier 2014","format":false,"excerpt":"Plusieurs lignes permettent de rejoindre Versailles et St-Quentin-en-Yvelines depuis V\u00e9lizy En gare de Versailles-Chantiers uniquement: Ph\u00e9bus 24\u00a0(Versailles-Chantiers \u2013 V\u00e9lizy 2 Gare routi\u00e8re \u2013 Centre Commercial V\u00e9lizy 2)\u00a0-> desserte d\u2019INOVEL PARC Nord Ph\u00e9bus 22\u00a0(Versailles-Chantiers \u2013 Base A\u00e9rienne 107 \u2013 Burospace)\u00a0-> desserte d\u2019INOVEL PARC Sud Toujours en gare de Versailles-Chantiers, 1\u00a0ligne ne\u2026","rel":"","context":"Avec 2 commentaires","img":{"alt_text":"","src":"https:\/\/i0.wp.com\/www.horizonemployeur.fr\/wordpress\/wp-content\/uploads\/2016\/03\/p1100516_1200x900.jpg?fit=1200%2C900&ssl=1&resize=350%2C200","width":350,"height":200},"classes":[]},{"id":107,"url":"https:\/\/www.horizonemployeur.fr\/wordpress\/vehicule-motorise\/","url_meta":{"origin":53,"position":3},"title":"Utiliser son propre v\u00e9hicule motoris\u00e9","date":"7 mars 2014","format":false,"excerpt":"Les pages pr\u00e9c\u00e9dentes ne vous ont pas permis de trouver la solution adapt\u00e9e pour vous rendre \u00e0 Inovel Parc ou le quitter. Il reste donc le v\u00e9hicule individuel motoris\u00e9, que celui-ci ait\u00a02 (v\u00e9lomoteurs, scooters, motos), 3 (scooters) ou 4 (voitures) roues. La circulation autour d'Inovel Parc \u00e9tant ce qu'elle est\u2026","rel":"","context":"Article similaire","img":{"alt_text":"","src":"","width":0,"height":0},"classes":[]},{"id":2318,"url":"https:\/\/www.horizonemployeur.fr\/wordpress\/vehicule-motorise-2\/","url_meta":{"origin":53,"position":4},"title":"Utiliser son propre v\u00e9hicule motoris\u00e9","date":"7 mars 2014","format":false,"excerpt":"Les pages pr\u00e9c\u00e9dentes ne vous ont pas permis de trouver la solution adapt\u00e9e pour vous rendre \u00e0 Inovel Parc ou le quitter. Il reste donc le v\u00e9hicule individuel motoris\u00e9, que celui-ci ait\u00a02 (v\u00e9lomoteurs, scooters, motos), 3 (scooters) ou 4 (voitures) roues. La circulation autour d'Inovel Parc \u00e9tant ce qu'elle est\u2026","rel":"","context":"Article similaire","img":{"alt_text":"","src":"","width":0,"height":0},"classes":[]},{"id":846,"url":"https:\/\/www.horizonemployeur.fr\/wordpress\/accueil\/sedeplacer\/securite-routiere\/conduire-en-hiver-2\/les-plans-neige-a-proximite-dinovel-parc\/","url_meta":{"origin":53,"position":5},"title":"Les plans neige \u00e0 proximit\u00e9 d\u2019Inovel Parc","date":"20 octobre 2015","format":false,"excerpt":"Que ce soit en raison des d\u00e9coupages administratifs (d\u00e9partements, communaut\u00e9s d'agglom\u00e9ration et communes) ou en raison des divers types de voies (allant de l'autoroute \u00e0 la route foresti\u00e8re), plusieurs plans neige cohabitent autour d'Inovel Parc. Le R\u00e9seau Routier National A proximit\u00e9 d'Inovel Parc, le r\u00e9seau routier national est constitu\u00e9 par:\u2026","rel":"","context":"Article similaire","img":{"alt_text":"","src":"","width":0,"height":0},"classes":[]}],"_links":{"self":[{"href":"https:\/\/www.horizonemployeur.fr\/wordpress\/wp-json\/wp\/v2\/pages\/53"}],"collection":[{"href":"https:\/\/www.horizonemployeur.fr\/wordpress\/wp-json\/wp\/v2\/pages"}],"about":[{"href":"https:\/\/www.horizonemployeur.fr\/wordpress\/wp-json\/wp\/v2\/types\/page"}],"author":[{"embeddable":true,"href":"https:\/\/www.horizonemployeur.fr\/wordpress\/wp-json\/wp\/v2\/users\/1"}],"replies":[{"embeddable":true,"href":"https:\/\/www.horizonemployeur.fr\/wordpress\/wp-json\/wp\/v2\/comments?post=53"}],"version-history":[{"count":3,"href":"https:\/\/www.horizonemployeur.fr\/wordpress\/wp-json\/wp\/v2\/pages\/53\/revisions"}],"predecessor-version":[{"id":3507,"href":"https:\/\/www.horizonemployeur.fr\/wordpress\/wp-json\/wp\/v2\/pages\/53\/revisions\/3507"}],"up":[{"embeddable":true,"href":"https:\/\/www.horizonemployeur.fr\/wordpress\/wp-json\/wp\/v2\/pages\/38"}],"wp:featuredmedia":[{"embeddable":true,"href":"https:\/\/www.horizonemployeur.fr\/wordpress\/wp-json\/wp\/v2\/media\/1824"}],"wp:attachment":[{"href":"https:\/\/www.horizonemployeur.fr\/wordpress\/wp-json\/wp\/v2\/media?parent=53"}],"curies":[{"name":"wp","href":"https:\/\/api.w.org\/{rel}","templated":true}]}}