{"id":51,"date":"2014-02-28T10:05:43","date_gmt":"2014-02-28T09:05:43","guid":{"rendered":"http:\/\/horizonmobi.wordpress.com\/?page_id=51"},"modified":"2017-11-03T12:13:03","modified_gmt":"2017-11-03T11:13:03","slug":"bus-chaville","status":"publish","type":"page","link":"https:\/\/www.horizonemployeur.fr\/wordpress\/accueil\/sedeplacer\/transports-en-commun\/bus-chaville\/","title":{"rendered":"Les bus c\u00f4t\u00e9 Chaville"},"content":{"rendered":"<p>En dehors d\u2019assurer la desserte des communes de Viroflay (quartier est) et Chaville, ces lignes donnent correspondance avec:<\/p>\n<ul>\n<li>en gare de Chaville-V\u00e9lizy: RER <img data-attachment-id=\"3225\" data-permalink=\"https:\/\/www.horizonemployeur.fr\/wordpress\/2017\/06\/14\/travaux-ete-2017\/picto_c\/\" data-orig-file=\"https:\/\/i0.wp.com\/www.horizonemployeur.fr\/wordpress\/wp-content\/uploads\/2017\/06\/picto_c.png?fit=146%2C146&amp;ssl=1\" data-orig-size=\"146,146\" data-comments-opened=\"1\" data-image-meta=\"{&quot;aperture&quot;:&quot;0&quot;,&quot;credit&quot;:&quot;&quot;,&quot;camera&quot;:&quot;&quot;,&quot;caption&quot;:&quot;&quot;,&quot;created_timestamp&quot;:&quot;0&quot;,&quot;copyright&quot;:&quot;&quot;,&quot;focal_length&quot;:&quot;0&quot;,&quot;iso&quot;:&quot;0&quot;,&quot;shutter_speed&quot;:&quot;0&quot;,&quot;title&quot;:&quot;&quot;,&quot;orientation&quot;:&quot;0&quot;}\" data-image-title=\"picto_c\" data-image-description=\"\" data-image-caption=\"\" data-medium-file=\"https:\/\/i0.wp.com\/www.horizonemployeur.fr\/wordpress\/wp-content\/uploads\/2017\/06\/picto_c.png?fit=146%2C146&amp;ssl=1\" data-large-file=\"https:\/\/i0.wp.com\/www.horizonemployeur.fr\/wordpress\/wp-content\/uploads\/2017\/06\/picto_c.png?fit=146%2C146&amp;ssl=1\" decoding=\"async\" loading=\"lazy\" class=\"alignnone wp-image-3225\" src=\"https:\/\/i0.wp.com\/www.horizonemployeur.fr\/wordpress\/wp-content\/uploads\/2017\/06\/picto_c.png?resize=17%2C17\" alt=\"\" width=\"17\" height=\"17\" srcset=\"https:\/\/i0.wp.com\/www.horizonemployeur.fr\/wordpress\/wp-content\/uploads\/2017\/06\/picto_c.png?w=146&amp;ssl=1 146w, https:\/\/i0.wp.com\/www.horizonemployeur.fr\/wordpress\/wp-content\/uploads\/2017\/06\/picto_c.png?resize=96%2C96&amp;ssl=1 96w\" sizes=\"(max-width: 17px) 100vw, 17px\" data-recalc-dims=\"1\" \/> branches C5 (Versailles-Ch\u00e2teau-Rive Gauche) et C7 (St Quentin-en-Yvelines)<\/li>\n<li>en gare de Chaville-Rive Gauche: Transilien <img data-attachment-id=\"3228\" data-permalink=\"https:\/\/www.horizonemployeur.fr\/wordpress\/2017\/06\/14\/travaux-ete-2017\/picto_n\/\" data-orig-file=\"https:\/\/i0.wp.com\/www.horizonemployeur.fr\/wordpress\/wp-content\/uploads\/2017\/06\/picto_n.png?fit=146%2C146&amp;ssl=1\" data-orig-size=\"146,146\" data-comments-opened=\"1\" data-image-meta=\"{&quot;aperture&quot;:&quot;0&quot;,&quot;credit&quot;:&quot;&quot;,&quot;camera&quot;:&quot;&quot;,&quot;caption&quot;:&quot;&quot;,&quot;created_timestamp&quot;:&quot;0&quot;,&quot;copyright&quot;:&quot;&quot;,&quot;focal_length&quot;:&quot;0&quot;,&quot;iso&quot;:&quot;0&quot;,&quot;shutter_speed&quot;:&quot;0&quot;,&quot;title&quot;:&quot;&quot;,&quot;orientation&quot;:&quot;0&quot;}\" data-image-title=\"picto_n\" data-image-description=\"\" data-image-caption=\"\" data-medium-file=\"https:\/\/i0.wp.com\/www.horizonemployeur.fr\/wordpress\/wp-content\/uploads\/2017\/06\/picto_n.png?fit=146%2C146&amp;ssl=1\" data-large-file=\"https:\/\/i0.wp.com\/www.horizonemployeur.fr\/wordpress\/wp-content\/uploads\/2017\/06\/picto_n.png?fit=146%2C146&amp;ssl=1\" decoding=\"async\" loading=\"lazy\" class=\"alignnone wp-image-3228\" src=\"https:\/\/i0.wp.com\/www.horizonemployeur.fr\/wordpress\/wp-content\/uploads\/2017\/06\/picto_n.png?resize=17%2C17\" alt=\"\" width=\"17\" height=\"17\" srcset=\"https:\/\/i0.wp.com\/www.horizonemployeur.fr\/wordpress\/wp-content\/uploads\/2017\/06\/picto_n.png?w=146&amp;ssl=1 146w, https:\/\/i0.wp.com\/www.horizonemployeur.fr\/wordpress\/wp-content\/uploads\/2017\/06\/picto_n.png?resize=96%2C96&amp;ssl=1 96w\" sizes=\"(max-width: 17px) 100vw, 17px\" data-recalc-dims=\"1\" \/> (Paris-Montparnasse &#8211; Versailles-Chantiers &#8211; Rambouillet \/ Dreux \/ Mantes)<\/li>\n<li>en gare de Chaville-Rive Droite: Transilien <img data-attachment-id=\"3229\" data-permalink=\"https:\/\/www.horizonemployeur.fr\/wordpress\/2017\/06\/14\/travaux-ete-2017\/picto_l\/\" data-orig-file=\"https:\/\/i0.wp.com\/www.horizonemployeur.fr\/wordpress\/wp-content\/uploads\/2017\/06\/picto_l.png?fit=146%2C146&amp;ssl=1\" data-orig-size=\"146,146\" data-comments-opened=\"1\" data-image-meta=\"{&quot;aperture&quot;:&quot;0&quot;,&quot;credit&quot;:&quot;&quot;,&quot;camera&quot;:&quot;&quot;,&quot;caption&quot;:&quot;&quot;,&quot;created_timestamp&quot;:&quot;0&quot;,&quot;copyright&quot;:&quot;&quot;,&quot;focal_length&quot;:&quot;0&quot;,&quot;iso&quot;:&quot;0&quot;,&quot;shutter_speed&quot;:&quot;0&quot;,&quot;title&quot;:&quot;&quot;,&quot;orientation&quot;:&quot;0&quot;}\" data-image-title=\"picto_l\" data-image-description=\"\" data-image-caption=\"\" data-medium-file=\"https:\/\/i0.wp.com\/www.horizonemployeur.fr\/wordpress\/wp-content\/uploads\/2017\/06\/picto_l.png?fit=146%2C146&amp;ssl=1\" data-large-file=\"https:\/\/i0.wp.com\/www.horizonemployeur.fr\/wordpress\/wp-content\/uploads\/2017\/06\/picto_l.png?fit=146%2C146&amp;ssl=1\" decoding=\"async\" loading=\"lazy\" class=\"alignnone wp-image-3229\" src=\"https:\/\/i0.wp.com\/www.horizonemployeur.fr\/wordpress\/wp-content\/uploads\/2017\/06\/picto_l.png?resize=17%2C17\" alt=\"\" width=\"17\" height=\"17\" srcset=\"https:\/\/i0.wp.com\/www.horizonemployeur.fr\/wordpress\/wp-content\/uploads\/2017\/06\/picto_l.png?w=146&amp;ssl=1 146w, https:\/\/i0.wp.com\/www.horizonemployeur.fr\/wordpress\/wp-content\/uploads\/2017\/06\/picto_l.png?resize=96%2C96&amp;ssl=1 96w\" sizes=\"(max-width: 17px) 100vw, 17px\" data-recalc-dims=\"1\" \/> (Paris-St-Lazare &#8211; La D\u00e9fense &#8211; St-Cloud &#8211; Versailles-Rive Droite) et <img data-attachment-id=\"3220\" data-permalink=\"https:\/\/www.horizonemployeur.fr\/wordpress\/2017\/06\/14\/travaux-ete-2017\/picto_u\/\" data-orig-file=\"https:\/\/i0.wp.com\/www.horizonemployeur.fr\/wordpress\/wp-content\/uploads\/2017\/06\/picto_u.png?fit=146%2C146&amp;ssl=1\" data-orig-size=\"146,146\" data-comments-opened=\"1\" data-image-meta=\"{&quot;aperture&quot;:&quot;0&quot;,&quot;credit&quot;:&quot;&quot;,&quot;camera&quot;:&quot;&quot;,&quot;caption&quot;:&quot;&quot;,&quot;created_timestamp&quot;:&quot;0&quot;,&quot;copyright&quot;:&quot;&quot;,&quot;focal_length&quot;:&quot;0&quot;,&quot;iso&quot;:&quot;0&quot;,&quot;shutter_speed&quot;:&quot;0&quot;,&quot;title&quot;:&quot;&quot;,&quot;orientation&quot;:&quot;0&quot;}\" data-image-title=\"picto_u\" data-image-description=\"\" data-image-caption=\"\" data-medium-file=\"https:\/\/i0.wp.com\/www.horizonemployeur.fr\/wordpress\/wp-content\/uploads\/2017\/06\/picto_u.png?fit=146%2C146&amp;ssl=1\" data-large-file=\"https:\/\/i0.wp.com\/www.horizonemployeur.fr\/wordpress\/wp-content\/uploads\/2017\/06\/picto_u.png?fit=146%2C146&amp;ssl=1\" decoding=\"async\" loading=\"lazy\" class=\"alignnone wp-image-3220\" src=\"https:\/\/i0.wp.com\/www.horizonemployeur.fr\/wordpress\/wp-content\/uploads\/2017\/06\/picto_u.png?resize=17%2C17\" alt=\"\" width=\"17\" height=\"17\" srcset=\"https:\/\/i0.wp.com\/www.horizonemployeur.fr\/wordpress\/wp-content\/uploads\/2017\/06\/picto_u.png?w=146&amp;ssl=1 146w, https:\/\/i0.wp.com\/www.horizonemployeur.fr\/wordpress\/wp-content\/uploads\/2017\/06\/picto_u.png?resize=96%2C96&amp;ssl=1 96w\" sizes=\"(max-width: 17px) 100vw, 17px\" data-recalc-dims=\"1\" \/> (La D\u00e9fense &#8211; St-Cloud &#8211; Versailles-Chantiers &#8211; St-Quentin-en-Yvelines &#8211; La Verri\u00e8re)<\/li>\n<\/ul>\n<p>&nbsp;<\/p>\n<p>Les lignes disponibles au d\u00e9part des 3 gares sont:<\/p>\n<div class=\"post post-190 page type-page status-publish hentry\">\n<div class=\"entry-content\">\n<table style=\"border-color: #000000; background-color: #ffffff;\">\n<tbody>\n<tr>\n<th style=\"border-color: #000000; background-color: #25303b; text-align: center;\" rowspan=\"2\"><span style=\"color: #ffffff;\">Ligne<\/span><\/th>\n<th style=\"border-color: #000000; background-color: #25303b; text-align: center;\" rowspan=\"2\"><span style=\"color: #ffffff;\">Itin\u00e9raire<\/span><\/th>\n<th style=\"border-color: #000000; background-color: #25303b; text-align: center;\" colspan=\"3\"><span style=\"color: #ffffff;\">Desserte<\/span><\/th>\n<\/tr>\n<tr>\n<th style=\"border-color: #000000; background-color: #25303b; text-align: center;\"><span style=\"color: #ffffff;\">Lun<br \/>\nVen<\/span><\/th>\n<th style=\"border-color: #000000; background-color: #25303b; text-align: center;\"><span style=\"color: #ffffff;\">Sam<\/span><\/th>\n<th style=\"border-color: #000000; background-color: #25303b; text-align: center;\"><span style=\"color: #ffffff;\">Dim<br \/>\nJ F<\/span><\/th>\n<\/tr>\n<tr>\n<td style=\"border-color: #000000; background-color: #5aaad3;\"><span style=\"color: #000000;\"><img data-attachment-id=\"2556\" data-permalink=\"https:\/\/www.horizonemployeur.fr\/wordpress\/28-05-2016\/restructuration-bus-phase-2\/vignette_phebus_32_330x240\/\" data-orig-file=\"https:\/\/i0.wp.com\/www.horizonemployeur.fr\/wordpress\/wp-content\/uploads\/2016\/04\/vignette_phebus_32_330x240.png?fit=330%2C240&amp;ssl=1\" data-orig-size=\"330,240\" data-comments-opened=\"1\" data-image-meta=\"{&quot;aperture&quot;:&quot;0&quot;,&quot;credit&quot;:&quot;&quot;,&quot;camera&quot;:&quot;&quot;,&quot;caption&quot;:&quot;&quot;,&quot;created_timestamp&quot;:&quot;0&quot;,&quot;copyright&quot;:&quot;&quot;,&quot;focal_length&quot;:&quot;0&quot;,&quot;iso&quot;:&quot;0&quot;,&quot;shutter_speed&quot;:&quot;0&quot;,&quot;title&quot;:&quot;&quot;,&quot;orientation&quot;:&quot;0&quot;}\" data-image-title=\"vignette_phebus_32_330x240\" data-image-description=\"\" data-image-caption=\"\" data-medium-file=\"https:\/\/i0.wp.com\/www.horizonemployeur.fr\/wordpress\/wp-content\/uploads\/2016\/04\/vignette_phebus_32_330x240.png?fit=300%2C218&amp;ssl=1\" data-large-file=\"https:\/\/i0.wp.com\/www.horizonemployeur.fr\/wordpress\/wp-content\/uploads\/2016\/04\/vignette_phebus_32_330x240.png?fit=330%2C240&amp;ssl=1\" decoding=\"async\" loading=\"lazy\" class=\"alignnone wp-image-2556 aligncenter\" src=\"https:\/\/i0.wp.com\/www.horizonemployeur.fr\/wordpress\/wp-content\/uploads\/2016\/04\/vignette_phebus_32_330x240.png?resize=50%2C36\" alt=\"\" width=\"50\" height=\"36\" srcset=\"https:\/\/i0.wp.com\/www.horizonemployeur.fr\/wordpress\/wp-content\/uploads\/2016\/04\/vignette_phebus_32_330x240.png?w=330&amp;ssl=1 330w, https:\/\/i0.wp.com\/www.horizonemployeur.fr\/wordpress\/wp-content\/uploads\/2016\/04\/vignette_phebus_32_330x240.png?resize=300%2C218&amp;ssl=1 300w, https:\/\/i0.wp.com\/www.horizonemployeur.fr\/wordpress\/wp-content\/uploads\/2016\/04\/vignette_phebus_32_330x240.png?resize=264%2C192&amp;ssl=1 264w\" sizes=\"(max-width: 50px) 100vw, 50px\" data-recalc-dims=\"1\" \/><\/span><\/td>\n<td style=\"border-color: #000000; text-align: left;\">Chaville-Rive Droite \u2013 V\u00e9lizy-Robert Wagner T6 \u2013 Jouy-en-Josas RER C<\/td>\n<td style=\"border-color: #000000; text-align: center;\">*<\/td>\n<td style=\"border-color: #000000; text-align: center;\">*<\/td>\n<td style=\"border-color: #000000; text-align: center;\">*<\/td>\n<\/tr>\n<tr>\n<td style=\"border-color: #000000; background-color: #5aaad3;\"><img data-attachment-id=\"2557\" data-permalink=\"https:\/\/www.horizonemployeur.fr\/wordpress\/28-05-2016\/restructuration-bus-phase-2\/vignette_phebus_33_330x240\/\" data-orig-file=\"https:\/\/i0.wp.com\/www.horizonemployeur.fr\/wordpress\/wp-content\/uploads\/2016\/04\/vignette_phebus_33_330x240.png?fit=330%2C240&amp;ssl=1\" data-orig-size=\"330,240\" data-comments-opened=\"1\" data-image-meta=\"{&quot;aperture&quot;:&quot;0&quot;,&quot;credit&quot;:&quot;&quot;,&quot;camera&quot;:&quot;&quot;,&quot;caption&quot;:&quot;&quot;,&quot;created_timestamp&quot;:&quot;0&quot;,&quot;copyright&quot;:&quot;&quot;,&quot;focal_length&quot;:&quot;0&quot;,&quot;iso&quot;:&quot;0&quot;,&quot;shutter_speed&quot;:&quot;0&quot;,&quot;title&quot;:&quot;&quot;,&quot;orientation&quot;:&quot;0&quot;}\" data-image-title=\"vignette_phebus_33_330x240\" data-image-description=\"\" data-image-caption=\"\" data-medium-file=\"https:\/\/i0.wp.com\/www.horizonemployeur.fr\/wordpress\/wp-content\/uploads\/2016\/04\/vignette_phebus_33_330x240.png?fit=300%2C218&amp;ssl=1\" data-large-file=\"https:\/\/i0.wp.com\/www.horizonemployeur.fr\/wordpress\/wp-content\/uploads\/2016\/04\/vignette_phebus_33_330x240.png?fit=330%2C240&amp;ssl=1\" decoding=\"async\" loading=\"lazy\" class=\"wp-image-2557 aligncenter\" src=\"https:\/\/i0.wp.com\/www.horizonemployeur.fr\/wordpress\/wp-content\/uploads\/2016\/04\/vignette_phebus_33_330x240.png?resize=50%2C36\" alt=\"\" width=\"50\" height=\"36\" srcset=\"https:\/\/i0.wp.com\/www.horizonemployeur.fr\/wordpress\/wp-content\/uploads\/2016\/04\/vignette_phebus_33_330x240.png?w=330&amp;ssl=1 330w, https:\/\/i0.wp.com\/www.horizonemployeur.fr\/wordpress\/wp-content\/uploads\/2016\/04\/vignette_phebus_33_330x240.png?resize=300%2C218&amp;ssl=1 300w, https:\/\/i0.wp.com\/www.horizonemployeur.fr\/wordpress\/wp-content\/uploads\/2016\/04\/vignette_phebus_33_330x240.png?resize=264%2C192&amp;ssl=1 264w\" sizes=\"(max-width: 50px) 100vw, 50px\" data-recalc-dims=\"1\" \/><\/td>\n<td style=\"border-color: #000000; text-align: left;\">Chaville-Rive Droite \u2013 V\u00e9lizy-Robert Wagner T6 \u2013 Base A\u00e9rienne 107 \u2013 Bi\u00e8vres RER C<\/td>\n<td style=\"border-color: #000000; text-align: center;\">*<\/td>\n<td style=\"border-color: #000000; text-align: center;\">&#8211;<\/td>\n<td style=\"border-color: #000000; text-align: center;\">&#8211;<\/td>\n<\/tr>\n<tr>\n<td style=\"border-color: #000000; background-color: #5aaad3;\"><img data-attachment-id=\"2558\" data-permalink=\"https:\/\/www.horizonemployeur.fr\/wordpress\/28-05-2016\/restructuration-bus-phase-2\/vignette_phebus_34_330x240\/\" data-orig-file=\"https:\/\/i0.wp.com\/www.horizonemployeur.fr\/wordpress\/wp-content\/uploads\/2016\/04\/vignette_phebus_34_330x240.png?fit=330%2C240&amp;ssl=1\" data-orig-size=\"330,240\" data-comments-opened=\"1\" data-image-meta=\"{&quot;aperture&quot;:&quot;0&quot;,&quot;credit&quot;:&quot;&quot;,&quot;camera&quot;:&quot;&quot;,&quot;caption&quot;:&quot;&quot;,&quot;created_timestamp&quot;:&quot;0&quot;,&quot;copyright&quot;:&quot;&quot;,&quot;focal_length&quot;:&quot;0&quot;,&quot;iso&quot;:&quot;0&quot;,&quot;shutter_speed&quot;:&quot;0&quot;,&quot;title&quot;:&quot;&quot;,&quot;orientation&quot;:&quot;0&quot;}\" data-image-title=\"vignette_phebus_34_330x240\" data-image-description=\"\" data-image-caption=\"\" data-medium-file=\"https:\/\/i0.wp.com\/www.horizonemployeur.fr\/wordpress\/wp-content\/uploads\/2016\/04\/vignette_phebus_34_330x240.png?fit=300%2C218&amp;ssl=1\" data-large-file=\"https:\/\/i0.wp.com\/www.horizonemployeur.fr\/wordpress\/wp-content\/uploads\/2016\/04\/vignette_phebus_34_330x240.png?fit=330%2C240&amp;ssl=1\" decoding=\"async\" loading=\"lazy\" class=\"wp-image-2558 aligncenter\" src=\"https:\/\/i0.wp.com\/www.horizonemployeur.fr\/wordpress\/wp-content\/uploads\/2016\/04\/vignette_phebus_34_330x240.png?resize=50%2C36\" alt=\"\" width=\"50\" height=\"36\" srcset=\"https:\/\/i0.wp.com\/www.horizonemployeur.fr\/wordpress\/wp-content\/uploads\/2016\/04\/vignette_phebus_34_330x240.png?w=330&amp;ssl=1 330w, https:\/\/i0.wp.com\/www.horizonemployeur.fr\/wordpress\/wp-content\/uploads\/2016\/04\/vignette_phebus_34_330x240.png?resize=300%2C218&amp;ssl=1 300w, https:\/\/i0.wp.com\/www.horizonemployeur.fr\/wordpress\/wp-content\/uploads\/2016\/04\/vignette_phebus_34_330x240.png?resize=264%2C192&amp;ssl=1 264w\" sizes=\"(max-width: 50px) 100vw, 50px\" data-recalc-dims=\"1\" \/><\/td>\n<td style=\"border-color: #000000; text-align: left;\">Chaville-Rive Droite \u2013 V\u00e9lizy Centre Commercial<\/td>\n<td style=\"border-color: #000000; text-align: center;\">*<\/td>\n<td style=\"border-color: #000000; text-align: center;\">*<\/td>\n<td style=\"border-color: #000000; text-align: center;\">*<\/td>\n<\/tr>\n<\/tbody>\n<\/table>\n<p>auxquelles s\u2019ajoute au d\u00e9part de la seule gare de Chaville-V\u00e9lizy:<\/p>\n<table style=\"border-color: #000000; background-color: #ffffff;\">\n<tbody>\n<tr>\n<th style=\"border-color: #000000; background-color: #25303b; text-align: center;\" rowspan=\"2\"><span style=\"color: #ffffff;\">Ligne<\/span><\/th>\n<th style=\"border-color: #000000; background-color: #25303b; text-align: center;\" rowspan=\"2\"><span style=\"color: #ffffff;\">Itin\u00e9raire<\/span><\/th>\n<th style=\"border-color: #000000; background-color: #25303b; text-align: center;\" colspan=\"3\"><span style=\"color: #ffffff;\">Desserte<\/span><\/th>\n<\/tr>\n<tr>\n<th style=\"border-color: #000000; background-color: #25303b; text-align: center;\"><span style=\"color: #ffffff;\">Lun<br \/>\nVen<\/span><\/th>\n<th style=\"border-color: #000000; background-color: #25303b; text-align: center;\"><span style=\"color: #ffffff;\">Sam<\/span><\/th>\n<th style=\"border-color: #000000; background-color: #25303b; text-align: center;\"><span style=\"color: #ffffff;\">Dim<br \/>\nJ F<\/span><\/th>\n<\/tr>\n<tr>\n<td style=\"border-color: #000000; background-color: #5aaad3;\"><span style=\"color: #000000;\"><img data-attachment-id=\"2555\" data-permalink=\"https:\/\/www.horizonemployeur.fr\/wordpress\/28-05-2016\/restructuration-bus-phase-2\/vignette_phebus_31_330x240\/\" data-orig-file=\"https:\/\/i0.wp.com\/www.horizonemployeur.fr\/wordpress\/wp-content\/uploads\/2016\/04\/vignette_phebus_31_330x240.png?fit=330%2C240&amp;ssl=1\" data-orig-size=\"330,240\" data-comments-opened=\"1\" data-image-meta=\"{&quot;aperture&quot;:&quot;0&quot;,&quot;credit&quot;:&quot;&quot;,&quot;camera&quot;:&quot;&quot;,&quot;caption&quot;:&quot;&quot;,&quot;created_timestamp&quot;:&quot;0&quot;,&quot;copyright&quot;:&quot;&quot;,&quot;focal_length&quot;:&quot;0&quot;,&quot;iso&quot;:&quot;0&quot;,&quot;shutter_speed&quot;:&quot;0&quot;,&quot;title&quot;:&quot;&quot;,&quot;orientation&quot;:&quot;0&quot;}\" data-image-title=\"vignette_phebus_31_330x240\" data-image-description=\"\" data-image-caption=\"\" data-medium-file=\"https:\/\/i0.wp.com\/www.horizonemployeur.fr\/wordpress\/wp-content\/uploads\/2016\/04\/vignette_phebus_31_330x240.png?fit=300%2C218&amp;ssl=1\" data-large-file=\"https:\/\/i0.wp.com\/www.horizonemployeur.fr\/wordpress\/wp-content\/uploads\/2016\/04\/vignette_phebus_31_330x240.png?fit=330%2C240&amp;ssl=1\" decoding=\"async\" loading=\"lazy\" class=\"wp-image-2555 aligncenter\" src=\"https:\/\/i0.wp.com\/www.horizonemployeur.fr\/wordpress\/wp-content\/uploads\/2016\/04\/vignette_phebus_31_330x240.png?resize=50%2C36\" alt=\"\" width=\"50\" height=\"36\" srcset=\"https:\/\/i0.wp.com\/www.horizonemployeur.fr\/wordpress\/wp-content\/uploads\/2016\/04\/vignette_phebus_31_330x240.png?w=330&amp;ssl=1 330w, https:\/\/i0.wp.com\/www.horizonemployeur.fr\/wordpress\/wp-content\/uploads\/2016\/04\/vignette_phebus_31_330x240.png?resize=300%2C218&amp;ssl=1 300w, https:\/\/i0.wp.com\/www.horizonemployeur.fr\/wordpress\/wp-content\/uploads\/2016\/04\/vignette_phebus_31_330x240.png?resize=264%2C192&amp;ssl=1 264w\" sizes=\"(max-width: 50px) 100vw, 50px\" data-recalc-dims=\"1\" \/><\/span><\/td>\n<td style=\"border-color: #000000; text-align: left;\">V\u00e9lizy-le-Bas&nbsp;\u2013 Chaville-V\u00e9lizy RER C&nbsp;\u2013 V\u00e9lizy-Robert Wagner<\/td>\n<td style=\"border-color: #000000; text-align: center;\">*<\/td>\n<td style=\"border-color: #000000; text-align: center;\">*<\/td>\n<td style=\"border-color: #000000; text-align: center;\">&#8211;<\/td>\n<\/tr>\n<\/tbody>\n<\/table>\n<\/div>\n<\/div>\n<div class=\"mx_comments\">&nbsp;<\/div>\n","protected":false},"excerpt":{"rendered":"<p>En dehors d\u2019assurer la desserte des communes de Viroflay (quartier est) et Chaville, ces lignes donnent correspondance avec: en gare de Chaville-V\u00e9lizy: RER branches C5 (Versailles-Ch\u00e2teau-Rive Gauche) et C7 (St Quentin-en-Yvelines) en gare de Chaville-Rive Gauche: Transilien (Paris-Montparnasse &#8211; Versailles-Chantiers &#8211; Rambouillet \/ Dreux \/ Mantes) en gare de Chaville-Rive Droite: Transilien (Paris-St-Lazare &#8211; La [&hellip;]<\/p>\n","protected":false},"author":1,"featured_media":2258,"parent":38,"menu_order":1,"comment_status":"open","ping_status":"open","template":"page-templates\/no-sidebar.php","meta":{"ngg_post_thumbnail":0,"jetpack_post_was_ever_published":false},"jetpack_sharing_enabled":true,"jetpack_shortlink":"https:\/\/wp.me\/P7AoJR-P","jetpack-related-posts":[{"id":2477,"url":"https:\/\/www.horizonemployeur.fr\/wordpress\/28-05-2016\/t6-viroflay\/viroflay-rive-gauche\/","url_meta":{"origin":51,"position":0},"title":"Viroflay-Rive Gauche","date":"28 avril 2016","format":false,"excerpt":"Viroflay-Rive Droite est la 20e et avant-derni\u00e8re station de la ligne T6. Elle se situe dans le tunnel de Viroflay emprunt\u00e9 par le tramway \u00e0 partir de la c\u00f4te de Chaville et\u00a0donc\u00a0sous la place du Mar\u00e9chal Koenig. Elle propose les\u00a0correspondances avec: la ligne RER C Paris - Versailles-Ch\u00e2teau-Rive Gauche \/\u2026","rel":"","context":"Article similaire","img":{"alt_text":"P1130441_800d","src":"https:\/\/i0.wp.com\/www.horizonemployeur.fr\/wordpress\/wp-content\/uploads\/2016\/04\/P1130441_800d-300x150.jpg?resize=350%2C200","width":350,"height":200},"classes":[]},{"id":2475,"url":"https:\/\/www.horizonemployeur.fr\/wordpress\/28-05-2016\/t6-viroflay\/viroflay-rive-droite\/","url_meta":{"origin":51,"position":1},"title":"Viroflay-Rive Droite","date":"28 avril 2016","format":false,"excerpt":"Viroflay-Rive Droite est la 21e et derni\u00e8re station de la ligne T6. Souterraine comme sa sym\u00e9trique de la rive gauche, elle se situe sous la place de la Bataille de Stalingrad et donne acc\u00e8s \u00e0 la correspondance avec la ligne L2 Paris-St-Lazare - La D\u00e9fense - St-Cloud - Versailles-Rive Droite.\u2026","rel":"","context":"Article similaire","img":{"alt_text":"P1140102_800","src":"https:\/\/i0.wp.com\/www.horizonemployeur.fr\/wordpress\/wp-content\/uploads\/2016\/04\/P1140102_800.jpg?resize=350%2C200","width":350,"height":200},"classes":[]},{"id":2463,"url":"https:\/\/www.horizonemployeur.fr\/wordpress\/28-05-2016\/restructuration-bus-phase-2\/restructuration-bus-phase-2-chaville\/","url_meta":{"origin":51,"position":2},"title":"La restructuration bus sur l&rsquo;axe Chaville","date":"28 avril 2016","format":false,"excerpt":"Depuis d\u00e9cembre 2014, l'offre sur l'axe Chaville\u00a0est compos\u00e9e, hors lignes scolaires de 4 lignes: la ligne 30, Chaville-V\u00e9lizy\u00a0- V\u00e9lizy 2, assure la liaison des diff\u00e9rents quartiers de la ville, de la partie sud d'Inovel Parc Nord et du centre commercial V\u00e9lizy 2, avec la gare de Chaville-V\u00e9lizy la ligne 31,\u2026","rel":"","context":"Article similaire","img":{"alt_text":"","src":"https:\/\/i0.wp.com\/www.horizonemployeur.fr\/wordpress\/wp-content\/uploads\/2016\/04\/Plan-bus-mai-2016-axe-Chaville-300x275.png?resize=350%2C200","width":350,"height":200},"classes":[]},{"id":2457,"url":"https:\/\/www.horizonemployeur.fr\/wordpress\/28-05-2016\/t6-viroflay\/","url_meta":{"origin":51,"position":3},"title":"Le prolongement du tramway T6 jusqu&rsquo;\u00e0 Viroflay","date":"28 avril 2016","format":false,"excerpt":"Depuis le 13 d\u00e9cembre 2014, la ligne T6 allait de Ch\u00e2tillon-Montrouge \u00e0 Robert Wagner. Cela repr\u00e9sentait une longueur de 11,4 km avec 19 stations. La mise en service du prolongement permet d'allonger la ligne de 2,6 km, portant sa longueur totale \u00e0 14 km, et d'ajouter 2 stations, Viroflay-Rive Gauche\u2026","rel":"","context":"Article similaire","img":{"alt_text":"","src":"","width":0,"height":0},"classes":[]},{"id":2525,"url":"https:\/\/www.horizonemployeur.fr\/wordpress\/28-05-2016\/restructuration-bus-phase-2\/ligne-phebus-33\/","url_meta":{"origin":51,"position":4},"title":"La ligne Ph\u00e9bus 33 en d\u00e9tails","date":"29 avril 2016","format":false,"excerpt":"Un itin\u00e9raire modifi\u00e9 Cliquez sur l\u2019image pour la t\u00e9l\u00e9charger dans son format originel La ligne 33 reliait les 3 gares de Chaville \u00e0 Burospace via Inovel Parc Sud et la BA 107. Elle continue \u00e0 le faire et va m\u00eame plus loin... jusqu'\u00e0 la gare RER de Bi\u00e8vres. Sur ce\u2026","rel":"","context":"Article similaire","img":{"alt_text":"","src":"https:\/\/i0.wp.com\/www.horizonemployeur.fr\/wordpress\/wp-content\/uploads\/2016\/04\/Ph\u00c3\u00a9bus-33-mai-2016-206x300.png?resize=350%2C200","width":350,"height":200},"classes":[]},{"id":2461,"url":"https:\/\/www.horizonemployeur.fr\/wordpress\/28-05-2016\/restructuration-bus-phase-2\/versailles\/","url_meta":{"origin":51,"position":5},"title":"La restructuration bus sur l&rsquo;axe Versailles","date":"28 avril 2016","format":false,"excerpt":"Depuis d\u00e9cembre 2014, l'offre sur l'axe Versailles est compos\u00e9e de 4 lignes: la ligne 20, Versailles-Rive-Gauche - V\u00e9lizy 2, qui dessert la gare des Chantiers et rejoint V\u00e9lizy par le pont Colbert et l'A 86 la ligne 22, Versailles-Chantiers - Burospace, passe \u00e9galement par le pont Colbert et l'A 86,\u2026","rel":"","context":"Article similaire","img":{"alt_text":"","src":"","width":0,"height":0},"classes":[]}],"_links":{"self":[{"href":"https:\/\/www.horizonemployeur.fr\/wordpress\/wp-json\/wp\/v2\/pages\/51"}],"collection":[{"href":"https:\/\/www.horizonemployeur.fr\/wordpress\/wp-json\/wp\/v2\/pages"}],"about":[{"href":"https:\/\/www.horizonemployeur.fr\/wordpress\/wp-json\/wp\/v2\/types\/page"}],"author":[{"embeddable":true,"href":"https:\/\/www.horizonemployeur.fr\/wordpress\/wp-json\/wp\/v2\/users\/1"}],"replies":[{"embeddable":true,"href":"https:\/\/www.horizonemployeur.fr\/wordpress\/wp-json\/wp\/v2\/comments?post=51"}],"version-history":[{"count":5,"href":"https:\/\/www.horizonemployeur.fr\/wordpress\/wp-json\/wp\/v2\/pages\/51\/revisions"}],"predecessor-version":[{"id":3504,"href":"https:\/\/www.horizonemployeur.fr\/wordpress\/wp-json\/wp\/v2\/pages\/51\/revisions\/3504"}],"up":[{"embeddable":true,"href":"https:\/\/www.horizonemployeur.fr\/wordpress\/wp-json\/wp\/v2\/pages\/38"}],"wp:featuredmedia":[{"embeddable":true,"href":"https:\/\/www.horizonemployeur.fr\/wordpress\/wp-json\/wp\/v2\/media\/2258"}],"wp:attachment":[{"href":"https:\/\/www.horizonemployeur.fr\/wordpress\/wp-json\/wp\/v2\/media?parent=51"}],"curies":[{"name":"wp","href":"https:\/\/api.w.org\/{rel}","templated":true}]}}