{"id":38,"date":"2014-02-27T19:53:43","date_gmt":"2014-02-27T19:53:43","guid":{"rendered":"http:\/\/horizonmobi.wordpress.com\/?page_id=38"},"modified":"2017-11-21T10:02:23","modified_gmt":"2017-11-21T09:02:23","slug":"transports-en-commun","status":"publish","type":"page","link":"https:\/\/www.horizonemployeur.fr\/wordpress\/accueil\/sedeplacer\/transports-en-commun\/","title":{"rendered":"Les Transports en Commun"},"content":{"rendered":"<p>M\u00eame si tout n&rsquo;est pas toujours idyllique, en particulier lorsque les voies rapides que sont l&rsquo;A 86 et la RN 118 sont satur\u00e9es, les derni\u00e8res ann\u00e9es ont \u00e9t\u00e9 marqu\u00e9es par un certain nombre d&rsquo;am\u00e9liorations dans les transports en commun qui desservent Inovel Parc:<\/p>\n<ul>\n<li>le tramway T6 a (enfin) \u00e9t\u00e9 mis en service, en partie en d\u00e9cembre 2014, puis dans sa totalit\u00e9 en mai 2016. Il permet d\u00e9sormais de rejoindre d&rsquo;un c\u00f4t\u00e9 la ligne 13 \u00e0 Ch\u00e2tillon-Montrouge, de l&rsquo;autre c\u00f4t\u00e9 les lignes RER C, Transilien L et N \u00e0 Viroflay<\/li>\n<li>l&rsquo;offre bus a \u00e9t\u00e9 renforc\u00e9e plusieurs fois, par augmentation du nombre de bus aux heures de pointe, par d\u00e9veloppement d&rsquo;une offre de milieu de journ\u00e9e et de soir\u00e9e<\/li>\n<li>les bus ont \u00e9t\u00e9 renouvel\u00e9s, en particulier sur les lignes Ph\u00e9bus<\/li>\n<li>l&rsquo;information voyageurs a \u00e9t\u00e9 d\u00e9velopp\u00e9e, en particulier par la mise \u00e0 disposition des donn\u00e9es relatives au temps r\u00e9el \u00e0 certains arr\u00eats et sur les sites Internet (RATP, Ph\u00e9bus)<\/li>\n<\/ul>\n<p>Que ce soit pour rejoindre une commune \u00e0 proximit\u00e9 ou pour prendre une correspondance m\u00e9tro, RER ou Transilien, le tramway et le r\u00e9seau bus sont les moyens de transports \u00e0 commun \u00e0 utiliser. Mais ces trajets peuvent aussi \u00eatre effectu\u00e9s \u00e0 v\u00e9lo, en covoiturage, en autopartage, &#8230;<\/p>\n<p>La position d&rsquo;Inovel Parc sur le plateau de V\u00e9lizy \u00e0 une altitude de 170-175 m&#8230;<\/p>\n<p><img data-attachment-id=\"3603\" data-permalink=\"https:\/\/www.horizonemployeur.fr\/wordpress\/accueil\/sedeplacer\/transports-en-commun\/carte-altitudes-velizy\/\" data-orig-file=\"https:\/\/i0.wp.com\/www.horizonemployeur.fr\/wordpress\/wp-content\/uploads\/2017\/11\/Carte-altitudes-V\u00e9lizy.png?fit=1275%2C822&amp;ssl=1\" data-orig-size=\"1275,822\" data-comments-opened=\"1\" data-image-meta=\"{&quot;aperture&quot;:&quot;0&quot;,&quot;credit&quot;:&quot;&quot;,&quot;camera&quot;:&quot;&quot;,&quot;caption&quot;:&quot;&quot;,&quot;created_timestamp&quot;:&quot;0&quot;,&quot;copyright&quot;:&quot;&quot;,&quot;focal_length&quot;:&quot;0&quot;,&quot;iso&quot;:&quot;0&quot;,&quot;shutter_speed&quot;:&quot;0&quot;,&quot;title&quot;:&quot;&quot;,&quot;orientation&quot;:&quot;0&quot;}\" data-image-title=\"Carte altitudes V\u00e9lizy\" data-image-description=\"\" data-image-caption=\"\" data-medium-file=\"https:\/\/i0.wp.com\/www.horizonemployeur.fr\/wordpress\/wp-content\/uploads\/2017\/11\/Carte-altitudes-V\u00e9lizy.png?fit=300%2C193&amp;ssl=1\" data-large-file=\"https:\/\/i0.wp.com\/www.horizonemployeur.fr\/wordpress\/wp-content\/uploads\/2017\/11\/Carte-altitudes-V\u00e9lizy.png?fit=700%2C451&amp;ssl=1\" decoding=\"async\" loading=\"lazy\" class=\"alignnone size-full wp-image-3603\" src=\"https:\/\/i0.wp.com\/www.horizonemployeur.fr\/wordpress\/wp-content\/uploads\/2017\/11\/Carte-altitudes-V\u00e9lizy.png?resize=700%2C451\" alt=\"\" width=\"700\" height=\"451\" srcset=\"https:\/\/i0.wp.com\/www.horizonemployeur.fr\/wordpress\/wp-content\/uploads\/2017\/11\/Carte-altitudes-V\u00e9lizy.png?w=1275&amp;ssl=1 1275w, https:\/\/i0.wp.com\/www.horizonemployeur.fr\/wordpress\/wp-content\/uploads\/2017\/11\/Carte-altitudes-V\u00e9lizy.png?resize=300%2C193&amp;ssl=1 300w, https:\/\/i0.wp.com\/www.horizonemployeur.fr\/wordpress\/wp-content\/uploads\/2017\/11\/Carte-altitudes-V\u00e9lizy.png?resize=768%2C495&amp;ssl=1 768w, https:\/\/i0.wp.com\/www.horizonemployeur.fr\/wordpress\/wp-content\/uploads\/2017\/11\/Carte-altitudes-V\u00e9lizy.png?resize=1024%2C660&amp;ssl=1 1024w\" sizes=\"(max-width: 700px) 100vw, 700px\" data-recalc-dims=\"1\" \/><br \/>\n<em>Source:&nbsp;http:\/\/fr-fr.topographic-map.com.&nbsp;Les chiffres ajout\u00e9s en caract\u00e8res noirs indiquent les altitudes en m\u00e8tres<\/em><\/p>\n<p>a fait que les lignes de m\u00e9tro, de RER ou de Transilien sont toujours rest\u00e9es dans les vall\u00e9es, tout autour du plateau. Seul le tramway T6 est pr\u00e9sent sur le plateau, moyennant le franchissement de pentes qui peuvent atteindre 10 %.<\/p>\n<p><img data-attachment-id=\"3604\" data-permalink=\"https:\/\/www.horizonemployeur.fr\/wordpress\/accueil\/sedeplacer\/transports-en-commun\/carte-altitudes-velizy-avec-transports\/\" data-orig-file=\"https:\/\/i0.wp.com\/www.horizonemployeur.fr\/wordpress\/wp-content\/uploads\/2017\/11\/Carte-altitudes-V\u00e9lizy-avec-transports.png?fit=1275%2C822&amp;ssl=1\" data-orig-size=\"1275,822\" data-comments-opened=\"1\" data-image-meta=\"{&quot;aperture&quot;:&quot;0&quot;,&quot;credit&quot;:&quot;&quot;,&quot;camera&quot;:&quot;&quot;,&quot;caption&quot;:&quot;&quot;,&quot;created_timestamp&quot;:&quot;0&quot;,&quot;copyright&quot;:&quot;&quot;,&quot;focal_length&quot;:&quot;0&quot;,&quot;iso&quot;:&quot;0&quot;,&quot;shutter_speed&quot;:&quot;0&quot;,&quot;title&quot;:&quot;&quot;,&quot;orientation&quot;:&quot;0&quot;}\" data-image-title=\"Carte altitudes V\u00e9lizy avec transports\" data-image-description=\"\" data-image-caption=\"\" data-medium-file=\"https:\/\/i0.wp.com\/www.horizonemployeur.fr\/wordpress\/wp-content\/uploads\/2017\/11\/Carte-altitudes-V\u00e9lizy-avec-transports.png?fit=300%2C193&amp;ssl=1\" data-large-file=\"https:\/\/i0.wp.com\/www.horizonemployeur.fr\/wordpress\/wp-content\/uploads\/2017\/11\/Carte-altitudes-V\u00e9lizy-avec-transports.png?fit=700%2C451&amp;ssl=1\" decoding=\"async\" loading=\"lazy\" class=\"alignnone size-full wp-image-3604\" src=\"https:\/\/i0.wp.com\/www.horizonemployeur.fr\/wordpress\/wp-content\/uploads\/2017\/11\/Carte-altitudes-V\u00e9lizy-avec-transports.png?resize=700%2C451\" alt=\"\" width=\"700\" height=\"451\" srcset=\"https:\/\/i0.wp.com\/www.horizonemployeur.fr\/wordpress\/wp-content\/uploads\/2017\/11\/Carte-altitudes-V\u00e9lizy-avec-transports.png?w=1275&amp;ssl=1 1275w, https:\/\/i0.wp.com\/www.horizonemployeur.fr\/wordpress\/wp-content\/uploads\/2017\/11\/Carte-altitudes-V\u00e9lizy-avec-transports.png?resize=300%2C193&amp;ssl=1 300w, https:\/\/i0.wp.com\/www.horizonemployeur.fr\/wordpress\/wp-content\/uploads\/2017\/11\/Carte-altitudes-V\u00e9lizy-avec-transports.png?resize=768%2C495&amp;ssl=1 768w, https:\/\/i0.wp.com\/www.horizonemployeur.fr\/wordpress\/wp-content\/uploads\/2017\/11\/Carte-altitudes-V\u00e9lizy-avec-transports.png?resize=1024%2C660&amp;ssl=1 1024w\" sizes=\"(max-width: 700px) 100vw, 700px\" data-recalc-dims=\"1\" \/><\/p>\n<p>&nbsp;<\/p>\n<h2>Quelles dessertes sont-elles disponibles ?<\/h2>\n<p>Les lignes existantes ont \u00e9t\u00e9 regroup\u00e9es en 4 secteurs en compl\u00e9ment de la ligne T6:<\/p>\n<ul>\n<li><a href=\"http:\/\/www.horizonemployeur.fr\/wordpress\/accueil\/sedeplacer\/transports-en-commun\/tramway-t6\/\" target=\"_blank\" rel=\"noopener\">le tramway T6<\/a><\/li>\n<li><a title=\"Les bus c\u00f4t\u00e9&nbsp;Chaville\" href=\"http:\/\/www.horizonemployeur.fr\/wordpress\/accueil\/sedeplacer\/transports-en-commun\/bus-chaville\/\" target=\"_blank\" rel=\"noopener\">Chaville<\/a><\/li>\n<li><a title=\"Les bus c\u00f4t\u00e9&nbsp;Paris\" href=\"http:\/\/www.horizonemployeur.fr\/wordpress\/accueil\/sedeplacer\/transports-en-commun\/bus-paris\/\" target=\"_blank\" rel=\"noopener\">Communes limitrophes de Paris<\/a> (de S\u00e8vres \u00e0 la Porte d&rsquo;Orl\u00e9ans)<\/li>\n<li><a title=\"Les bus c\u00f4t\u00e9 Vall\u00e9e de la&nbsp;Bi\u00e8vre\" href=\"http:\/\/www.horizonemployeur.fr\/wordpress\/accueil\/sedeplacer\/transports-en-commun\/bus-bievre\/\" target=\"_blank\" rel=\"noopener\">Vall\u00e9e de la Bi\u00e8vre<\/a> (de Bourg-la-Reine \u00e0 Bi\u00e8vres via Massy)<\/li>\n<li><a title=\"Les bus c\u00f4t\u00e9 Versailles et St&nbsp;Quentin-en-Yvelines\" href=\"http:\/\/www.horizonemployeur.fr\/wordpress\/accueil\/sedeplacer\/transports-en-commun\/bus-versailles-sqy\/\" target=\"_blank\" rel=\"noopener\">Versailles et St-Quentin-en-Yvelines<br \/>\n<\/a><\/li>\n<\/ul>\n<p>&nbsp;<\/p>\n<h2>Comment s&rsquo;informer ? comment r\u00e9clamer ?<\/h2>\n<p>Plusieurs sites vous permettent de calculer un itin\u00e9raire.<\/p>\n<p>Chaque op\u00e9rateur met \u00e0 votre disposition au moins un site Internet, avec dans certains cas des canaux de communication compl\u00e9mentaires.<\/p>\n<p>Voyez tout cela sur cette page<\/p>\n<p>&nbsp;<\/p>\n<h2>Et apr\u00e8s le tramway ?<\/h2>\n<p>D&rsquo;autres projets de tramways, trams-trains, m\u00e9tros, &#8230; sont \u00e9galement \u00e0 l&rsquo;\u00e9tude. D\u00e9couvrez-les sur <a title=\"Les Projets de Transport en Commun\" href=\"http:\/\/www.horizonemployeur.fr\/wordpress\/projets-tc\/\">cette page<\/a>.<\/p>\n","protected":false},"excerpt":{"rendered":"<p>M\u00eame si tout n&rsquo;est pas toujours idyllique, en particulier lorsque les voies rapides que sont l&rsquo;A 86 et la RN 118 sont satur\u00e9es, les derni\u00e8res ann\u00e9es ont \u00e9t\u00e9 marqu\u00e9es par un certain nombre d&rsquo;am\u00e9liorations dans les transports en commun qui desservent Inovel Parc: le tramway T6 a (enfin) \u00e9t\u00e9 mis en service, en partie en [&hellip;]<\/p>\n","protected":false},"author":1,"featured_media":1817,"parent":1781,"menu_order":2,"comment_status":"open","ping_status":"open","template":"page-templates\/no-sidebar.php","meta":{"ngg_post_thumbnail":0,"jetpack_post_was_ever_published":false},"jetpack_sharing_enabled":true,"jetpack_shortlink":"https:\/\/wp.me\/P7AoJR-C","jetpack-related-posts":[{"id":569,"url":"https:\/\/www.horizonemployeur.fr\/wordpress\/accueil\/pdie\/pdie-he\/","url_meta":{"origin":38,"position":0},"title":"Le PDIE de l&rsquo;association \u00ab\u00a0Horizon Employeur\u00a0\u00bb","date":"13 juillet 2015","format":false,"excerpt":"Le PDIE s'est mis en place au long d'un processus comportant plusieurs \u00e9tapes: 2008-2009 (9 mois): r\u00e9alisation d'un diagnostic de la mobilit\u00e9 dans les zones d'activit\u00e9s 2009 (3 mois): d\u00e9finition du plan d'actions \u00e0 mettre en oeuvre 2010-2014: mise en oeuvre du 1er plan de d\u00e9placements 2014: bilan des 5\u2026","rel":"","context":"Article similaire","img":{"alt_text":"","src":"","width":0,"height":0},"classes":[]},{"id":3800,"url":"https:\/\/www.horizonemployeur.fr\/wordpress\/travaux-l15-pt-sevres-6\/","url_meta":{"origin":38,"position":1},"title":"Les travaux de la ligne 15 \u00e0 Pont de S\u00e8vres (partie 6)","date":"18 d\u00e9cembre 2017","format":false,"excerpt":"Que faire pendant ces 34 mois ? Suivant les probl\u00e8mes qui surviendront, il conviendra d'\u00eatre particuli\u00e8rement inventifs... Quelques r\u00e9ponses possibles, qui ne s'appliqueront pas n\u00e9cessairement toutes \u00e0 toutes les personnes impact\u00e9es, dont l'objectif principal reste de limiter les flux de v\u00e9hicules en particulier aux heures de pointe. Les itin\u00e9raires bis\u2026","rel":"","context":"Article similaire","img":{"alt_text":"","src":"https:\/\/i0.wp.com\/www.horizonemployeur.fr\/wordpress\/wp-content\/uploads\/2018\/01\/Page-Waze-RD1.png?resize=350%2C200","width":350,"height":200},"classes":[]},{"id":3004,"url":"https:\/\/www.horizonemployeur.fr\/wordpress\/contribution-bus-10-2016\/","url_meta":{"origin":38,"position":2},"title":"Contribution sur le plan bus r\u00e9gional (octobre 2016)","date":"24 octobre 2016","format":false,"excerpt":"L\u2019association Horizon Employeur Cr\u00e9\u00e9e en 2007 afin de regrouper les principales entreprises des zones d\u2019activit\u00e9s de V\u00e9lizy-Villacoublay sur les th\u00e9matiques des transports, du logement et des services aux entreprises et \u00e0 leurs collaborateurs, elle regroupe aujourd\u2019hui une quarantaine d\u2019\u00e9tablissements d\u2019Inovel Parc (V\u00e9lizy-Villacoublay et Meudon-la-For\u00eat) et de Bi\u00e8vres (Burospace), repr\u00e9sentant environ\u2026","rel":"","context":"Article similaire","img":{"alt_text":"extrait-24-est","src":"https:\/\/i0.wp.com\/www.horizonemployeur.fr\/wordpress\/wp-content\/uploads\/2016\/10\/Extrait-24-est.png?resize=350%2C200","width":350,"height":200},"classes":[]},{"id":2450,"url":"https:\/\/www.horizonemployeur.fr\/wordpress\/accessibilite-tc\/","url_meta":{"origin":38,"position":3},"title":"Des transports en commun accessibles ?","date":"12 avril 2016","format":false,"excerpt":"Pour certains voyageurs, la question d'utiliser les transports en commun ne se pose m\u00eame pas en termes de comp\u00e9titivit\u00e9 du temps de parcours par rapport \u00e0 d'autres moyens de transport. Elle se r\u00e9sume \u00e0 la question d'\u00eatre tout simplement en mesure de les emprunter. C'est la question de l'accessibilit\u00e9. Si\u2026","rel":"","context":"Article similaire","img":{"alt_text":"","src":"","width":0,"height":0},"classes":[]},{"id":2847,"url":"https:\/\/www.horizonemployeur.fr\/wordpress\/juin2016\/bus\/","url_meta":{"origin":38,"position":4},"title":"Travaux \u00e9t\u00e9 2016 sur l&rsquo;avenue Mar\u00e9chal Juin: les d\u00e9placements en bus","date":"7 juin 2016","format":false,"excerpt":"La r\u00e9alisation des travaux de voirie sur l'avenue Mar\u00e9chal Juin durant l'\u00e9t\u00e9 2016 impose la mise en sens unique dans le sens for\u00eat vers RN 118 de cette avenue au droit des num\u00e9ros 11 (Sopra Steria) et 13-15 (Bouygues Telecom). La cons\u00e9quence imm\u00e9diate est la d\u00e9viation de la ligne Ph\u00e9bus\u2026","rel":"","context":"Article similaire","img":{"alt_text":"Travaux avenue Juin 2016 d\u00c3\u00a9viation bus","src":"https:\/\/i0.wp.com\/www.horizonemployeur.fr\/wordpress\/wp-content\/uploads\/2016\/06\/Travaux-avenue-Juin-2016-d\u00c3\u00a9viation-bus.png?resize=350%2C200","width":350,"height":200},"classes":[]},{"id":1832,"url":"https:\/\/www.horizonemployeur.fr\/wordpress\/tc-prix\/","url_meta":{"origin":38,"position":5},"title":"Les transports en commun, combien \u00e7a co\u00fbte ?","date":"16 mars 2016","format":false,"excerpt":"La complexit\u00e9 du r\u00e9seau de transports en commun d'Ile-de-France se r\u00e9percute pour partie dans la complexit\u00e9 de la tarification qui s'y applique. On retrouve en effet un m\u00e9lange de: tarification origine-destination: le prix varie en fonction de mon point de d\u00e9part et de mon point d'arriv\u00e9e tarification par zone: le\u2026","rel":"","context":"Article similaire","img":{"alt_text":"","src":"https:\/\/i0.wp.com\/www.horizonemployeur.fr\/wordpress\/wp-content\/uploads\/2016\/03\/Plan-r\u00c3\u00a9gional-des-transports-petit-format-2017.03.png?resize=350%2C200","width":350,"height":200},"classes":[]}],"_links":{"self":[{"href":"https:\/\/www.horizonemployeur.fr\/wordpress\/wp-json\/wp\/v2\/pages\/38"}],"collection":[{"href":"https:\/\/www.horizonemployeur.fr\/wordpress\/wp-json\/wp\/v2\/pages"}],"about":[{"href":"https:\/\/www.horizonemployeur.fr\/wordpress\/wp-json\/wp\/v2\/types\/page"}],"author":[{"embeddable":true,"href":"https:\/\/www.horizonemployeur.fr\/wordpress\/wp-json\/wp\/v2\/users\/1"}],"replies":[{"embeddable":true,"href":"https:\/\/www.horizonemployeur.fr\/wordpress\/wp-json\/wp\/v2\/comments?post=38"}],"version-history":[{"count":5,"href":"https:\/\/www.horizonemployeur.fr\/wordpress\/wp-json\/wp\/v2\/pages\/38\/revisions"}],"predecessor-version":[{"id":3631,"href":"https:\/\/www.horizonemployeur.fr\/wordpress\/wp-json\/wp\/v2\/pages\/38\/revisions\/3631"}],"up":[{"embeddable":true,"href":"https:\/\/www.horizonemployeur.fr\/wordpress\/wp-json\/wp\/v2\/pages\/1781"}],"wp:featuredmedia":[{"embeddable":true,"href":"https:\/\/www.horizonemployeur.fr\/wordpress\/wp-json\/wp\/v2\/media\/1817"}],"wp:attachment":[{"href":"https:\/\/www.horizonemployeur.fr\/wordpress\/wp-json\/wp\/v2\/media?parent=38"}],"curies":[{"name":"wp","href":"https:\/\/api.w.org\/{rel}","templated":true}]}}