{"id":3620,"date":"2017-11-17T16:56:39","date_gmt":"2017-11-17T15:56:39","guid":{"rendered":"http:\/\/www.horizonemployeur.fr\/wordpress\/?page_id=3620"},"modified":"2017-11-17T16:56:53","modified_gmt":"2017-11-17T15:56:53","slug":"taxis","status":"publish","type":"page","link":"https:\/\/www.horizonemployeur.fr\/wordpress\/taxis\/","title":{"rendered":"Les taxis"},"content":{"rendered":"<p><img data-attachment-id=\"2604\" data-permalink=\"https:\/\/www.horizonemployeur.fr\/wordpress\/accueil\/sedeplacer\/partager-voiture\/p1130263_taxi\/\" data-orig-file=\"https:\/\/i0.wp.com\/www.horizonemployeur.fr\/wordpress\/wp-content\/uploads\/2014\/02\/P1130263_taxi.jpg?fit=400%2C191&amp;ssl=1\" data-orig-size=\"400,191\" data-comments-opened=\"1\" data-image-meta=\"{&quot;aperture&quot;:&quot;6.4&quot;,&quot;credit&quot;:&quot;&quot;,&quot;camera&quot;:&quot;DMC-TZ60&quot;,&quot;caption&quot;:&quot;&quot;,&quot;created_timestamp&quot;:&quot;1462039544&quot;,&quot;copyright&quot;:&quot;&quot;,&quot;focal_length&quot;:&quot;129&quot;,&quot;iso&quot;:&quot;160&quot;,&quot;shutter_speed&quot;:&quot;0.008&quot;,&quot;title&quot;:&quot;&quot;,&quot;orientation&quot;:&quot;0&quot;}\" data-image-title=\"P1130263_taxi\" data-image-description=\"\" data-image-caption=\"\" data-medium-file=\"https:\/\/i0.wp.com\/www.horizonemployeur.fr\/wordpress\/wp-content\/uploads\/2014\/02\/P1130263_taxi.jpg?fit=300%2C143&amp;ssl=1\" data-large-file=\"https:\/\/i0.wp.com\/www.horizonemployeur.fr\/wordpress\/wp-content\/uploads\/2014\/02\/P1130263_taxi.jpg?fit=400%2C191&amp;ssl=1\" decoding=\"async\" loading=\"lazy\" class=\"alignnone size-medium wp-image-2604\" src=\"https:\/\/i0.wp.com\/www.horizonemployeur.fr\/wordpress\/wp-content\/uploads\/2014\/02\/P1130263_taxi-300x143.jpg?resize=300%2C143\" alt=\"P1130263_taxi\" width=\"300\" height=\"143\" srcset=\"https:\/\/i0.wp.com\/www.horizonemployeur.fr\/wordpress\/wp-content\/uploads\/2014\/02\/P1130263_taxi.jpg?resize=300%2C143&amp;ssl=1 300w, https:\/\/i0.wp.com\/www.horizonemployeur.fr\/wordpress\/wp-content\/uploads\/2014\/02\/P1130263_taxi.jpg?w=400&amp;ssl=1 400w\" sizes=\"(max-width: 300px) 100vw, 300px\" data-recalc-dims=\"1\" \/><\/p>\n<p>Moyen de transport plus traditionnel, les taxis restent \u00e0 votre disposition. En particulier, sur notre secteur (liste non exhaustive \u00e9videmment):<\/p>\n<p><strong><span style=\"text-decoration: underline;\">sur V\u00e9lizy, mais aussi Viroflay et Jouy-en-Josas<\/span><\/strong><\/p>\n<ul>\n<li>Taxis Diligence, 14 bis&nbsp;avenue Robert Wagner,&nbsp;78140 V\u00e9lizy-Villacoublay &nbsp;&nbsp;01 39 46 33 33&nbsp;&nbsp;<a href=\"http:\/\/www.taxi-diligence.com\/\" target=\"_blank\" rel=\"noopener\">www.taxi-diligence.com<\/a>&nbsp;<\/li>\n<\/ul>\n<p><strong><span style=\"text-decoration: underline;\">sur Meudon-la-For\u00eat<\/span><\/strong><\/p>\n<ul>\n<li>Central R\u00e9servation 24h\/24h 7j\/7 &nbsp;&nbsp;01 46 30 90 12 \/ 06 73 38 53 01<\/li>\n<li>Pascal Audibert &nbsp; 06 07 82 45 03 \/&nbsp;01 46 30 00 54<\/li>\n<li>Eric Barnole &nbsp; 06 30 73 22 61<\/li>\n<li>Antonio Frade &nbsp;06 11 86 53 61<\/li>\n<li>Gary Migonney &nbsp;06 60 25 20 20<\/li>\n<li>Edmundo Oliveira &nbsp;06 07 42 78 15<\/li>\n<li>Patrick Vieira &nbsp;06 64 16 65 23<\/li>\n<li>Na\u00efm Elabed&nbsp;06 17 21 11 62<\/li>\n<\/ul>\n<p><span style=\"text-decoration: underline;\"><strong>sur Bi\u00e8vres<\/strong><\/span><\/p>\n<ul>\n<li>Bruno Brachet &nbsp; 06 88 21 73 86<\/li>\n<li>AMA Taxi&nbsp; &nbsp;06 20 02 40 83<\/li>\n<li>AITRA Taxi (Palaiseau) &nbsp;01 60 14 33 33<\/li>\n<\/ul>\n<h3>Les prix<\/h3>\n<ul>\n<li>Paris et Petite couronne: <a href=\"http:\/\/www.horizonemployeur.fr\/wordpress\/wp-content\/uploads\/2014\/02\/taxis_reglementation_tarifs_2016-2-PrefPolice.pdf\" target=\"_blank\" rel=\"noopener\">brochure \u00ab\u00a0Taxis parisiens :&nbsp;tarifs, r\u00e9glementation et droits des usagers\u00a0\u00bb<\/a><\/li>\n<li>Yvelines: <a href=\"http:\/\/www.horizonemployeur.fr\/wordpress\/wp-content\/uploads\/2014\/02\/arr\u00eat\u00e9-des-tarifs-des-courses-de-taxi-2017-Yvelines.pdf\" target=\"_blank\" rel=\"noopener\">arr\u00eat\u00e9 pr\u00e9fectoral 2017 045-0001 du 14 f\u00e9vrier 2017<\/a><\/li>\n<li>Essonne: <a href=\"http:\/\/www.horizonemployeur.fr\/wordpress\/wp-content\/uploads\/2014\/02\/TARIFS-TAXIS-2017-Essonne.pdf\" target=\"_blank\" rel=\"noopener\">arr\u00eat\u00e9 pr\u00e9fectoral 2017-PREF-DPAT\/3-0083 du 13 janvier 2017<\/a><\/li>\n<\/ul>\n","protected":false},"excerpt":{"rendered":"<p>Moyen de transport plus traditionnel, les taxis restent \u00e0 votre disposition. En particulier, sur notre secteur (liste non exhaustive \u00e9videmment): sur V\u00e9lizy, mais aussi Viroflay et Jouy-en-Josas Taxis Diligence, 14 bis&nbsp;avenue Robert Wagner,&nbsp;78140 V\u00e9lizy-Villacoublay &nbsp;&nbsp;01 39 46 33 33&nbsp;&nbsp;www.taxi-diligence.com&nbsp; sur Meudon-la-For\u00eat Central R\u00e9servation 24h\/24h 7j\/7 &nbsp;&nbsp;01 46 30 90 12 \/ 06 73 38 53 [&hellip;]<\/p>\n","protected":false},"author":1,"featured_media":0,"parent":0,"menu_order":0,"comment_status":"closed","ping_status":"closed","template":"page-templates\/no-sidebar.php","meta":{"ngg_post_thumbnail":0,"jetpack_post_was_ever_published":false},"jetpack_sharing_enabled":true,"jetpack_shortlink":"https:\/\/wp.me\/P7AoJR-Wo","jetpack-related-posts":[{"id":4771,"url":"https:\/\/www.horizonemployeur.fr\/wordpress\/amenagements-bus-rn118\/","url_meta":{"origin":3620,"position":0},"title":"Les am\u00e9nagements bus sur la RN 118","date":"22 mai 2018","format":false,"excerpt":"Depuis plusieurs ann\u00e9es, Ile-de-France Mobilit\u00e9s, la r\u00e9gion Ile-de-France et la DRIEA (direction r\u00e9gionale et interd\u00e9partementale de l\u2019\u00e9quipement et de l\u2019am\u00e9nagement d\u2019\u00cele-de-France) m\u00e8nent une politique d'am\u00e9nagement d'un certain nombre d'autoroutes et de voies rapides du r\u00e9seau routier national en vue de cr\u00e9er des facilit\u00e9s pour la circulation des transports en commun\u2026","rel":"","context":"Article similaire","img":{"alt_text":"","src":"https:\/\/i0.wp.com\/www.horizonemployeur.fr\/wordpress\/wp-content\/uploads\/2018\/05\/P1230656_975d.jpg?fit=975%2C466&ssl=1&resize=350%2C200","width":350,"height":200},"classes":[]},{"id":2463,"url":"https:\/\/www.horizonemployeur.fr\/wordpress\/28-05-2016\/restructuration-bus-phase-2\/restructuration-bus-phase-2-chaville\/","url_meta":{"origin":3620,"position":1},"title":"La restructuration bus sur l&rsquo;axe Chaville","date":"28 avril 2016","format":false,"excerpt":"Depuis d\u00e9cembre 2014, l'offre sur l'axe Chaville\u00a0est compos\u00e9e, hors lignes scolaires de 4 lignes: la ligne 30, Chaville-V\u00e9lizy\u00a0- V\u00e9lizy 2, assure la liaison des diff\u00e9rents quartiers de la ville, de la partie sud d'Inovel Parc Nord et du centre commercial V\u00e9lizy 2, avec la gare de Chaville-V\u00e9lizy la ligne 31,\u2026","rel":"","context":"Article similaire","img":{"alt_text":"","src":"https:\/\/i0.wp.com\/www.horizonemployeur.fr\/wordpress\/wp-content\/uploads\/2016\/04\/Plan-bus-mai-2016-axe-Chaville-300x275.png?resize=350%2C200","width":350,"height":200},"classes":[]},{"id":2517,"url":"https:\/\/www.horizonemployeur.fr\/wordpress\/28-05-2016\/restructuration-bus-phase-2\/ligne-phebus-31\/","url_meta":{"origin":3620,"position":2},"title":"La ligne Ph\u00e9bus 31 en d\u00e9tails","date":"29 avril 2016","format":false,"excerpt":"Un itin\u00e9raire modifi\u00e9 Cliquez sur l\u2019image pour la t\u00e9l\u00e9charger dans son format originel Une seule modification est apport\u00e9e \u00e0 l'itin\u00e9raire de la ligne mais elle est d'importance pour les habitants de V\u00e9lizy-le-Bas. La ligne est en effet prolong\u00e9e jusqu'\u00e0 Robert Wagner de fa\u00e7on \u00e0 apporter une correspondance directe avec le\u2026","rel":"","context":"Article similaire","img":{"alt_text":"","src":"https:\/\/i0.wp.com\/www.horizonemployeur.fr\/wordpress\/wp-content\/uploads\/2016\/04\/Ph\u00c3\u00a9bus-31-mai-2016-263x300.png?resize=350%2C200","width":350,"height":200},"classes":[]},{"id":46,"url":"https:\/\/www.horizonemployeur.fr\/wordpress\/accueil\/sedeplacer\/transports-en-commun\/tramway-t6\/","url_meta":{"origin":3620,"position":3},"title":"Le Tramway T6 (Ch\u00e2tillon &#8211; V\u00e9lizy &#8211; Viroflay)","date":"28 f\u00e9vrier 2014","format":false,"excerpt":"Depuis le 13 d\u00e9cembre 2014,\u00a0les tramways de la ligne T6 sont entr\u00e9s\u00a0en service commercial entre le terminus de la ligne 13 du m\u00e9tro, Ch\u00e2tillon-Montrouge, et la station V\u00e9lizy-Robert Wagner situ\u00e9e \u00e0 l'ouest de V\u00e9lizy. Le 28 mai 2016, la ligne T6 a \u00e9t\u00e9 prolong\u00e9e jusqu'aux 2 gares Rive Gauche et\u2026","rel":"","context":"Article similaire","img":{"alt_text":"","src":"https:\/\/i0.wp.com\/www.horizonemployeur.fr\/wordpress\/wp-content\/uploads\/2014\/02\/p1070314_800.jpg?fit=800%2C600&ssl=1&resize=350%2C200","width":350,"height":200},"classes":[]},{"id":3613,"url":"https:\/\/www.horizonemployeur.fr\/wordpress\/autolib\/","url_meta":{"origin":3620,"position":4},"title":"Le dispositif d&rsquo;autopartage Autolib&rsquo;","date":"17 novembre 2017","format":false,"excerpt":"31 JUILLET 2018: le service Autolib' est ferm\u00e9. Que ce soit sur V\u00e9lizy ou sur Meudon, les places de stationnement d\u00e9di\u00e9es \u00e0 Autolib' sont d\u00e9sormais accessibles aux seuls v\u00e9hicules \u00e9lectriques. A V\u00e9lizy, la dur\u00e9e de stationnement est limit\u00e9e \u00e0 2 heures. Autolib' est devenu en quelques ann\u00e9es le syst\u00e8me d'autopartage\u2026","rel":"","context":"Article similaire","img":{"alt_text":"","src":"https:\/\/i0.wp.com\/www.horizonemployeur.fr\/wordpress\/wp-content\/uploads\/2016\/03\/p1070085_1200x600d.jpg?resize=350%2C200","width":350,"height":200},"classes":[]},{"id":2514,"url":"https:\/\/www.horizonemployeur.fr\/wordpress\/28-05-2016\/restructuration-bus-phase-2\/ligne-phebus-23\/","url_meta":{"origin":3620,"position":5},"title":"La ligne Ph\u00e9bus 23 en d\u00e9tails","date":"29 avril 2016","format":false,"excerpt":"Un itin\u00e9raire\u00a0modifi\u00e9 Cliquez sur l\u2019image pour la t\u00e9l\u00e9charger dans son format originel Plusieurs modifications sont apport\u00e9es \u00e0 l\u2019itin\u00e9raire de la ligne 23, toutes dans V\u00e9lizy: la ligne 23 dessert le quartier Mozart-Provinces\u00a0par l'avenue de Picardie, la rue Division Leclerc et l'avenue de Savoie la ligne abandonne, en direction de V\u00e9lizy\u2026","rel":"","context":"Article similaire","img":{"alt_text":"","src":"","width":0,"height":0},"classes":[]}],"_links":{"self":[{"href":"https:\/\/www.horizonemployeur.fr\/wordpress\/wp-json\/wp\/v2\/pages\/3620"}],"collection":[{"href":"https:\/\/www.horizonemployeur.fr\/wordpress\/wp-json\/wp\/v2\/pages"}],"about":[{"href":"https:\/\/www.horizonemployeur.fr\/wordpress\/wp-json\/wp\/v2\/types\/page"}],"author":[{"embeddable":true,"href":"https:\/\/www.horizonemployeur.fr\/wordpress\/wp-json\/wp\/v2\/users\/1"}],"replies":[{"embeddable":true,"href":"https:\/\/www.horizonemployeur.fr\/wordpress\/wp-json\/wp\/v2\/comments?post=3620"}],"version-history":[{"count":1,"href":"https:\/\/www.horizonemployeur.fr\/wordpress\/wp-json\/wp\/v2\/pages\/3620\/revisions"}],"predecessor-version":[{"id":3621,"href":"https:\/\/www.horizonemployeur.fr\/wordpress\/wp-json\/wp\/v2\/pages\/3620\/revisions\/3621"}],"wp:attachment":[{"href":"https:\/\/www.horizonemployeur.fr\/wordpress\/wp-json\/wp\/v2\/media?parent=3620"}],"curies":[{"name":"wp","href":"https:\/\/api.w.org\/{rel}","templated":true}]}}