{"id":3613,"date":"2017-11-17T16:51:19","date_gmt":"2017-11-17T15:51:19","guid":{"rendered":"http:\/\/www.horizonemployeur.fr\/wordpress\/?page_id=3613"},"modified":"2018-09-04T15:29:25","modified_gmt":"2018-09-04T13:29:25","slug":"autolib","status":"publish","type":"page","link":"https:\/\/www.horizonemployeur.fr\/wordpress\/autolib\/","title":{"rendered":"Le dispositif d&rsquo;autopartage Autolib&rsquo;"},"content":{"rendered":"<p><span style=\"color: #0000ff;\">31 JUILLET 2018: le service Autolib&rsquo; est ferm\u00e9.<\/span><\/p>\n<p><span style=\"color: #0000ff;\">Que ce soit sur V\u00e9lizy ou sur Meudon, les places de stationnement d\u00e9di\u00e9es \u00e0 Autolib&rsquo; sont d\u00e9sormais accessibles aux seuls v\u00e9hicules \u00e9lectriques. A V\u00e9lizy, la dur\u00e9e de stationnement est limit\u00e9e \u00e0 2 heures.<\/span><\/p>\n<p>Autolib&rsquo; est devenu en quelques ann\u00e9es le syst\u00e8me d&rsquo;autopartage de r\u00e9f\u00e9rence sur Paris et un certain nombre de communes de la banlieue. Les Bluecar font d\u00e9sormais partie du paysage y compris dans Inovel Parc et dans ses environs.<\/p>\n<p><img data-attachment-id=\"1809\" data-permalink=\"https:\/\/www.horizonemployeur.fr\/wordpress\/autolib\/p1070085_1200x600d\/\" data-orig-file=\"https:\/\/i0.wp.com\/www.horizonemployeur.fr\/wordpress\/wp-content\/uploads\/2016\/03\/p1070085_1200x600d.jpg?fit=1200%2C600&amp;ssl=1\" data-orig-size=\"1200,600\" data-comments-opened=\"1\" data-image-meta=\"{&quot;aperture&quot;:&quot;3.3&quot;,&quot;credit&quot;:&quot;&quot;,&quot;camera&quot;:&quot;DMC-TZ60&quot;,&quot;caption&quot;:&quot;&quot;,&quot;created_timestamp&quot;:&quot;1435416076&quot;,&quot;copyright&quot;:&quot;&quot;,&quot;focal_length&quot;:&quot;4.3&quot;,&quot;iso&quot;:&quot;100&quot;,&quot;shutter_speed&quot;:&quot;0.003125&quot;,&quot;title&quot;:&quot;&quot;,&quot;orientation&quot;:&quot;0&quot;}\" data-image-title=\"P1070085_1200x600d\" data-image-description=\"\" data-image-caption=\"\" data-medium-file=\"https:\/\/i0.wp.com\/www.horizonemployeur.fr\/wordpress\/wp-content\/uploads\/2016\/03\/p1070085_1200x600d.jpg?fit=300%2C150&amp;ssl=1\" data-large-file=\"https:\/\/i0.wp.com\/www.horizonemployeur.fr\/wordpress\/wp-content\/uploads\/2016\/03\/p1070085_1200x600d.jpg?fit=700%2C350&amp;ssl=1\" decoding=\"async\" loading=\"lazy\" class=\"alignnone size-full wp-image-1809\" src=\"https:\/\/i0.wp.com\/www.horizonemployeur.fr\/wordpress\/wp-content\/uploads\/2016\/03\/p1070085_1200x600d.jpg?resize=700%2C350\" alt=\"\" width=\"700\" height=\"350\" srcset=\"https:\/\/i0.wp.com\/www.horizonemployeur.fr\/wordpress\/wp-content\/uploads\/2016\/03\/p1070085_1200x600d.jpg?w=1200&amp;ssl=1 1200w, https:\/\/i0.wp.com\/www.horizonemployeur.fr\/wordpress\/wp-content\/uploads\/2016\/03\/p1070085_1200x600d.jpg?resize=300%2C150&amp;ssl=1 300w, https:\/\/i0.wp.com\/www.horizonemployeur.fr\/wordpress\/wp-content\/uploads\/2016\/03\/p1070085_1200x600d.jpg?resize=768%2C384&amp;ssl=1 768w, https:\/\/i0.wp.com\/www.horizonemployeur.fr\/wordpress\/wp-content\/uploads\/2016\/03\/p1070085_1200x600d.jpg?resize=1024%2C512&amp;ssl=1 1024w, https:\/\/i0.wp.com\/www.horizonemployeur.fr\/wordpress\/wp-content\/uploads\/2016\/03\/p1070085_1200x600d.jpg?resize=648%2C324&amp;ssl=1 648w, https:\/\/i0.wp.com\/www.horizonemployeur.fr\/wordpress\/wp-content\/uploads\/2016\/03\/p1070085_1200x600d.jpg?resize=384%2C192&amp;ssl=1 384w\" sizes=\"(max-width: 700px) 100vw, 700px\" data-recalc-dims=\"1\" \/><\/p>\n<h3><img data-attachment-id=\"2030\" data-permalink=\"https:\/\/www.horizonemployeur.fr\/wordpress\/vignette_taxis_1200x600\/\" data-orig-file=\"https:\/\/i0.wp.com\/www.horizonemployeur.fr\/wordpress\/wp-content\/uploads\/2016\/03\/vignette_taxis_1200x600.png?fit=1200%2C600&amp;ssl=1\" data-orig-size=\"1200,600\" data-comments-opened=\"1\" data-image-meta=\"{&quot;aperture&quot;:&quot;0&quot;,&quot;credit&quot;:&quot;&quot;,&quot;camera&quot;:&quot;&quot;,&quot;caption&quot;:&quot;&quot;,&quot;created_timestamp&quot;:&quot;0&quot;,&quot;copyright&quot;:&quot;&quot;,&quot;focal_length&quot;:&quot;0&quot;,&quot;iso&quot;:&quot;0&quot;,&quot;shutter_speed&quot;:&quot;0&quot;,&quot;title&quot;:&quot;&quot;,&quot;orientation&quot;:&quot;0&quot;}\" data-image-title=\"Vignette_taxis_1200x600\" data-image-description=\"\" data-image-caption=\"\" data-medium-file=\"https:\/\/i0.wp.com\/www.horizonemployeur.fr\/wordpress\/wp-content\/uploads\/2016\/03\/vignette_taxis_1200x600.png?fit=300%2C150&amp;ssl=1\" data-large-file=\"https:\/\/i0.wp.com\/www.horizonemployeur.fr\/wordpress\/wp-content\/uploads\/2016\/03\/vignette_taxis_1200x600.png?fit=700%2C350&amp;ssl=1\" decoding=\"async\" loading=\"lazy\" class=\"alignnone size-full wp-image-2030\" src=\"https:\/\/i0.wp.com\/www.horizonemployeur.fr\/wordpress\/wp-content\/uploads\/2016\/03\/places-autolib-vc3a9lizy-03-2016.png?resize=700%2C365\" alt=\"Places Autolib V\u00e9lizy 03-2016\" width=\"700\" height=\"365\"  data-recalc-dims=\"1\"><\/h3>\n<h3>Meudon-la-For\u00eat<\/h3>\n<p>Plusieurs stations Autolib&rsquo; sont op\u00e9rationnelles sur Meudon-la-For\u00eat depuis maintenant plusieurs ann\u00e9es:<\/p>\n<ul>\n<li>3 rue Jeanne Braconnier (Parc Tertiaire de Meudon): 5 emplacements<\/li>\n<li>18 avenue Mar\u00e9chal Juin: 5 emplacements<\/li>\n<li>19 avenue G\u00e9n\u00e9ral de Gaulle: 6 emplacements<\/li>\n<\/ul>\n<h3>V\u00e9lizy-Villacoublay<\/h3>\n<p>5&nbsp;stations Autolib&rsquo; ont vu le jour \u00e0 V\u00e9lizy durant l&rsquo;ann\u00e9e&nbsp;2015:<\/p>\n<ul>\n<li>17 avenue Robert Wagner (station T6 Robert Wagner): 6 emplacements<\/li>\n<li>8 avenue Capitaine Tarron (station T6 Mairie de V\u00e9lizy, \u00e0 proximit\u00e9 de l&rsquo;h\u00f4tel de ville): 4 emplacements<\/li>\n<li>2 rue Paul Dautier (station T6 Inovel Parc Nord): 7 emplacements<\/li>\n<li>1 rue Dewoitine (station T6 Dewoitine): 6 emplacements<\/li>\n<li>2 rue Marcel Dassault (station T6 Dewoitine): 6 emplacements<\/li>\n<\/ul>\n<h3>Clamart<\/h3>\n<p>Une station situ\u00e9e sur Clamart dessert une partie de Meudon-la-For\u00eat et Inovel Parc Est sur V\u00e9lizy:<\/p>\n<ul>\n<li>137 rue de la Bourcili\u00e8re \u00e0 Clamart (\u00e0 proximit\u00e9 du carrefour Rue du Petit Clamart \/ Avenue de Villacoublay): 6 emplacements<\/li>\n<\/ul>\n<h3>Et ailleurs<\/h3>\n<p>Des stations sont disponibles dans de nombreuses communes voisines:<\/p>\n<ul>\n<li>Paris<\/li>\n<li>sur les Yvelines: Versailles, Le Chesnay<\/li>\n<li>sur l&rsquo;Essonne: Verri\u00e8res mais aussi Jouy-en-Josas (campus HEC)<\/li>\n<li>sur les Hauts-de-Seine: Antony, Bagneux, Boulogne, Ch\u00e2tenay, Ch\u00e2tillon, Chaville, Clamart, Fontenay, Garches, Issy, Le Plessis, Malakoff, Meudon, Montrouge, Saint-Cloud, Sceaux, S\u00e8vres, Vanves, Vaucresson, Ville d&rsquo;Avray<\/li>\n<li>sur le Val-de-Marne: Arcueil, Cachan, Rungis, Villejuif<\/li>\n<\/ul>\n<p>Ci-dessous, les communes adh\u00e9rant au syst\u00e8me Autolib&nbsp;en novembre 2017:&nbsp;<\/p>\n<p><img data-attachment-id=\"3614\" data-permalink=\"https:\/\/www.horizonemployeur.fr\/wordpress\/autolib\/perimetre-autolib-novembre-2017\/\" data-orig-file=\"https:\/\/i0.wp.com\/www.horizonemployeur.fr\/wordpress\/wp-content\/uploads\/2017\/11\/P\u00e9rim\u00e8tre-Autolib-novembre-2017.png?fit=692%2C490&amp;ssl=1\" data-orig-size=\"692,490\" data-comments-opened=\"1\" data-image-meta=\"{&quot;aperture&quot;:&quot;0&quot;,&quot;credit&quot;:&quot;&quot;,&quot;camera&quot;:&quot;&quot;,&quot;caption&quot;:&quot;&quot;,&quot;created_timestamp&quot;:&quot;0&quot;,&quot;copyright&quot;:&quot;&quot;,&quot;focal_length&quot;:&quot;0&quot;,&quot;iso&quot;:&quot;0&quot;,&quot;shutter_speed&quot;:&quot;0&quot;,&quot;title&quot;:&quot;&quot;,&quot;orientation&quot;:&quot;0&quot;}\" data-image-title=\"P\u00e9rim\u00e8tre Autolib novembre 2017\" data-image-description=\"\" data-image-caption=\"\" data-medium-file=\"https:\/\/i0.wp.com\/www.horizonemployeur.fr\/wordpress\/wp-content\/uploads\/2017\/11\/P\u00e9rim\u00e8tre-Autolib-novembre-2017.png?fit=300%2C212&amp;ssl=1\" data-large-file=\"https:\/\/i0.wp.com\/www.horizonemployeur.fr\/wordpress\/wp-content\/uploads\/2017\/11\/P\u00e9rim\u00e8tre-Autolib-novembre-2017.png?fit=692%2C490&amp;ssl=1\" decoding=\"async\" loading=\"lazy\" class=\"alignnone size-full wp-image-3614\" src=\"https:\/\/i0.wp.com\/www.horizonemployeur.fr\/wordpress\/wp-content\/uploads\/2017\/11\/P\u00e9rim\u00e8tre-Autolib-novembre-2017.png?resize=692%2C490\" alt=\"\" width=\"692\" height=\"490\" srcset=\"https:\/\/i0.wp.com\/www.horizonemployeur.fr\/wordpress\/wp-content\/uploads\/2017\/11\/P\u00e9rim\u00e8tre-Autolib-novembre-2017.png?w=692&amp;ssl=1 692w, https:\/\/i0.wp.com\/www.horizonemployeur.fr\/wordpress\/wp-content\/uploads\/2017\/11\/P\u00e9rim\u00e8tre-Autolib-novembre-2017.png?resize=300%2C212&amp;ssl=1 300w\" sizes=\"(max-width: 692px) 100vw, 692px\" data-recalc-dims=\"1\" \/><\/p>\n<h3>Pour en savoir plus<\/h3>\n<p>Pour plus d&rsquo;informations, vous pouvez vous rendre<\/p>\n<ul>\n<li>sur le site de l&rsquo;op\u00e9rateur:&nbsp;<a title=\"Autolib' Paris\" href=\"http:\/\/www.autolib.eu\">www.autolib.eu<\/a><\/li>\n<li>sur le site du syndicat Autolib&rsquo; Velib&rsquo; M\u00e9tropole:&nbsp;<a href=\"https:\/\/www.autolibmetropole.fr\/\" target=\"_blank\" rel=\"noopener\">https:\/\/www.autolibmetropole.fr\/<\/a>&nbsp;<\/li>\n<\/ul>\n","protected":false},"excerpt":{"rendered":"<p>31 JUILLET 2018: le service Autolib&rsquo; est ferm\u00e9. Que ce soit sur V\u00e9lizy ou sur Meudon, les places de stationnement d\u00e9di\u00e9es \u00e0 Autolib&rsquo; sont d\u00e9sormais accessibles aux seuls v\u00e9hicules \u00e9lectriques. A V\u00e9lizy, la dur\u00e9e de stationnement est limit\u00e9e \u00e0 2 heures. Autolib&rsquo; est devenu en quelques ann\u00e9es le syst\u00e8me d&rsquo;autopartage de r\u00e9f\u00e9rence sur Paris et [&hellip;]<\/p>\n","protected":false},"author":1,"featured_media":0,"parent":0,"menu_order":0,"comment_status":"closed","ping_status":"closed","template":"page-templates\/no-sidebar.php","meta":{"ngg_post_thumbnail":0,"jetpack_post_was_ever_published":false},"jetpack_sharing_enabled":true,"jetpack_shortlink":"https:\/\/wp.me\/P7AoJR-Wh","jetpack-related-posts":[{"id":1731,"url":"https:\/\/www.horizonemployeur.fr\/wordpress\/inovel-parc\/","url_meta":{"origin":3613,"position":0},"title":"Inovel Parc","date":"1 janvier 2017","format":false,"excerpt":"Inovel Parc, c'est l'ensemble des parcs d'activit\u00e9s de V\u00e9lizy-Villacoublay et de Meudon-la-For\u00eat. Inovel Parc, ce sont plus de 40 000 salari\u00e9s et plus de 50 000 clients qui tous les jours se rendent dans les centres commerciaux: V\u00e9lizy 2, L'Usine Mode et Maison (ex Usines Center) et La Maison Villacoublay\u2026","rel":"","context":"Article similaire","img":{"alt_text":"","src":"https:\/\/i0.wp.com\/www.horizonemployeur.fr\/wordpress\/wp-content\/uploads\/2014\/02\/logo-rvb1.jpg?resize=350%2C200","width":350,"height":200},"classes":[]},{"id":30,"url":"https:\/\/www.horizonemployeur.fr\/wordpress\/accueil\/inovelparc\/parc-inovelparc\/","url_meta":{"origin":3613,"position":1},"title":"Le parc d&rsquo;activit\u00e9s \u00ab\u00a0Inovel Parc\u00a0\u00bb","date":"27 f\u00e9vrier 2014","format":false,"excerpt":"INOVEL PARC INOVEL PARC, c'est l'ensemble des parcs d'activit\u00e9s de V\u00e9lizy-Villacoublay et de Meudon-la-For\u00eat. INOVEL PARC, ce sont plus de 40 000 salari\u00e9s et plus de 50 000 clients qui tous les jours se rendent dans les centres commerciaux: V\u00e9lizy 2, L'Usine Mode et Maison (ex Usines Center) et La\u2026","rel":"","context":"Avec 2 commentaires","img":{"alt_text":"","src":"https:\/\/i0.wp.com\/www.horizonemployeur.fr\/wordpress\/wp-content\/uploads\/2016\/04\/vignette-inovel-parc-600x430-1.png?fit=600%2C430&ssl=1&resize=350%2C200","width":350,"height":200},"classes":[]},{"id":696,"url":"https:\/\/www.horizonemployeur.fr\/wordpress\/accueil\/inovelparc\/adherents\/","url_meta":{"origin":3613,"position":2},"title":"L&rsquo;association Horizon Employeur","date":"27 ao\u00fbt 2015","format":false,"excerpt":"L'association Horizon Employeur a \u00e9t\u00e9 cr\u00e9\u00e9e en janvier 2007. La finalit\u00e9 de l'association est \u00ab la mise en oeuvre d'actions collectives, \u00e0 destination prioritairement des membres de l'association et de leurs employ\u00e9s, dans les domaines du transport, du logement et des services \u00bb. Elle comprend aujourd'hui une quarantaine d'entreprises du\u2026","rel":"","context":"Article similaire","img":{"alt_text":"","src":"https:\/\/i0.wp.com\/www.horizonemployeur.fr\/wordpress\/wp-content\/uploads\/2016\/04\/logo-he-600x430.png?fit=600%2C430&ssl=1&resize=350%2C200","width":350,"height":200},"classes":[]},{"id":46,"url":"https:\/\/www.horizonemployeur.fr\/wordpress\/accueil\/sedeplacer\/transports-en-commun\/tramway-t6\/","url_meta":{"origin":3613,"position":3},"title":"Le Tramway T6 (Ch\u00e2tillon &#8211; V\u00e9lizy &#8211; Viroflay)","date":"28 f\u00e9vrier 2014","format":false,"excerpt":"Depuis le 13 d\u00e9cembre 2014,\u00a0les tramways de la ligne T6 sont entr\u00e9s\u00a0en service commercial entre le terminus de la ligne 13 du m\u00e9tro, Ch\u00e2tillon-Montrouge, et la station V\u00e9lizy-Robert Wagner situ\u00e9e \u00e0 l'ouest de V\u00e9lizy. Le 28 mai 2016, la ligne T6 a \u00e9t\u00e9 prolong\u00e9e jusqu'aux 2 gares Rive Gauche et\u2026","rel":"","context":"Article similaire","img":{"alt_text":"","src":"https:\/\/i0.wp.com\/www.horizonemployeur.fr\/wordpress\/wp-content\/uploads\/2014\/02\/p1070314_800.jpg?fit=800%2C600&ssl=1&resize=350%2C200","width":350,"height":200},"classes":[]},{"id":4771,"url":"https:\/\/www.horizonemployeur.fr\/wordpress\/amenagements-bus-rn118\/","url_meta":{"origin":3613,"position":4},"title":"Les am\u00e9nagements bus sur la RN 118","date":"22 mai 2018","format":false,"excerpt":"Depuis plusieurs ann\u00e9es, Ile-de-France Mobilit\u00e9s, la r\u00e9gion Ile-de-France et la DRIEA (direction r\u00e9gionale et interd\u00e9partementale de l\u2019\u00e9quipement et de l\u2019am\u00e9nagement d\u2019\u00cele-de-France) m\u00e8nent une politique d'am\u00e9nagement d'un certain nombre d'autoroutes et de voies rapides du r\u00e9seau routier national en vue de cr\u00e9er des facilit\u00e9s pour la circulation des transports en commun\u2026","rel":"","context":"Article similaire","img":{"alt_text":"","src":"https:\/\/i0.wp.com\/www.horizonemployeur.fr\/wordpress\/wp-content\/uploads\/2018\/05\/P1230656_975d.jpg?fit=975%2C466&ssl=1&resize=350%2C200","width":350,"height":200},"classes":[]},{"id":107,"url":"https:\/\/www.horizonemployeur.fr\/wordpress\/vehicule-motorise\/","url_meta":{"origin":3613,"position":5},"title":"Utiliser son propre v\u00e9hicule motoris\u00e9","date":"7 mars 2014","format":false,"excerpt":"Les pages pr\u00e9c\u00e9dentes ne vous ont pas permis de trouver la solution adapt\u00e9e pour vous rendre \u00e0 Inovel Parc ou le quitter. Il reste donc le v\u00e9hicule individuel motoris\u00e9, que celui-ci ait\u00a02 (v\u00e9lomoteurs, scooters, motos), 3 (scooters) ou 4 (voitures) roues. La circulation autour d'Inovel Parc \u00e9tant ce qu'elle est\u2026","rel":"","context":"Article similaire","img":{"alt_text":"","src":"","width":0,"height":0},"classes":[]}],"_links":{"self":[{"href":"https:\/\/www.horizonemployeur.fr\/wordpress\/wp-json\/wp\/v2\/pages\/3613"}],"collection":[{"href":"https:\/\/www.horizonemployeur.fr\/wordpress\/wp-json\/wp\/v2\/pages"}],"about":[{"href":"https:\/\/www.horizonemployeur.fr\/wordpress\/wp-json\/wp\/v2\/types\/page"}],"author":[{"embeddable":true,"href":"https:\/\/www.horizonemployeur.fr\/wordpress\/wp-json\/wp\/v2\/users\/1"}],"replies":[{"embeddable":true,"href":"https:\/\/www.horizonemployeur.fr\/wordpress\/wp-json\/wp\/v2\/comments?post=3613"}],"version-history":[{"count":4,"href":"https:\/\/www.horizonemployeur.fr\/wordpress\/wp-json\/wp\/v2\/pages\/3613\/revisions"}],"predecessor-version":[{"id":5495,"href":"https:\/\/www.horizonemployeur.fr\/wordpress\/wp-json\/wp\/v2\/pages\/3613\/revisions\/5495"}],"wp:attachment":[{"href":"https:\/\/www.horizonemployeur.fr\/wordpress\/wp-json\/wp\/v2\/media?parent=3613"}],"curies":[{"name":"wp","href":"https:\/\/api.w.org\/{rel}","templated":true}]}}