{"id":3610,"date":"2017-11-17T12:25:12","date_gmt":"2017-11-17T11:25:12","guid":{"rendered":"http:\/\/www.horizonemployeur.fr\/wordpress\/?page_id=3610"},"modified":"2017-12-06T13:24:24","modified_gmt":"2017-12-06T12:24:24","slug":"covoiturage","status":"publish","type":"page","link":"https:\/\/www.horizonemployeur.fr\/wordpress\/covoiturage\/","title":{"rendered":"Le covoiturage"},"content":{"rendered":"<p>Le covoiturage, c&rsquo;est un trajet partag\u00e9 entre membres de la famille ou voisins, ou entre coll\u00e8gues d&rsquo;un m\u00eame service ou d&rsquo;une m\u00eame entreprise.<\/p>\n<p>Mais ce dispositif peut \u00eatre \u00e9largi entre salari\u00e9s de diff\u00e9rentes entreprises d&rsquo;Inovel Parc ou personnes partageant simplement toute ou partie d&rsquo;un m\u00eame trajet. Afin de faciliter la mise en relation, plusieurs dispositifs ont \u00e9t\u00e9 mis en place, principalement des plateformes accessibles par un simple smartphone.<\/p>\n<p>Depuis le 1er octobre 2017, et dans le cadre de ses comp\u00e9tences \u00e9largies, Ile-de-France Mobilit\u00e9s a pris la d\u00e9cision de promouvoir le covoiturage dans le cadre d&rsquo;une op\u00e9ration \u00ab\u00a0Tous ensemble pour le covoiturage\u00a0\u00bb en partenariat avec 17 op\u00e9rateurs:<\/p>\n<ul>\n<li>int\u00e9gration des offres de trajet dans Vianavigo<\/li>\n<li>\u00e0 titre exp\u00e9rimental jusqu&rsquo;\u00e0 la mi-2018, subvention de chaque trajet effectu\u00e9 en covoiturage \u00e0 raison de 2 euros<\/li>\n<li>d\u00e9veloppement des facilit\u00e9s r\u00e9serv\u00e9es aux covoitureurs (places r\u00e9serv\u00e9es dans les parcs relais)<\/li>\n<\/ul>\n<p><a href=\"http:\/\/www.horizonemployeur.fr\/wordpress\/wp-content\/uploads\/2014\/02\/Communique-Avec-le-covoiturage-Ile-de-France-Mobilit\u00e9s-veut-faire-de-la-voiture-un-mode-de-transport-en-commun-compl\u00e9mentaire-180917.pdf\">Communiqu\u00e9 de presse Ile-de-France Mobilit\u00e9s du 18 septembre 2017<\/a><\/p>\n<p>La communaut\u00e9 d&rsquo;agglom\u00e9ration <strong>Versailles Grand Parc<\/strong> (dont font partie V\u00e9lizy et Bi\u00e8vres) a d\u00e9cid\u00e9 de promouvoir 2 op\u00e9rateurs, en particulier sur le secteur de Satory:<\/p>\n<ul>\n<li>Karos, dans le cadre de d\u00e9placements programm\u00e9s (la plateforme analyse vos habitudes de d\u00e9placement pour vous proposer chaque jour le(s) trajet(s) correspondant le plus \u00e0 vos pratiques<br \/>\n<a href=\"https:\/\/www.karos.fr\/\" target=\"_blank\" rel=\"noopener\">https:\/\/www.karos.fr\/<\/a>&nbsp;<\/li>\n<li>Ouihop, dans le cadre de d\u00e9placements \u00ab\u00a0\u00e0 la vol\u00e9e\u00a0\u00bb (la plateforme regarde en fonction de votre position et de votre destination si des covoitureurs peuvent vous aider)<br \/>\n<a href=\"https:\/\/www.ouihop.com\/\" target=\"_blank\" rel=\"noopener\">https:\/\/www.ouihop.com\/<\/a><\/li>\n<\/ul>\n<p>L\u00a0\u00bb\u00e9tablissement public territorial <strong>Grand Paris Seine Ouest<\/strong> (auquel est rattach\u00e9 Meudon) travaille en partenariat avec<\/p>\n<ul>\n<li>WayzUp,&nbsp;application pour covoiturer sur les trajets domicile-travail<br \/>\n<a href=\"https:\/\/www.wayzup.com\/\" target=\"_blank\" rel=\"noopener\">https:\/\/www.wayzup.com\/<\/a><\/li>\n<li>Citygoo, application pour favoriser le&nbsp;covoiturage urbain instantan\u00e9<br \/>\n<a href=\"http:\/\/www.citygoo.fr\/\" target=\"_blank\" rel=\"noopener\">http:\/\/www.citygoo.fr\/<\/a><\/li>\n<\/ul>\n<p>Pour plus d&rsquo;informations, consultez la page <a href=\"https:\/\/www.seineouest.fr\/covoiturage2017.html\" target=\"_blank\" rel=\"noopener\">https:\/\/www.seineouest.fr\/covoiturage2017.html<\/a><\/p>\n","protected":false},"excerpt":{"rendered":"<p>Le covoiturage, c&rsquo;est un trajet partag\u00e9 entre membres de la famille ou voisins, ou entre coll\u00e8gues d&rsquo;un m\u00eame service ou d&rsquo;une m\u00eame entreprise. Mais ce dispositif peut \u00eatre \u00e9largi entre salari\u00e9s de diff\u00e9rentes entreprises d&rsquo;Inovel Parc ou personnes partageant simplement toute ou partie d&rsquo;un m\u00eame trajet. Afin de faciliter la mise en relation, plusieurs dispositifs [&hellip;]<\/p>\n","protected":false},"author":1,"featured_media":0,"parent":0,"menu_order":0,"comment_status":"closed","ping_status":"closed","template":"page-templates\/no-sidebar.php","meta":{"ngg_post_thumbnail":0,"jetpack_post_was_ever_published":false},"jetpack_sharing_enabled":true,"jetpack_shortlink":"https:\/\/wp.me\/P7AoJR-We","jetpack-related-posts":[{"id":3800,"url":"https:\/\/www.horizonemployeur.fr\/wordpress\/travaux-l15-pt-sevres-6\/","url_meta":{"origin":3610,"position":0},"title":"Les travaux de la ligne 15 \u00e0 Pont de S\u00e8vres (partie 6)","date":"18 d\u00e9cembre 2017","format":false,"excerpt":"Que faire pendant ces 34 mois ? Suivant les probl\u00e8mes qui surviendront, il conviendra d'\u00eatre particuli\u00e8rement inventifs... Quelques r\u00e9ponses possibles, qui ne s'appliqueront pas n\u00e9cessairement toutes \u00e0 toutes les personnes impact\u00e9es, dont l'objectif principal reste de limiter les flux de v\u00e9hicules en particulier aux heures de pointe. Les itin\u00e9raires bis\u2026","rel":"","context":"Article similaire","img":{"alt_text":"","src":"https:\/\/i0.wp.com\/www.horizonemployeur.fr\/wordpress\/wp-content\/uploads\/2018\/01\/Page-Waze-RD1.png?resize=350%2C200","width":350,"height":200},"classes":[]},{"id":35,"url":"https:\/\/www.horizonemployeur.fr\/wordpress\/accueil\/sedeplacer\/partager-voiture\/","url_meta":{"origin":3610,"position":1},"title":"Partager une voiture","date":"27 f\u00e9vrier 2014","format":false,"excerpt":"Que ce soit par souci d'optimiser le remplissage de sa voiture ou de celle d'un coll\u00e8gue ou par volont\u00e9 de n'effectuer qu'une partie de son trajet en voiture, d'autres possibilit\u00e9s existent pour utiliser sa voiture avec d'autres personnes, ou utiliser une autre voiture que la sienne. Le covoiturage Le dispositif\u2026","rel":"","context":"Article similaire","img":{"alt_text":"","src":"","width":0,"height":0},"classes":[]},{"id":821,"url":"https:\/\/www.horizonemployeur.fr\/wordpress\/accueil\/sedeplacer\/securite-routiere\/conduire-en-hiver-2\/conduire-en-hiver\/","url_meta":{"origin":3610,"position":2},"title":"Conduire en hiver: quelques r\u00e8gles","date":"20 octobre 2015","format":false,"excerpt":"Quelques r\u00e8gles essentielles pour se d\u00e9placer avec le maximum de s\u00e9curit\u00e9 en hiver. L'hiver, ce sont la neige, le brouillard, le verglas, avec des cons\u00e9quences qui leur sont propres... Vous circulez en voiture (ou avec un 2 roues motoris\u00e9s).... D\u00e8s le d\u00e9but de l'hiver.... (en 2010, la neige s'\u00e9tait invit\u00e9e\u2026","rel":"","context":"Article similaire","img":{"alt_text":"","src":"","width":0,"height":0},"classes":[]},{"id":33,"url":"https:\/\/www.horizonemployeur.fr\/wordpress\/accueil\/sedeplacer\/circulations-douces\/","url_meta":{"origin":3610,"position":3},"title":"Les Circulations Douces","date":"27 f\u00e9vrier 2014","format":false,"excerpt":"Les circulations douces (ou circulations actives) sont les modes de transport dans lesquels seule (ou pratiquement seule) l'\u00e9nergie du voyageur est mis en oeuvre. \u00a0 La marche \u00e0 pied Pour qui habite V\u00e9lizy ou Meudon-la-For\u00eat, voire quelques autres communes environnantes, la marche \u00e0 pied peut \u00eatre, surtout par beau temps,\u2026","rel":"","context":"Article similaire","img":{"alt_text":"","src":"https:\/\/i0.wp.com\/www.horizonemployeur.fr\/wordpress\/wp-content\/uploads\/2016\/03\/20141121_175251_1200x600d.jpg?fit=1200%2C600&ssl=1&resize=350%2C200","width":350,"height":200},"classes":[]},{"id":1832,"url":"https:\/\/www.horizonemployeur.fr\/wordpress\/tc-prix\/","url_meta":{"origin":3610,"position":4},"title":"Les transports en commun, combien \u00e7a co\u00fbte ?","date":"16 mars 2016","format":false,"excerpt":"La complexit\u00e9 du r\u00e9seau de transports en commun d'Ile-de-France se r\u00e9percute pour partie dans la complexit\u00e9 de la tarification qui s'y applique. On retrouve en effet un m\u00e9lange de: tarification origine-destination: le prix varie en fonction de mon point de d\u00e9part et de mon point d'arriv\u00e9e tarification par zone: le\u2026","rel":"","context":"Article similaire","img":{"alt_text":"","src":"https:\/\/i0.wp.com\/www.horizonemployeur.fr\/wordpress\/wp-content\/uploads\/2016\/03\/Plan-r\u00c3\u00a9gional-des-transports-petit-format-2017.03.png?resize=350%2C200","width":350,"height":200},"classes":[]},{"id":253,"url":"https:\/\/www.horizonemployeur.fr\/wordpress\/accueil\/pdie\/ppa\/ppa_reg1\/","url_meta":{"origin":3610,"position":5},"title":"La mesure r\u00e9glementaire n\u00b01 du PPA","date":"9 mai 2014","format":false,"excerpt":"Que ce soit dans la version de 2006 ou dans la version de 2013, le Plan de Protection de l'Atmosph\u00e8re d'Ile-de-France demande aux grands p\u00f4les g\u00e9n\u00e9rateurs de trafic d'\u00e9laborer et de mettre en oeuvre des Plans de D\u00e9placements. \u00a0 Qu'est-ce qu'un Plan de D\u00e9placements ? Un Plan de D\u00e9placements a\u2026","rel":"","context":"Article similaire","img":{"alt_text":"","src":"","width":0,"height":0},"classes":[]}],"_links":{"self":[{"href":"https:\/\/www.horizonemployeur.fr\/wordpress\/wp-json\/wp\/v2\/pages\/3610"}],"collection":[{"href":"https:\/\/www.horizonemployeur.fr\/wordpress\/wp-json\/wp\/v2\/pages"}],"about":[{"href":"https:\/\/www.horizonemployeur.fr\/wordpress\/wp-json\/wp\/v2\/types\/page"}],"author":[{"embeddable":true,"href":"https:\/\/www.horizonemployeur.fr\/wordpress\/wp-json\/wp\/v2\/users\/1"}],"replies":[{"embeddable":true,"href":"https:\/\/www.horizonemployeur.fr\/wordpress\/wp-json\/wp\/v2\/comments?post=3610"}],"version-history":[{"count":2,"href":"https:\/\/www.horizonemployeur.fr\/wordpress\/wp-json\/wp\/v2\/pages\/3610\/revisions"}],"predecessor-version":[{"id":3699,"href":"https:\/\/www.horizonemployeur.fr\/wordpress\/wp-json\/wp\/v2\/pages\/3610\/revisions\/3699"}],"wp:attachment":[{"href":"https:\/\/www.horizonemployeur.fr\/wordpress\/wp-json\/wp\/v2\/media?parent=3610"}],"curies":[{"name":"wp","href":"https:\/\/api.w.org\/{rel}","templated":true}]}}