{"id":3441,"date":"2017-11-02T17:10:01","date_gmt":"2017-11-02T16:10:01","guid":{"rendered":"http:\/\/www.horizonemployeur.fr\/wordpress\/?page_id=3441"},"modified":"2017-11-02T17:10:01","modified_gmt":"2017-11-02T16:10:01","slug":"residences-etudiants","status":"publish","type":"page","link":"https:\/\/www.horizonemployeur.fr\/wordpress\/se-loger\/residences-etudiants\/","title":{"rendered":"Les r\u00e9sidences \u00e9tudiants et jeunes actifs"},"content":{"rendered":"<h2>Les ressources sur Inovel Parc<\/h2>\n<h3>Gestion ARPEJ<\/h3>\n<p>Les r\u00e9sidences g\u00e9r\u00e9es par l\u2019association ARPEJ sont destin\u00e9es aux \u00e9tudiants, aux jeunes actifs et aux chercheurs.<\/p>\n<p>3 r\u00e9sidences existent sur Inovel Parc Nord:<\/p>\n<ul>\n<li><strong>Victor Guerreau<\/strong>&nbsp;(Univer\u2019city = \u00e9tudiants seulement)<br \/>\n5 rue Paul Dautier<br \/>\n<a href=\"https:\/\/www.arpej.fr\/residences\/residence-victor-guerreau\/\" target=\"_blank\" rel=\"noopener\">Fiche<\/a><\/li>\n<li><strong>Campuseo<\/strong>&nbsp;(Univer\u2019city = \u00e9tudiants et ProLog = jeunes actifs)<br \/>\n12 rue des Fr\u00e8res Caudron<br \/>\n<a href=\"https:\/\/www.arpej.fr\/residences\/residence-campuseo\/\" target=\"_blank\" rel=\"noopener\">Fiche<\/a>&nbsp;(\u00e9tudiants) \/&nbsp;<a href=\"https:\/\/www.arpej.fr\/residences\/residence-campuseo-2\/\" target=\"_blank\" rel=\"noopener\">Fiche<\/a>&nbsp;(jeunes actifs)<\/li>\n<li><strong>Millenium<\/strong>&nbsp;(Univer\u2019city = \u00e9tudiants et ProLog = jeunes actifs)<br \/>\n9 place de l\u2019Europe<br \/>\n<a href=\"https:\/\/www.arpej.fr\/residences\/residence-millenium\/\" target=\"_blank\" rel=\"noopener\">Fiche<\/a>&nbsp;(\u00e9tudiants) \/&nbsp;<a href=\"https:\/\/www.arpej.fr\/residences\/residence-millenium-2\/\" target=\"_blank\" rel=\"noopener\">Fiche<\/a>&nbsp;(jeunes actifs)<\/li>\n<\/ul>\n<p>Une autre, d\u00e9di\u00e9e aux chercheurs, se situe \u00e0 proximit\u00e9, sur Meudon:<\/p>\n<ul>\n<li><strong>Berthelot<\/strong>&nbsp;(AxiHome = chercheurs&nbsp;seulement)<br \/>\n30, avenue Marcelin Berthelot, Meudon<br \/>\n<a href=\"https:\/\/www.arpej.fr\/residences\/residence-berthelot\/\" target=\"_blank\" rel=\"noopener\">Fiche<\/a><\/li>\n<\/ul>\n<p>&nbsp;<\/p>\n<h3>Gestion SA HLM IRP<\/h3>\n<p>Une autre r\u00e9sidence existe, g\u00e9r\u00e9e par la SA HLM IRP. Elle est r\u00e9serv\u00e9e aux \u00e9tudiants:<\/p>\n<ul>\n<li><strong>Les Aviateurs<\/strong><br \/>\n14 rue Paul Dautier<br \/>\n<a href=\"http:\/\/www.hlm-irp.com\/irp-espace_etudiant-4-56-Logement-etudiant-a--Velizy-Villacoublay.html\" target=\"_blank\" rel=\"noopener\">Fiche<\/a><\/li>\n<\/ul>\n<p>&nbsp;<\/p>\n<h3>Gestion Logistart (groupe Logirep)<\/h3>\n<p>Une nouvelle r\u00e9sidence devrait ouvrir \u00e0 l\u2019\u00e9t\u00e9 2018, \u00e0 l\u2019attention des \u00e9tudiants (229 studios) et des jeunes actifs (43 studios), au 10 rue Paul Dautier.<\/p>\n<p>&nbsp;<\/p>\n<h2>Des&nbsp;ressources aux environs<\/h2>\n<h3>Boulogne-Billancourt<\/h3>\n<ul>\n<li><strong>R\u00e9sidence RJT Boulogne-Solferino&nbsp;(ALJT)<br \/>\n<\/strong>pour les jeunes de 18 \u00e0 26 ans en d\u00e9but de parcours profes\u00adsionnel ou professionnalisant<br \/>\n23 rue de Solferino, Boulogne<br \/>\n<a href=\"http:\/\/www.aljt.com\/residence\/boulogne-solferino\/\" target=\"_blank\" rel=\"noopener\">Fiche<\/a><\/li>\n<li><strong>R\u00e9sidence RJT Boulogne-Vieux Pont de S\u00e8vres (ALJT)<br \/>\n<\/strong>pour les jeunes de 18 \u00e0 26 ans en d\u00e9but de parcours profes\u00adsionnel ou professionnalisant<br \/>\n155 rue du Vieux Pont de S\u00e8vres, Boulogne<br \/>\n<a href=\"http:\/\/www.aljt.com\/residence\/boulogne-vieux-pont-de-sevres\/\" target=\"_blank\" rel=\"noopener\">Fiche<\/a><\/li>\n<\/ul>\n<h3>Ch\u00e2tillon<\/h3>\n<ul>\n<li><strong>R\u00e9sidence RJT Ch\u00e2tillon&nbsp;(ALJT)<br \/>\n<\/strong>pour les jeunes de 18 \u00e0 26 ans en d\u00e9but de parcours profes\u00adsionnel ou professionnalisant<br \/>\n39-51 avenue Marcelin Berthelot, Ch\u00e2tillon<br \/>\n<a href=\"http:\/\/www.aljt.com\/residence\/chatillon\/\" target=\"_blank\" rel=\"noopener\">Fiche<\/a><\/li>\n<\/ul>\n<h3>Chaville<\/h3>\n<ul>\n<li><strong>R\u00e9sidence RJT Chaville (ALJT)<\/strong><strong><br \/>\n<\/strong>pour les jeunes de 18 \u00e0 26 ans en d\u00e9but de parcours profes\u00adsionnel ou professionnalisant<strong><br \/>\n<\/strong>34 boulevard de la Lib\u00e9ration, Chaville<strong><br \/>\n<\/strong><a href=\"http:\/\/www.aljt.com\/residence\/chaville\/\" target=\"_blank\" rel=\"noopener\">Fiche<\/a><\/li>\n<\/ul>\n<h3>Fontenay-aux-Roses<\/h3>\n<ul>\n<li><strong>R\u00e9sidence RJAM Fontenay-aux-Roses (ALJT)<\/strong><br \/>\npour les jeunes de 26 \u00e0 32 ans en mobilit\u00e9 professionnelle ou en formation<br \/>\n43 avenue Gabriel P\u00e9ri, Fontenay-aux-Roses<br \/>\n<a href=\"http:\/\/www.aljt.com\/residence\/fontenay-aux-roses-rjam\/\" target=\"_blank\" rel=\"noopener\">Fiche<\/a><\/li>\n<\/ul>\n<h3>S\u00e8vres<\/h3>\n<ul>\n<li><strong>R\u00e9sidence RJT S\u00e8vres&nbsp;(ALJT)<br \/>\n<\/strong>pour les jeunes de 18 \u00e0 26 ans en d\u00e9but de parcours profes\u00adsionnel ou professionnalisant<br \/>\n20 rue Jules Hetzel, S\u00e8vres<br \/>\n<a href=\"http:\/\/www.aljt.com\/residence\/sevres\/\" target=\"_blank\" rel=\"noopener\">Fiche<\/a><\/li>\n<\/ul>\n<h3>Versailles<\/h3>\n<ul>\n<li><strong>R\u00e9sidence RJT Versailles&nbsp;(ALJT)<br \/>\n<\/strong>pour les jeunes de 18 \u00e0 26 ans en d\u00e9but de parcours profes\u00adsionnel ou professionnalisant<br \/>\n12 rue Edouard Lefebvre, Versailles<br \/>\n<a href=\"http:\/\/www.aljt.com\/residence\/versailles\/\" target=\"_blank\" rel=\"noopener\">Fiche<\/a><\/li>\n<li><strong>R\u00e9sidence L\u2019Orangerie (SA HLM IRP)<\/strong><br \/>\npour les \u00e9tudiants<br \/>\n3 rue de l\u2019Orangerie, Versailles<br \/>\n<a href=\"http:\/\/www.hlm-irp.com\/irp-espace_etudiant-4-59-Logement-etudiant-a-Versailles.html\" target=\"_blank\" rel=\"noopener\">Fiche<\/a><\/li>\n<li><strong>R\u00e9sidence Jean-Fran\u00e7ois&nbsp;de La P\u00e9rouse (AGEFO)<\/strong><br \/>\npour les \u00e9tudiants<br \/>\n7 rue Richaud, Versailles<br \/>\n<a href=\"https:\/\/agefo.com\/residences-pour-etudiants-en-ile-de-france\/versailles-78000\" target=\"_blank\" rel=\"noopener\">Fiche<\/a><\/li>\n<li><strong>R\u00e9sidence Fran\u00e7ois Mansart (AGEFO)<\/strong><br \/>\npour les jeunes actifs<br \/>\n11 Rue Mansart, Versailles<br \/>\n<a href=\"https:\/\/agefo.com\/residences-jeunes-actifs-ile-de-france\/versailles\" target=\"_blank\" rel=\"noopener\">Fiche<\/a><\/li>\n<\/ul>\n<h3>Viroflay<\/h3>\n<ul>\n<li><strong>R\u00e9sidence&nbsp;Genevi\u00e8ve Garreau (AGEFO)<\/strong><br \/>\npour les jeunes actifs<br \/>\n191 avenue du G\u00e9n\u00e9ral Leclerc, Viroflay<br \/>\n<a href=\"https:\/\/agefo.com\/residences-jeunes-actifs-ile-de-france\/viroflay\" target=\"_blank\" rel=\"noopener\">Fiche<\/a><\/li>\n<\/ul>\n<p>&nbsp;<\/p>\n<h2>Les ressources propos\u00e9es par le&nbsp;CROUS de Versailles<\/h2>\n<p>Le CROUS propose aux \u00e9tudiants un certain nombre de ressources, en cit\u00e9 universaitaire ou en r\u00e9sidence conventionn\u00e9e.<\/p>\n<p>Pour plus d\u2019information, merci de vous reporter \u00e0 la page Logement du site du CROUS de Versailles:<br \/>\n<a href=\"http:\/\/www.crous-versailles.fr\/logements\/\" target=\"_blank\" rel=\"noopener\">http:\/\/www.crous-versailles.fr\/logements\/<\/a><\/p>\n<p>Si vous \u00eates \u00e9tudiant en province et que vous effectuez un stage en Ile-de-France, le CROUS peut avoir des opportunit\u00e9s de loger pendant la dur\u00e9e de ce stage:<br \/>\n<a href=\"http:\/\/www.crous-versailles.fr\/logements\/demande-dhebergement-pour-la-duree-dun-stage\/\" target=\"_blank\" rel=\"noopener\">http:\/\/www.crous-versailles.fr\/logements\/demande-dhebergement-pour-la-duree-dun-stage\/<\/a><\/p>\n<p>&nbsp;<\/p>\n<h2>En savoir plus<\/h2>\n<ul>\n<li>le service en charge du logement dans votre \u00e9tablissement<\/li>\n<li>Ville de V\u00e9lizy-Villacoublay:<br \/>\n\u2013 service logement: <a href=\"http:\/\/www.velizy-villacoublay.fr\" target=\"_blank\" rel=\"noopener\">www.velizy-villacoublay.fr<\/a> Mon quotidien &gt; Logement<br \/>\n\u2013 service jeunesse:&nbsp;<a href=\"http:\/\/www.velyjeunes.fr\/\" target=\"_blank\" rel=\"noopener\">http:\/\/www.velyjeunes.fr\/<\/a><\/li>\n<li>Ville de Meudon:<br \/>\n\u2013 service logement:&nbsp;<a href=\"http:\/\/www.meudon.fr\/demarches-administratives\/logement-415.html\" target=\"_blank\" rel=\"noopener\">http:\/\/www.meudon.fr\/demarches-administratives\/logement-415.html<\/a><\/li>\n<li>D\u00e9partement des Yvelines:<br \/>\n\u2013 Yvelines Information Jeunesse:&nbsp;<a href=\"http:\/\/www.yij78.org\/\" target=\"_blank\" rel=\"noopener\">http:\/\/www.yij78.org\/<\/a> Nos services &gt; Logement<\/li>\n<li>ADIL des Yvelines:<br \/>\n\u2013 informations juridiques, fiscales et financi\u00e8res: <a href=\"http:\/\/www.adil78.org\" target=\"_blank\" rel=\"noopener\">www.adil78.org<\/a><br \/>\n\u2013 les diff\u00e9rentes cat\u00e9gories de logements et d\u2019h\u00e9bergements:&nbsp;<a href=\"http:\/\/www.adil78.org\/les-logements-et-hebergements\" target=\"_blank\" rel=\"noopener\">http:\/\/www.adil78.org\/les-logements-et-hebergements<\/a><br \/>\nL\u2019ADIL assure une permanence \u00e0 l\u2019h\u00f4tel de ville de V\u00e9lizy un jeudi sur deux de 13h30 \u00e0&nbsp;17h00<\/li>\n<li>D\u00e9partement des Hauts-de-Seine:<br \/>\n\u2013 logement social et \u00e9tudiant:&nbsp;<a href=\"http:\/\/www.hauts-de-seine.fr\/cadre-de-vie\/logement\/logement-social-et-etudiant\/\" target=\"_blank\" rel=\"noopener\">http:\/\/www.hauts-de-seine.fr\/cadre-de-vie\/logement\/logement-social-et-etudiant\/<\/a><\/li>\n<\/ul>\n","protected":false},"excerpt":{"rendered":"<p>Les ressources sur Inovel Parc Gestion ARPEJ Les r\u00e9sidences g\u00e9r\u00e9es par l\u2019association ARPEJ sont destin\u00e9es aux \u00e9tudiants, aux jeunes actifs et aux chercheurs. 3 r\u00e9sidences existent sur Inovel Parc Nord: Victor Guerreau&nbsp;(Univer\u2019city = \u00e9tudiants seulement) 5 rue Paul Dautier Fiche Campuseo&nbsp;(Univer\u2019city = \u00e9tudiants et ProLog = jeunes actifs) 12 rue des Fr\u00e8res Caudron Fiche&nbsp;(\u00e9tudiants) \/&nbsp;Fiche&nbsp;(jeunes [&hellip;]<\/p>\n","protected":false},"author":1,"featured_media":0,"parent":3418,"menu_order":0,"comment_status":"closed","ping_status":"closed","template":"page-templates\/no-sidebar.php","meta":{"ngg_post_thumbnail":0,"jetpack_post_was_ever_published":false},"jetpack_sharing_enabled":true,"jetpack_shortlink":"https:\/\/wp.me\/P7AoJR-Tv","jetpack-related-posts":[{"id":642,"url":"https:\/\/www.horizonemployeur.fr\/wordpress\/accueil\/sedeplacer\/securite-routiere\/cyclistes\/","url_meta":{"origin":3441,"position":0},"title":"\u00ab\u00a0Les cyclistes sont-ils autoris\u00e9s \u00e0 rouler n&rsquo;importe comment ?\u00a0\u00bb","date":"16 juillet 2015","format":false,"excerpt":"Un titre un peu provocateur pour parler des r\u00e8gles de circulation sp\u00e9cifiques aux cyclistes. \u00a0 Code de la rue et modes actifs Depuis quelques ann\u00e9es, la d\u00e9marche dite \"Code de la rue\" vise \u00e0 int\u00e9grer dans la r\u00e9glementation un certain nombre de points en faveur des modes doux ou modes\u2026","rel":"","context":"Article similaire","img":{"alt_text":"","src":"","width":0,"height":0},"classes":[]},{"id":2599,"url":"https:\/\/www.horizonemployeur.fr\/wordpress\/28-05-2016\/documentation\/","url_meta":{"origin":3441,"position":1},"title":"Se renseigner","date":"4 mai 2016","format":false,"excerpt":"Avec le d\u00e9veloppement des affichages dans les gares routi\u00e8res et aux arr\u00eats, d'Internet, des sites, des applications, les canaux d'information \u00e0 votre disposition se sont multipli\u00e9s. Que peuvent-ils vous apporter ? en quoi peuvent-ils vous aider ? Qui fait quoi ? Face \u00e0 une mutiplicit\u00e9 de noms et d'abr\u00e9viations, il\u2026","rel":"","context":"Article similaire","img":{"alt_text":"","src":"","width":0,"height":0},"classes":[]},{"id":1731,"url":"https:\/\/www.horizonemployeur.fr\/wordpress\/inovel-parc\/","url_meta":{"origin":3441,"position":2},"title":"Inovel Parc","date":"1 janvier 2017","format":false,"excerpt":"Inovel Parc, c'est l'ensemble des parcs d'activit\u00e9s de V\u00e9lizy-Villacoublay et de Meudon-la-For\u00eat. Inovel Parc, ce sont plus de 40 000 salari\u00e9s et plus de 50 000 clients qui tous les jours se rendent dans les centres commerciaux: V\u00e9lizy 2, L'Usine Mode et Maison (ex Usines Center) et La Maison Villacoublay\u2026","rel":"","context":"Article similaire","img":{"alt_text":"","src":"https:\/\/i0.wp.com\/www.horizonemployeur.fr\/wordpress\/wp-content\/uploads\/2014\/02\/logo-rvb1.jpg?resize=350%2C200","width":350,"height":200},"classes":[]},{"id":30,"url":"https:\/\/www.horizonemployeur.fr\/wordpress\/accueil\/inovelparc\/parc-inovelparc\/","url_meta":{"origin":3441,"position":3},"title":"Le parc d&rsquo;activit\u00e9s \u00ab\u00a0Inovel Parc\u00a0\u00bb","date":"27 f\u00e9vrier 2014","format":false,"excerpt":"INOVEL PARC INOVEL PARC, c'est l'ensemble des parcs d'activit\u00e9s de V\u00e9lizy-Villacoublay et de Meudon-la-For\u00eat. INOVEL PARC, ce sont plus de 40 000 salari\u00e9s et plus de 50 000 clients qui tous les jours se rendent dans les centres commerciaux: V\u00e9lizy 2, L'Usine Mode et Maison (ex Usines Center) et La\u2026","rel":"","context":"Avec 2 commentaires","img":{"alt_text":"","src":"https:\/\/i0.wp.com\/www.horizonemployeur.fr\/wordpress\/wp-content\/uploads\/2016\/04\/vignette-inovel-parc-600x430-1.png?fit=600%2C430&ssl=1&resize=350%2C200","width":350,"height":200},"classes":[]},{"id":714,"url":"https:\/\/www.horizonemployeur.fr\/wordpress\/accueil\/sedeplacer\/plans-cartes\/","url_meta":{"origin":3441,"position":4},"title":"Des plans et des cartes","date":"8 septembre 2015","format":false,"excerpt":"La meilleure solution pour savoir o\u00f9 aller, c'est d'avoir le bon plan ou la bonne carte. C'est ici que vous trouverez tous ces documents. Vous rep\u00e9rer sur Inovel Parc: une carte Google Maps avec les ensembles immobiliers, les b\u00e2timents, les h\u00f4tels, les r\u00e9sidences h\u00f4teli\u00e8res... et nos adh\u00e9rents Vous d\u00e9placer en\u2026","rel":"","context":"Article similaire","img":{"alt_text":"","src":"https:\/\/i0.wp.com\/www.horizonemployeur.fr\/wordpress\/wp-content\/uploads\/2016\/03\/plan-inovel-parc-nord-12-2014-partiel.png?fit=1200%2C600&ssl=1&resize=350%2C200","width":350,"height":200},"classes":[]},{"id":3613,"url":"https:\/\/www.horizonemployeur.fr\/wordpress\/autolib\/","url_meta":{"origin":3441,"position":5},"title":"Le dispositif d&rsquo;autopartage Autolib&rsquo;","date":"17 novembre 2017","format":false,"excerpt":"31 JUILLET 2018: le service Autolib' est ferm\u00e9. Que ce soit sur V\u00e9lizy ou sur Meudon, les places de stationnement d\u00e9di\u00e9es \u00e0 Autolib' sont d\u00e9sormais accessibles aux seuls v\u00e9hicules \u00e9lectriques. A V\u00e9lizy, la dur\u00e9e de stationnement est limit\u00e9e \u00e0 2 heures. Autolib' est devenu en quelques ann\u00e9es le syst\u00e8me d'autopartage\u2026","rel":"","context":"Article similaire","img":{"alt_text":"","src":"https:\/\/i0.wp.com\/www.horizonemployeur.fr\/wordpress\/wp-content\/uploads\/2016\/03\/p1070085_1200x600d.jpg?resize=350%2C200","width":350,"height":200},"classes":[]}],"_links":{"self":[{"href":"https:\/\/www.horizonemployeur.fr\/wordpress\/wp-json\/wp\/v2\/pages\/3441"}],"collection":[{"href":"https:\/\/www.horizonemployeur.fr\/wordpress\/wp-json\/wp\/v2\/pages"}],"about":[{"href":"https:\/\/www.horizonemployeur.fr\/wordpress\/wp-json\/wp\/v2\/types\/page"}],"author":[{"embeddable":true,"href":"https:\/\/www.horizonemployeur.fr\/wordpress\/wp-json\/wp\/v2\/users\/1"}],"replies":[{"embeddable":true,"href":"https:\/\/www.horizonemployeur.fr\/wordpress\/wp-json\/wp\/v2\/comments?post=3441"}],"version-history":[{"count":1,"href":"https:\/\/www.horizonemployeur.fr\/wordpress\/wp-json\/wp\/v2\/pages\/3441\/revisions"}],"predecessor-version":[{"id":3442,"href":"https:\/\/www.horizonemployeur.fr\/wordpress\/wp-json\/wp\/v2\/pages\/3441\/revisions\/3442"}],"up":[{"embeddable":true,"href":"https:\/\/www.horizonemployeur.fr\/wordpress\/wp-json\/wp\/v2\/pages\/3418"}],"wp:attachment":[{"href":"https:\/\/www.horizonemployeur.fr\/wordpress\/wp-json\/wp\/v2\/media?parent=3441"}],"curies":[{"name":"wp","href":"https:\/\/api.w.org\/{rel}","templated":true}]}}