{"id":3439,"date":"2017-11-02T17:05:11","date_gmt":"2017-11-02T16:05:11","guid":{"rendered":"http:\/\/www.horizonemployeur.fr\/wordpress\/?page_id=3439"},"modified":"2017-11-02T17:05:11","modified_gmt":"2017-11-02T16:05:11","slug":"montempo","status":"publish","type":"page","link":"https:\/\/www.horizonemployeur.fr\/wordpress\/se-loger\/montempo\/","title":{"rendered":"La r\u00e9sidence h\u00f4teli\u00e8re Montemp\u00f4"},"content":{"rendered":"<p>La r\u00e9sidence h\u00f4teli\u00e8re Montemp\u00f4 se distingue des autres r\u00e9sidences h\u00f4teli\u00e8res situ\u00e9es sur Inovel Parc ou \u00e0 sa proximit\u00e9 de par sa vocation sociale. Elle a en effet \u00e9t\u00e9 construite par Action Logement (collecteur du \u00ab&nbsp;1 % logement&nbsp;\u00bb aupr\u00e8s des entreprises) et la Caisse des D\u00e9p\u00f4ts. A ce titre-l\u00e0, elle propose des studios pour des s\u00e9jours de courte ou longue dur\u00e9e et les salari\u00e9s des entreprises b\u00e9n\u00e9ficient de tarifs sp\u00e9cifiques.<\/p>\n<p>N\u2019h\u00e9sitez pas \u00e0 vous renseigner aupr\u00e8s du service en charge du logement dans&nbsp;votre entreprise.<\/p>\n<p><strong>R\u00e9sidence Montemp\u00f4 Paris-V\u00e9lizy<\/strong><br \/>\n47 avenue de l\u2019Europe<br \/>\n<a href=\"http:\/\/www.montempo.fr\/fr\/nosapparthotels\/paris-velizy\" target=\"_blank\" rel=\"noopener\">Site<\/a><\/p>\n","protected":false},"excerpt":{"rendered":"<p>La r\u00e9sidence h\u00f4teli\u00e8re Montemp\u00f4 se distingue des autres r\u00e9sidences h\u00f4teli\u00e8res situ\u00e9es sur Inovel Parc ou \u00e0 sa proximit\u00e9 de par sa vocation sociale. Elle a en effet \u00e9t\u00e9 construite par Action Logement (collecteur du \u00ab&nbsp;1 % logement&nbsp;\u00bb aupr\u00e8s des entreprises) et la Caisse des D\u00e9p\u00f4ts. A ce titre-l\u00e0, elle propose des studios pour des s\u00e9jours [&hellip;]<\/p>\n","protected":false},"author":1,"featured_media":0,"parent":3418,"menu_order":0,"comment_status":"closed","ping_status":"closed","template":"page-templates\/no-sidebar.php","meta":{"ngg_post_thumbnail":0,"jetpack_post_was_ever_published":false},"jetpack_sharing_enabled":true,"jetpack_shortlink":"https:\/\/wp.me\/P7AoJR-Tt","jetpack-related-posts":[{"id":3441,"url":"https:\/\/www.horizonemployeur.fr\/wordpress\/se-loger\/residences-etudiants\/","url_meta":{"origin":3439,"position":0},"title":"Les r\u00e9sidences \u00e9tudiants et jeunes actifs","date":"2 novembre 2017","format":false,"excerpt":"Les ressources sur Inovel Parc Gestion ARPEJ Les r\u00e9sidences g\u00e9r\u00e9es par l\u2019association ARPEJ sont destin\u00e9es aux \u00e9tudiants, aux jeunes actifs et aux chercheurs. 3 r\u00e9sidences existent sur Inovel Parc Nord: Victor Guerreau\u00a0(Univer\u2019city = \u00e9tudiants seulement) 5 rue Paul Dautier Fiche Campuseo\u00a0(Univer\u2019city = \u00e9tudiants et ProLog = jeunes actifs) 12 rue\u2026","rel":"","context":"Article similaire","img":{"alt_text":"","src":"","width":0,"height":0},"classes":[]},{"id":2295,"url":"https:\/\/www.horizonemployeur.fr\/wordpress\/a-propos\/","url_meta":{"origin":3439,"position":1},"title":"L&rsquo;association Horizon Employeur","date":"26 f\u00e9vrier 2014","format":false,"excerpt":"L'association Horizon Employeur a \u00e9t\u00e9 cr\u00e9\u00e9e en janvier 2007. La finalit\u00e9 de l'association est \u00ab la mise en oeuvre d'actions collectives, \u00e0 destination prioritairement des membres de l'association et de leurs employ\u00e9s, en particulier dans les domaines du transport, du logement et des services \u00bb (statuts version avril 2017). Elle\u2026","rel":"","context":"Article similaire","img":{"alt_text":"","src":"","width":0,"height":0},"classes":[]},{"id":696,"url":"https:\/\/www.horizonemployeur.fr\/wordpress\/accueil\/inovelparc\/adherents\/","url_meta":{"origin":3439,"position":2},"title":"L&rsquo;association Horizon Employeur","date":"27 ao\u00fbt 2015","format":false,"excerpt":"L'association Horizon Employeur a \u00e9t\u00e9 cr\u00e9\u00e9e en janvier 2007. La finalit\u00e9 de l'association est \u00ab la mise en oeuvre d'actions collectives, \u00e0 destination prioritairement des membres de l'association et de leurs employ\u00e9s, dans les domaines du transport, du logement et des services \u00bb. Elle comprend aujourd'hui une quarantaine d'entreprises du\u2026","rel":"","context":"Article similaire","img":{"alt_text":"","src":"https:\/\/i0.wp.com\/www.horizonemployeur.fr\/wordpress\/wp-content\/uploads\/2016\/04\/logo-he-600x430.png?fit=600%2C430&ssl=1&resize=350%2C200","width":350,"height":200},"classes":[]},{"id":3521,"url":"https:\/\/www.horizonemployeur.fr\/wordpress\/se-loger\/adil\/","url_meta":{"origin":3439,"position":3},"title":"Les ADIL","date":"6 novembre 2017","format":false,"excerpt":"Les ADIL, Agences D\u00e9partementales d'Information sur le Logement, ont \u00e9t\u00e9 cr\u00e9\u00e9es dans la plupart des d\u00e9partements \u00e0 l'initiative conjointe des conseils d\u00e9partementaux et de l'Etat. Ces agences\u00a0ont \u00ab\u00a0pour mission d'informer gratuitement les usagers sur leurs droits et obligations, sur les solutions de logement qui leur sont adapt\u00e9es, notamment sur les\u2026","rel":"","context":"Article similaire","img":{"alt_text":"","src":"","width":0,"height":0},"classes":[]},{"id":569,"url":"https:\/\/www.horizonemployeur.fr\/wordpress\/accueil\/pdie\/pdie-he\/","url_meta":{"origin":3439,"position":4},"title":"Le PDIE de l&rsquo;association \u00ab\u00a0Horizon Employeur\u00a0\u00bb","date":"13 juillet 2015","format":false,"excerpt":"Le PDIE s'est mis en place au long d'un processus comportant plusieurs \u00e9tapes: 2008-2009 (9 mois): r\u00e9alisation d'un diagnostic de la mobilit\u00e9 dans les zones d'activit\u00e9s 2009 (3 mois): d\u00e9finition du plan d'actions \u00e0 mettre en oeuvre 2010-2014: mise en oeuvre du 1er plan de d\u00e9placements 2014: bilan des 5\u2026","rel":"","context":"Article similaire","img":{"alt_text":"","src":"","width":0,"height":0},"classes":[]},{"id":3443,"url":"https:\/\/www.horizonemployeur.fr\/wordpress\/se-loger\/semiv\/","url_meta":{"origin":3439,"position":5},"title":"La SEMIV","date":"2 novembre 2017","format":false,"excerpt":"La SEMIV, Soci\u00e9t\u00e9 d'Economie Mixte Immobili\u00e8re de V\u00e9lizy, est l'organisme propri\u00e9taire de la majorit\u00e9 des appartements en location sur le territoire de\u00a0V\u00e9lizy. Ces appartements sont de type interm\u00e9diaire (et non social). Si vous \u00eates salari\u00e9(e) d'une des entreprises d'Inovel Parc, vous avez la possibilit\u00e9 de faire acte de candidature pour\u2026","rel":"","context":"Article similaire","img":{"alt_text":"","src":"https:\/\/i0.wp.com\/www.horizonemployeur.fr\/wordpress\/wp-content\/uploads\/2017\/11\/Portail-SEMIV-1.png?resize=350%2C200","width":350,"height":200},"classes":[]}],"_links":{"self":[{"href":"https:\/\/www.horizonemployeur.fr\/wordpress\/wp-json\/wp\/v2\/pages\/3439"}],"collection":[{"href":"https:\/\/www.horizonemployeur.fr\/wordpress\/wp-json\/wp\/v2\/pages"}],"about":[{"href":"https:\/\/www.horizonemployeur.fr\/wordpress\/wp-json\/wp\/v2\/types\/page"}],"author":[{"embeddable":true,"href":"https:\/\/www.horizonemployeur.fr\/wordpress\/wp-json\/wp\/v2\/users\/1"}],"replies":[{"embeddable":true,"href":"https:\/\/www.horizonemployeur.fr\/wordpress\/wp-json\/wp\/v2\/comments?post=3439"}],"version-history":[{"count":1,"href":"https:\/\/www.horizonemployeur.fr\/wordpress\/wp-json\/wp\/v2\/pages\/3439\/revisions"}],"predecessor-version":[{"id":3440,"href":"https:\/\/www.horizonemployeur.fr\/wordpress\/wp-json\/wp\/v2\/pages\/3439\/revisions\/3440"}],"up":[{"embeddable":true,"href":"https:\/\/www.horizonemployeur.fr\/wordpress\/wp-json\/wp\/v2\/pages\/3418"}],"wp:attachment":[{"href":"https:\/\/www.horizonemployeur.fr\/wordpress\/wp-json\/wp\/v2\/media?parent=3439"}],"curies":[{"name":"wp","href":"https:\/\/api.w.org\/{rel}","templated":true}]}}