{"id":3418,"date":"2017-11-02T12:50:38","date_gmt":"2017-11-02T11:50:38","guid":{"rendered":"http:\/\/www.horizonemployeur.fr\/wordpress\/?page_id=3418"},"modified":"2017-11-02T12:50:38","modified_gmt":"2017-11-02T11:50:38","slug":"se-loger","status":"publish","type":"page","link":"https:\/\/www.horizonemployeur.fr\/wordpress\/se-loger\/","title":{"rendered":"Se loger"},"content":{"rendered":"<p>Que ce soit pour une nuit, une semaine, plusieurs mois ou encore plus longtemps, se loger est juste une n\u00e9cessit\u00e9.<\/p>\n<p>Un certain nombre de solutions peuvent vous aider.<\/p>\n","protected":false},"excerpt":{"rendered":"<p>Que ce soit pour une nuit, une semaine, plusieurs mois ou encore plus longtemps, se loger est juste une n\u00e9cessit\u00e9. Un certain nombre de solutions peuvent vous aider.<\/p>\n","protected":false},"author":1,"featured_media":0,"parent":0,"menu_order":0,"comment_status":"closed","ping_status":"closed","template":"page-templates\/no-sidebar.php","meta":{"ngg_post_thumbnail":0,"jetpack_post_was_ever_published":false},"jetpack_sharing_enabled":true,"jetpack_shortlink":"https:\/\/wp.me\/P7AoJR-T8","jetpack-related-posts":[{"id":3420,"url":"https:\/\/www.horizonemployeur.fr\/wordpress\/se-loger\/hotels\/","url_meta":{"origin":3418,"position":0},"title":"Les h\u00f4tels et les r\u00e9sidences h\u00f4teli\u00e8res","date":"2 novembre 2017","format":false,"excerpt":"L\u2019\u00e9quipement\u00a0h\u00f4telier sur le parc et \u00e0 ses environs proches s\u2019est d\u00e9velopp\u00e9 ces derni\u00e8res ann\u00e9es. Voici une liste des \u00e9tablissements \u00e0 votre disposition:","rel":"","context":"Article similaire","img":{"alt_text":"","src":"https:\/\/i0.wp.com\/www.horizonemployeur.fr\/wordpress\/wp-content\/uploads\/2017\/11\/Plan-h\u00c3\u00b4tels-novembre-2017-1024x741.png?resize=350%2C200","width":350,"height":200},"classes":[]},{"id":3443,"url":"https:\/\/www.horizonemployeur.fr\/wordpress\/se-loger\/semiv\/","url_meta":{"origin":3418,"position":1},"title":"La SEMIV","date":"2 novembre 2017","format":false,"excerpt":"La SEMIV, Soci\u00e9t\u00e9 d'Economie Mixte Immobili\u00e8re de V\u00e9lizy, est l'organisme propri\u00e9taire de la majorit\u00e9 des appartements en location sur le territoire de\u00a0V\u00e9lizy. Ces appartements sont de type interm\u00e9diaire (et non social). Si vous \u00eates salari\u00e9(e) d'une des entreprises d'Inovel Parc, vous avez la possibilit\u00e9 de faire acte de candidature pour\u2026","rel":"","context":"Article similaire","img":{"alt_text":"","src":"https:\/\/i0.wp.com\/www.horizonemployeur.fr\/wordpress\/wp-content\/uploads\/2017\/11\/Portail-SEMIV-1.png?resize=350%2C200","width":350,"height":200},"classes":[]},{"id":3439,"url":"https:\/\/www.horizonemployeur.fr\/wordpress\/se-loger\/montempo\/","url_meta":{"origin":3418,"position":2},"title":"La r\u00e9sidence h\u00f4teli\u00e8re Montemp\u00f4","date":"2 novembre 2017","format":false,"excerpt":"La r\u00e9sidence h\u00f4teli\u00e8re Montemp\u00f4 se distingue des autres r\u00e9sidences h\u00f4teli\u00e8res situ\u00e9es sur Inovel Parc ou \u00e0 sa proximit\u00e9 de par sa vocation sociale. Elle a en effet \u00e9t\u00e9 construite par Action Logement (collecteur du \u00ab\u00a01 % logement\u00a0\u00bb aupr\u00e8s des entreprises) et la Caisse des D\u00e9p\u00f4ts. A ce titre-l\u00e0, elle propose\u2026","rel":"","context":"Article similaire","img":{"alt_text":"","src":"","width":0,"height":0},"classes":[]},{"id":3441,"url":"https:\/\/www.horizonemployeur.fr\/wordpress\/se-loger\/residences-etudiants\/","url_meta":{"origin":3418,"position":3},"title":"Les r\u00e9sidences \u00e9tudiants et jeunes actifs","date":"2 novembre 2017","format":false,"excerpt":"Les ressources sur Inovel Parc Gestion ARPEJ Les r\u00e9sidences g\u00e9r\u00e9es par l\u2019association ARPEJ sont destin\u00e9es aux \u00e9tudiants, aux jeunes actifs et aux chercheurs. 3 r\u00e9sidences existent sur Inovel Parc Nord: Victor Guerreau\u00a0(Univer\u2019city = \u00e9tudiants seulement) 5 rue Paul Dautier Fiche Campuseo\u00a0(Univer\u2019city = \u00e9tudiants et ProLog = jeunes actifs) 12 rue\u2026","rel":"","context":"Article similaire","img":{"alt_text":"","src":"","width":0,"height":0},"classes":[]},{"id":3521,"url":"https:\/\/www.horizonemployeur.fr\/wordpress\/se-loger\/adil\/","url_meta":{"origin":3418,"position":4},"title":"Les ADIL","date":"6 novembre 2017","format":false,"excerpt":"Les ADIL, Agences D\u00e9partementales d'Information sur le Logement, ont \u00e9t\u00e9 cr\u00e9\u00e9es dans la plupart des d\u00e9partements \u00e0 l'initiative conjointe des conseils d\u00e9partementaux et de l'Etat. Ces agences\u00a0ont \u00ab\u00a0pour mission d'informer gratuitement les usagers sur leurs droits et obligations, sur les solutions de logement qui leur sont adapt\u00e9es, notamment sur les\u2026","rel":"","context":"Article similaire","img":{"alt_text":"","src":"","width":0,"height":0},"classes":[]},{"id":216,"url":"https:\/\/www.horizonemployeur.fr\/wordpress\/accueil\/pdie\/ppa\/air-pollution\/pollution-limitation-concentrations\/","url_meta":{"origin":3418,"position":5},"title":"Qualit\u00e9 de l&rsquo;air &#8211; la limitation des concentrations","date":"30 avril 2014","format":false,"excerpt":"Les \u00e9tudes \u00e9pid\u00e9miologiques et environnementales ont permis de d\u00e9finir des concentrations en polluants au-del\u00e0 desquelles la sant\u00e9 des individus ou l'environnement peuvent \u00eatre impact\u00e9s. Les recommandations de l'OMS (Organisation Mondiale de la Sant\u00e9) d\u00e9finissent des seuils d'exposition, donc des couples (concentration, dur\u00e9e) applicables \u00e0 chacun des polluants. On aura entre\u2026","rel":"","context":"Article similaire","img":{"alt_text":"","src":"","width":0,"height":0},"classes":[]}],"_links":{"self":[{"href":"https:\/\/www.horizonemployeur.fr\/wordpress\/wp-json\/wp\/v2\/pages\/3418"}],"collection":[{"href":"https:\/\/www.horizonemployeur.fr\/wordpress\/wp-json\/wp\/v2\/pages"}],"about":[{"href":"https:\/\/www.horizonemployeur.fr\/wordpress\/wp-json\/wp\/v2\/types\/page"}],"author":[{"embeddable":true,"href":"https:\/\/www.horizonemployeur.fr\/wordpress\/wp-json\/wp\/v2\/users\/1"}],"replies":[{"embeddable":true,"href":"https:\/\/www.horizonemployeur.fr\/wordpress\/wp-json\/wp\/v2\/comments?post=3418"}],"version-history":[{"count":1,"href":"https:\/\/www.horizonemployeur.fr\/wordpress\/wp-json\/wp\/v2\/pages\/3418\/revisions"}],"predecessor-version":[{"id":3419,"href":"https:\/\/www.horizonemployeur.fr\/wordpress\/wp-json\/wp\/v2\/pages\/3418\/revisions\/3419"}],"wp:attachment":[{"href":"https:\/\/www.horizonemployeur.fr\/wordpress\/wp-json\/wp\/v2\/media?parent=3418"}],"curies":[{"name":"wp","href":"https:\/\/api.w.org\/{rel}","templated":true}]}}