{"id":2847,"date":"2016-06-07T12:05:36","date_gmt":"2016-06-07T10:05:36","guid":{"rendered":"http:\/\/www.horizonemployeur.fr\/wordpress\/?page_id=2847"},"modified":"2016-06-07T12:41:17","modified_gmt":"2016-06-07T10:41:17","slug":"bus","status":"publish","type":"page","link":"https:\/\/www.horizonemployeur.fr\/wordpress\/juin2016\/bus\/","title":{"rendered":"Travaux \u00e9t\u00e9 2016 sur l&rsquo;avenue Mar\u00e9chal Juin: les d\u00e9placements en bus"},"content":{"rendered":"<p>La r\u00e9alisation des travaux de voirie sur l&rsquo;avenue Mar\u00e9chal Juin durant l&rsquo;\u00e9t\u00e9 2016 impose la mise en sens unique dans le sens for\u00eat vers RN 118 de cette avenue au droit des num\u00e9ros 11 (Sopra Steria) et 13-15 (Bouygues Telecom).<\/p>\n<p>La cons\u00e9quence imm\u00e9diate est la d\u00e9viation de la ligne Ph\u00e9bus 40 (Pont de S\u00e8vres &#8211; Inovel Parc Nord) dans le sens Pont de S\u00e8vres vers Inovel Parc Nord. La ligne sera donc d\u00e9vi\u00e9e par l&rsquo;avenue Morane-Saulnier et la rue Marcel Dassault.<\/p>\n<p>Les 2 arr\u00eats qui ne seront plus desservis sont donc remplac\u00e9s par 2 arr\u00eats provisoires (et 1 arr\u00eat habituel):<\/p>\n<ul>\n<li>l&rsquo;arr\u00eat Pasteur est remplac\u00e9 par l&rsquo;arr\u00eat <strong>Morane<\/strong> des lignes 45 et 291, situ\u00e9 sur l&rsquo;avenue Morane-Saulnier apr\u00e8s le carrefour avec l&rsquo;avenue Mar\u00e9chal Juin<\/li>\n<li>l&rsquo;arr\u00eat Copernic est remplac\u00e9 par l&rsquo;arr\u00eat suivant, <strong>Le Bois<\/strong>, situ\u00e9 rue Grange Dame Rose c\u00f4t\u00e9 for\u00eat, \u00e0 la sortie du rond-point Lagard\u00e8re, ainsi que, principalement pour les collaborateurs et visiteurs Dassault Syst\u00e8mes, par l&rsquo;arr\u00eat <strong>Marcel Dassault<\/strong> des lignes 24, 34, 45, 60 et 291, situ\u00e9 rue Marcel Dassault devant l&rsquo;entr\u00e9e principale du campus Dassault Syst\u00e8mes.<\/li>\n<\/ul>\n<p>Dans l&rsquo;autre sens, de la for\u00eat vers la RN 118, les bus 24, 34 et 40 continueront \u00e0 emprunter l&rsquo;avenue Mar\u00e9chal Juin. L&rsquo;arr\u00eat Pasteur commun \u00e0 ces 3 lignes sera cependant d\u00e9plac\u00e9 en amont du chantier pour se trouver hors de la zone de travaux.<\/p>\n<p><img data-attachment-id=\"2854\" data-permalink=\"https:\/\/www.horizonemployeur.fr\/wordpress\/juin2016\/bus\/travaux-avenue-juin-2016-deviation-bus\/\" data-orig-file=\"https:\/\/i0.wp.com\/www.horizonemployeur.fr\/wordpress\/wp-content\/uploads\/2016\/06\/Travaux-avenue-Juin-2016-d\u00e9viation-bus.png?fit=798%2C533&amp;ssl=1\" data-orig-size=\"798,533\" data-comments-opened=\"1\" data-image-meta=\"{&quot;aperture&quot;:&quot;0&quot;,&quot;credit&quot;:&quot;&quot;,&quot;camera&quot;:&quot;&quot;,&quot;caption&quot;:&quot;&quot;,&quot;created_timestamp&quot;:&quot;0&quot;,&quot;copyright&quot;:&quot;&quot;,&quot;focal_length&quot;:&quot;0&quot;,&quot;iso&quot;:&quot;0&quot;,&quot;shutter_speed&quot;:&quot;0&quot;,&quot;title&quot;:&quot;&quot;,&quot;orientation&quot;:&quot;0&quot;}\" data-image-title=\"Travaux avenue Juin 2016 d\u00e9viation bus\" data-image-description=\"\" data-image-caption=\"\" data-medium-file=\"https:\/\/i0.wp.com\/www.horizonemployeur.fr\/wordpress\/wp-content\/uploads\/2016\/06\/Travaux-avenue-Juin-2016-d\u00e9viation-bus.png?fit=300%2C200&amp;ssl=1\" data-large-file=\"https:\/\/i0.wp.com\/www.horizonemployeur.fr\/wordpress\/wp-content\/uploads\/2016\/06\/Travaux-avenue-Juin-2016-d\u00e9viation-bus.png?fit=700%2C468&amp;ssl=1\" decoding=\"async\" loading=\"lazy\" class=\"alignnone size-full wp-image-2854\" src=\"https:\/\/i0.wp.com\/www.horizonemployeur.fr\/wordpress\/wp-content\/uploads\/2016\/06\/Travaux-avenue-Juin-2016-d\u00e9viation-bus.png?resize=700%2C468\" alt=\"Travaux avenue Juin 2016 d\u00e9viation bus\" width=\"700\" height=\"468\" srcset=\"https:\/\/i0.wp.com\/www.horizonemployeur.fr\/wordpress\/wp-content\/uploads\/2016\/06\/Travaux-avenue-Juin-2016-d\u00e9viation-bus.png?w=798&amp;ssl=1 798w, https:\/\/i0.wp.com\/www.horizonemployeur.fr\/wordpress\/wp-content\/uploads\/2016\/06\/Travaux-avenue-Juin-2016-d\u00e9viation-bus.png?resize=300%2C200&amp;ssl=1 300w, https:\/\/i0.wp.com\/www.horizonemployeur.fr\/wordpress\/wp-content\/uploads\/2016\/06\/Travaux-avenue-Juin-2016-d\u00e9viation-bus.png?resize=768%2C513&amp;ssl=1 768w, https:\/\/i0.wp.com\/www.horizonemployeur.fr\/wordpress\/wp-content\/uploads\/2016\/06\/Travaux-avenue-Juin-2016-d\u00e9viation-bus.png?resize=648%2C433&amp;ssl=1 648w, https:\/\/i0.wp.com\/www.horizonemployeur.fr\/wordpress\/wp-content\/uploads\/2016\/06\/Travaux-avenue-Juin-2016-d\u00e9viation-bus.png?resize=287%2C192&amp;ssl=1 287w\" sizes=\"(max-width: 700px) 100vw, 700px\" data-recalc-dims=\"1\" \/><\/p>\n","protected":false},"excerpt":{"rendered":"<p>La r\u00e9alisation des travaux de voirie sur l&rsquo;avenue Mar\u00e9chal Juin durant l&rsquo;\u00e9t\u00e9 2016 impose la mise en sens unique dans le sens for\u00eat vers RN 118 de cette avenue au droit des num\u00e9ros 11 (Sopra Steria) et 13-15 (Bouygues Telecom). La cons\u00e9quence imm\u00e9diate est la d\u00e9viation de la ligne Ph\u00e9bus 40 (Pont de S\u00e8vres &#8211; [&hellip;]<\/p>\n","protected":false},"author":1,"featured_media":0,"parent":2843,"menu_order":0,"comment_status":"closed","ping_status":"closed","template":"","meta":{"ngg_post_thumbnail":0,"jetpack_post_was_ever_published":false},"jetpack_sharing_enabled":true,"jetpack_shortlink":"https:\/\/wp.me\/P7AoJR-JV","jetpack-related-posts":[{"id":2845,"url":"https:\/\/www.horizonemployeur.fr\/wordpress\/juin2016\/vehicule-individuel\/","url_meta":{"origin":2847,"position":0},"title":"Travaux \u00e9t\u00e9 2016 sur l&rsquo;avenue Mar\u00e9chal Juin: les d\u00e9placements en v\u00e9hicule individuel","date":"7 juin 2016","format":false,"excerpt":"La r\u00e9alisation des travaux, que ce soit au niveau de la cr\u00e9ation du rond-point ou au niveau de l'\u00e9largissement \u00e0 3 voies de l'avenue Mar\u00e9chal Juin entre ce rond-point et la section d\u00e9j\u00e0 \u00e9largie c\u00f4t\u00e9 avenue Morane-Saulnier, n\u00e9cessite la mise \u00e0 sens unique de l'avenue devant les num\u00e9ros 11 (Sopra\u2026","rel":"","context":"Article similaire","img":{"alt_text":"Plan travaux Juin \u00c3\u00a9t\u00c3\u00a9 2016","src":"https:\/\/i0.wp.com\/www.horizonemployeur.fr\/wordpress\/wp-content\/uploads\/2016\/06\/Plan-travaux-Juin-\u00c3\u00a9t\u00c3\u00a9-2016.png?resize=350%2C200","width":350,"height":200},"classes":[]},{"id":349,"url":"https:\/\/www.horizonemployeur.fr\/wordpress\/accueil\/sedeplacer\/t6-chatillon\/","url_meta":{"origin":2847,"position":1},"title":"Le tramway T6 jusqu&rsquo;\u00e0 Ch\u00e2tillon","date":"29 d\u00e9cembre 2014","format":false,"excerpt":"Depuis le samedi 13 d\u00e9cembre 2014, le tramway T6 assure une liaison entre V\u00e9lizy-Robert Wagner et le terminus de Ch\u00e2tillon-Montrouge. 19 stations sont ainsi desservies, dont 6\u00a0desservent\u00a0les divers secteurs d'INOVEL PARC. Soit d'ouest en est: L'Onde-Maison des Arts, qui dessert le secteur ouest d'INOVEL PARC Sud: SOPEMEA, Messier-Bugatti-Dowty via la\u2026","rel":"","context":"Article similaire","img":{"alt_text":"","src":"https:\/\/i0.wp.com\/www.horizonemployeur.fr\/wordpress\/wp-content\/uploads\/2016\/03\/p1010448_1200x600d-1.jpg?fit=1200%2C600&ssl=1&resize=350%2C200","width":350,"height":200},"classes":[]},{"id":2843,"url":"https:\/\/www.horizonemployeur.fr\/wordpress\/juin2016\/","url_meta":{"origin":2847,"position":2},"title":"Travaux \u00e9t\u00e9 2016 sur l&rsquo;avenue Mar\u00e9chal Juin","date":"7 juin 2016","format":false,"excerpt":"Afin de fluidifier la circulation de la zone d\u2019activit\u00e9 de Meudon la For\u00eat, et dans la continuit\u00e9 de l\u2019am\u00e9nagement r\u00e9alis\u00e9 en 2014 au niveau du carrefour avenue Morane Saulnier\/ avenue Mar\u00e9chal Juin, Grand Paris Seine Ouest va entreprendre des travaux avenue Mar\u00e9chal Juin entre le 13 juin et fin ao\u00fbt\u2026","rel":"","context":"Article similaire","img":{"alt_text":"","src":"","width":0,"height":0},"classes":[]},{"id":1731,"url":"https:\/\/www.horizonemployeur.fr\/wordpress\/inovel-parc\/","url_meta":{"origin":2847,"position":3},"title":"Inovel Parc","date":"1 janvier 2017","format":false,"excerpt":"Inovel Parc, c'est l'ensemble des parcs d'activit\u00e9s de V\u00e9lizy-Villacoublay et de Meudon-la-For\u00eat. Inovel Parc, ce sont plus de 40 000 salari\u00e9s et plus de 50 000 clients qui tous les jours se rendent dans les centres commerciaux: V\u00e9lizy 2, L'Usine Mode et Maison (ex Usines Center) et La Maison Villacoublay\u2026","rel":"","context":"Article similaire","img":{"alt_text":"","src":"https:\/\/i0.wp.com\/www.horizonemployeur.fr\/wordpress\/wp-content\/uploads\/2014\/02\/logo-rvb1.jpg?resize=350%2C200","width":350,"height":200},"classes":[]},{"id":30,"url":"https:\/\/www.horizonemployeur.fr\/wordpress\/accueil\/inovelparc\/parc-inovelparc\/","url_meta":{"origin":2847,"position":4},"title":"Le parc d&rsquo;activit\u00e9s \u00ab\u00a0Inovel Parc\u00a0\u00bb","date":"27 f\u00e9vrier 2014","format":false,"excerpt":"INOVEL PARC INOVEL PARC, c'est l'ensemble des parcs d'activit\u00e9s de V\u00e9lizy-Villacoublay et de Meudon-la-For\u00eat. INOVEL PARC, ce sont plus de 40 000 salari\u00e9s et plus de 50 000 clients qui tous les jours se rendent dans les centres commerciaux: V\u00e9lizy 2, L'Usine Mode et Maison (ex Usines Center) et La\u2026","rel":"","context":"Avec 2 commentaires","img":{"alt_text":"","src":"https:\/\/i0.wp.com\/www.horizonemployeur.fr\/wordpress\/wp-content\/uploads\/2016\/04\/vignette-inovel-parc-600x430-1.png?fit=600%2C430&ssl=1&resize=350%2C200","width":350,"height":200},"classes":[]},{"id":2487,"url":"https:\/\/www.horizonemployeur.fr\/wordpress\/28-05-2016\/restructuration-bus-phase-2\/ligne-phebus-34\/","url_meta":{"origin":2847,"position":5},"title":"La ligne Ph\u00e9bus 34 en d\u00e9tails","date":"29 avril 2016","format":false,"excerpt":"Un itin\u00e9raire modifi\u00e9 Cliquez sur l\u2019image pour la t\u00e9l\u00e9charger dans son format originel Plusieurs modifications sont apport\u00e9es \u00e0 l'itin\u00e9raire de la ligne 34: la ligne\u00a0emprunte l'avenue G\u00e9n\u00e9ral de Gaulle et l'avenue Roland Garros au lieu de la rue Brindejonc des Moulinais le long de la for\u00eat. L'arr\u00eat Mermoz n'est donc\u2026","rel":"","context":"Article similaire","img":{"alt_text":"","src":"https:\/\/i0.wp.com\/www.horizonemployeur.fr\/wordpress\/wp-content\/uploads\/2016\/04\/Ph\u00c3\u00a9bus-34-mai-2016-300x207.png?resize=350%2C200","width":350,"height":200},"classes":[]}],"_links":{"self":[{"href":"https:\/\/www.horizonemployeur.fr\/wordpress\/wp-json\/wp\/v2\/pages\/2847"}],"collection":[{"href":"https:\/\/www.horizonemployeur.fr\/wordpress\/wp-json\/wp\/v2\/pages"}],"about":[{"href":"https:\/\/www.horizonemployeur.fr\/wordpress\/wp-json\/wp\/v2\/types\/page"}],"author":[{"embeddable":true,"href":"https:\/\/www.horizonemployeur.fr\/wordpress\/wp-json\/wp\/v2\/users\/1"}],"replies":[{"embeddable":true,"href":"https:\/\/www.horizonemployeur.fr\/wordpress\/wp-json\/wp\/v2\/comments?post=2847"}],"version-history":[{"count":3,"href":"https:\/\/www.horizonemployeur.fr\/wordpress\/wp-json\/wp\/v2\/pages\/2847\/revisions"}],"predecessor-version":[{"id":2855,"href":"https:\/\/www.horizonemployeur.fr\/wordpress\/wp-json\/wp\/v2\/pages\/2847\/revisions\/2855"}],"up":[{"embeddable":true,"href":"https:\/\/www.horizonemployeur.fr\/wordpress\/wp-json\/wp\/v2\/pages\/2843"}],"wp:attachment":[{"href":"https:\/\/www.horizonemployeur.fr\/wordpress\/wp-json\/wp\/v2\/media?parent=2847"}],"curies":[{"name":"wp","href":"https:\/\/api.w.org\/{rel}","templated":true}]}}