{"id":2845,"date":"2016-06-07T11:56:02","date_gmt":"2016-06-07T09:56:02","guid":{"rendered":"http:\/\/www.horizonemployeur.fr\/wordpress\/?page_id=2845"},"modified":"2016-06-07T12:10:55","modified_gmt":"2016-06-07T10:10:55","slug":"vehicule-individuel","status":"publish","type":"page","link":"https:\/\/www.horizonemployeur.fr\/wordpress\/juin2016\/vehicule-individuel\/","title":{"rendered":"Travaux \u00e9t\u00e9 2016 sur l&rsquo;avenue Mar\u00e9chal Juin: les d\u00e9placements en v\u00e9hicule individuel"},"content":{"rendered":"<p>La r\u00e9alisation des travaux, que ce soit au niveau de la cr\u00e9ation du rond-point ou au niveau de l&rsquo;\u00e9largissement \u00e0 3 voies de l&rsquo;avenue Mar\u00e9chal Juin entre ce rond-point et la section d\u00e9j\u00e0 \u00e9largie c\u00f4t\u00e9 avenue Morane-Saulnier, n\u00e9cessite la mise \u00e0 sens unique de l&rsquo;avenue devant les num\u00e9ros 11 (Sopra Steria \/ Green Office) et 13-15 (technop\u00f4le Bouygues Telecom).<\/p>\n<p><img data-attachment-id=\"2851\" data-permalink=\"https:\/\/www.horizonemployeur.fr\/wordpress\/juin2016\/vehicule-individuel\/plan-travaux-juin-ete-2016\/\" data-orig-file=\"https:\/\/i0.wp.com\/www.horizonemployeur.fr\/wordpress\/wp-content\/uploads\/2016\/06\/Plan-travaux-Juin-\u00e9t\u00e9-2016.png?fit=850%2C449&amp;ssl=1\" data-orig-size=\"850,449\" data-comments-opened=\"1\" data-image-meta=\"{&quot;aperture&quot;:&quot;0&quot;,&quot;credit&quot;:&quot;&quot;,&quot;camera&quot;:&quot;&quot;,&quot;caption&quot;:&quot;&quot;,&quot;created_timestamp&quot;:&quot;0&quot;,&quot;copyright&quot;:&quot;&quot;,&quot;focal_length&quot;:&quot;0&quot;,&quot;iso&quot;:&quot;0&quot;,&quot;shutter_speed&quot;:&quot;0&quot;,&quot;title&quot;:&quot;&quot;,&quot;orientation&quot;:&quot;0&quot;}\" data-image-title=\"Plan travaux Juin \u00e9t\u00e9 2016\" data-image-description=\"\" data-image-caption=\"\" data-medium-file=\"https:\/\/i0.wp.com\/www.horizonemployeur.fr\/wordpress\/wp-content\/uploads\/2016\/06\/Plan-travaux-Juin-\u00e9t\u00e9-2016.png?fit=300%2C158&amp;ssl=1\" data-large-file=\"https:\/\/i0.wp.com\/www.horizonemployeur.fr\/wordpress\/wp-content\/uploads\/2016\/06\/Plan-travaux-Juin-\u00e9t\u00e9-2016.png?fit=700%2C370&amp;ssl=1\" decoding=\"async\" loading=\"lazy\" class=\"alignnone size-full wp-image-2851\" src=\"https:\/\/i0.wp.com\/www.horizonemployeur.fr\/wordpress\/wp-content\/uploads\/2016\/06\/Plan-travaux-Juin-\u00e9t\u00e9-2016.png?resize=700%2C370\" alt=\"Plan travaux Juin \u00e9t\u00e9 2016\" width=\"700\" height=\"370\" srcset=\"https:\/\/i0.wp.com\/www.horizonemployeur.fr\/wordpress\/wp-content\/uploads\/2016\/06\/Plan-travaux-Juin-\u00e9t\u00e9-2016.png?w=850&amp;ssl=1 850w, https:\/\/i0.wp.com\/www.horizonemployeur.fr\/wordpress\/wp-content\/uploads\/2016\/06\/Plan-travaux-Juin-\u00e9t\u00e9-2016.png?resize=300%2C158&amp;ssl=1 300w, https:\/\/i0.wp.com\/www.horizonemployeur.fr\/wordpress\/wp-content\/uploads\/2016\/06\/Plan-travaux-Juin-\u00e9t\u00e9-2016.png?resize=768%2C406&amp;ssl=1 768w, https:\/\/i0.wp.com\/www.horizonemployeur.fr\/wordpress\/wp-content\/uploads\/2016\/06\/Plan-travaux-Juin-\u00e9t\u00e9-2016.png?resize=648%2C342&amp;ssl=1 648w, https:\/\/i0.wp.com\/www.horizonemployeur.fr\/wordpress\/wp-content\/uploads\/2016\/06\/Plan-travaux-Juin-\u00e9t\u00e9-2016.png?resize=363%2C192&amp;ssl=1 363w\" sizes=\"(max-width: 700px) 100vw, 700px\" data-recalc-dims=\"1\" \/><\/p>\n<p>Il sera donc impossible:<\/p>\n<ul>\n<li>\u00e0 tous les v\u00e9hicules d&rsquo;acc\u00e9der \u00e0 l&rsquo;avenue Mar\u00e9chal Juin depuis la bretelle de sortie de la RN 118 venant de Paris\n<ul>\n<li>il sera n\u00e9cessaire d&rsquo;acc\u00e9der \u00e0 l&rsquo;avenue Mar\u00e9chal Juin en empruntant l&rsquo;avenue Morane-Saulnier, puis la rue Marcel Dassault<\/li>\n<\/ul>\n<\/li>\n<li>aux collaborateurs et visiteurs Bouygues Telecom et Sopra Steria de quitter leur site en direction de la for\u00eat\n<ul>\n<li>la sortie des sites ne sera autoris\u00e9e qu&rsquo;en direction de l&rsquo;avenue Morane-Saulnier. Celle-ci permet ensuite de rejoindre le secteur Grange Dame Rose mais aussi le centre ville de V\u00e9lizy ou l&rsquo;A 86 en direction de Versailles<\/li>\n<\/ul>\n<\/li>\n<\/ul>\n<p>mais les sorties des sites AFPA, HP AL ES, du parc tertiaire de Meudon (rue Jeanne Braconnier, rue Andras Beck) ou du chantier Eiffage ne seront, elles, pas modifi\u00e9es.<\/p>\n<p>Il faut par ailleurs s&rsquo;attendre \u00e0 de tr\u00e8s fortes restrictions du stationnement sur toute la zone impact\u00e9e par le chantier.<\/p>\n","protected":false},"excerpt":{"rendered":"<p>La r\u00e9alisation des travaux, que ce soit au niveau de la cr\u00e9ation du rond-point ou au niveau de l&rsquo;\u00e9largissement \u00e0 3 voies de l&rsquo;avenue Mar\u00e9chal Juin entre ce rond-point et la section d\u00e9j\u00e0 \u00e9largie c\u00f4t\u00e9 avenue Morane-Saulnier, n\u00e9cessite la mise \u00e0 sens unique de l&rsquo;avenue devant les num\u00e9ros 11 (Sopra Steria \/ Green Office) et [&hellip;]<\/p>\n","protected":false},"author":1,"featured_media":0,"parent":2843,"menu_order":0,"comment_status":"closed","ping_status":"closed","template":"","meta":{"ngg_post_thumbnail":0,"jetpack_post_was_ever_published":false},"jetpack_sharing_enabled":true,"jetpack_shortlink":"https:\/\/wp.me\/P7AoJR-JT","jetpack-related-posts":[{"id":2847,"url":"https:\/\/www.horizonemployeur.fr\/wordpress\/juin2016\/bus\/","url_meta":{"origin":2845,"position":0},"title":"Travaux \u00e9t\u00e9 2016 sur l&rsquo;avenue Mar\u00e9chal Juin: les d\u00e9placements en bus","date":"7 juin 2016","format":false,"excerpt":"La r\u00e9alisation des travaux de voirie sur l'avenue Mar\u00e9chal Juin durant l'\u00e9t\u00e9 2016 impose la mise en sens unique dans le sens for\u00eat vers RN 118 de cette avenue au droit des num\u00e9ros 11 (Sopra Steria) et 13-15 (Bouygues Telecom). La cons\u00e9quence imm\u00e9diate est la d\u00e9viation de la ligne Ph\u00e9bus\u2026","rel":"","context":"Article similaire","img":{"alt_text":"Travaux avenue Juin 2016 d\u00c3\u00a9viation bus","src":"https:\/\/i0.wp.com\/www.horizonemployeur.fr\/wordpress\/wp-content\/uploads\/2016\/06\/Travaux-avenue-Juin-2016-d\u00c3\u00a9viation-bus.png?resize=350%2C200","width":350,"height":200},"classes":[]},{"id":2843,"url":"https:\/\/www.horizonemployeur.fr\/wordpress\/juin2016\/","url_meta":{"origin":2845,"position":1},"title":"Travaux \u00e9t\u00e9 2016 sur l&rsquo;avenue Mar\u00e9chal Juin","date":"7 juin 2016","format":false,"excerpt":"Afin de fluidifier la circulation de la zone d\u2019activit\u00e9 de Meudon la For\u00eat, et dans la continuit\u00e9 de l\u2019am\u00e9nagement r\u00e9alis\u00e9 en 2014 au niveau du carrefour avenue Morane Saulnier\/ avenue Mar\u00e9chal Juin, Grand Paris Seine Ouest va entreprendre des travaux avenue Mar\u00e9chal Juin entre le 13 juin et fin ao\u00fbt\u2026","rel":"","context":"Article similaire","img":{"alt_text":"","src":"","width":0,"height":0},"classes":[]},{"id":349,"url":"https:\/\/www.horizonemployeur.fr\/wordpress\/accueil\/sedeplacer\/t6-chatillon\/","url_meta":{"origin":2845,"position":2},"title":"Le tramway T6 jusqu&rsquo;\u00e0 Ch\u00e2tillon","date":"29 d\u00e9cembre 2014","format":false,"excerpt":"Depuis le samedi 13 d\u00e9cembre 2014, le tramway T6 assure une liaison entre V\u00e9lizy-Robert Wagner et le terminus de Ch\u00e2tillon-Montrouge. 19 stations sont ainsi desservies, dont 6\u00a0desservent\u00a0les divers secteurs d'INOVEL PARC. Soit d'ouest en est: L'Onde-Maison des Arts, qui dessert le secteur ouest d'INOVEL PARC Sud: SOPEMEA, Messier-Bugatti-Dowty via la\u2026","rel":"","context":"Article similaire","img":{"alt_text":"","src":"https:\/\/i0.wp.com\/www.horizonemployeur.fr\/wordpress\/wp-content\/uploads\/2016\/03\/p1010448_1200x600d-1.jpg?fit=1200%2C600&ssl=1&resize=350%2C200","width":350,"height":200},"classes":[]},{"id":1731,"url":"https:\/\/www.horizonemployeur.fr\/wordpress\/inovel-parc\/","url_meta":{"origin":2845,"position":3},"title":"Inovel Parc","date":"1 janvier 2017","format":false,"excerpt":"Inovel Parc, c'est l'ensemble des parcs d'activit\u00e9s de V\u00e9lizy-Villacoublay et de Meudon-la-For\u00eat. Inovel Parc, ce sont plus de 40 000 salari\u00e9s et plus de 50 000 clients qui tous les jours se rendent dans les centres commerciaux: V\u00e9lizy 2, L'Usine Mode et Maison (ex Usines Center) et La Maison Villacoublay\u2026","rel":"","context":"Article similaire","img":{"alt_text":"","src":"https:\/\/i0.wp.com\/www.horizonemployeur.fr\/wordpress\/wp-content\/uploads\/2014\/02\/logo-rvb1.jpg?resize=350%2C200","width":350,"height":200},"classes":[]},{"id":30,"url":"https:\/\/www.horizonemployeur.fr\/wordpress\/accueil\/inovelparc\/parc-inovelparc\/","url_meta":{"origin":2845,"position":4},"title":"Le parc d&rsquo;activit\u00e9s \u00ab\u00a0Inovel Parc\u00a0\u00bb","date":"27 f\u00e9vrier 2014","format":false,"excerpt":"INOVEL PARC INOVEL PARC, c'est l'ensemble des parcs d'activit\u00e9s de V\u00e9lizy-Villacoublay et de Meudon-la-For\u00eat. INOVEL PARC, ce sont plus de 40 000 salari\u00e9s et plus de 50 000 clients qui tous les jours se rendent dans les centres commerciaux: V\u00e9lizy 2, L'Usine Mode et Maison (ex Usines Center) et La\u2026","rel":"","context":"Avec 2 commentaires","img":{"alt_text":"","src":"https:\/\/i0.wp.com\/www.horizonemployeur.fr\/wordpress\/wp-content\/uploads\/2016\/04\/vignette-inovel-parc-600x430-1.png?fit=600%2C430&ssl=1&resize=350%2C200","width":350,"height":200},"classes":[]},{"id":2261,"url":"https:\/\/www.horizonemployeur.fr\/wordpress\/echangeur-a86\/","url_meta":{"origin":2845,"position":5},"title":"L&rsquo;\u00e9changeur \u00ab\u00a0V\u00e9lizy 2\u00a0\u00bb de l&rsquo;A 86","date":"8 avril 2016","format":false,"excerpt":"Que ce soit pour rejoindre Inovel Parc Nord ou Inovel Parc Sud, il n'existe pratiquement qu'un acc\u00e8s unique c\u00f4t\u00e9 est: l'\u00e9changeur n\u00b03 de la RN 118 (V\u00e9lizy-Zone d'Emplois - Meudon-la-For\u00eat) pour Inovel Parc Nord l'\u00e9changeur n\u00b04.1 de la m\u00eame RN 118 (ZA Villacoublay) pour Inovel Parc Sud A c\u00f4t\u00e9 de\u2026","rel":"","context":"Article similaire","img":{"alt_text":"","src":"https:\/\/i0.wp.com\/www.horizonemployeur.fr\/wordpress\/wp-content\/uploads\/2016\/04\/vignette-projet-c3a9changeur-vc3a9lizy-2.png?fit=600%2C430&ssl=1&resize=350%2C200","width":350,"height":200},"classes":[]}],"_links":{"self":[{"href":"https:\/\/www.horizonemployeur.fr\/wordpress\/wp-json\/wp\/v2\/pages\/2845"}],"collection":[{"href":"https:\/\/www.horizonemployeur.fr\/wordpress\/wp-json\/wp\/v2\/pages"}],"about":[{"href":"https:\/\/www.horizonemployeur.fr\/wordpress\/wp-json\/wp\/v2\/types\/page"}],"author":[{"embeddable":true,"href":"https:\/\/www.horizonemployeur.fr\/wordpress\/wp-json\/wp\/v2\/users\/1"}],"replies":[{"embeddable":true,"href":"https:\/\/www.horizonemployeur.fr\/wordpress\/wp-json\/wp\/v2\/comments?post=2845"}],"version-history":[{"count":3,"href":"https:\/\/www.horizonemployeur.fr\/wordpress\/wp-json\/wp\/v2\/pages\/2845\/revisions"}],"predecessor-version":[{"id":2853,"href":"https:\/\/www.horizonemployeur.fr\/wordpress\/wp-json\/wp\/v2\/pages\/2845\/revisions\/2853"}],"up":[{"embeddable":true,"href":"https:\/\/www.horizonemployeur.fr\/wordpress\/wp-json\/wp\/v2\/pages\/2843"}],"wp:attachment":[{"href":"https:\/\/www.horizonemployeur.fr\/wordpress\/wp-json\/wp\/v2\/media?parent=2845"}],"curies":[{"name":"wp","href":"https:\/\/api.w.org\/{rel}","templated":true}]}}