{"id":2843,"date":"2016-06-07T11:46:24","date_gmt":"2016-06-07T09:46:24","guid":{"rendered":"http:\/\/www.horizonemployeur.fr\/wordpress\/?page_id=2843"},"modified":"2016-06-07T12:07:49","modified_gmt":"2016-06-07T10:07:49","slug":"juin2016","status":"publish","type":"page","link":"https:\/\/www.horizonemployeur.fr\/wordpress\/juin2016\/","title":{"rendered":"Travaux \u00e9t\u00e9 2016 sur l&rsquo;avenue Mar\u00e9chal Juin"},"content":{"rendered":"<p>Afin de fluidifier la circulation de la zone d\u2019activit\u00e9 de Meudon la For\u00eat, et dans la continuit\u00e9 de l\u2019am\u00e9nagement r\u00e9alis\u00e9 en 2014 au niveau du carrefour avenue Morane Saulnier\/ avenue Mar\u00e9chal Juin, Grand Paris Seine Ouest va entreprendre des travaux avenue Mar\u00e9chal Juin entre le 13 juin et fin ao\u00fbt 2016.<\/p>\n<p>Ces travaux situ\u00e9s entre le num\u00e9ro 11 avenue Mar\u00e9chal Juin (en limite de l\u2019acc\u00e8s de Sopra Steria) et l\u2019avenue Morane Saulnier consistent \u00e0\u00a0:<\/p>\n<ul>\n<li><strong>Am\u00e9nager un giratoire afin d\u2019anticiper l\u2019insertion d\u2019une nouvelle voie de circulation<\/strong><\/li>\n<li><strong>Doubler la voie de circulation en sortie de la zone d\u2019activit\u00e9\u00a0<\/strong><\/li>\n<li><strong>Mettre aux normes d\u2019accessibilit\u00e9 et r\u00e9nover l\u2019ensemble des rev\u00eatements\u00a0<\/strong><\/li>\n<li><strong>Renouveler l\u2019\u00e9clairage public<\/strong><\/li>\n<\/ul>\n<p>Ces 2 mois et demi de travaux auront des cons\u00e9quences sur les d\u00e9placements des salari\u00e9s et visiteurs des entreprises du secteur, que ces d\u00e9placements\u00a0se fassent en v\u00e9hicule individuel ou en bus.<\/p>\n<ul>\n<li><a href=\"http:\/\/www.horizonemployeur.fr\/wordpress\/juin2016\/vehicule-individuel\/\">en v\u00e9hicule individuel<\/a><\/li>\n<li><a href=\"http:\/\/www.horizonemployeur.fr\/wordpress\/juin2016\/bus\/\">en bus (lignes Ph\u00e9bus 24, 34 et 40)<\/a><\/li>\n<\/ul>\n","protected":false},"excerpt":{"rendered":"<p>Afin de fluidifier la circulation de la zone d\u2019activit\u00e9 de Meudon la For\u00eat, et dans la continuit\u00e9 de l\u2019am\u00e9nagement r\u00e9alis\u00e9 en 2014 au niveau du carrefour avenue Morane Saulnier\/ avenue Mar\u00e9chal Juin, Grand Paris Seine Ouest va entreprendre des travaux avenue Mar\u00e9chal Juin entre le 13 juin et fin ao\u00fbt 2016. Ces travaux situ\u00e9s entre [&hellip;]<\/p>\n","protected":false},"author":1,"featured_media":0,"parent":0,"menu_order":0,"comment_status":"closed","ping_status":"closed","template":"","meta":{"ngg_post_thumbnail":0,"jetpack_post_was_ever_published":false},"jetpack_sharing_enabled":true,"jetpack_shortlink":"https:\/\/wp.me\/P7AoJR-JR","jetpack-related-posts":[{"id":2847,"url":"https:\/\/www.horizonemployeur.fr\/wordpress\/juin2016\/bus\/","url_meta":{"origin":2843,"position":0},"title":"Travaux \u00e9t\u00e9 2016 sur l&rsquo;avenue Mar\u00e9chal Juin: les d\u00e9placements en bus","date":"7 juin 2016","format":false,"excerpt":"La r\u00e9alisation des travaux de voirie sur l'avenue Mar\u00e9chal Juin durant l'\u00e9t\u00e9 2016 impose la mise en sens unique dans le sens for\u00eat vers RN 118 de cette avenue au droit des num\u00e9ros 11 (Sopra Steria) et 13-15 (Bouygues Telecom). La cons\u00e9quence imm\u00e9diate est la d\u00e9viation de la ligne Ph\u00e9bus\u2026","rel":"","context":"Article similaire","img":{"alt_text":"Travaux avenue Juin 2016 d\u00c3\u00a9viation bus","src":"https:\/\/i0.wp.com\/www.horizonemployeur.fr\/wordpress\/wp-content\/uploads\/2016\/06\/Travaux-avenue-Juin-2016-d\u00c3\u00a9viation-bus.png?resize=350%2C200","width":350,"height":200},"classes":[]},{"id":2845,"url":"https:\/\/www.horizonemployeur.fr\/wordpress\/juin2016\/vehicule-individuel\/","url_meta":{"origin":2843,"position":1},"title":"Travaux \u00e9t\u00e9 2016 sur l&rsquo;avenue Mar\u00e9chal Juin: les d\u00e9placements en v\u00e9hicule individuel","date":"7 juin 2016","format":false,"excerpt":"La r\u00e9alisation des travaux, que ce soit au niveau de la cr\u00e9ation du rond-point ou au niveau de l'\u00e9largissement \u00e0 3 voies de l'avenue Mar\u00e9chal Juin entre ce rond-point et la section d\u00e9j\u00e0 \u00e9largie c\u00f4t\u00e9 avenue Morane-Saulnier, n\u00e9cessite la mise \u00e0 sens unique de l'avenue devant les num\u00e9ros 11 (Sopra\u2026","rel":"","context":"Article similaire","img":{"alt_text":"Plan travaux Juin \u00c3\u00a9t\u00c3\u00a9 2016","src":"https:\/\/i0.wp.com\/www.horizonemployeur.fr\/wordpress\/wp-content\/uploads\/2016\/06\/Plan-travaux-Juin-\u00c3\u00a9t\u00c3\u00a9-2016.png?resize=350%2C200","width":350,"height":200},"classes":[]},{"id":1731,"url":"https:\/\/www.horizonemployeur.fr\/wordpress\/inovel-parc\/","url_meta":{"origin":2843,"position":2},"title":"Inovel Parc","date":"1 janvier 2017","format":false,"excerpt":"Inovel Parc, c'est l'ensemble des parcs d'activit\u00e9s de V\u00e9lizy-Villacoublay et de Meudon-la-For\u00eat. Inovel Parc, ce sont plus de 40 000 salari\u00e9s et plus de 50 000 clients qui tous les jours se rendent dans les centres commerciaux: V\u00e9lizy 2, L'Usine Mode et Maison (ex Usines Center) et La Maison Villacoublay\u2026","rel":"","context":"Article similaire","img":{"alt_text":"","src":"https:\/\/i0.wp.com\/www.horizonemployeur.fr\/wordpress\/wp-content\/uploads\/2014\/02\/logo-rvb1.jpg?resize=350%2C200","width":350,"height":200},"classes":[]},{"id":30,"url":"https:\/\/www.horizonemployeur.fr\/wordpress\/accueil\/inovelparc\/parc-inovelparc\/","url_meta":{"origin":2843,"position":3},"title":"Le parc d&rsquo;activit\u00e9s \u00ab\u00a0Inovel Parc\u00a0\u00bb","date":"27 f\u00e9vrier 2014","format":false,"excerpt":"INOVEL PARC INOVEL PARC, c'est l'ensemble des parcs d'activit\u00e9s de V\u00e9lizy-Villacoublay et de Meudon-la-For\u00eat. INOVEL PARC, ce sont plus de 40 000 salari\u00e9s et plus de 50 000 clients qui tous les jours se rendent dans les centres commerciaux: V\u00e9lizy 2, L'Usine Mode et Maison (ex Usines Center) et La\u2026","rel":"","context":"Avec 2 commentaires","img":{"alt_text":"","src":"https:\/\/i0.wp.com\/www.horizonemployeur.fr\/wordpress\/wp-content\/uploads\/2016\/04\/vignette-inovel-parc-600x430-1.png?fit=600%2C430&ssl=1&resize=350%2C200","width":350,"height":200},"classes":[]},{"id":349,"url":"https:\/\/www.horizonemployeur.fr\/wordpress\/accueil\/sedeplacer\/t6-chatillon\/","url_meta":{"origin":2843,"position":4},"title":"Le tramway T6 jusqu&rsquo;\u00e0 Ch\u00e2tillon","date":"29 d\u00e9cembre 2014","format":false,"excerpt":"Depuis le samedi 13 d\u00e9cembre 2014, le tramway T6 assure une liaison entre V\u00e9lizy-Robert Wagner et le terminus de Ch\u00e2tillon-Montrouge. 19 stations sont ainsi desservies, dont 6\u00a0desservent\u00a0les divers secteurs d'INOVEL PARC. Soit d'ouest en est: L'Onde-Maison des Arts, qui dessert le secteur ouest d'INOVEL PARC Sud: SOPEMEA, Messier-Bugatti-Dowty via la\u2026","rel":"","context":"Article similaire","img":{"alt_text":"","src":"https:\/\/i0.wp.com\/www.horizonemployeur.fr\/wordpress\/wp-content\/uploads\/2016\/03\/p1010448_1200x600d-1.jpg?fit=1200%2C600&ssl=1&resize=350%2C200","width":350,"height":200},"classes":[]},{"id":846,"url":"https:\/\/www.horizonemployeur.fr\/wordpress\/accueil\/sedeplacer\/securite-routiere\/conduire-en-hiver-2\/les-plans-neige-a-proximite-dinovel-parc\/","url_meta":{"origin":2843,"position":5},"title":"Les plans neige \u00e0 proximit\u00e9 d\u2019Inovel Parc","date":"20 octobre 2015","format":false,"excerpt":"Que ce soit en raison des d\u00e9coupages administratifs (d\u00e9partements, communaut\u00e9s d'agglom\u00e9ration et communes) ou en raison des divers types de voies (allant de l'autoroute \u00e0 la route foresti\u00e8re), plusieurs plans neige cohabitent autour d'Inovel Parc. Le R\u00e9seau Routier National A proximit\u00e9 d'Inovel Parc, le r\u00e9seau routier national est constitu\u00e9 par:\u2026","rel":"","context":"Article similaire","img":{"alt_text":"","src":"","width":0,"height":0},"classes":[]}],"_links":{"self":[{"href":"https:\/\/www.horizonemployeur.fr\/wordpress\/wp-json\/wp\/v2\/pages\/2843"}],"collection":[{"href":"https:\/\/www.horizonemployeur.fr\/wordpress\/wp-json\/wp\/v2\/pages"}],"about":[{"href":"https:\/\/www.horizonemployeur.fr\/wordpress\/wp-json\/wp\/v2\/types\/page"}],"author":[{"embeddable":true,"href":"https:\/\/www.horizonemployeur.fr\/wordpress\/wp-json\/wp\/v2\/users\/1"}],"replies":[{"embeddable":true,"href":"https:\/\/www.horizonemployeur.fr\/wordpress\/wp-json\/wp\/v2\/comments?post=2843"}],"version-history":[{"count":2,"href":"https:\/\/www.horizonemployeur.fr\/wordpress\/wp-json\/wp\/v2\/pages\/2843\/revisions"}],"predecessor-version":[{"id":2850,"href":"https:\/\/www.horizonemployeur.fr\/wordpress\/wp-json\/wp\/v2\/pages\/2843\/revisions\/2850"}],"wp:attachment":[{"href":"https:\/\/www.horizonemployeur.fr\/wordpress\/wp-json\/wp\/v2\/media?parent=2843"}],"curies":[{"name":"wp","href":"https:\/\/api.w.org\/{rel}","templated":true}]}}