{"id":2801,"date":"2016-05-29T21:32:16","date_gmt":"2016-05-29T19:32:16","guid":{"rendered":"http:\/\/www.horizonemployeur.fr\/wordpress\/?page_id=2801"},"modified":"2016-05-29T21:38:36","modified_gmt":"2016-05-29T19:38:36","slug":"photos-trajet-t6","status":"publish","type":"page","link":"https:\/\/www.horizonemployeur.fr\/wordpress\/28-05-2016\/t6-viroflay\/photos-trajet-t6\/","title":{"rendered":"Photos du trajet T6 Viroflay-V\u00e9lizy"},"content":{"rendered":"<p>12h51: d\u00e9part Viroflay-Rive Gauche en direction de V\u00e9lizy<\/p>\n<p>12h53: La base travaux \u00e0 proximit\u00e9 de la sortie du tunnel<\/p>\n<p><img data-attachment-id=\"2795\" data-permalink=\"https:\/\/www.horizonemployeur.fr\/wordpress\/28-05-2016\/t6-viroflay\/viroflay-rive-gauche\/20160528_125328_800\/\" data-orig-file=\"https:\/\/i0.wp.com\/www.horizonemployeur.fr\/wordpress\/wp-content\/uploads\/2016\/04\/20160528_125328_800.jpg?fit=800%2C600&amp;ssl=1\" data-orig-size=\"800,600\" data-comments-opened=\"1\" data-image-meta=\"{&quot;aperture&quot;:&quot;0&quot;,&quot;credit&quot;:&quot;&quot;,&quot;camera&quot;:&quot;&quot;,&quot;caption&quot;:&quot;&quot;,&quot;created_timestamp&quot;:&quot;0&quot;,&quot;copyright&quot;:&quot;&quot;,&quot;focal_length&quot;:&quot;0&quot;,&quot;iso&quot;:&quot;0&quot;,&quot;shutter_speed&quot;:&quot;0&quot;,&quot;title&quot;:&quot;&quot;,&quot;orientation&quot;:&quot;0&quot;}\" data-image-title=\"20160528_125328_800\" data-image-description=\"\" data-image-caption=\"\" data-medium-file=\"https:\/\/i0.wp.com\/www.horizonemployeur.fr\/wordpress\/wp-content\/uploads\/2016\/04\/20160528_125328_800.jpg?fit=300%2C225&amp;ssl=1\" data-large-file=\"https:\/\/i0.wp.com\/www.horizonemployeur.fr\/wordpress\/wp-content\/uploads\/2016\/04\/20160528_125328_800.jpg?fit=700%2C525&amp;ssl=1\" decoding=\"async\" loading=\"lazy\" class=\"alignnone size-full wp-image-2795\" src=\"https:\/\/i0.wp.com\/www.horizonemployeur.fr\/wordpress\/wp-content\/uploads\/2016\/04\/20160528_125328_800.jpg?resize=700%2C525\" alt=\"20160528_125328_800\" width=\"700\" height=\"525\" srcset=\"https:\/\/i0.wp.com\/www.horizonemployeur.fr\/wordpress\/wp-content\/uploads\/2016\/04\/20160528_125328_800.jpg?w=800&amp;ssl=1 800w, https:\/\/i0.wp.com\/www.horizonemployeur.fr\/wordpress\/wp-content\/uploads\/2016\/04\/20160528_125328_800.jpg?resize=300%2C225&amp;ssl=1 300w, https:\/\/i0.wp.com\/www.horizonemployeur.fr\/wordpress\/wp-content\/uploads\/2016\/04\/20160528_125328_800.jpg?resize=768%2C576&amp;ssl=1 768w, https:\/\/i0.wp.com\/www.horizonemployeur.fr\/wordpress\/wp-content\/uploads\/2016\/04\/20160528_125328_800.jpg?resize=648%2C486&amp;ssl=1 648w, https:\/\/i0.wp.com\/www.horizonemployeur.fr\/wordpress\/wp-content\/uploads\/2016\/04\/20160528_125328_800.jpg?resize=256%2C192&amp;ssl=1 256w\" sizes=\"(max-width: 700px) 100vw, 700px\" data-recalc-dims=\"1\" \/><\/p>\n<p>On se rapproche de la route direction Chaville, mais on se trouve encore nettement plus bas, d&rsquo;o\u00f9 la pr\u00e9sence du mur<\/p>\n<p><img data-attachment-id=\"2804\" data-permalink=\"https:\/\/www.horizonemployeur.fr\/wordpress\/28-05-2016\/t6-viroflay\/photos-trajet-t6\/20160528_125336_800\/\" data-orig-file=\"https:\/\/i0.wp.com\/www.horizonemployeur.fr\/wordpress\/wp-content\/uploads\/2016\/05\/20160528_125336_800.jpg?fit=800%2C600&amp;ssl=1\" data-orig-size=\"800,600\" data-comments-opened=\"1\" data-image-meta=\"{&quot;aperture&quot;:&quot;0&quot;,&quot;credit&quot;:&quot;&quot;,&quot;camera&quot;:&quot;&quot;,&quot;caption&quot;:&quot;&quot;,&quot;created_timestamp&quot;:&quot;0&quot;,&quot;copyright&quot;:&quot;&quot;,&quot;focal_length&quot;:&quot;0&quot;,&quot;iso&quot;:&quot;0&quot;,&quot;shutter_speed&quot;:&quot;0&quot;,&quot;title&quot;:&quot;&quot;,&quot;orientation&quot;:&quot;0&quot;}\" data-image-title=\"20160528_125336_800\" data-image-description=\"\" data-image-caption=\"\" data-medium-file=\"https:\/\/i0.wp.com\/www.horizonemployeur.fr\/wordpress\/wp-content\/uploads\/2016\/05\/20160528_125336_800.jpg?fit=300%2C225&amp;ssl=1\" data-large-file=\"https:\/\/i0.wp.com\/www.horizonemployeur.fr\/wordpress\/wp-content\/uploads\/2016\/05\/20160528_125336_800.jpg?fit=700%2C525&amp;ssl=1\" decoding=\"async\" loading=\"lazy\" class=\"alignnone size-full wp-image-2804\" src=\"https:\/\/i0.wp.com\/www.horizonemployeur.fr\/wordpress\/wp-content\/uploads\/2016\/05\/20160528_125336_800.jpg?resize=700%2C525\" alt=\"20160528_125336_800\" width=\"700\" height=\"525\" srcset=\"https:\/\/i0.wp.com\/www.horizonemployeur.fr\/wordpress\/wp-content\/uploads\/2016\/05\/20160528_125336_800.jpg?w=800&amp;ssl=1 800w, https:\/\/i0.wp.com\/www.horizonemployeur.fr\/wordpress\/wp-content\/uploads\/2016\/05\/20160528_125336_800.jpg?resize=300%2C225&amp;ssl=1 300w, https:\/\/i0.wp.com\/www.horizonemployeur.fr\/wordpress\/wp-content\/uploads\/2016\/05\/20160528_125336_800.jpg?resize=768%2C576&amp;ssl=1 768w, https:\/\/i0.wp.com\/www.horizonemployeur.fr\/wordpress\/wp-content\/uploads\/2016\/05\/20160528_125336_800.jpg?resize=648%2C486&amp;ssl=1 648w, https:\/\/i0.wp.com\/www.horizonemployeur.fr\/wordpress\/wp-content\/uploads\/2016\/05\/20160528_125336_800.jpg?resize=256%2C192&amp;ssl=1 256w\" sizes=\"(max-width: 700px) 100vw, 700px\" data-recalc-dims=\"1\" \/><\/p>\n<p>Le tramway retrouve progressivement le niveau de la chauss\u00e9e (la pente des voies tramway est de l&rsquo;ordre de 10 % dans ce secteur):<\/p>\n<p><img data-attachment-id=\"2805\" data-permalink=\"https:\/\/www.horizonemployeur.fr\/wordpress\/28-05-2016\/t6-viroflay\/photos-trajet-t6\/20160528_125351_800\/\" data-orig-file=\"https:\/\/i0.wp.com\/www.horizonemployeur.fr\/wordpress\/wp-content\/uploads\/2016\/05\/20160528_125351_800.jpg?fit=800%2C600&amp;ssl=1\" data-orig-size=\"800,600\" data-comments-opened=\"1\" data-image-meta=\"{&quot;aperture&quot;:&quot;0&quot;,&quot;credit&quot;:&quot;&quot;,&quot;camera&quot;:&quot;&quot;,&quot;caption&quot;:&quot;&quot;,&quot;created_timestamp&quot;:&quot;0&quot;,&quot;copyright&quot;:&quot;&quot;,&quot;focal_length&quot;:&quot;0&quot;,&quot;iso&quot;:&quot;0&quot;,&quot;shutter_speed&quot;:&quot;0&quot;,&quot;title&quot;:&quot;&quot;,&quot;orientation&quot;:&quot;0&quot;}\" data-image-title=\"20160528_125351_800\" data-image-description=\"\" data-image-caption=\"\" data-medium-file=\"https:\/\/i0.wp.com\/www.horizonemployeur.fr\/wordpress\/wp-content\/uploads\/2016\/05\/20160528_125351_800.jpg?fit=300%2C225&amp;ssl=1\" data-large-file=\"https:\/\/i0.wp.com\/www.horizonemployeur.fr\/wordpress\/wp-content\/uploads\/2016\/05\/20160528_125351_800.jpg?fit=700%2C525&amp;ssl=1\" decoding=\"async\" loading=\"lazy\" class=\"alignnone size-full wp-image-2805\" src=\"https:\/\/i0.wp.com\/www.horizonemployeur.fr\/wordpress\/wp-content\/uploads\/2016\/05\/20160528_125351_800.jpg?resize=700%2C525\" alt=\"20160528_125351_800\" width=\"700\" height=\"525\" srcset=\"https:\/\/i0.wp.com\/www.horizonemployeur.fr\/wordpress\/wp-content\/uploads\/2016\/05\/20160528_125351_800.jpg?w=800&amp;ssl=1 800w, https:\/\/i0.wp.com\/www.horizonemployeur.fr\/wordpress\/wp-content\/uploads\/2016\/05\/20160528_125351_800.jpg?resize=300%2C225&amp;ssl=1 300w, https:\/\/i0.wp.com\/www.horizonemployeur.fr\/wordpress\/wp-content\/uploads\/2016\/05\/20160528_125351_800.jpg?resize=768%2C576&amp;ssl=1 768w, https:\/\/i0.wp.com\/www.horizonemployeur.fr\/wordpress\/wp-content\/uploads\/2016\/05\/20160528_125351_800.jpg?resize=648%2C486&amp;ssl=1 648w, https:\/\/i0.wp.com\/www.horizonemployeur.fr\/wordpress\/wp-content\/uploads\/2016\/05\/20160528_125351_800.jpg?resize=256%2C192&amp;ssl=1 256w\" sizes=\"(max-width: 700px) 100vw, 700px\" data-recalc-dims=\"1\" \/><\/p>\n<p>L&rsquo;approche du carrefour du Jumelage<\/p>\n<p><img data-attachment-id=\"2796\" data-permalink=\"https:\/\/www.horizonemployeur.fr\/wordpress\/28-05-2016\/t6-viroflay\/viroflay-rive-gauche\/20160528_125418_800\/\" data-orig-file=\"https:\/\/i0.wp.com\/www.horizonemployeur.fr\/wordpress\/wp-content\/uploads\/2016\/04\/20160528_125418_800.jpg?fit=800%2C600&amp;ssl=1\" data-orig-size=\"800,600\" data-comments-opened=\"1\" data-image-meta=\"{&quot;aperture&quot;:&quot;0&quot;,&quot;credit&quot;:&quot;&quot;,&quot;camera&quot;:&quot;&quot;,&quot;caption&quot;:&quot;&quot;,&quot;created_timestamp&quot;:&quot;0&quot;,&quot;copyright&quot;:&quot;&quot;,&quot;focal_length&quot;:&quot;0&quot;,&quot;iso&quot;:&quot;0&quot;,&quot;shutter_speed&quot;:&quot;0&quot;,&quot;title&quot;:&quot;&quot;,&quot;orientation&quot;:&quot;0&quot;}\" data-image-title=\"20160528_125418_800\" data-image-description=\"\" data-image-caption=\"\" data-medium-file=\"https:\/\/i0.wp.com\/www.horizonemployeur.fr\/wordpress\/wp-content\/uploads\/2016\/04\/20160528_125418_800.jpg?fit=300%2C225&amp;ssl=1\" data-large-file=\"https:\/\/i0.wp.com\/www.horizonemployeur.fr\/wordpress\/wp-content\/uploads\/2016\/04\/20160528_125418_800.jpg?fit=700%2C525&amp;ssl=1\" decoding=\"async\" loading=\"lazy\" class=\"alignnone size-full wp-image-2796\" src=\"https:\/\/i0.wp.com\/www.horizonemployeur.fr\/wordpress\/wp-content\/uploads\/2016\/04\/20160528_125418_800.jpg?resize=700%2C525\" alt=\"20160528_125418_800\" width=\"700\" height=\"525\" srcset=\"https:\/\/i0.wp.com\/www.horizonemployeur.fr\/wordpress\/wp-content\/uploads\/2016\/04\/20160528_125418_800.jpg?w=800&amp;ssl=1 800w, https:\/\/i0.wp.com\/www.horizonemployeur.fr\/wordpress\/wp-content\/uploads\/2016\/04\/20160528_125418_800.jpg?resize=300%2C225&amp;ssl=1 300w, https:\/\/i0.wp.com\/www.horizonemployeur.fr\/wordpress\/wp-content\/uploads\/2016\/04\/20160528_125418_800.jpg?resize=768%2C576&amp;ssl=1 768w, https:\/\/i0.wp.com\/www.horizonemployeur.fr\/wordpress\/wp-content\/uploads\/2016\/04\/20160528_125418_800.jpg?resize=648%2C486&amp;ssl=1 648w, https:\/\/i0.wp.com\/www.horizonemployeur.fr\/wordpress\/wp-content\/uploads\/2016\/04\/20160528_125418_800.jpg?resize=256%2C192&amp;ssl=1 256w\" sizes=\"(max-width: 700px) 100vw, 700px\" data-recalc-dims=\"1\" \/><\/p>\n<p>12h55: fracnhissement de la rue Brindejonc des Moulinais<\/p>\n<p><img data-attachment-id=\"2797\" data-permalink=\"https:\/\/www.horizonemployeur.fr\/wordpress\/28-05-2016\/t6-viroflay\/viroflay-rive-gauche\/20160528_125435_800\/\" data-orig-file=\"https:\/\/i0.wp.com\/www.horizonemployeur.fr\/wordpress\/wp-content\/uploads\/2016\/04\/20160528_125435_800.jpg?fit=800%2C600&amp;ssl=1\" data-orig-size=\"800,600\" data-comments-opened=\"1\" data-image-meta=\"{&quot;aperture&quot;:&quot;0&quot;,&quot;credit&quot;:&quot;&quot;,&quot;camera&quot;:&quot;&quot;,&quot;caption&quot;:&quot;&quot;,&quot;created_timestamp&quot;:&quot;0&quot;,&quot;copyright&quot;:&quot;&quot;,&quot;focal_length&quot;:&quot;0&quot;,&quot;iso&quot;:&quot;0&quot;,&quot;shutter_speed&quot;:&quot;0&quot;,&quot;title&quot;:&quot;&quot;,&quot;orientation&quot;:&quot;0&quot;}\" data-image-title=\"20160528_125435_800\" data-image-description=\"\" data-image-caption=\"\" data-medium-file=\"https:\/\/i0.wp.com\/www.horizonemployeur.fr\/wordpress\/wp-content\/uploads\/2016\/04\/20160528_125435_800.jpg?fit=300%2C225&amp;ssl=1\" data-large-file=\"https:\/\/i0.wp.com\/www.horizonemployeur.fr\/wordpress\/wp-content\/uploads\/2016\/04\/20160528_125435_800.jpg?fit=700%2C525&amp;ssl=1\" decoding=\"async\" loading=\"lazy\" class=\"alignnone size-full wp-image-2797\" src=\"https:\/\/i0.wp.com\/www.horizonemployeur.fr\/wordpress\/wp-content\/uploads\/2016\/04\/20160528_125435_800.jpg?resize=700%2C525\" alt=\"20160528_125435_800\" width=\"700\" height=\"525\" srcset=\"https:\/\/i0.wp.com\/www.horizonemployeur.fr\/wordpress\/wp-content\/uploads\/2016\/04\/20160528_125435_800.jpg?w=800&amp;ssl=1 800w, https:\/\/i0.wp.com\/www.horizonemployeur.fr\/wordpress\/wp-content\/uploads\/2016\/04\/20160528_125435_800.jpg?resize=300%2C225&amp;ssl=1 300w, https:\/\/i0.wp.com\/www.horizonemployeur.fr\/wordpress\/wp-content\/uploads\/2016\/04\/20160528_125435_800.jpg?resize=768%2C576&amp;ssl=1 768w, https:\/\/i0.wp.com\/www.horizonemployeur.fr\/wordpress\/wp-content\/uploads\/2016\/04\/20160528_125435_800.jpg?resize=648%2C486&amp;ssl=1 648w, https:\/\/i0.wp.com\/www.horizonemployeur.fr\/wordpress\/wp-content\/uploads\/2016\/04\/20160528_125435_800.jpg?resize=256%2C192&amp;ssl=1 256w\" sizes=\"(max-width: 700px) 100vw, 700px\" data-recalc-dims=\"1\" \/><\/p>\n<p>Rue Marcel Sembat<\/p>\n<p><img data-attachment-id=\"2798\" data-permalink=\"https:\/\/www.horizonemployeur.fr\/wordpress\/28-05-2016\/t6-viroflay\/viroflay-rive-gauche\/20160528_125453_800\/\" data-orig-file=\"https:\/\/i0.wp.com\/www.horizonemployeur.fr\/wordpress\/wp-content\/uploads\/2016\/04\/20160528_125453_800.jpg?fit=800%2C600&amp;ssl=1\" data-orig-size=\"800,600\" data-comments-opened=\"1\" data-image-meta=\"{&quot;aperture&quot;:&quot;0&quot;,&quot;credit&quot;:&quot;&quot;,&quot;camera&quot;:&quot;&quot;,&quot;caption&quot;:&quot;&quot;,&quot;created_timestamp&quot;:&quot;0&quot;,&quot;copyright&quot;:&quot;&quot;,&quot;focal_length&quot;:&quot;0&quot;,&quot;iso&quot;:&quot;0&quot;,&quot;shutter_speed&quot;:&quot;0&quot;,&quot;title&quot;:&quot;&quot;,&quot;orientation&quot;:&quot;0&quot;}\" data-image-title=\"20160528_125453_800\" data-image-description=\"\" data-image-caption=\"\" data-medium-file=\"https:\/\/i0.wp.com\/www.horizonemployeur.fr\/wordpress\/wp-content\/uploads\/2016\/04\/20160528_125453_800.jpg?fit=300%2C225&amp;ssl=1\" data-large-file=\"https:\/\/i0.wp.com\/www.horizonemployeur.fr\/wordpress\/wp-content\/uploads\/2016\/04\/20160528_125453_800.jpg?fit=700%2C525&amp;ssl=1\" decoding=\"async\" loading=\"lazy\" class=\"alignnone size-full wp-image-2798\" src=\"https:\/\/i0.wp.com\/www.horizonemployeur.fr\/wordpress\/wp-content\/uploads\/2016\/04\/20160528_125453_800.jpg?resize=700%2C525\" alt=\"20160528_125453_800\" width=\"700\" height=\"525\" srcset=\"https:\/\/i0.wp.com\/www.horizonemployeur.fr\/wordpress\/wp-content\/uploads\/2016\/04\/20160528_125453_800.jpg?w=800&amp;ssl=1 800w, https:\/\/i0.wp.com\/www.horizonemployeur.fr\/wordpress\/wp-content\/uploads\/2016\/04\/20160528_125453_800.jpg?resize=300%2C225&amp;ssl=1 300w, https:\/\/i0.wp.com\/www.horizonemployeur.fr\/wordpress\/wp-content\/uploads\/2016\/04\/20160528_125453_800.jpg?resize=768%2C576&amp;ssl=1 768w, https:\/\/i0.wp.com\/www.horizonemployeur.fr\/wordpress\/wp-content\/uploads\/2016\/04\/20160528_125453_800.jpg?resize=648%2C486&amp;ssl=1 648w, https:\/\/i0.wp.com\/www.horizonemployeur.fr\/wordpress\/wp-content\/uploads\/2016\/04\/20160528_125453_800.jpg?resize=256%2C192&amp;ssl=1 256w\" sizes=\"(max-width: 700px) 100vw, 700px\" data-recalc-dims=\"1\" \/><\/p>\n<p>Le rond-point De Gaulle<\/p>\n<p><img data-attachment-id=\"2799\" data-permalink=\"https:\/\/www.horizonemployeur.fr\/wordpress\/28-05-2016\/t6-viroflay\/viroflay-rive-gauche\/20160528_125522_800\/\" data-orig-file=\"https:\/\/i0.wp.com\/www.horizonemployeur.fr\/wordpress\/wp-content\/uploads\/2016\/04\/20160528_125522_800.jpg?fit=800%2C600&amp;ssl=1\" data-orig-size=\"800,600\" data-comments-opened=\"1\" data-image-meta=\"{&quot;aperture&quot;:&quot;0&quot;,&quot;credit&quot;:&quot;&quot;,&quot;camera&quot;:&quot;&quot;,&quot;caption&quot;:&quot;&quot;,&quot;created_timestamp&quot;:&quot;0&quot;,&quot;copyright&quot;:&quot;&quot;,&quot;focal_length&quot;:&quot;0&quot;,&quot;iso&quot;:&quot;0&quot;,&quot;shutter_speed&quot;:&quot;0&quot;,&quot;title&quot;:&quot;&quot;,&quot;orientation&quot;:&quot;0&quot;}\" data-image-title=\"20160528_125522_800\" data-image-description=\"\" data-image-caption=\"\" data-medium-file=\"https:\/\/i0.wp.com\/www.horizonemployeur.fr\/wordpress\/wp-content\/uploads\/2016\/04\/20160528_125522_800.jpg?fit=300%2C225&amp;ssl=1\" data-large-file=\"https:\/\/i0.wp.com\/www.horizonemployeur.fr\/wordpress\/wp-content\/uploads\/2016\/04\/20160528_125522_800.jpg?fit=700%2C525&amp;ssl=1\" decoding=\"async\" loading=\"lazy\" class=\"alignnone size-full wp-image-2799\" src=\"https:\/\/i0.wp.com\/www.horizonemployeur.fr\/wordpress\/wp-content\/uploads\/2016\/04\/20160528_125522_800.jpg?resize=700%2C525\" alt=\"20160528_125522_800\" width=\"700\" height=\"525\" srcset=\"https:\/\/i0.wp.com\/www.horizonemployeur.fr\/wordpress\/wp-content\/uploads\/2016\/04\/20160528_125522_800.jpg?w=800&amp;ssl=1 800w, https:\/\/i0.wp.com\/www.horizonemployeur.fr\/wordpress\/wp-content\/uploads\/2016\/04\/20160528_125522_800.jpg?resize=300%2C225&amp;ssl=1 300w, https:\/\/i0.wp.com\/www.horizonemployeur.fr\/wordpress\/wp-content\/uploads\/2016\/04\/20160528_125522_800.jpg?resize=768%2C576&amp;ssl=1 768w, https:\/\/i0.wp.com\/www.horizonemployeur.fr\/wordpress\/wp-content\/uploads\/2016\/04\/20160528_125522_800.jpg?resize=648%2C486&amp;ssl=1 648w, https:\/\/i0.wp.com\/www.horizonemployeur.fr\/wordpress\/wp-content\/uploads\/2016\/04\/20160528_125522_800.jpg?resize=256%2C192&amp;ssl=1 256w\" sizes=\"(max-width: 700px) 100vw, 700px\" data-recalc-dims=\"1\" \/><\/p>\n<p>12h56: enfin l&rsquo;arriv\u00e9e \u00e0 la station Wagner, l&rsquo;ancien terminus<\/p>\n<p><img data-attachment-id=\"2800\" data-permalink=\"https:\/\/www.horizonemployeur.fr\/wordpress\/28-05-2016\/t6-viroflay\/viroflay-rive-gauche\/20160528_125532_800\/\" data-orig-file=\"https:\/\/i0.wp.com\/www.horizonemployeur.fr\/wordpress\/wp-content\/uploads\/2016\/04\/20160528_125532_800.jpg?fit=800%2C600&amp;ssl=1\" data-orig-size=\"800,600\" data-comments-opened=\"1\" data-image-meta=\"{&quot;aperture&quot;:&quot;0&quot;,&quot;credit&quot;:&quot;&quot;,&quot;camera&quot;:&quot;&quot;,&quot;caption&quot;:&quot;&quot;,&quot;created_timestamp&quot;:&quot;0&quot;,&quot;copyright&quot;:&quot;&quot;,&quot;focal_length&quot;:&quot;0&quot;,&quot;iso&quot;:&quot;0&quot;,&quot;shutter_speed&quot;:&quot;0&quot;,&quot;title&quot;:&quot;&quot;,&quot;orientation&quot;:&quot;0&quot;}\" data-image-title=\"20160528_125532_800\" data-image-description=\"\" data-image-caption=\"\" data-medium-file=\"https:\/\/i0.wp.com\/www.horizonemployeur.fr\/wordpress\/wp-content\/uploads\/2016\/04\/20160528_125532_800.jpg?fit=300%2C225&amp;ssl=1\" data-large-file=\"https:\/\/i0.wp.com\/www.horizonemployeur.fr\/wordpress\/wp-content\/uploads\/2016\/04\/20160528_125532_800.jpg?fit=700%2C525&amp;ssl=1\" decoding=\"async\" loading=\"lazy\" class=\"alignnone size-full wp-image-2800\" src=\"https:\/\/i0.wp.com\/www.horizonemployeur.fr\/wordpress\/wp-content\/uploads\/2016\/04\/20160528_125532_800.jpg?resize=700%2C525\" alt=\"20160528_125532_800\" width=\"700\" height=\"525\" srcset=\"https:\/\/i0.wp.com\/www.horizonemployeur.fr\/wordpress\/wp-content\/uploads\/2016\/04\/20160528_125532_800.jpg?w=800&amp;ssl=1 800w, https:\/\/i0.wp.com\/www.horizonemployeur.fr\/wordpress\/wp-content\/uploads\/2016\/04\/20160528_125532_800.jpg?resize=300%2C225&amp;ssl=1 300w, https:\/\/i0.wp.com\/www.horizonemployeur.fr\/wordpress\/wp-content\/uploads\/2016\/04\/20160528_125532_800.jpg?resize=768%2C576&amp;ssl=1 768w, https:\/\/i0.wp.com\/www.horizonemployeur.fr\/wordpress\/wp-content\/uploads\/2016\/04\/20160528_125532_800.jpg?resize=648%2C486&amp;ssl=1 648w, https:\/\/i0.wp.com\/www.horizonemployeur.fr\/wordpress\/wp-content\/uploads\/2016\/04\/20160528_125532_800.jpg?resize=256%2C192&amp;ssl=1 256w\" sizes=\"(max-width: 700px) 100vw, 700px\" data-recalc-dims=\"1\" \/><\/p>\n","protected":false},"excerpt":{"rendered":"<p>12h51: d\u00e9part Viroflay-Rive Gauche en direction de V\u00e9lizy 12h53: La base travaux \u00e0 proximit\u00e9 de la sortie du tunnel On se rapproche de la route direction Chaville, mais on se trouve encore nettement plus bas, d&rsquo;o\u00f9 la pr\u00e9sence du mur Le tramway retrouve progressivement le niveau de la chauss\u00e9e (la pente des voies tramway est [&hellip;]<\/p>\n","protected":false},"author":1,"featured_media":0,"parent":2457,"menu_order":4,"comment_status":"closed","ping_status":"closed","template":"","meta":{"ngg_post_thumbnail":0,"jetpack_post_was_ever_published":false},"jetpack_sharing_enabled":true,"jetpack_shortlink":"https:\/\/wp.me\/P7AoJR-Jb","jetpack-related-posts":[{"id":2742,"url":"https:\/\/www.horizonemployeur.fr\/wordpress\/28-05-2016\/t6-viroflay\/viroflay-rive-gauche\/photos-t6-viroflay-rive-gauche\/","url_meta":{"origin":2801,"position":0},"title":"Photos de la station T6 Viroflay-Rive Gauche","date":"29 mai 2016","format":false,"excerpt":"Le tunnel c\u00f4t\u00e9 V\u00e9lizy Le quai direction Viroflay-Rive Droite Le tunnel direction Viroflay-Rive Droite La mezzanine vue du quai Ch\u00e2tillon La sortie du quai Ch\u00e2tillon situ\u00e9e en t\u00eate de quai L'arriv\u00e9e d'un tramway en provenance de V\u00e9lizy (on l'entend arriver bien avant qu'on ne le voit) Le tramway \u00e0 quai\u2026","rel":"","context":"Article similaire","img":{"alt_text":"P1140110_800","src":"https:\/\/i0.wp.com\/www.horizonemployeur.fr\/wordpress\/wp-content\/uploads\/2016\/05\/P1140110_800.jpg?resize=350%2C200","width":350,"height":200},"classes":[]},{"id":2455,"url":"https:\/\/www.horizonemployeur.fr\/wordpress\/28-05-2016\/","url_meta":{"origin":2801,"position":1},"title":"28 mai 2016: le tramway T6 arrive \u00e0 Viroflay","date":"28 avril 2016","format":false,"excerpt":"Samedi 13 d\u00e9cembre 2014: apr\u00e8s plusieurs ann\u00e9es de longs et p\u00e9nibles travaux, le tramway est mis en service entre Ch\u00e2tillon-Montrouge, terminus de la ligne M13, et V\u00e9lizy-Robert Wagner, station situ\u00e9e le plus \u00e0 l'ouest sur la commune de V\u00e9lizy Samedi 28 mai 2016: apr\u00e8s une autre p\u00e9riode de travaux qui,\u2026","rel":"","context":"Article similaire","img":{"alt_text":"","src":"","width":0,"height":0},"classes":[]},{"id":46,"url":"https:\/\/www.horizonemployeur.fr\/wordpress\/accueil\/sedeplacer\/transports-en-commun\/tramway-t6\/","url_meta":{"origin":2801,"position":2},"title":"Le Tramway T6 (Ch\u00e2tillon &#8211; V\u00e9lizy &#8211; Viroflay)","date":"28 f\u00e9vrier 2014","format":false,"excerpt":"Depuis le 13 d\u00e9cembre 2014,\u00a0les tramways de la ligne T6 sont entr\u00e9s\u00a0en service commercial entre le terminus de la ligne 13 du m\u00e9tro, Ch\u00e2tillon-Montrouge, et la station V\u00e9lizy-Robert Wagner situ\u00e9e \u00e0 l'ouest de V\u00e9lizy. Le 28 mai 2016, la ligne T6 a \u00e9t\u00e9 prolong\u00e9e jusqu'aux 2 gares Rive Gauche et\u2026","rel":"","context":"Article similaire","img":{"alt_text":"","src":"https:\/\/i0.wp.com\/www.horizonemployeur.fr\/wordpress\/wp-content\/uploads\/2014\/02\/p1070314_800.jpg?fit=800%2C600&ssl=1&resize=350%2C200","width":350,"height":200},"classes":[]},{"id":2477,"url":"https:\/\/www.horizonemployeur.fr\/wordpress\/28-05-2016\/t6-viroflay\/viroflay-rive-gauche\/","url_meta":{"origin":2801,"position":3},"title":"Viroflay-Rive Gauche","date":"28 avril 2016","format":false,"excerpt":"Viroflay-Rive Droite est la 20e et avant-derni\u00e8re station de la ligne T6. Elle se situe dans le tunnel de Viroflay emprunt\u00e9 par le tramway \u00e0 partir de la c\u00f4te de Chaville et\u00a0donc\u00a0sous la place du Mar\u00e9chal Koenig. Elle propose les\u00a0correspondances avec: la ligne RER C Paris - Versailles-Ch\u00e2teau-Rive Gauche \/\u2026","rel":"","context":"Article similaire","img":{"alt_text":"P1130441_800d","src":"https:\/\/i0.wp.com\/www.horizonemployeur.fr\/wordpress\/wp-content\/uploads\/2016\/04\/P1130441_800d-300x150.jpg?resize=350%2C200","width":350,"height":200},"classes":[]},{"id":96,"url":"https:\/\/www.horizonemployeur.fr\/wordpress\/tramway-t10\/","url_meta":{"origin":2801,"position":4},"title":"Le tramway T10 (Antony &#8211; Clamart)","date":"6 mars 2014","format":false,"excerpt":"En compl\u00e9ment du tramway T6 Ch\u00e2tillon - V\u00e9lizy - Viroflay qui sera ouvert en 2014-2016, une autre liaison tramway est pr\u00e9vue pour 2021\u00a0dans notre secteur. Il s'agit du tramway T10 qui, dans un premier temps, joindra la gare de\u00a0La Croix de Berny\u00a0du RER B\u00a0\u00e0 Antony \u00e0 la place du Garde\u2026","rel":"","context":"Article similaire","img":{"alt_text":"","src":"https:\/\/i0.wp.com\/www.horizonemployeur.fr\/wordpress\/wp-content\/uploads\/2016\/03\/t10-pers-vue3-11nov-hd-logo_1200x578-1.jpg?fit=1200%2C578&ssl=1&resize=350%2C200","width":350,"height":200},"classes":[]},{"id":2585,"url":"https:\/\/www.horizonemployeur.fr\/wordpress\/28-05-2016\/t6-viroflay\/t6-viroflay-pratique\/","url_meta":{"origin":2801,"position":5},"title":"Le prolongement du T6 en pratique","date":"2 mai 2016","format":false,"excerpt":"Quelques questions avec leurs r\u00e9ponses, aussi pr\u00e9cises que possible \u00e0 la date de leur r\u00e9daction: \u00a0 Combien \u00e7a co\u00fbte ? La tarification du tramway est identique sur la 1e section et sur le prolongement. Sont donc accept\u00e9s: les tickets t+, qui permettent dans la limite de 90 minutes apr\u00e8s la\u2026","rel":"","context":"Article similaire","img":{"alt_text":"","src":"","width":0,"height":0},"classes":[]}],"_links":{"self":[{"href":"https:\/\/www.horizonemployeur.fr\/wordpress\/wp-json\/wp\/v2\/pages\/2801"}],"collection":[{"href":"https:\/\/www.horizonemployeur.fr\/wordpress\/wp-json\/wp\/v2\/pages"}],"about":[{"href":"https:\/\/www.horizonemployeur.fr\/wordpress\/wp-json\/wp\/v2\/types\/page"}],"author":[{"embeddable":true,"href":"https:\/\/www.horizonemployeur.fr\/wordpress\/wp-json\/wp\/v2\/users\/1"}],"replies":[{"embeddable":true,"href":"https:\/\/www.horizonemployeur.fr\/wordpress\/wp-json\/wp\/v2\/comments?post=2801"}],"version-history":[{"count":3,"href":"https:\/\/www.horizonemployeur.fr\/wordpress\/wp-json\/wp\/v2\/pages\/2801\/revisions"}],"predecessor-version":[{"id":2807,"href":"https:\/\/www.horizonemployeur.fr\/wordpress\/wp-json\/wp\/v2\/pages\/2801\/revisions\/2807"}],"up":[{"embeddable":true,"href":"https:\/\/www.horizonemployeur.fr\/wordpress\/wp-json\/wp\/v2\/pages\/2457"}],"wp:attachment":[{"href":"https:\/\/www.horizonemployeur.fr\/wordpress\/wp-json\/wp\/v2\/media?parent=2801"}],"curies":[{"name":"wp","href":"https:\/\/api.w.org\/{rel}","templated":true}]}}