{"id":2733,"date":"2016-05-29T19:34:36","date_gmt":"2016-05-29T17:34:36","guid":{"rendered":"http:\/\/www.horizonemployeur.fr\/wordpress\/?page_id=2733"},"modified":"2017-11-08T15:22:29","modified_gmt":"2017-11-08T14:22:29","slug":"photos-t6-viroflay-rive-droite","status":"publish","type":"page","link":"https:\/\/www.horizonemployeur.fr\/wordpress\/28-05-2016\/t6-viroflay\/viroflay-rive-droite\/photos-t6-viroflay-rive-droite\/","title":{"rendered":"Photos de la station T6 Viroflay-Rive Droite"},"content":{"rendered":"<p>Acc\u00e8s principal [1], place de la bataille de Stalingrad<\/p>\n<p><img data-attachment-id=\"2734\" data-permalink=\"https:\/\/www.horizonemployeur.fr\/wordpress\/28-05-2016\/t6-viroflay\/viroflay-rive-droite\/photos-t6-viroflay-rive-droite\/p1140103_800d\/\" data-orig-file=\"https:\/\/i0.wp.com\/www.horizonemployeur.fr\/wordpress\/wp-content\/uploads\/2016\/05\/P1140103_800d.jpg?fit=600%2C800&amp;ssl=1\" data-orig-size=\"600,800\" data-comments-opened=\"1\" data-image-meta=\"{&quot;aperture&quot;:&quot;3.3&quot;,&quot;credit&quot;:&quot;&quot;,&quot;camera&quot;:&quot;DMC-TZ60&quot;,&quot;caption&quot;:&quot;&quot;,&quot;created_timestamp&quot;:&quot;1464432455&quot;,&quot;copyright&quot;:&quot;&quot;,&quot;focal_length&quot;:&quot;4.3&quot;,&quot;iso&quot;:&quot;320&quot;,&quot;shutter_speed&quot;:&quot;0.004&quot;,&quot;title&quot;:&quot;&quot;,&quot;orientation&quot;:&quot;0&quot;}\" data-image-title=\"P1140103_800d\" data-image-description=\"\" data-image-caption=\"\" data-medium-file=\"https:\/\/i0.wp.com\/www.horizonemployeur.fr\/wordpress\/wp-content\/uploads\/2016\/05\/P1140103_800d.jpg?fit=225%2C300&amp;ssl=1\" data-large-file=\"https:\/\/i0.wp.com\/www.horizonemployeur.fr\/wordpress\/wp-content\/uploads\/2016\/05\/P1140103_800d.jpg?fit=600%2C800&amp;ssl=1\" decoding=\"async\" loading=\"lazy\" class=\"alignnone size-full wp-image-2734\" src=\"https:\/\/i0.wp.com\/www.horizonemployeur.fr\/wordpress\/wp-content\/uploads\/2016\/05\/P1140103_800d.jpg?resize=600%2C800\" alt=\"P1140103_800d\" width=\"600\" height=\"800\" srcset=\"https:\/\/i0.wp.com\/www.horizonemployeur.fr\/wordpress\/wp-content\/uploads\/2016\/05\/P1140103_800d.jpg?w=600&amp;ssl=1 600w, https:\/\/i0.wp.com\/www.horizonemployeur.fr\/wordpress\/wp-content\/uploads\/2016\/05\/P1140103_800d.jpg?resize=225%2C300&amp;ssl=1 225w, https:\/\/i0.wp.com\/www.horizonemployeur.fr\/wordpress\/wp-content\/uploads\/2016\/05\/P1140103_800d.jpg?resize=144%2C192&amp;ssl=1 144w\" sizes=\"(max-width: 600px) 100vw, 600px\" data-recalc-dims=\"1\" \/><\/p>\n<p>Acc\u00e8s secondaire [2], rue de la Marquette, d\u00e9bouch\u00e9 dans la salle des billets<\/p>\n<p><img data-attachment-id=\"2735\" data-permalink=\"https:\/\/www.horizonemployeur.fr\/wordpress\/28-05-2016\/t6-viroflay\/viroflay-rive-droite\/photos-t6-viroflay-rive-droite\/p1140104_800d\/\" data-orig-file=\"https:\/\/i0.wp.com\/www.horizonemployeur.fr\/wordpress\/wp-content\/uploads\/2016\/05\/P1140104_800d.jpg?fit=800%2C600&amp;ssl=1\" data-orig-size=\"800,600\" data-comments-opened=\"1\" data-image-meta=\"{&quot;aperture&quot;:&quot;3.3&quot;,&quot;credit&quot;:&quot;&quot;,&quot;camera&quot;:&quot;DMC-TZ60&quot;,&quot;caption&quot;:&quot;&quot;,&quot;created_timestamp&quot;:&quot;1464432490&quot;,&quot;copyright&quot;:&quot;&quot;,&quot;focal_length&quot;:&quot;4.3&quot;,&quot;iso&quot;:&quot;400&quot;,&quot;shutter_speed&quot;:&quot;0.033333333333333&quot;,&quot;title&quot;:&quot;&quot;,&quot;orientation&quot;:&quot;0&quot;}\" data-image-title=\"P1140104_800d\" data-image-description=\"\" data-image-caption=\"\" data-medium-file=\"https:\/\/i0.wp.com\/www.horizonemployeur.fr\/wordpress\/wp-content\/uploads\/2016\/05\/P1140104_800d.jpg?fit=300%2C225&amp;ssl=1\" data-large-file=\"https:\/\/i0.wp.com\/www.horizonemployeur.fr\/wordpress\/wp-content\/uploads\/2016\/05\/P1140104_800d.jpg?fit=700%2C525&amp;ssl=1\" decoding=\"async\" loading=\"lazy\" class=\"alignnone size-full wp-image-2735\" src=\"https:\/\/i0.wp.com\/www.horizonemployeur.fr\/wordpress\/wp-content\/uploads\/2016\/05\/P1140104_800d.jpg?resize=700%2C525\" alt=\"P1140104_800d\" width=\"700\" height=\"525\" srcset=\"https:\/\/i0.wp.com\/www.horizonemployeur.fr\/wordpress\/wp-content\/uploads\/2016\/05\/P1140104_800d.jpg?w=800&amp;ssl=1 800w, https:\/\/i0.wp.com\/www.horizonemployeur.fr\/wordpress\/wp-content\/uploads\/2016\/05\/P1140104_800d.jpg?resize=300%2C225&amp;ssl=1 300w, https:\/\/i0.wp.com\/www.horizonemployeur.fr\/wordpress\/wp-content\/uploads\/2016\/05\/P1140104_800d.jpg?resize=768%2C576&amp;ssl=1 768w, https:\/\/i0.wp.com\/www.horizonemployeur.fr\/wordpress\/wp-content\/uploads\/2016\/05\/P1140104_800d.jpg?resize=648%2C486&amp;ssl=1 648w, https:\/\/i0.wp.com\/www.horizonemployeur.fr\/wordpress\/wp-content\/uploads\/2016\/05\/P1140104_800d.jpg?resize=256%2C192&amp;ssl=1 256w\" sizes=\"(max-width: 700px) 100vw, 700px\" data-recalc-dims=\"1\" \/><\/p>\n<p>Acc\u00e8s aux quais,&nbsp;avec affichage des temps d&rsquo;attente des 2 prochains tramways<\/p>\n<p><img data-attachment-id=\"2736\" data-permalink=\"https:\/\/www.horizonemployeur.fr\/wordpress\/28-05-2016\/t6-viroflay\/viroflay-rive-droite\/photos-t6-viroflay-rive-droite\/p1140105_800\/\" data-orig-file=\"https:\/\/i0.wp.com\/www.horizonemployeur.fr\/wordpress\/wp-content\/uploads\/2016\/05\/P1140105_800.jpg?fit=800%2C600&amp;ssl=1\" data-orig-size=\"800,600\" data-comments-opened=\"1\" data-image-meta=\"{&quot;aperture&quot;:&quot;3.3&quot;,&quot;credit&quot;:&quot;&quot;,&quot;camera&quot;:&quot;DMC-TZ60&quot;,&quot;caption&quot;:&quot;&quot;,&quot;created_timestamp&quot;:&quot;1464432495&quot;,&quot;copyright&quot;:&quot;&quot;,&quot;focal_length&quot;:&quot;4.3&quot;,&quot;iso&quot;:&quot;800&quot;,&quot;shutter_speed&quot;:&quot;0.016666666666667&quot;,&quot;title&quot;:&quot;&quot;,&quot;orientation&quot;:&quot;0&quot;}\" data-image-title=\"P1140105_800\" data-image-description=\"\" data-image-caption=\"\" data-medium-file=\"https:\/\/i0.wp.com\/www.horizonemployeur.fr\/wordpress\/wp-content\/uploads\/2016\/05\/P1140105_800.jpg?fit=300%2C225&amp;ssl=1\" data-large-file=\"https:\/\/i0.wp.com\/www.horizonemployeur.fr\/wordpress\/wp-content\/uploads\/2016\/05\/P1140105_800.jpg?fit=700%2C525&amp;ssl=1\" decoding=\"async\" loading=\"lazy\" class=\"alignnone size-full wp-image-2736\" src=\"https:\/\/i0.wp.com\/www.horizonemployeur.fr\/wordpress\/wp-content\/uploads\/2016\/05\/P1140105_800.jpg?resize=700%2C525\" alt=\"P1140105_800\" width=\"700\" height=\"525\" srcset=\"https:\/\/i0.wp.com\/www.horizonemployeur.fr\/wordpress\/wp-content\/uploads\/2016\/05\/P1140105_800.jpg?w=800&amp;ssl=1 800w, https:\/\/i0.wp.com\/www.horizonemployeur.fr\/wordpress\/wp-content\/uploads\/2016\/05\/P1140105_800.jpg?resize=300%2C225&amp;ssl=1 300w, https:\/\/i0.wp.com\/www.horizonemployeur.fr\/wordpress\/wp-content\/uploads\/2016\/05\/P1140105_800.jpg?resize=768%2C576&amp;ssl=1 768w, https:\/\/i0.wp.com\/www.horizonemployeur.fr\/wordpress\/wp-content\/uploads\/2016\/05\/P1140105_800.jpg?resize=648%2C486&amp;ssl=1 648w, https:\/\/i0.wp.com\/www.horizonemployeur.fr\/wordpress\/wp-content\/uploads\/2016\/05\/P1140105_800.jpg?resize=256%2C192&amp;ssl=1 256w\" sizes=\"(max-width: 700px) 100vw, 700px\" data-recalc-dims=\"1\" \/><\/p>\n<p>Autre acc\u00e8s aux quais (au 2e plan sur la photo pr\u00e9c\u00e9dente)<\/p>\n<p><img data-attachment-id=\"2737\" data-permalink=\"https:\/\/www.horizonemployeur.fr\/wordpress\/28-05-2016\/t6-viroflay\/viroflay-rive-droite\/photos-t6-viroflay-rive-droite\/p1140106_800\/\" data-orig-file=\"https:\/\/i0.wp.com\/www.horizonemployeur.fr\/wordpress\/wp-content\/uploads\/2016\/05\/P1140106_800.jpg?fit=800%2C600&amp;ssl=1\" data-orig-size=\"800,600\" data-comments-opened=\"1\" data-image-meta=\"{&quot;aperture&quot;:&quot;3.3&quot;,&quot;credit&quot;:&quot;&quot;,&quot;camera&quot;:&quot;DMC-TZ60&quot;,&quot;caption&quot;:&quot;&quot;,&quot;created_timestamp&quot;:&quot;1464432532&quot;,&quot;copyright&quot;:&quot;&quot;,&quot;focal_length&quot;:&quot;4.3&quot;,&quot;iso&quot;:&quot;1600&quot;,&quot;shutter_speed&quot;:&quot;0.01&quot;,&quot;title&quot;:&quot;&quot;,&quot;orientation&quot;:&quot;0&quot;}\" data-image-title=\"P1140106_800\" data-image-description=\"\" data-image-caption=\"\" data-medium-file=\"https:\/\/i0.wp.com\/www.horizonemployeur.fr\/wordpress\/wp-content\/uploads\/2016\/05\/P1140106_800.jpg?fit=300%2C225&amp;ssl=1\" data-large-file=\"https:\/\/i0.wp.com\/www.horizonemployeur.fr\/wordpress\/wp-content\/uploads\/2016\/05\/P1140106_800.jpg?fit=700%2C525&amp;ssl=1\" decoding=\"async\" loading=\"lazy\" class=\"alignnone size-full wp-image-2737\" src=\"https:\/\/i0.wp.com\/www.horizonemployeur.fr\/wordpress\/wp-content\/uploads\/2016\/05\/P1140106_800.jpg?resize=700%2C525\" alt=\"P1140106_800\" width=\"700\" height=\"525\" srcset=\"https:\/\/i0.wp.com\/www.horizonemployeur.fr\/wordpress\/wp-content\/uploads\/2016\/05\/P1140106_800.jpg?w=800&amp;ssl=1 800w, https:\/\/i0.wp.com\/www.horizonemployeur.fr\/wordpress\/wp-content\/uploads\/2016\/05\/P1140106_800.jpg?resize=300%2C225&amp;ssl=1 300w, https:\/\/i0.wp.com\/www.horizonemployeur.fr\/wordpress\/wp-content\/uploads\/2016\/05\/P1140106_800.jpg?resize=768%2C576&amp;ssl=1 768w, https:\/\/i0.wp.com\/www.horizonemployeur.fr\/wordpress\/wp-content\/uploads\/2016\/05\/P1140106_800.jpg?resize=648%2C486&amp;ssl=1 648w, https:\/\/i0.wp.com\/www.horizonemployeur.fr\/wordpress\/wp-content\/uploads\/2016\/05\/P1140106_800.jpg?resize=256%2C192&amp;ssl=1 256w\" sizes=\"(max-width: 700px) 100vw, 700px\" data-recalc-dims=\"1\" \/><\/p>\n<p>Vue sur les quais et les voies depuis le m\u00eame endroit que la photo pr\u00e9c\u00e9dente<\/p>\n<p><img data-attachment-id=\"2738\" data-permalink=\"https:\/\/www.horizonemployeur.fr\/wordpress\/28-05-2016\/t6-viroflay\/viroflay-rive-droite\/photos-t6-viroflay-rive-droite\/p1140107_800\/\" data-orig-file=\"https:\/\/i0.wp.com\/www.horizonemployeur.fr\/wordpress\/wp-content\/uploads\/2016\/05\/P1140107_800.jpg?fit=600%2C800&amp;ssl=1\" data-orig-size=\"600,800\" data-comments-opened=\"1\" data-image-meta=\"{&quot;aperture&quot;:&quot;3.3&quot;,&quot;credit&quot;:&quot;&quot;,&quot;camera&quot;:&quot;DMC-TZ60&quot;,&quot;caption&quot;:&quot;&quot;,&quot;created_timestamp&quot;:&quot;1464432554&quot;,&quot;copyright&quot;:&quot;&quot;,&quot;focal_length&quot;:&quot;4.3&quot;,&quot;iso&quot;:&quot;800&quot;,&quot;shutter_speed&quot;:&quot;0.033333333333333&quot;,&quot;title&quot;:&quot;&quot;,&quot;orientation&quot;:&quot;0&quot;}\" data-image-title=\"P1140107_800\" data-image-description=\"\" data-image-caption=\"\" data-medium-file=\"https:\/\/i0.wp.com\/www.horizonemployeur.fr\/wordpress\/wp-content\/uploads\/2016\/05\/P1140107_800.jpg?fit=225%2C300&amp;ssl=1\" data-large-file=\"https:\/\/i0.wp.com\/www.horizonemployeur.fr\/wordpress\/wp-content\/uploads\/2016\/05\/P1140107_800.jpg?fit=600%2C800&amp;ssl=1\" decoding=\"async\" loading=\"lazy\" class=\"alignnone size-full wp-image-2738\" src=\"https:\/\/i0.wp.com\/www.horizonemployeur.fr\/wordpress\/wp-content\/uploads\/2016\/05\/P1140107_800.jpg?resize=600%2C800\" alt=\"P1140107_800\" width=\"600\" height=\"800\" srcset=\"https:\/\/i0.wp.com\/www.horizonemployeur.fr\/wordpress\/wp-content\/uploads\/2016\/05\/P1140107_800.jpg?w=600&amp;ssl=1 600w, https:\/\/i0.wp.com\/www.horizonemployeur.fr\/wordpress\/wp-content\/uploads\/2016\/05\/P1140107_800.jpg?resize=225%2C300&amp;ssl=1 225w, https:\/\/i0.wp.com\/www.horizonemployeur.fr\/wordpress\/wp-content\/uploads\/2016\/05\/P1140107_800.jpg?resize=144%2C192&amp;ssl=1 144w\" sizes=\"(max-width: 600px) 100vw, 600px\" data-recalc-dims=\"1\" \/><\/p>\n<p>Acc\u00e8s au quai Ch\u00e2tillon depuis la mezzanine<\/p>\n<p><img data-attachment-id=\"2739\" data-permalink=\"https:\/\/www.horizonemployeur.fr\/wordpress\/28-05-2016\/t6-viroflay\/viroflay-rive-droite\/photos-t6-viroflay-rive-droite\/p1140108_800\/\" data-orig-file=\"https:\/\/i0.wp.com\/www.horizonemployeur.fr\/wordpress\/wp-content\/uploads\/2016\/05\/P1140108_800.jpg?fit=800%2C600&amp;ssl=1\" data-orig-size=\"800,600\" data-comments-opened=\"1\" data-image-meta=\"{&quot;aperture&quot;:&quot;3.3&quot;,&quot;credit&quot;:&quot;&quot;,&quot;camera&quot;:&quot;DMC-TZ60&quot;,&quot;caption&quot;:&quot;&quot;,&quot;created_timestamp&quot;:&quot;1464432576&quot;,&quot;copyright&quot;:&quot;&quot;,&quot;focal_length&quot;:&quot;4.3&quot;,&quot;iso&quot;:&quot;800&quot;,&quot;shutter_speed&quot;:&quot;0.016666666666667&quot;,&quot;title&quot;:&quot;&quot;,&quot;orientation&quot;:&quot;0&quot;}\" data-image-title=\"P1140108_800\" data-image-description=\"\" data-image-caption=\"\" data-medium-file=\"https:\/\/i0.wp.com\/www.horizonemployeur.fr\/wordpress\/wp-content\/uploads\/2016\/05\/P1140108_800.jpg?fit=300%2C225&amp;ssl=1\" data-large-file=\"https:\/\/i0.wp.com\/www.horizonemployeur.fr\/wordpress\/wp-content\/uploads\/2016\/05\/P1140108_800.jpg?fit=700%2C525&amp;ssl=1\" decoding=\"async\" loading=\"lazy\" class=\"alignnone size-full wp-image-2739\" src=\"https:\/\/i0.wp.com\/www.horizonemployeur.fr\/wordpress\/wp-content\/uploads\/2016\/05\/P1140108_800.jpg?resize=700%2C525\" alt=\"P1140108_800\" width=\"700\" height=\"525\" srcset=\"https:\/\/i0.wp.com\/www.horizonemployeur.fr\/wordpress\/wp-content\/uploads\/2016\/05\/P1140108_800.jpg?w=800&amp;ssl=1 800w, https:\/\/i0.wp.com\/www.horizonemployeur.fr\/wordpress\/wp-content\/uploads\/2016\/05\/P1140108_800.jpg?resize=300%2C225&amp;ssl=1 300w, https:\/\/i0.wp.com\/www.horizonemployeur.fr\/wordpress\/wp-content\/uploads\/2016\/05\/P1140108_800.jpg?resize=768%2C576&amp;ssl=1 768w, https:\/\/i0.wp.com\/www.horizonemployeur.fr\/wordpress\/wp-content\/uploads\/2016\/05\/P1140108_800.jpg?resize=648%2C486&amp;ssl=1 648w, https:\/\/i0.wp.com\/www.horizonemployeur.fr\/wordpress\/wp-content\/uploads\/2016\/05\/P1140108_800.jpg?resize=256%2C192&amp;ssl=1 256w\" sizes=\"(max-width: 700px) 100vw, 700px\" data-recalc-dims=\"1\" \/><\/p>\n","protected":false},"excerpt":{"rendered":"<p>Acc\u00e8s principal [1], place de la bataille de Stalingrad Acc\u00e8s secondaire [2], rue de la Marquette, d\u00e9bouch\u00e9 dans la salle des billets Acc\u00e8s aux quais,&nbsp;avec affichage des temps d&rsquo;attente des 2 prochains tramways Autre acc\u00e8s aux quais (au 2e plan sur la photo pr\u00e9c\u00e9dente) Vue sur les quais et les voies depuis le m\u00eame endroit [&hellip;]<\/p>\n","protected":false},"author":1,"featured_media":0,"parent":2475,"menu_order":0,"comment_status":"closed","ping_status":"closed","template":"page-templates\/no-sidebar.php","meta":{"ngg_post_thumbnail":0,"jetpack_post_was_ever_published":false},"jetpack_sharing_enabled":true,"jetpack_shortlink":"https:\/\/wp.me\/P7AoJR-I5","jetpack-related-posts":[{"id":2477,"url":"https:\/\/www.horizonemployeur.fr\/wordpress\/28-05-2016\/t6-viroflay\/viroflay-rive-gauche\/","url_meta":{"origin":2733,"position":0},"title":"Viroflay-Rive Gauche","date":"28 avril 2016","format":false,"excerpt":"Viroflay-Rive Droite est la 20e et avant-derni\u00e8re station de la ligne T6. Elle se situe dans le tunnel de Viroflay emprunt\u00e9 par le tramway \u00e0 partir de la c\u00f4te de Chaville et\u00a0donc\u00a0sous la place du Mar\u00e9chal Koenig. Elle propose les\u00a0correspondances avec: la ligne RER C Paris - Versailles-Ch\u00e2teau-Rive Gauche \/\u2026","rel":"","context":"Article similaire","img":{"alt_text":"P1130441_800d","src":"https:\/\/i0.wp.com\/www.horizonemployeur.fr\/wordpress\/wp-content\/uploads\/2016\/04\/P1130441_800d-300x150.jpg?resize=350%2C200","width":350,"height":200},"classes":[]},{"id":3743,"url":"https:\/\/www.horizonemployeur.fr\/wordpress\/travaux-l15-pt-sevres-4\/","url_meta":{"origin":2733,"position":1},"title":"Les travaux de la ligne 15 \u00e0 Pont de S\u00e8vres (partie 4)","date":"14 d\u00e9cembre 2017","format":false,"excerpt":"Les itin\u00e9raires de d\u00e9viation\u00a0 (Version provisoire) La coupure du quai Georges Gorse, entre le pont de S\u00e8vres et le pont Renault qui donne acc\u00e8s \u00e0 l'\u00eele Seguin, aura d'importantes cons\u00e9quences sur les d\u00e9placements dans le secteur: on a pu en avoir un aper\u00e7u le 12 d\u00e9cembre 2017, lors du One\u2026","rel":"","context":"Article similaire","img":{"alt_text":"","src":"https:\/\/i0.wp.com\/www.horizonemployeur.fr\/wordpress\/wp-content\/uploads\/2017\/12\/D\u00c3\u00a9viations-M15-Pt-de-S\u00c3\u00a8vres-A.jpg?resize=350%2C200","width":350,"height":200},"classes":[]},{"id":2475,"url":"https:\/\/www.horizonemployeur.fr\/wordpress\/28-05-2016\/t6-viroflay\/viroflay-rive-droite\/","url_meta":{"origin":2733,"position":2},"title":"Viroflay-Rive Droite","date":"28 avril 2016","format":false,"excerpt":"Viroflay-Rive Droite est la 21e et derni\u00e8re station de la ligne T6. Souterraine comme sa sym\u00e9trique de la rive gauche, elle se situe sous la place de la Bataille de Stalingrad et donne acc\u00e8s \u00e0 la correspondance avec la ligne L2 Paris-St-Lazare - La D\u00e9fense - St-Cloud - Versailles-Rive Droite.\u2026","rel":"","context":"Article similaire","img":{"alt_text":"P1140102_800","src":"https:\/\/i0.wp.com\/www.horizonemployeur.fr\/wordpress\/wp-content\/uploads\/2016\/04\/P1140102_800.jpg?resize=350%2C200","width":350,"height":200},"classes":[]},{"id":107,"url":"https:\/\/www.horizonemployeur.fr\/wordpress\/vehicule-motorise\/","url_meta":{"origin":2733,"position":3},"title":"Utiliser son propre v\u00e9hicule motoris\u00e9","date":"7 mars 2014","format":false,"excerpt":"Les pages pr\u00e9c\u00e9dentes ne vous ont pas permis de trouver la solution adapt\u00e9e pour vous rendre \u00e0 Inovel Parc ou le quitter. Il reste donc le v\u00e9hicule individuel motoris\u00e9, que celui-ci ait\u00a02 (v\u00e9lomoteurs, scooters, motos), 3 (scooters) ou 4 (voitures) roues. La circulation autour d'Inovel Parc \u00e9tant ce qu'elle est\u2026","rel":"","context":"Article similaire","img":{"alt_text":"","src":"","width":0,"height":0},"classes":[]},{"id":2318,"url":"https:\/\/www.horizonemployeur.fr\/wordpress\/vehicule-motorise-2\/","url_meta":{"origin":2733,"position":4},"title":"Utiliser son propre v\u00e9hicule motoris\u00e9","date":"7 mars 2014","format":false,"excerpt":"Les pages pr\u00e9c\u00e9dentes ne vous ont pas permis de trouver la solution adapt\u00e9e pour vous rendre \u00e0 Inovel Parc ou le quitter. Il reste donc le v\u00e9hicule individuel motoris\u00e9, que celui-ci ait\u00a02 (v\u00e9lomoteurs, scooters, motos), 3 (scooters) ou 4 (voitures) roues. La circulation autour d'Inovel Parc \u00e9tant ce qu'elle est\u2026","rel":"","context":"Article similaire","img":{"alt_text":"","src":"","width":0,"height":0},"classes":[]},{"id":4771,"url":"https:\/\/www.horizonemployeur.fr\/wordpress\/amenagements-bus-rn118\/","url_meta":{"origin":2733,"position":5},"title":"Les am\u00e9nagements bus sur la RN 118","date":"22 mai 2018","format":false,"excerpt":"Depuis plusieurs ann\u00e9es, Ile-de-France Mobilit\u00e9s, la r\u00e9gion Ile-de-France et la DRIEA (direction r\u00e9gionale et interd\u00e9partementale de l\u2019\u00e9quipement et de l\u2019am\u00e9nagement d\u2019\u00cele-de-France) m\u00e8nent une politique d'am\u00e9nagement d'un certain nombre d'autoroutes et de voies rapides du r\u00e9seau routier national en vue de cr\u00e9er des facilit\u00e9s pour la circulation des transports en commun\u2026","rel":"","context":"Article similaire","img":{"alt_text":"","src":"https:\/\/i0.wp.com\/www.horizonemployeur.fr\/wordpress\/wp-content\/uploads\/2018\/05\/P1230656_975d.jpg?fit=975%2C466&ssl=1&resize=350%2C200","width":350,"height":200},"classes":[]}],"_links":{"self":[{"href":"https:\/\/www.horizonemployeur.fr\/wordpress\/wp-json\/wp\/v2\/pages\/2733"}],"collection":[{"href":"https:\/\/www.horizonemployeur.fr\/wordpress\/wp-json\/wp\/v2\/pages"}],"about":[{"href":"https:\/\/www.horizonemployeur.fr\/wordpress\/wp-json\/wp\/v2\/types\/page"}],"author":[{"embeddable":true,"href":"https:\/\/www.horizonemployeur.fr\/wordpress\/wp-json\/wp\/v2\/users\/1"}],"replies":[{"embeddable":true,"href":"https:\/\/www.horizonemployeur.fr\/wordpress\/wp-json\/wp\/v2\/comments?post=2733"}],"version-history":[{"count":3,"href":"https:\/\/www.horizonemployeur.fr\/wordpress\/wp-json\/wp\/v2\/pages\/2733\/revisions"}],"predecessor-version":[{"id":3540,"href":"https:\/\/www.horizonemployeur.fr\/wordpress\/wp-json\/wp\/v2\/pages\/2733\/revisions\/3540"}],"up":[{"embeddable":true,"href":"https:\/\/www.horizonemployeur.fr\/wordpress\/wp-json\/wp\/v2\/pages\/2475"}],"wp:attachment":[{"href":"https:\/\/www.horizonemployeur.fr\/wordpress\/wp-json\/wp\/v2\/media?parent=2733"}],"curies":[{"name":"wp","href":"https:\/\/api.w.org\/{rel}","templated":true}]}}