{"id":2544,"date":"2016-05-02T09:40:33","date_gmt":"2016-05-02T07:40:33","guid":{"rendered":"http:\/\/www.horizonemployeur.fr\/wordpress\/?page_id=2544"},"modified":"2016-05-02T10:42:08","modified_gmt":"2016-05-02T08:42:08","slug":"ligne-phebus-30","status":"publish","type":"page","link":"https:\/\/www.horizonemployeur.fr\/wordpress\/28-05-2016\/restructuration-bus-phase-2\/ligne-phebus-30\/","title":{"rendered":"La ligne Ph\u00e9bus 30 en d\u00e9tails"},"content":{"rendered":"<p>Cette ligne, issue de la ligne CVE pr\u00e9c\u00e9dente, avait pour vocation \u00e0 \u00eatre une ligne interquartiers, reliant l&rsquo;ensemble des quartiers de V\u00e9lizy de Mozart-Provinces au centre commercial V\u00e9lizy 2 \u00e0 la gare RER C de Chaville-V\u00e9lizy.<\/p>\n<p>La ligne 30 est supprim\u00e9e.<\/p>\n<p>Les liaisons interquartiers sont assur\u00e9es par les autres lignes du r\u00e9seau, dont principalement la <a href=\"http:\/\/www.horizonemployeur.fr\/wordpress\/28-05-2016\/restructuration-bus-phase-2\/ligne-phebus-23\/\">ligne 23<\/a> qui assure la liaison entre Versailles-Europe et V\u00e9lizy 2.<\/p>\n","protected":false},"excerpt":{"rendered":"<p>Cette ligne, issue de la ligne CVE pr\u00e9c\u00e9dente, avait pour vocation \u00e0 \u00eatre une ligne interquartiers, reliant l&rsquo;ensemble des quartiers de V\u00e9lizy de Mozart-Provinces au centre commercial V\u00e9lizy 2 \u00e0 la gare RER C de Chaville-V\u00e9lizy. La ligne 30 est supprim\u00e9e. Les liaisons interquartiers sont assur\u00e9es par les autres lignes du r\u00e9seau, dont principalement la [&hellip;]<\/p>\n","protected":false},"author":1,"featured_media":0,"parent":2459,"menu_order":11,"comment_status":"closed","ping_status":"closed","template":"","meta":{"ngg_post_thumbnail":0,"jetpack_post_was_ever_published":false},"jetpack_sharing_enabled":true,"jetpack_shortlink":"https:\/\/wp.me\/P7AoJR-F2","jetpack-related-posts":[{"id":2463,"url":"https:\/\/www.horizonemployeur.fr\/wordpress\/28-05-2016\/restructuration-bus-phase-2\/restructuration-bus-phase-2-chaville\/","url_meta":{"origin":2544,"position":0},"title":"La restructuration bus sur l&rsquo;axe Chaville","date":"28 avril 2016","format":false,"excerpt":"Depuis d\u00e9cembre 2014, l'offre sur l'axe Chaville\u00a0est compos\u00e9e, hors lignes scolaires de 4 lignes: la ligne 30, Chaville-V\u00e9lizy\u00a0- V\u00e9lizy 2, assure la liaison des diff\u00e9rents quartiers de la ville, de la partie sud d'Inovel Parc Nord et du centre commercial V\u00e9lizy 2, avec la gare de Chaville-V\u00e9lizy la ligne 31,\u2026","rel":"","context":"Article similaire","img":{"alt_text":"","src":"https:\/\/i0.wp.com\/www.horizonemployeur.fr\/wordpress\/wp-content\/uploads\/2016\/04\/Plan-bus-mai-2016-axe-Chaville-300x275.png?resize=350%2C200","width":350,"height":200},"classes":[]},{"id":2514,"url":"https:\/\/www.horizonemployeur.fr\/wordpress\/28-05-2016\/restructuration-bus-phase-2\/ligne-phebus-23\/","url_meta":{"origin":2544,"position":1},"title":"La ligne Ph\u00e9bus 23 en d\u00e9tails","date":"29 avril 2016","format":false,"excerpt":"Un itin\u00e9raire\u00a0modifi\u00e9 Cliquez sur l\u2019image pour la t\u00e9l\u00e9charger dans son format originel Plusieurs modifications sont apport\u00e9es \u00e0 l\u2019itin\u00e9raire de la ligne 23, toutes dans V\u00e9lizy: la ligne 23 dessert le quartier Mozart-Provinces\u00a0par l'avenue de Picardie, la rue Division Leclerc et l'avenue de Savoie la ligne abandonne, en direction de V\u00e9lizy\u2026","rel":"","context":"Article similaire","img":{"alt_text":"","src":"","width":0,"height":0},"classes":[]},{"id":2482,"url":"https:\/\/www.horizonemployeur.fr\/wordpress\/28-05-2016\/restructuration-bus-phase-2\/ligne-phebus-20\/","url_meta":{"origin":2544,"position":2},"title":"La ligne Ph\u00e9bus 20 en d\u00e9tails","date":"28 avril 2016","format":false,"excerpt":"Elle reliait la gare de Versailles-Rive Gauche et V\u00e9lizy 2 en passant par la gare des Chantiers, le pont Colbert et dans V\u00e9lizy, le quartier Mozart-Provinces\u00a0et\u00a0le centre ville (sauf jusqu'\u00e0 9h en direction de V\u00e9lizy 2) et Inovel Parc Nord. Cette ligne ne survit pas \u00e0 la restructuration, son itin\u00e9raire\u2026","rel":"","context":"Article similaire","img":{"alt_text":"","src":"","width":0,"height":0},"classes":[]},{"id":2508,"url":"https:\/\/www.horizonemployeur.fr\/wordpress\/28-05-2016\/restructuration-bus-phase-2\/ligne-phebus-50\/","url_meta":{"origin":2544,"position":3},"title":"La ligne Ph\u00e9bus 50 en d\u00e9tails","date":"29 avril 2016","format":false,"excerpt":"\u00a0 Depuis de nombreuses ann\u00e9es, la ligne 50 (ex VAN) assurait tant bien que mal\u00a0une liaison Antony (Fontaine Michalon RER B) \u2013 Verri\u00e8res \u2013 Ch\u00e2tenay \u2013 Petit Clamart \u2013 V\u00e9lizy avec une offre tr\u00e8s r\u00e9duite, principalement orient\u00e9e vers la desserte scolaire. En d\u00e9cembre 2014, la partie de la ligne dans\u2026","rel":"","context":"Article similaire","img":{"alt_text":"","src":"https:\/\/i0.wp.com\/www.horizonemployeur.fr\/wordpress\/wp-content\/uploads\/2016\/04\/Ph\u00c3\u00a9bus-50-remplacement-CAHB-300x232.png?resize=350%2C200","width":350,"height":200},"classes":[]},{"id":2461,"url":"https:\/\/www.horizonemployeur.fr\/wordpress\/28-05-2016\/restructuration-bus-phase-2\/versailles\/","url_meta":{"origin":2544,"position":4},"title":"La restructuration bus sur l&rsquo;axe Versailles","date":"28 avril 2016","format":false,"excerpt":"Depuis d\u00e9cembre 2014, l'offre sur l'axe Versailles est compos\u00e9e de 4 lignes: la ligne 20, Versailles-Rive-Gauche - V\u00e9lizy 2, qui dessert la gare des Chantiers et rejoint V\u00e9lizy par le pont Colbert et l'A 86 la ligne 22, Versailles-Chantiers - Burospace, passe \u00e9galement par le pont Colbert et l'A 86,\u2026","rel":"","context":"Article similaire","img":{"alt_text":"","src":"","width":0,"height":0},"classes":[]},{"id":2517,"url":"https:\/\/www.horizonemployeur.fr\/wordpress\/28-05-2016\/restructuration-bus-phase-2\/ligne-phebus-31\/","url_meta":{"origin":2544,"position":5},"title":"La ligne Ph\u00e9bus 31 en d\u00e9tails","date":"29 avril 2016","format":false,"excerpt":"Un itin\u00e9raire modifi\u00e9 Cliquez sur l\u2019image pour la t\u00e9l\u00e9charger dans son format originel Une seule modification est apport\u00e9e \u00e0 l'itin\u00e9raire de la ligne mais elle est d'importance pour les habitants de V\u00e9lizy-le-Bas. La ligne est en effet prolong\u00e9e jusqu'\u00e0 Robert Wagner de fa\u00e7on \u00e0 apporter une correspondance directe avec le\u2026","rel":"","context":"Article similaire","img":{"alt_text":"","src":"https:\/\/i0.wp.com\/www.horizonemployeur.fr\/wordpress\/wp-content\/uploads\/2016\/04\/Ph\u00c3\u00a9bus-31-mai-2016-263x300.png?resize=350%2C200","width":350,"height":200},"classes":[]}],"_links":{"self":[{"href":"https:\/\/www.horizonemployeur.fr\/wordpress\/wp-json\/wp\/v2\/pages\/2544"}],"collection":[{"href":"https:\/\/www.horizonemployeur.fr\/wordpress\/wp-json\/wp\/v2\/pages"}],"about":[{"href":"https:\/\/www.horizonemployeur.fr\/wordpress\/wp-json\/wp\/v2\/types\/page"}],"author":[{"embeddable":true,"href":"https:\/\/www.horizonemployeur.fr\/wordpress\/wp-json\/wp\/v2\/users\/1"}],"replies":[{"embeddable":true,"href":"https:\/\/www.horizonemployeur.fr\/wordpress\/wp-json\/wp\/v2\/comments?post=2544"}],"version-history":[{"count":1,"href":"https:\/\/www.horizonemployeur.fr\/wordpress\/wp-json\/wp\/v2\/pages\/2544\/revisions"}],"predecessor-version":[{"id":2545,"href":"https:\/\/www.horizonemployeur.fr\/wordpress\/wp-json\/wp\/v2\/pages\/2544\/revisions\/2545"}],"up":[{"embeddable":true,"href":"https:\/\/www.horizonemployeur.fr\/wordpress\/wp-json\/wp\/v2\/pages\/2459"}],"wp:attachment":[{"href":"https:\/\/www.horizonemployeur.fr\/wordpress\/wp-json\/wp\/v2\/media?parent=2544"}],"curies":[{"name":"wp","href":"https:\/\/api.w.org\/{rel}","templated":true}]}}