{"id":2517,"date":"2016-04-29T13:12:34","date_gmt":"2016-04-29T11:12:34","guid":{"rendered":"http:\/\/www.horizonemployeur.fr\/wordpress\/?page_id=2517"},"modified":"2016-05-09T10:13:57","modified_gmt":"2016-05-09T08:13:57","slug":"ligne-phebus-31","status":"publish","type":"page","link":"https:\/\/www.horizonemployeur.fr\/wordpress\/28-05-2016\/restructuration-bus-phase-2\/ligne-phebus-31\/","title":{"rendered":"La ligne Ph\u00e9bus 31 en d\u00e9tails"},"content":{"rendered":"<h2>Un itin\u00e9raire modifi\u00e9<\/h2>\n<p><a href=\"https:\/\/i0.wp.com\/www.horizonemployeur.fr\/wordpress\/wp-content\/uploads\/2016\/04\/Ph%c3%a9bus-31-mai-2016.png\"><img data-attachment-id=\"2491\" data-permalink=\"https:\/\/www.horizonemployeur.fr\/wordpress\/28-05-2016\/restructuration-bus-phase-2\/ligne-phebus-34\/phebus-31-mai-2016\/\" data-orig-file=\"https:\/\/i0.wp.com\/www.horizonemployeur.fr\/wordpress\/wp-content\/uploads\/2016\/04\/Ph\u00e9bus-31-mai-2016.png?fit=785%2C894&amp;ssl=1\" data-orig-size=\"785,894\" data-comments-opened=\"1\" data-image-meta=\"{&quot;aperture&quot;:&quot;0&quot;,&quot;credit&quot;:&quot;&quot;,&quot;camera&quot;:&quot;&quot;,&quot;caption&quot;:&quot;&quot;,&quot;created_timestamp&quot;:&quot;0&quot;,&quot;copyright&quot;:&quot;&quot;,&quot;focal_length&quot;:&quot;0&quot;,&quot;iso&quot;:&quot;0&quot;,&quot;shutter_speed&quot;:&quot;0&quot;,&quot;title&quot;:&quot;&quot;,&quot;orientation&quot;:&quot;0&quot;}\" data-image-title=\"Ph\u00e9bus 31 &#8211; mai 2016\" data-image-description=\"\" data-image-caption=\"\" data-medium-file=\"https:\/\/i0.wp.com\/www.horizonemployeur.fr\/wordpress\/wp-content\/uploads\/2016\/04\/Ph\u00e9bus-31-mai-2016.png?fit=263%2C300&amp;ssl=1\" data-large-file=\"https:\/\/i0.wp.com\/www.horizonemployeur.fr\/wordpress\/wp-content\/uploads\/2016\/04\/Ph\u00e9bus-31-mai-2016.png?fit=700%2C797&amp;ssl=1\" decoding=\"async\" loading=\"lazy\" class=\"alignnone wp-image-2491\" src=\"https:\/\/i0.wp.com\/www.horizonemployeur.fr\/wordpress\/wp-content\/uploads\/2016\/04\/Ph\u00e9bus-31-mai-2016-263x300.png?resize=300%2C342\" alt=\"Ph\u00e9bus 31 - mai 2016\" width=\"300\" height=\"342\" srcset=\"https:\/\/i0.wp.com\/www.horizonemployeur.fr\/wordpress\/wp-content\/uploads\/2016\/04\/Ph\u00e9bus-31-mai-2016.png?resize=263%2C300&amp;ssl=1 263w, https:\/\/i0.wp.com\/www.horizonemployeur.fr\/wordpress\/wp-content\/uploads\/2016\/04\/Ph\u00e9bus-31-mai-2016.png?resize=768%2C875&amp;ssl=1 768w, https:\/\/i0.wp.com\/www.horizonemployeur.fr\/wordpress\/wp-content\/uploads\/2016\/04\/Ph\u00e9bus-31-mai-2016.png?resize=648%2C738&amp;ssl=1 648w, https:\/\/i0.wp.com\/www.horizonemployeur.fr\/wordpress\/wp-content\/uploads\/2016\/04\/Ph\u00e9bus-31-mai-2016.png?resize=169%2C192&amp;ssl=1 169w, https:\/\/i0.wp.com\/www.horizonemployeur.fr\/wordpress\/wp-content\/uploads\/2016\/04\/Ph\u00e9bus-31-mai-2016.png?w=785&amp;ssl=1 785w\" sizes=\"(max-width: 300px) 100vw, 300px\" data-recalc-dims=\"1\" \/><\/a><\/p>\n<p><span style=\"color: #808080;\"><em>Cliquez sur l\u2019image pour la t\u00e9l\u00e9charger dans son format originel<\/em><\/span><\/p>\n<p>Une seule modification est apport\u00e9e \u00e0 l&rsquo;itin\u00e9raire de la ligne mais elle est d&rsquo;importance pour les habitants de V\u00e9lizy-le-Bas. La ligne est en effet prolong\u00e9e jusqu&rsquo;\u00e0 Robert Wagner de fa\u00e7on \u00e0 apporter une correspondance directe avec le tramway T6 (et ainsi rejoindre le quartier de la mairie, Inovel Parc Nord ou le centre commercial V\u00e9lizy 2).<\/p>\n<p>Concr\u00e8tement, la ligne assure donc un parcours en boucle \u00e0 partir de Robert Wagner, avec dans l&rsquo;ordre:<\/p>\n<ul>\n<li>un trajet direct jusqu&rsquo;\u00e0 la gare de Chaville-V\u00e9lizy par la rue Marcel Sembat, la c\u00f4te de Chaville, la rue Louis Gaubert et la rue de Jouy<\/li>\n<li>la boucle historique jusqu&rsquo;\u00e0 Doumer-La\u00a0Fontaine en revenant jusqu&rsquo;\u00e0 la gare de Chaville par les arr\u00eats All\u00e9e Noire puis Albert Perdreaux<\/li>\n<li>un retour direct \u00e0 Robert Wagner par la rue de Jouy, la rue Louis Gaubert, la c\u00f4te de Chaville et la rue Marcel Sembat<\/li>\n<\/ul>\n<p>La ligne passe donc \u00e0 Chaville-V\u00e9lizy en alternance \u00e0 destination de V\u00e9lizy-le-Bas et \u00e0 destination de Robert Wagner.<\/p>\n<p>&nbsp;<\/p>\n<h2>Des horaires modifi\u00e9s<\/h2>\n<p>La configuration de la ligne change, les horaires sont donc adapt\u00e9s, la fr\u00e9quence reste cependant de l&rsquo;ordre d&rsquo;un bus toutes les 35 minutes.<\/p>\n<table>\n<tbody>\n<tr>\n<td width=\"150\">Robert Wagner<\/td>\n<td width=\"42\">05:51<\/td>\n<td width=\"42\">06:26<\/td>\n<td width=\"42\">07:01<\/td>\n<td width=\"42\">07:35<\/td>\n<td width=\"42\">08:10<\/td>\n<\/tr>\n<tr>\n<td>Chaville-V\u00e9lizy RER C<\/td>\n<td>05:55<\/td>\n<td>06:30<\/td>\n<td>07:05<\/td>\n<td>07:40<\/td>\n<td>08:15<\/td>\n<\/tr>\n<tr>\n<td>Doumer La Fontaine<\/td>\n<td>05:59<\/td>\n<td>06:34<\/td>\n<td>07:09<\/td>\n<td>07:44<\/td>\n<td>08:19<\/td>\n<\/tr>\n<tr>\n<td>Chaville-V\u00e9lizy RER C<\/td>\n<td>06:10<\/td>\n<td>06:45<\/td>\n<td>07:20<\/td>\n<td>07:55<\/td>\n<td>08:30<\/td>\n<\/tr>\n<tr>\n<td>Robert Wagner (Arriv\u00e9e)<\/td>\n<td>06:15<\/td>\n<td>06:50<\/td>\n<td>07:26<\/td>\n<td>08:01<\/td>\n<td>08:36<\/td>\n<\/tr>\n<\/tbody>\n<\/table>\n<table>\n<tbody>\n<tr>\n<td width=\"150\">Robert Wagner<\/td>\n<td width=\"42\">08:45<\/td>\n<td width=\"42\">09:20<\/td>\n<td width=\"42\">09:56<\/td>\n<td width=\"42\">10:31<\/td>\n<td width=\"42\">11:06<\/td>\n<\/tr>\n<tr>\n<td>Chaville-V\u00e9lizy RER C<\/td>\n<td>08:50<\/td>\n<td>09:25<\/td>\n<td>10:00<\/td>\n<td>10:35<\/td>\n<td>11:10<\/td>\n<\/tr>\n<tr>\n<td>Doumer La Fontaine<\/td>\n<td>08:54<\/td>\n<td>09:29<\/td>\n<td>10:04<\/td>\n<td>10:39<\/td>\n<td>11:14<\/td>\n<\/tr>\n<tr>\n<td>Chaville-V\u00e9lizy RER C<\/td>\n<td>09:05<\/td>\n<td>09:40<\/td>\n<td>10:15<\/td>\n<td>10:50<\/td>\n<td>11:25<\/td>\n<\/tr>\n<tr>\n<td>Robert Wagner (Arriv\u00e9e)<\/td>\n<td>09:11<\/td>\n<td>09:45<\/td>\n<td>10:20<\/td>\n<td>10:55<\/td>\n<td>11:30<\/td>\n<\/tr>\n<\/tbody>\n<\/table>\n<table>\n<tbody>\n<tr>\n<td width=\"150\">Robert Wagner<\/td>\n<td width=\"42\">11:41<\/td>\n<td width=\"42\">12:16<\/td>\n<td width=\"42\">12:51<\/td>\n<td width=\"42\">13:26<\/td>\n<td width=\"42\">14:01<\/td>\n<\/tr>\n<tr>\n<td>Chaville-V\u00e9lizy RER C<\/td>\n<td>11:45<\/td>\n<td>12:20<\/td>\n<td>12:55<\/td>\n<td>13:30<\/td>\n<td>14:05<\/td>\n<\/tr>\n<tr>\n<td>Doumer La Fontaine<\/td>\n<td>11:49<\/td>\n<td>12:24<\/td>\n<td>12:59<\/td>\n<td>13:34<\/td>\n<td>14:09<\/td>\n<\/tr>\n<tr>\n<td>Chaville-V\u00e9lizy RER C<\/td>\n<td>12:00<\/td>\n<td>12:35<\/td>\n<td>13:10<\/td>\n<td>13:45<\/td>\n<td>14:20<\/td>\n<\/tr>\n<tr>\n<td>Robert Wagner (Arriv\u00e9e)<\/td>\n<td>12:05<\/td>\n<td>12:40<\/td>\n<td>13:15<\/td>\n<td>13:50<\/td>\n<td>14:25<\/td>\n<\/tr>\n<\/tbody>\n<\/table>\n<table>\n<tbody>\n<tr>\n<td width=\"150\">Robert Wagner<\/td>\n<td width=\"42\">14:36<\/td>\n<td width=\"42\">15:11<\/td>\n<td width=\"42\">15:46<\/td>\n<td width=\"42\">16:20<\/td>\n<td width=\"42\">16:55<\/td>\n<\/tr>\n<tr>\n<td>Chaville-V\u00e9lizy RER C<\/td>\n<td>14:40<\/td>\n<td>15:15<\/td>\n<td>15:50<\/td>\n<td>16:25<\/td>\n<td>17:00<\/td>\n<\/tr>\n<tr>\n<td>Doumer La Fontaine<\/td>\n<td>14:44<\/td>\n<td>15:19<\/td>\n<td>15:54<\/td>\n<td>16:29<\/td>\n<td>17:04<\/td>\n<\/tr>\n<tr>\n<td>Chaville-V\u00e9lizy RER C<\/td>\n<td>14:55<\/td>\n<td>15:30<\/td>\n<td>16:05<\/td>\n<td>16:40<\/td>\n<td>17:15<\/td>\n<\/tr>\n<tr>\n<td>Robert Wagner (Arriv\u00e9e)<\/td>\n<td>15:00<\/td>\n<td>15:36<\/td>\n<td>16:11<\/td>\n<td>16:46<\/td>\n<td>17:21<\/td>\n<\/tr>\n<\/tbody>\n<\/table>\n<table>\n<tbody>\n<tr>\n<td width=\"150\">Robert Wagner<\/td>\n<td width=\"42\">17:30<\/td>\n<td width=\"42\">18:05<\/td>\n<td width=\"42\">18:40<\/td>\n<td width=\"42\">19:15<\/td>\n<td width=\"42\">19:51<\/td>\n<\/tr>\n<tr>\n<td>Chaville-V\u00e9lizy RER C<\/td>\n<td>17:35<\/td>\n<td>18:10<\/td>\n<td>18:45<\/td>\n<td>19:20<\/td>\n<td>19:55<\/td>\n<\/tr>\n<tr>\n<td>Doumer La Fontaine<\/td>\n<td>17:39<\/td>\n<td>18:14<\/td>\n<td>18:49<\/td>\n<td>19:24<\/td>\n<td>19:59<\/td>\n<\/tr>\n<tr>\n<td>Chaville-V\u00e9lizy RER C<\/td>\n<td>17:50<\/td>\n<td>18:25<\/td>\n<td>19:00<\/td>\n<td>19:35<\/td>\n<td>20:10<\/td>\n<\/tr>\n<tr>\n<td>Robert Wagner (Arriv\u00e9e)<\/td>\n<td>17:56<\/td>\n<td>18:31<\/td>\n<td>19:06<\/td>\n<td>19:41<\/td>\n<td>20:15<\/td>\n<\/tr>\n<\/tbody>\n<\/table>\n<h2>Les nouveaux documents<\/h2>\n<ul>\n<li><a href=\"http:\/\/www.horizonemployeur.fr\/wordpress\/wp-content\/uploads\/2016\/05\/Plan-31.pdf\" target=\"_blank\">Plan<\/a><\/li>\n<li><a href=\"http:\/\/www.horizonemployeur.fr\/wordpress\/wp-content\/uploads\/2016\/05\/31-A-partir-du-28-mai-2016.pdf\" target=\"_blank\">Horaires\u00a0\u00e0\u00a0partir du 28 mai 2016<\/a><\/li>\n<\/ul>\n","protected":false},"excerpt":{"rendered":"<p>Un itin\u00e9raire modifi\u00e9 Cliquez sur l\u2019image pour la t\u00e9l\u00e9charger dans son format originel Une seule modification est apport\u00e9e \u00e0 l&rsquo;itin\u00e9raire de la ligne mais elle est d&rsquo;importance pour les habitants de V\u00e9lizy-le-Bas. La ligne est en effet prolong\u00e9e jusqu&rsquo;\u00e0 Robert Wagner de fa\u00e7on \u00e0 apporter une correspondance directe avec le tramway T6 (et ainsi rejoindre [&hellip;]<\/p>\n","protected":false},"author":1,"featured_media":0,"parent":2459,"menu_order":11,"comment_status":"closed","ping_status":"closed","template":"","meta":{"ngg_post_thumbnail":0,"jetpack_post_was_ever_published":false},"jetpack_sharing_enabled":true,"jetpack_shortlink":"https:\/\/wp.me\/P7AoJR-EB","jetpack-related-posts":[{"id":2463,"url":"https:\/\/www.horizonemployeur.fr\/wordpress\/28-05-2016\/restructuration-bus-phase-2\/restructuration-bus-phase-2-chaville\/","url_meta":{"origin":2517,"position":0},"title":"La restructuration bus sur l&rsquo;axe Chaville","date":"28 avril 2016","format":false,"excerpt":"Depuis d\u00e9cembre 2014, l'offre sur l'axe Chaville\u00a0est compos\u00e9e, hors lignes scolaires de 4 lignes: la ligne 30, Chaville-V\u00e9lizy\u00a0- V\u00e9lizy 2, assure la liaison des diff\u00e9rents quartiers de la ville, de la partie sud d'Inovel Parc Nord et du centre commercial V\u00e9lizy 2, avec la gare de Chaville-V\u00e9lizy la ligne 31,\u2026","rel":"","context":"Article similaire","img":{"alt_text":"","src":"https:\/\/i0.wp.com\/www.horizonemployeur.fr\/wordpress\/wp-content\/uploads\/2016\/04\/Plan-bus-mai-2016-axe-Chaville-300x275.png?resize=350%2C200","width":350,"height":200},"classes":[]},{"id":2484,"url":"https:\/\/www.horizonemployeur.fr\/wordpress\/28-05-2016\/restructuration-bus-phase-2\/ligne-phebus-24\/","url_meta":{"origin":2517,"position":1},"title":"La ligne Ph\u00e9bus 24 en d\u00e9tails","date":"29 avril 2016","format":false,"excerpt":"Un itin\u00e9raire modifi\u00e9 Cliquez sur l\u2019image pour la t\u00e9l\u00e9charger dans son format originel Plusieurs modifications sont apport\u00e9es \u00e0 l\u2019itin\u00e9raire de la ligne 24: la principale est la modification de l'itin\u00e9raire entre Versailles et V\u00e9lizy. L'itin\u00e9raire par la rue des Chantiers, la rue du Pont Colbert, les voies lat\u00e9rales de l'axe\u2026","rel":"","context":"Article similaire","img":{"alt_text":"","src":"","width":0,"height":0},"classes":[]},{"id":51,"url":"https:\/\/www.horizonemployeur.fr\/wordpress\/accueil\/sedeplacer\/transports-en-commun\/bus-chaville\/","url_meta":{"origin":2517,"position":2},"title":"Les bus c\u00f4t\u00e9 Chaville","date":"28 f\u00e9vrier 2014","format":false,"excerpt":"En dehors d\u2019assurer la desserte des communes de Viroflay (quartier est) et Chaville, ces lignes donnent correspondance avec: en gare de Chaville-V\u00e9lizy: RER branches C5 (Versailles-Ch\u00e2teau-Rive Gauche) et C7 (St Quentin-en-Yvelines) en gare de Chaville-Rive Gauche: Transilien (Paris-Montparnasse - Versailles-Chantiers - Rambouillet \/ Dreux \/ Mantes) en gare de Chaville-Rive\u2026","rel":"","context":"Avec 2 commentaires","img":{"alt_text":"","src":"https:\/\/i0.wp.com\/www.horizonemployeur.fr\/wordpress\/wp-content\/uploads\/2016\/04\/p1100542-600x430.jpg?fit=600%2C430&ssl=1&resize=350%2C200","width":350,"height":200},"classes":[]},{"id":2461,"url":"https:\/\/www.horizonemployeur.fr\/wordpress\/28-05-2016\/restructuration-bus-phase-2\/versailles\/","url_meta":{"origin":2517,"position":3},"title":"La restructuration bus sur l&rsquo;axe Versailles","date":"28 avril 2016","format":false,"excerpt":"Depuis d\u00e9cembre 2014, l'offre sur l'axe Versailles est compos\u00e9e de 4 lignes: la ligne 20, Versailles-Rive-Gauche - V\u00e9lizy 2, qui dessert la gare des Chantiers et rejoint V\u00e9lizy par le pont Colbert et l'A 86 la ligne 22, Versailles-Chantiers - Burospace, passe \u00e9galement par le pont Colbert et l'A 86,\u2026","rel":"","context":"Article similaire","img":{"alt_text":"","src":"","width":0,"height":0},"classes":[]},{"id":2521,"url":"https:\/\/www.horizonemployeur.fr\/wordpress\/28-05-2016\/restructuration-bus-phase-2\/ligne-phebus-32\/","url_meta":{"origin":2517,"position":4},"title":"La ligne Ph\u00e9bus 32 en d\u00e9tails","date":"29 avril 2016","format":false,"excerpt":"Un itin\u00e9raire modifi\u00e9 Cliquez sur l\u2019image pour la t\u00e9l\u00e9charger dans son format originel Si la ligne 32 continue \u00e0 assurer la liaison entre les 3 gares de Chaville, V\u00e9lizy et la gare de Jouy-en-Josas, son itin\u00e9raire est simplifi\u00e9 en 2 endroits sur Jouy-en-Josas: suppression de l'arr\u00eat Les Gen\u00eats: en direction\u2026","rel":"","context":"Article similaire","img":{"alt_text":"","src":"https:\/\/i0.wp.com\/www.horizonemployeur.fr\/wordpress\/wp-content\/uploads\/2016\/04\/Ph\u00c3\u00a9bus-32-mai-2016-142x300.png?resize=350%2C200","width":350,"height":200},"classes":[]},{"id":2477,"url":"https:\/\/www.horizonemployeur.fr\/wordpress\/28-05-2016\/t6-viroflay\/viroflay-rive-gauche\/","url_meta":{"origin":2517,"position":5},"title":"Viroflay-Rive Gauche","date":"28 avril 2016","format":false,"excerpt":"Viroflay-Rive Droite est la 20e et avant-derni\u00e8re station de la ligne T6. Elle se situe dans le tunnel de Viroflay emprunt\u00e9 par le tramway \u00e0 partir de la c\u00f4te de Chaville et\u00a0donc\u00a0sous la place du Mar\u00e9chal Koenig. Elle propose les\u00a0correspondances avec: la ligne RER C Paris - Versailles-Ch\u00e2teau-Rive Gauche \/\u2026","rel":"","context":"Article similaire","img":{"alt_text":"P1130441_800d","src":"https:\/\/i0.wp.com\/www.horizonemployeur.fr\/wordpress\/wp-content\/uploads\/2016\/04\/P1130441_800d-300x150.jpg?resize=350%2C200","width":350,"height":200},"classes":[]}],"_links":{"self":[{"href":"https:\/\/www.horizonemployeur.fr\/wordpress\/wp-json\/wp\/v2\/pages\/2517"}],"collection":[{"href":"https:\/\/www.horizonemployeur.fr\/wordpress\/wp-json\/wp\/v2\/pages"}],"about":[{"href":"https:\/\/www.horizonemployeur.fr\/wordpress\/wp-json\/wp\/v2\/types\/page"}],"author":[{"embeddable":true,"href":"https:\/\/www.horizonemployeur.fr\/wordpress\/wp-json\/wp\/v2\/users\/1"}],"replies":[{"embeddable":true,"href":"https:\/\/www.horizonemployeur.fr\/wordpress\/wp-json\/wp\/v2\/comments?post=2517"}],"version-history":[{"count":5,"href":"https:\/\/www.horizonemployeur.fr\/wordpress\/wp-json\/wp\/v2\/pages\/2517\/revisions"}],"predecessor-version":[{"id":2638,"href":"https:\/\/www.horizonemployeur.fr\/wordpress\/wp-json\/wp\/v2\/pages\/2517\/revisions\/2638"}],"up":[{"embeddable":true,"href":"https:\/\/www.horizonemployeur.fr\/wordpress\/wp-json\/wp\/v2\/pages\/2459"}],"wp:attachment":[{"href":"https:\/\/www.horizonemployeur.fr\/wordpress\/wp-json\/wp\/v2\/media?parent=2517"}],"curies":[{"name":"wp","href":"https:\/\/api.w.org\/{rel}","templated":true}]}}