{"id":2514,"date":"2016-04-29T12:35:51","date_gmt":"2016-04-29T10:35:51","guid":{"rendered":"http:\/\/www.horizonemployeur.fr\/wordpress\/?page_id=2514"},"modified":"2016-05-09T10:12:52","modified_gmt":"2016-05-09T08:12:52","slug":"ligne-phebus-23","status":"publish","type":"page","link":"https:\/\/www.horizonemployeur.fr\/wordpress\/28-05-2016\/restructuration-bus-phase-2\/ligne-phebus-23\/","title":{"rendered":"La ligne Ph\u00e9bus 23 en d\u00e9tails"},"content":{"rendered":"<h2>Un itin\u00e9raire\u00a0modifi\u00e9<\/h2>\n<p><a href=\"https:\/\/i0.wp.com\/www.horizonemployeur.fr\/wordpress\/wp-content\/uploads\/2016\/04\/Ph%C3%A9bus-23-mai-2016.png\"><img data-attachment-id=\"2493\" data-permalink=\"https:\/\/www.horizonemployeur.fr\/wordpress\/28-05-2016\/restructuration-bus-phase-2\/ligne-phebus-34\/phebus-23-mai-2016\/\" data-orig-file=\"https:\/\/i0.wp.com\/www.horizonemployeur.fr\/wordpress\/wp-content\/uploads\/2016\/04\/Ph\u00e9bus-23-mai-2016.png?fit=1921%2C991&amp;ssl=1\" data-orig-size=\"1921,991\" data-comments-opened=\"1\" data-image-meta=\"{&quot;aperture&quot;:&quot;0&quot;,&quot;credit&quot;:&quot;&quot;,&quot;camera&quot;:&quot;&quot;,&quot;caption&quot;:&quot;&quot;,&quot;created_timestamp&quot;:&quot;0&quot;,&quot;copyright&quot;:&quot;&quot;,&quot;focal_length&quot;:&quot;0&quot;,&quot;iso&quot;:&quot;0&quot;,&quot;shutter_speed&quot;:&quot;0&quot;,&quot;title&quot;:&quot;&quot;,&quot;orientation&quot;:&quot;0&quot;}\" data-image-title=\"Ph\u00e9bus 23 &#8211; mai 2016\" data-image-description=\"\" data-image-caption=\"\" data-medium-file=\"https:\/\/i0.wp.com\/www.horizonemployeur.fr\/wordpress\/wp-content\/uploads\/2016\/04\/Ph\u00e9bus-23-mai-2016.png?fit=300%2C155&amp;ssl=1\" data-large-file=\"https:\/\/i0.wp.com\/www.horizonemployeur.fr\/wordpress\/wp-content\/uploads\/2016\/04\/Ph\u00e9bus-23-mai-2016.png?fit=700%2C361&amp;ssl=1\" decoding=\"async\" loading=\"lazy\" class=\"alignnone wp-image-2493\" src=\"https:\/\/i0.wp.com\/www.horizonemployeur.fr\/wordpress\/wp-content\/uploads\/2016\/04\/Ph\u00e9bus-23-mai-2016-300x155.png?resize=300%2C155\" alt=\"Ph\u00e9bus 23 - mai 2016\" width=\"300\" height=\"155\" srcset=\"https:\/\/i0.wp.com\/www.horizonemployeur.fr\/wordpress\/wp-content\/uploads\/2016\/04\/Ph\u00e9bus-23-mai-2016.png?resize=300%2C155&amp;ssl=1 300w, https:\/\/i0.wp.com\/www.horizonemployeur.fr\/wordpress\/wp-content\/uploads\/2016\/04\/Ph\u00e9bus-23-mai-2016.png?resize=768%2C396&amp;ssl=1 768w, https:\/\/i0.wp.com\/www.horizonemployeur.fr\/wordpress\/wp-content\/uploads\/2016\/04\/Ph\u00e9bus-23-mai-2016.png?resize=1024%2C528&amp;ssl=1 1024w, https:\/\/i0.wp.com\/www.horizonemployeur.fr\/wordpress\/wp-content\/uploads\/2016\/04\/Ph\u00e9bus-23-mai-2016.png?resize=648%2C334&amp;ssl=1 648w, https:\/\/i0.wp.com\/www.horizonemployeur.fr\/wordpress\/wp-content\/uploads\/2016\/04\/Ph\u00e9bus-23-mai-2016.png?resize=372%2C192&amp;ssl=1 372w, https:\/\/i0.wp.com\/www.horizonemployeur.fr\/wordpress\/wp-content\/uploads\/2016\/04\/Ph\u00e9bus-23-mai-2016.png?w=1921&amp;ssl=1 1921w, https:\/\/i0.wp.com\/www.horizonemployeur.fr\/wordpress\/wp-content\/uploads\/2016\/04\/Ph\u00e9bus-23-mai-2016.png?w=1400&amp;ssl=1 1400w\" sizes=\"(max-width: 300px) 100vw, 300px\" data-recalc-dims=\"1\" \/><\/a><\/p>\n<p><span style=\"color: #808080;\"><em>Cliquez sur l\u2019image pour la t\u00e9l\u00e9charger dans son format originel<\/em><\/span><\/p>\n<p>Plusieurs modifications sont apport\u00e9es \u00e0 l\u2019itin\u00e9raire de la ligne 23, toutes dans V\u00e9lizy:<\/p>\n<ul>\n<li>la ligne 23 dessert le quartier Mozart-Provinces\u00a0par l&rsquo;avenue de Picardie, la rue Division Leclerc et l&rsquo;avenue de Savoie<\/li>\n<li>la ligne abandonne, en direction de V\u00e9lizy 2, la\u00a0rue Brindejonc des Moulinais et la rue Aristide Briand pour emprunter l&rsquo;itin\u00e9raire du sens oppos\u00e9, par l&rsquo;avenue De Gaulle, l&rsquo;avenue Roland Garros et la rue Ren\u00e9 Boyer<\/li>\n<li>enfin,\u00a0dans Inovel Parc Nord, la ligne reprend l&rsquo;itin\u00e9raire de la ligne 30 par l&rsquo;avenue de l&rsquo;Europe entre la place de l&rsquo;Europe et V\u00e9lizy 2<\/li>\n<\/ul>\n<h2>Des horaires modifi\u00e9s<\/h2>\n<p>Si la ligne 23 n&rsquo;offrait jusqu&rsquo;\u00e0 maintenant que des passages \u00e9pisodiques (12 trajets par jour entre Versailles et V\u00e9lizy), son offre est maintenant renforc\u00e9e pour en faire la ligne de r\u00e9f\u00e9rence entre Versailles et V\u00e9lizy.<\/p>\n<p>Du lundi au vendredi:<\/p>\n<p>A\u00a0Versailles-Europe,\u00a0on a un bus toutes les 30 min de 6h15 \u00e0 7h15, un bus toutes les 15 min de 7h30 \u00e0 8h30, un bus toutes les 30 min de 8h30 \u00e0 16h00, un bus toutes les 15\u00a0min de 16h00\u00a0\u00e0 19h30, un bus toutes les 30 min de 19h30 \u00e0 21h00 et un bus toutes les 60 minutes de 21h00 \u00e0 1h00.<\/p>\n<p>A\u00a0V\u00e9lizy 2,\u00a0on a un bus toutes les 30 min de 5h30\u00a0\u00e0 7h00, un bus toutes les 15 min de 7h00 \u00e0 9h00, un bus toutes les 30 min de 9h25\u00a0\u00e0 16h55, un bus toutes les 15\u00a0min de 17h15 \u00e0 19h00, un bus toutes les 30 min de 19h00 \u00e0 21h00 et un bus toutes les 60 minutes de 21h00 \u00e0 0h00.<\/p>\n<p>Le temps de parcours de la ligne compl\u00e8te varie de 39\u00a0\u00e0 53 min en direction de V\u00e9lizy 2, de 43\u00a0\u00e0 54\u00a0minutes en direction de Versailles.<\/p>\n<h2>Les nouveaux documents<\/h2>\n<ul>\n<li><a href=\"http:\/\/www.horizonemployeur.fr\/wordpress\/wp-content\/uploads\/2016\/05\/Plan-23.pdf\" target=\"_blank\">Plan<\/a><\/li>\n<li><a href=\"http:\/\/www.horizonemployeur.fr\/wordpress\/wp-content\/uploads\/2016\/05\/23-A-partir-du-28-mai-2016.pdf\" target=\"_blank\">Horaires\u00a0\u00e0\u00a0partir du 28 mai 2016<\/a><\/li>\n<\/ul>\n","protected":false},"excerpt":{"rendered":"<p>Un itin\u00e9raire\u00a0modifi\u00e9 Cliquez sur l\u2019image pour la t\u00e9l\u00e9charger dans son format originel Plusieurs modifications sont apport\u00e9es \u00e0 l\u2019itin\u00e9raire de la ligne 23, toutes dans V\u00e9lizy: la ligne 23 dessert le quartier Mozart-Provinces\u00a0par l&rsquo;avenue de Picardie, la rue Division Leclerc et l&rsquo;avenue de Savoie la ligne abandonne, en direction de V\u00e9lizy 2, la\u00a0rue Brindejonc des Moulinais [&hellip;]<\/p>\n","protected":false},"author":1,"featured_media":0,"parent":2459,"menu_order":8,"comment_status":"closed","ping_status":"closed","template":"","meta":{"ngg_post_thumbnail":0,"jetpack_post_was_ever_published":false},"jetpack_sharing_enabled":true,"jetpack_shortlink":"https:\/\/wp.me\/P7AoJR-Ey","jetpack-related-posts":[{"id":2484,"url":"https:\/\/www.horizonemployeur.fr\/wordpress\/28-05-2016\/restructuration-bus-phase-2\/ligne-phebus-24\/","url_meta":{"origin":2514,"position":0},"title":"La ligne Ph\u00e9bus 24 en d\u00e9tails","date":"29 avril 2016","format":false,"excerpt":"Un itin\u00e9raire modifi\u00e9 Cliquez sur l\u2019image pour la t\u00e9l\u00e9charger dans son format originel Plusieurs modifications sont apport\u00e9es \u00e0 l\u2019itin\u00e9raire de la ligne 24: la principale est la modification de l'itin\u00e9raire entre Versailles et V\u00e9lizy. L'itin\u00e9raire par la rue des Chantiers, la rue du Pont Colbert, les voies lat\u00e9rales de l'axe\u2026","rel":"","context":"Article similaire","img":{"alt_text":"","src":"","width":0,"height":0},"classes":[]},{"id":2461,"url":"https:\/\/www.horizonemployeur.fr\/wordpress\/28-05-2016\/restructuration-bus-phase-2\/versailles\/","url_meta":{"origin":2514,"position":1},"title":"La restructuration bus sur l&rsquo;axe Versailles","date":"28 avril 2016","format":false,"excerpt":"Depuis d\u00e9cembre 2014, l'offre sur l'axe Versailles est compos\u00e9e de 4 lignes: la ligne 20, Versailles-Rive-Gauche - V\u00e9lizy 2, qui dessert la gare des Chantiers et rejoint V\u00e9lizy par le pont Colbert et l'A 86 la ligne 22, Versailles-Chantiers - Burospace, passe \u00e9galement par le pont Colbert et l'A 86,\u2026","rel":"","context":"Article similaire","img":{"alt_text":"","src":"","width":0,"height":0},"classes":[]},{"id":2487,"url":"https:\/\/www.horizonemployeur.fr\/wordpress\/28-05-2016\/restructuration-bus-phase-2\/ligne-phebus-34\/","url_meta":{"origin":2514,"position":2},"title":"La ligne Ph\u00e9bus 34 en d\u00e9tails","date":"29 avril 2016","format":false,"excerpt":"Un itin\u00e9raire modifi\u00e9 Cliquez sur l\u2019image pour la t\u00e9l\u00e9charger dans son format originel Plusieurs modifications sont apport\u00e9es \u00e0 l'itin\u00e9raire de la ligne 34: la ligne\u00a0emprunte l'avenue G\u00e9n\u00e9ral de Gaulle et l'avenue Roland Garros au lieu de la rue Brindejonc des Moulinais le long de la for\u00eat. L'arr\u00eat Mermoz n'est donc\u2026","rel":"","context":"Article similaire","img":{"alt_text":"","src":"https:\/\/i0.wp.com\/www.horizonemployeur.fr\/wordpress\/wp-content\/uploads\/2016\/04\/Ph\u00c3\u00a9bus-34-mai-2016-300x207.png?resize=350%2C200","width":350,"height":200},"classes":[]},{"id":349,"url":"https:\/\/www.horizonemployeur.fr\/wordpress\/accueil\/sedeplacer\/t6-chatillon\/","url_meta":{"origin":2514,"position":3},"title":"Le tramway T6 jusqu&rsquo;\u00e0 Ch\u00e2tillon","date":"29 d\u00e9cembre 2014","format":false,"excerpt":"Depuis le samedi 13 d\u00e9cembre 2014, le tramway T6 assure une liaison entre V\u00e9lizy-Robert Wagner et le terminus de Ch\u00e2tillon-Montrouge. 19 stations sont ainsi desservies, dont 6\u00a0desservent\u00a0les divers secteurs d'INOVEL PARC. Soit d'ouest en est: L'Onde-Maison des Arts, qui dessert le secteur ouest d'INOVEL PARC Sud: SOPEMEA, Messier-Bugatti-Dowty via la\u2026","rel":"","context":"Article similaire","img":{"alt_text":"","src":"https:\/\/i0.wp.com\/www.horizonemployeur.fr\/wordpress\/wp-content\/uploads\/2016\/03\/p1010448_1200x600d-1.jpg?fit=1200%2C600&ssl=1&resize=350%2C200","width":350,"height":200},"classes":[]},{"id":2463,"url":"https:\/\/www.horizonemployeur.fr\/wordpress\/28-05-2016\/restructuration-bus-phase-2\/restructuration-bus-phase-2-chaville\/","url_meta":{"origin":2514,"position":4},"title":"La restructuration bus sur l&rsquo;axe Chaville","date":"28 avril 2016","format":false,"excerpt":"Depuis d\u00e9cembre 2014, l'offre sur l'axe Chaville\u00a0est compos\u00e9e, hors lignes scolaires de 4 lignes: la ligne 30, Chaville-V\u00e9lizy\u00a0- V\u00e9lizy 2, assure la liaison des diff\u00e9rents quartiers de la ville, de la partie sud d'Inovel Parc Nord et du centre commercial V\u00e9lizy 2, avec la gare de Chaville-V\u00e9lizy la ligne 31,\u2026","rel":"","context":"Article similaire","img":{"alt_text":"","src":"https:\/\/i0.wp.com\/www.horizonemployeur.fr\/wordpress\/wp-content\/uploads\/2016\/04\/Plan-bus-mai-2016-axe-Chaville-300x275.png?resize=350%2C200","width":350,"height":200},"classes":[]},{"id":2482,"url":"https:\/\/www.horizonemployeur.fr\/wordpress\/28-05-2016\/restructuration-bus-phase-2\/ligne-phebus-20\/","url_meta":{"origin":2514,"position":5},"title":"La ligne Ph\u00e9bus 20 en d\u00e9tails","date":"28 avril 2016","format":false,"excerpt":"Elle reliait la gare de Versailles-Rive Gauche et V\u00e9lizy 2 en passant par la gare des Chantiers, le pont Colbert et dans V\u00e9lizy, le quartier Mozart-Provinces\u00a0et\u00a0le centre ville (sauf jusqu'\u00e0 9h en direction de V\u00e9lizy 2) et Inovel Parc Nord. Cette ligne ne survit pas \u00e0 la restructuration, son itin\u00e9raire\u2026","rel":"","context":"Article similaire","img":{"alt_text":"","src":"","width":0,"height":0},"classes":[]}],"_links":{"self":[{"href":"https:\/\/www.horizonemployeur.fr\/wordpress\/wp-json\/wp\/v2\/pages\/2514"}],"collection":[{"href":"https:\/\/www.horizonemployeur.fr\/wordpress\/wp-json\/wp\/v2\/pages"}],"about":[{"href":"https:\/\/www.horizonemployeur.fr\/wordpress\/wp-json\/wp\/v2\/types\/page"}],"author":[{"embeddable":true,"href":"https:\/\/www.horizonemployeur.fr\/wordpress\/wp-json\/wp\/v2\/users\/1"}],"replies":[{"embeddable":true,"href":"https:\/\/www.horizonemployeur.fr\/wordpress\/wp-json\/wp\/v2\/comments?post=2514"}],"version-history":[{"count":4,"href":"https:\/\/www.horizonemployeur.fr\/wordpress\/wp-json\/wp\/v2\/pages\/2514\/revisions"}],"predecessor-version":[{"id":2636,"href":"https:\/\/www.horizonemployeur.fr\/wordpress\/wp-json\/wp\/v2\/pages\/2514\/revisions\/2636"}],"up":[{"embeddable":true,"href":"https:\/\/www.horizonemployeur.fr\/wordpress\/wp-json\/wp\/v2\/pages\/2459"}],"wp:attachment":[{"href":"https:\/\/www.horizonemployeur.fr\/wordpress\/wp-json\/wp\/v2\/media?parent=2514"}],"curies":[{"name":"wp","href":"https:\/\/api.w.org\/{rel}","templated":true}]}}