{"id":2502,"date":"2016-04-29T11:03:15","date_gmt":"2016-04-29T09:03:15","guid":{"rendered":"http:\/\/www.horizonemployeur.fr\/wordpress\/?page_id=2502"},"modified":"2016-05-09T10:11:35","modified_gmt":"2016-05-09T08:11:35","slug":"ligne-phebus-22","status":"publish","type":"page","link":"https:\/\/www.horizonemployeur.fr\/wordpress\/28-05-2016\/restructuration-bus-phase-2\/ligne-phebus-22\/","title":{"rendered":"La ligne Ph\u00e9bus 22 en d\u00e9tails"},"content":{"rendered":"<h2>Un itin\u00e9raire\u00a0inchang\u00e9<\/h2>\n<p><a href=\"https:\/\/i0.wp.com\/www.horizonemployeur.fr\/wordpress\/wp-content\/uploads\/2016\/04\/Ph%c3%a9bus-22-mai-2016.png\"><img data-attachment-id=\"2494\" data-permalink=\"https:\/\/www.horizonemployeur.fr\/wordpress\/28-05-2016\/restructuration-bus-phase-2\/ligne-phebus-34\/phebus-22-mai-2016\/\" data-orig-file=\"https:\/\/i0.wp.com\/www.horizonemployeur.fr\/wordpress\/wp-content\/uploads\/2016\/04\/Ph\u00e9bus-22-mai-2016.png?fit=2170%2C1119&amp;ssl=1\" data-orig-size=\"2170,1119\" data-comments-opened=\"1\" data-image-meta=\"{&quot;aperture&quot;:&quot;0&quot;,&quot;credit&quot;:&quot;&quot;,&quot;camera&quot;:&quot;&quot;,&quot;caption&quot;:&quot;&quot;,&quot;created_timestamp&quot;:&quot;0&quot;,&quot;copyright&quot;:&quot;&quot;,&quot;focal_length&quot;:&quot;0&quot;,&quot;iso&quot;:&quot;0&quot;,&quot;shutter_speed&quot;:&quot;0&quot;,&quot;title&quot;:&quot;&quot;,&quot;orientation&quot;:&quot;0&quot;}\" data-image-title=\"Ph\u00e9bus 22 &#8211; mai 2016\" data-image-description=\"\" data-image-caption=\"\" data-medium-file=\"https:\/\/i0.wp.com\/www.horizonemployeur.fr\/wordpress\/wp-content\/uploads\/2016\/04\/Ph\u00e9bus-22-mai-2016.png?fit=300%2C155&amp;ssl=1\" data-large-file=\"https:\/\/i0.wp.com\/www.horizonemployeur.fr\/wordpress\/wp-content\/uploads\/2016\/04\/Ph\u00e9bus-22-mai-2016.png?fit=700%2C361&amp;ssl=1\" decoding=\"async\" loading=\"lazy\" class=\"alignnone wp-image-2494\" src=\"https:\/\/i0.wp.com\/www.horizonemployeur.fr\/wordpress\/wp-content\/uploads\/2016\/04\/Ph\u00e9bus-22-mai-2016-300x155.png?resize=300%2C155\" alt=\"Ph\u00e9bus 22 - mai 2016\" width=\"300\" height=\"155\" srcset=\"https:\/\/i0.wp.com\/www.horizonemployeur.fr\/wordpress\/wp-content\/uploads\/2016\/04\/Ph\u00e9bus-22-mai-2016.png?resize=300%2C155&amp;ssl=1 300w, https:\/\/i0.wp.com\/www.horizonemployeur.fr\/wordpress\/wp-content\/uploads\/2016\/04\/Ph\u00e9bus-22-mai-2016.png?resize=768%2C396&amp;ssl=1 768w, https:\/\/i0.wp.com\/www.horizonemployeur.fr\/wordpress\/wp-content\/uploads\/2016\/04\/Ph\u00e9bus-22-mai-2016.png?resize=1024%2C528&amp;ssl=1 1024w, https:\/\/i0.wp.com\/www.horizonemployeur.fr\/wordpress\/wp-content\/uploads\/2016\/04\/Ph\u00e9bus-22-mai-2016.png?resize=648%2C334&amp;ssl=1 648w, https:\/\/i0.wp.com\/www.horizonemployeur.fr\/wordpress\/wp-content\/uploads\/2016\/04\/Ph\u00e9bus-22-mai-2016.png?resize=372%2C192&amp;ssl=1 372w, https:\/\/i0.wp.com\/www.horizonemployeur.fr\/wordpress\/wp-content\/uploads\/2016\/04\/Ph\u00e9bus-22-mai-2016.png?w=1400&amp;ssl=1 1400w, https:\/\/i0.wp.com\/www.horizonemployeur.fr\/wordpress\/wp-content\/uploads\/2016\/04\/Ph\u00e9bus-22-mai-2016.png?w=2100&amp;ssl=1 2100w\" sizes=\"(max-width: 300px) 100vw, 300px\" data-recalc-dims=\"1\" \/><\/a><\/p>\n<p><span style=\"color: #808080;\"><em>Cliquez sur l\u2019image pour la t\u00e9l\u00e9charger dans son format originel<\/em><\/span><\/p>\n<p>La ligne 22 continue \u00e0 relier la gare des Chantiers et Burospace. A la diff\u00e9rence de la ligne 24 qui emprunte d\u00e9sormais un itin\u00e9raire nord par l&rsquo;avenue de Paris et Viroflay, la ligne 22 conserve son itin\u00e9raire par la rue des Chantiers, le pont Colbert, les voies lat\u00e9rales de l&rsquo;axe RN 12 \/ A 86, Inovel Parc Sud et la BA 107.<\/p>\n<p>La modification du plan vient de l&rsquo;int\u00e9gration des dessertes scolaires (jusqu&rsquo;\u00e0 Versailles-Rive Gauche) anciennement assur\u00e9es par la ligne 24.<\/p>\n<h2>Des horaires modifi\u00e9s<\/h2>\n<p>Du lundi au vendredi:<\/p>\n<p>les d\u00e9parts de la gare des Chantiers ont lieu \u00e0:<\/p>\n<table style=\"width: 100%;\">\n<tbody>\n<tr>\n<th>06h<\/th>\n<th>07h<\/th>\n<th>08h<\/th>\n<th>09h<\/th>\n<th>10h<\/th>\n<th>11h<\/th>\n<th>12h<\/th>\n<th>13h<\/th>\n<\/tr>\n<tr>\n<td>00<br \/>\n25<br \/>\n45<\/td>\n<td>00<br \/>\n10<br \/>\n20<br \/>\n30<br \/>\n45<\/td>\n<td>00<br \/>\n15<br \/>\n30<br \/>\n45<\/td>\n<td>00<br \/>\n15<br \/>\n30<\/td>\n<td>00<\/td>\n<td>00<\/td>\n<td>00<\/td>\n<td>00<\/td>\n<\/tr>\n<tr>\n<th>14h<\/th>\n<th>15h<\/th>\n<th>16h<\/th>\n<th>17h<\/th>\n<th>18h<\/th>\n<th>19h<\/th>\n<th>20h<\/th>\n<\/tr>\n<tr>\n<td>00<\/td>\n<td>00<br \/>\n30<\/td>\n<td>06<br \/>\n<span style=\"color: #0000ff;\">23s<\/span><br \/>\n<span style=\"color: #0000ff;\">39s<\/span><br \/>\n50<\/td>\n<td>05<br \/>\n<span style=\"color: #0000ff;\">18s<\/span><br \/>\n30<br \/>\n45<\/td>\n<td>00<br \/>\n15<br \/>\n30<br \/>\n45<\/td>\n<td>00<br \/>\n30<\/td>\n<td>00<br \/>\n30<\/td>\n<\/tr>\n<\/tbody>\n<\/table>\n<p><span style=\"color: #0000ff;\">Les 3 d\u00e9parts indic\u00e9s \u00ab\u00a0s\u00a0\u00bb correspondent \u00e0 des d\u00e9parts scolaires origine Versailles-Rive Gauche, desservant Les Metz et terminus Pointe Ouest (correspondances possibles avec les lignes 33 ou 42).<\/span><\/p>\n<p>les d\u00e9parts de Burospace ont lieu \u00e0:<\/p>\n<table style=\"width: 100%;\">\n<tbody>\n<tr>\n<th>06h<\/th>\n<th>07h<\/th>\n<th>08h<\/th>\n<th>09h<\/th>\n<th>10h<\/th>\n<th>11h<\/th>\n<th>12h<\/th>\n<th>13h<\/th>\n<\/tr>\n<tr>\n<td>30<br \/>\n45<br \/>\n<span style=\"color: #0000ff;\">s<\/span><\/td>\n<td><span style=\"color: #0000ff;\">s<\/span><br \/>\n30<br \/>\n<span style=\"color: #0000ff;\">s<\/span><br \/>\n50<\/td>\n<td>05<br \/>\n20<br \/>\n40<\/td>\n<td>00<br \/>\n30<\/td>\n<td>30<\/td>\n<td>30<\/td>\n<td>30<\/td>\n<td>30<\/td>\n<\/tr>\n<tr>\n<th>14h<\/th>\n<th>15h<\/th>\n<th>16h<\/th>\n<th>17h<\/th>\n<th>18h<\/th>\n<th>19h<\/th>\n<th>20h<\/th>\n<th>21h<\/th>\n<\/tr>\n<tr>\n<td>30<\/td>\n<td>30<br \/>\n45<\/td>\n<td>00<br \/>\n15<br \/>\n30<br \/>\n45<\/td>\n<td>00<br \/>\n15<br \/>\n30<br \/>\n45<\/td>\n<td>00<br \/>\n15<br \/>\n30<br \/>\n45<\/td>\n<td>00<br \/>\n15<br \/>\n30<\/td>\n<td>00<br \/>\n30<\/td>\n<td>00<\/td>\n<\/tr>\n<\/tbody>\n<\/table>\n<p><span style=\"color: #0000ff;\">s: 3 d\u00e9parts scolaires \u00e0 destination de\u00a0Versailles-Rive Gauche, desservant Les Metz et la gare des Chantiers partent de\u00a0Pointe Ouest \u00e0 7h09, 7h26 et 7h48 (correspondances possibles \u00e0 Pointe Ouest avec les lignes 33 ou 42).<\/span><\/p>\n<p>Le temps de parcours de la ligne compl\u00e8te varie de 18\u00a0\u00e0 33 min en direction de Burospace, de 21\u00a0\u00e0 27\u00a0minutes en direction de Versailles.<\/p>\n<h2>Les nouveaux documents<\/h2>\n<ul>\n<li><a href=\"http:\/\/www.horizonemployeur.fr\/wordpress\/wp-content\/uploads\/2016\/05\/Plan-22.pdf\" target=\"_blank\">Plan<\/a><\/li>\n<li><a href=\"http:\/\/www.horizonemployeur.fr\/wordpress\/wp-content\/uploads\/2016\/05\/22-A-partir-du-28-mai-2016.pdf\" target=\"_blank\">Horaires\u00a0\u00e0\u00a0partir du 28 mai 2016<\/a><\/li>\n<\/ul>\n<p>&nbsp;<\/p>\n","protected":false},"excerpt":{"rendered":"<p>Un itin\u00e9raire\u00a0inchang\u00e9 Cliquez sur l\u2019image pour la t\u00e9l\u00e9charger dans son format originel La ligne 22 continue \u00e0 relier la gare des Chantiers et Burospace. A la diff\u00e9rence de la ligne 24 qui emprunte d\u00e9sormais un itin\u00e9raire nord par l&rsquo;avenue de Paris et Viroflay, la ligne 22 conserve son itin\u00e9raire par la rue des Chantiers, le [&hellip;]<\/p>\n","protected":false},"author":1,"featured_media":0,"parent":2459,"menu_order":7,"comment_status":"closed","ping_status":"closed","template":"","meta":{"ngg_post_thumbnail":0,"jetpack_post_was_ever_published":false},"jetpack_sharing_enabled":true,"jetpack_shortlink":"https:\/\/wp.me\/P7AoJR-Em","jetpack-related-posts":[{"id":2484,"url":"https:\/\/www.horizonemployeur.fr\/wordpress\/28-05-2016\/restructuration-bus-phase-2\/ligne-phebus-24\/","url_meta":{"origin":2502,"position":0},"title":"La ligne Ph\u00e9bus 24 en d\u00e9tails","date":"29 avril 2016","format":false,"excerpt":"Un itin\u00e9raire modifi\u00e9 Cliquez sur l\u2019image pour la t\u00e9l\u00e9charger dans son format originel Plusieurs modifications sont apport\u00e9es \u00e0 l\u2019itin\u00e9raire de la ligne 24: la principale est la modification de l'itin\u00e9raire entre Versailles et V\u00e9lizy. L'itin\u00e9raire par la rue des Chantiers, la rue du Pont Colbert, les voies lat\u00e9rales de l'axe\u2026","rel":"","context":"Article similaire","img":{"alt_text":"","src":"","width":0,"height":0},"classes":[]},{"id":2482,"url":"https:\/\/www.horizonemployeur.fr\/wordpress\/28-05-2016\/restructuration-bus-phase-2\/ligne-phebus-20\/","url_meta":{"origin":2502,"position":1},"title":"La ligne Ph\u00e9bus 20 en d\u00e9tails","date":"28 avril 2016","format":false,"excerpt":"Elle reliait la gare de Versailles-Rive Gauche et V\u00e9lizy 2 en passant par la gare des Chantiers, le pont Colbert et dans V\u00e9lizy, le quartier Mozart-Provinces\u00a0et\u00a0le centre ville (sauf jusqu'\u00e0 9h en direction de V\u00e9lizy 2) et Inovel Parc Nord. Cette ligne ne survit pas \u00e0 la restructuration, son itin\u00e9raire\u2026","rel":"","context":"Article similaire","img":{"alt_text":"","src":"","width":0,"height":0},"classes":[]},{"id":51,"url":"https:\/\/www.horizonemployeur.fr\/wordpress\/accueil\/sedeplacer\/transports-en-commun\/bus-chaville\/","url_meta":{"origin":2502,"position":2},"title":"Les bus c\u00f4t\u00e9 Chaville","date":"28 f\u00e9vrier 2014","format":false,"excerpt":"En dehors d\u2019assurer la desserte des communes de Viroflay (quartier est) et Chaville, ces lignes donnent correspondance avec: en gare de Chaville-V\u00e9lizy: RER branches C5 (Versailles-Ch\u00e2teau-Rive Gauche) et C7 (St Quentin-en-Yvelines) en gare de Chaville-Rive Gauche: Transilien (Paris-Montparnasse - Versailles-Chantiers - Rambouillet \/ Dreux \/ Mantes) en gare de Chaville-Rive\u2026","rel":"","context":"Avec 2 commentaires","img":{"alt_text":"","src":"https:\/\/i0.wp.com\/www.horizonemployeur.fr\/wordpress\/wp-content\/uploads\/2016\/04\/p1100542-600x430.jpg?fit=600%2C430&ssl=1&resize=350%2C200","width":350,"height":200},"classes":[]},{"id":2461,"url":"https:\/\/www.horizonemployeur.fr\/wordpress\/28-05-2016\/restructuration-bus-phase-2\/versailles\/","url_meta":{"origin":2502,"position":3},"title":"La restructuration bus sur l&rsquo;axe Versailles","date":"28 avril 2016","format":false,"excerpt":"Depuis d\u00e9cembre 2014, l'offre sur l'axe Versailles est compos\u00e9e de 4 lignes: la ligne 20, Versailles-Rive-Gauche - V\u00e9lizy 2, qui dessert la gare des Chantiers et rejoint V\u00e9lizy par le pont Colbert et l'A 86 la ligne 22, Versailles-Chantiers - Burospace, passe \u00e9galement par le pont Colbert et l'A 86,\u2026","rel":"","context":"Article similaire","img":{"alt_text":"","src":"","width":0,"height":0},"classes":[]},{"id":2477,"url":"https:\/\/www.horizonemployeur.fr\/wordpress\/28-05-2016\/t6-viroflay\/viroflay-rive-gauche\/","url_meta":{"origin":2502,"position":4},"title":"Viroflay-Rive Gauche","date":"28 avril 2016","format":false,"excerpt":"Viroflay-Rive Droite est la 20e et avant-derni\u00e8re station de la ligne T6. Elle se situe dans le tunnel de Viroflay emprunt\u00e9 par le tramway \u00e0 partir de la c\u00f4te de Chaville et\u00a0donc\u00a0sous la place du Mar\u00e9chal Koenig. Elle propose les\u00a0correspondances avec: la ligne RER C Paris - Versailles-Ch\u00e2teau-Rive Gauche \/\u2026","rel":"","context":"Article similaire","img":{"alt_text":"P1130441_800d","src":"https:\/\/i0.wp.com\/www.horizonemployeur.fr\/wordpress\/wp-content\/uploads\/2016\/04\/P1130441_800d-300x150.jpg?resize=350%2C200","width":350,"height":200},"classes":[]},{"id":2599,"url":"https:\/\/www.horizonemployeur.fr\/wordpress\/28-05-2016\/documentation\/","url_meta":{"origin":2502,"position":5},"title":"Se renseigner","date":"4 mai 2016","format":false,"excerpt":"Avec le d\u00e9veloppement des affichages dans les gares routi\u00e8res et aux arr\u00eats, d'Internet, des sites, des applications, les canaux d'information \u00e0 votre disposition se sont multipli\u00e9s. Que peuvent-ils vous apporter ? en quoi peuvent-ils vous aider ? Qui fait quoi ? Face \u00e0 une mutiplicit\u00e9 de noms et d'abr\u00e9viations, il\u2026","rel":"","context":"Article similaire","img":{"alt_text":"","src":"","width":0,"height":0},"classes":[]}],"_links":{"self":[{"href":"https:\/\/www.horizonemployeur.fr\/wordpress\/wp-json\/wp\/v2\/pages\/2502"}],"collection":[{"href":"https:\/\/www.horizonemployeur.fr\/wordpress\/wp-json\/wp\/v2\/pages"}],"about":[{"href":"https:\/\/www.horizonemployeur.fr\/wordpress\/wp-json\/wp\/v2\/types\/page"}],"author":[{"embeddable":true,"href":"https:\/\/www.horizonemployeur.fr\/wordpress\/wp-json\/wp\/v2\/users\/1"}],"replies":[{"embeddable":true,"href":"https:\/\/www.horizonemployeur.fr\/wordpress\/wp-json\/wp\/v2\/comments?post=2502"}],"version-history":[{"count":8,"href":"https:\/\/www.horizonemployeur.fr\/wordpress\/wp-json\/wp\/v2\/pages\/2502\/revisions"}],"predecessor-version":[{"id":2635,"href":"https:\/\/www.horizonemployeur.fr\/wordpress\/wp-json\/wp\/v2\/pages\/2502\/revisions\/2635"}],"up":[{"embeddable":true,"href":"https:\/\/www.horizonemployeur.fr\/wordpress\/wp-json\/wp\/v2\/pages\/2459"}],"wp:attachment":[{"href":"https:\/\/www.horizonemployeur.fr\/wordpress\/wp-json\/wp\/v2\/media?parent=2502"}],"curies":[{"name":"wp","href":"https:\/\/api.w.org\/{rel}","templated":true}]}}