{"id":2487,"date":"2016-04-29T10:30:31","date_gmt":"2016-04-29T08:30:31","guid":{"rendered":"http:\/\/www.horizonemployeur.fr\/wordpress\/?page_id=2487"},"modified":"2016-05-09T10:15:11","modified_gmt":"2016-05-09T08:15:11","slug":"ligne-phebus-34","status":"publish","type":"page","link":"https:\/\/www.horizonemployeur.fr\/wordpress\/28-05-2016\/restructuration-bus-phase-2\/ligne-phebus-34\/","title":{"rendered":"La ligne Ph\u00e9bus 34 en d\u00e9tails"},"content":{"rendered":"<h2>Un itin\u00e9raire modifi\u00e9<\/h2>\n<p><a href=\"https:\/\/i0.wp.com\/www.horizonemployeur.fr\/wordpress\/wp-content\/uploads\/2016\/04\/Ph%C3%A9bus-34-mai-2016.png\"><img data-attachment-id=\"2488\" data-permalink=\"https:\/\/www.horizonemployeur.fr\/wordpress\/28-05-2016\/restructuration-bus-phase-2\/ligne-phebus-34\/phebus-34-mai-2016\/\" data-orig-file=\"https:\/\/i0.wp.com\/www.horizonemployeur.fr\/wordpress\/wp-content\/uploads\/2016\/04\/Ph\u00e9bus-34-mai-2016.png?fit=1252%2C865&amp;ssl=1\" data-orig-size=\"1252,865\" data-comments-opened=\"1\" data-image-meta=\"{&quot;aperture&quot;:&quot;0&quot;,&quot;credit&quot;:&quot;&quot;,&quot;camera&quot;:&quot;&quot;,&quot;caption&quot;:&quot;&quot;,&quot;created_timestamp&quot;:&quot;0&quot;,&quot;copyright&quot;:&quot;&quot;,&quot;focal_length&quot;:&quot;0&quot;,&quot;iso&quot;:&quot;0&quot;,&quot;shutter_speed&quot;:&quot;0&quot;,&quot;title&quot;:&quot;&quot;,&quot;orientation&quot;:&quot;0&quot;}\" data-image-title=\"Ph\u00e9bus 34 &#8211; mai 2016\" data-image-description=\"\" data-image-caption=\"\" data-medium-file=\"https:\/\/i0.wp.com\/www.horizonemployeur.fr\/wordpress\/wp-content\/uploads\/2016\/04\/Ph\u00e9bus-34-mai-2016.png?fit=300%2C207&amp;ssl=1\" data-large-file=\"https:\/\/i0.wp.com\/www.horizonemployeur.fr\/wordpress\/wp-content\/uploads\/2016\/04\/Ph\u00e9bus-34-mai-2016.png?fit=700%2C483&amp;ssl=1\" decoding=\"async\" loading=\"lazy\" class=\"alignnone wp-image-2488\" src=\"https:\/\/i0.wp.com\/www.horizonemployeur.fr\/wordpress\/wp-content\/uploads\/2016\/04\/Ph\u00e9bus-34-mai-2016-300x207.png?resize=300%2C207\" alt=\"Ph\u00e9bus 34 - mai 2016\" width=\"300\" height=\"207\" srcset=\"https:\/\/i0.wp.com\/www.horizonemployeur.fr\/wordpress\/wp-content\/uploads\/2016\/04\/Ph\u00e9bus-34-mai-2016.png?resize=300%2C207&amp;ssl=1 300w, https:\/\/i0.wp.com\/www.horizonemployeur.fr\/wordpress\/wp-content\/uploads\/2016\/04\/Ph\u00e9bus-34-mai-2016.png?resize=768%2C531&amp;ssl=1 768w, https:\/\/i0.wp.com\/www.horizonemployeur.fr\/wordpress\/wp-content\/uploads\/2016\/04\/Ph\u00e9bus-34-mai-2016.png?resize=1024%2C707&amp;ssl=1 1024w, https:\/\/i0.wp.com\/www.horizonemployeur.fr\/wordpress\/wp-content\/uploads\/2016\/04\/Ph\u00e9bus-34-mai-2016.png?resize=648%2C448&amp;ssl=1 648w, https:\/\/i0.wp.com\/www.horizonemployeur.fr\/wordpress\/wp-content\/uploads\/2016\/04\/Ph\u00e9bus-34-mai-2016.png?resize=278%2C192&amp;ssl=1 278w, https:\/\/i0.wp.com\/www.horizonemployeur.fr\/wordpress\/wp-content\/uploads\/2016\/04\/Ph\u00e9bus-34-mai-2016.png?w=1252&amp;ssl=1 1252w\" sizes=\"(max-width: 300px) 100vw, 300px\" data-recalc-dims=\"1\" \/><\/a><\/p>\n<p><span style=\"color: #808080;\"><em>Cliquez sur l\u2019image pour la t\u00e9l\u00e9charger dans son format originel<\/em><\/span><\/p>\n<p>Plusieurs modifications sont apport\u00e9es \u00e0 l&rsquo;itin\u00e9raire de la ligne 34:<\/p>\n<ul>\n<li>la ligne\u00a0emprunte l&rsquo;avenue G\u00e9n\u00e9ral de Gaulle et l&rsquo;avenue Roland Garros au lieu de la rue Brindejonc des Moulinais le long de la for\u00eat. L&rsquo;arr\u00eat Mermoz n&rsquo;est donc plus desservi, il est remplac\u00e9 par l&rsquo;arr\u00eat De Gaulle<\/li>\n<li><span style=\"color: #0000ff;\"><strong>SAUF AUX HEURES DE POINTE<\/strong> (voir ci-dessous):<\/span><br \/>\n<span style=\"color: #0000ff;\">elle dessert le quartier Mozart-Provinces par l&rsquo;avenue de Picardie, la rue Division Leclerc et l&rsquo;avenue de Savoie<\/span><\/li>\n<li>elle est prolong\u00e9e jusqu&rsquo;au centre commercial V\u00e9lizy 2<\/li>\n<\/ul>\n<h2>Des horaires modifi\u00e9s<\/h2>\n<p>Du lundi au vendredi:<\/p>\n<ul>\n<li><strong><span style=\"color: #ff0000;\">aux heures de pointe, la fr\u00e9quence est r\u00e9duite de 15 min \u00e0 30 min<\/span><\/strong><\/li>\n<li>un service de soir\u00e9e est assur\u00e9 toutes les 60 min<\/li>\n<\/ul>\n<p>A Chaville-Rive Droite, on a un bus \u00e0 6h00, un bus toutes les 30 min de 6h45 \u00e0 21h15, un bus toutes les 60 min de 22h00 \u00e0 0h00<br \/>\nAu centre commercial, on a un bus toutes les 30 min de 6h00 \u00e0 21h00, toutes les 45 min de 21h00 \u00e0 22h30, toutes les 60 min de 22h30 \u00e0 0h30<\/p>\n<p>Le temps de parcours de la ligne compl\u00e8te varie de 26 \u00e0 38 min en direction du centre commercial, de 30 \u00e0 41 minutes en direction de Chaville.<\/p>\n<p><strong><span style=\"color: #0000ff;\">Attention !<br \/>\n<\/span><\/strong><span style=\"color: #0000ff;\">Pour les d\u00e9parts de Chaville-Rive Droite de 7h45 \u00e0 9h15 et de 16h15 \u00e0 18h45,<\/span><br \/>\n<span style=\"color: #0000ff;\">pour les d\u00e9parts du centre commercial de 7h00 \u00e0 9h00 et de 16h00 \u00e0 19h00,<\/span><br \/>\n<span style=\"color: #0000ff;\">la desserte du quartier Mozart-Provinces n&rsquo;est pas assur\u00e9e. \u00a0Il n&rsquo;y a alors aucun arr\u00eat entre les arr\u00eats Marcel Sembat et De Gaulle, la correspondance (longue) avec le T6 devra \u00eatre faite \u00e0 l&rsquo;un de ces 2 arr\u00eats.<\/span><\/p>\n<p><span style=\"color: #0000ff;\">Le temps de parcours entre les terminus est alors de 33 \u00e0 35 min en direction du centre commercial, de 33 \u00e0 37 minutes en direction de Chaville<\/span><\/p>\n<h2>Les nouveaux documents<\/h2>\n<ul>\n<li><a href=\"http:\/\/www.horizonemployeur.fr\/wordpress\/wp-content\/uploads\/2016\/05\/Plan-34.pdf\" target=\"_blank\">Plan<\/a><\/li>\n<li><a href=\"http:\/\/www.horizonemployeur.fr\/wordpress\/wp-content\/uploads\/2016\/05\/34-A-partir-du-28-mai-2016.pdf\" target=\"_blank\">Horaires\u00a0\u00e0\u00a0partir du 28 mai 2016<\/a><\/li>\n<\/ul>\n","protected":false},"excerpt":{"rendered":"<p>Un itin\u00e9raire modifi\u00e9 Cliquez sur l\u2019image pour la t\u00e9l\u00e9charger dans son format originel Plusieurs modifications sont apport\u00e9es \u00e0 l&rsquo;itin\u00e9raire de la ligne 34: la ligne\u00a0emprunte l&rsquo;avenue G\u00e9n\u00e9ral de Gaulle et l&rsquo;avenue Roland Garros au lieu de la rue Brindejonc des Moulinais le long de la for\u00eat. L&rsquo;arr\u00eat Mermoz n&rsquo;est donc plus desservi, il est remplac\u00e9 [&hellip;]<\/p>\n","protected":false},"author":1,"featured_media":0,"parent":2459,"menu_order":14,"comment_status":"closed","ping_status":"closed","template":"","meta":{"ngg_post_thumbnail":0,"jetpack_post_was_ever_published":false},"jetpack_sharing_enabled":true,"jetpack_shortlink":"https:\/\/wp.me\/P7AoJR-E7","jetpack-related-posts":[{"id":2847,"url":"https:\/\/www.horizonemployeur.fr\/wordpress\/juin2016\/bus\/","url_meta":{"origin":2487,"position":0},"title":"Travaux \u00e9t\u00e9 2016 sur l&rsquo;avenue Mar\u00e9chal Juin: les d\u00e9placements en bus","date":"7 juin 2016","format":false,"excerpt":"La r\u00e9alisation des travaux de voirie sur l'avenue Mar\u00e9chal Juin durant l'\u00e9t\u00e9 2016 impose la mise en sens unique dans le sens for\u00eat vers RN 118 de cette avenue au droit des num\u00e9ros 11 (Sopra Steria) et 13-15 (Bouygues Telecom). La cons\u00e9quence imm\u00e9diate est la d\u00e9viation de la ligne Ph\u00e9bus\u2026","rel":"","context":"Article similaire","img":{"alt_text":"Travaux avenue Juin 2016 d\u00c3\u00a9viation bus","src":"https:\/\/i0.wp.com\/www.horizonemployeur.fr\/wordpress\/wp-content\/uploads\/2016\/06\/Travaux-avenue-Juin-2016-d\u00c3\u00a9viation-bus.png?resize=350%2C200","width":350,"height":200},"classes":[]},{"id":2514,"url":"https:\/\/www.horizonemployeur.fr\/wordpress\/28-05-2016\/restructuration-bus-phase-2\/ligne-phebus-23\/","url_meta":{"origin":2487,"position":1},"title":"La ligne Ph\u00e9bus 23 en d\u00e9tails","date":"29 avril 2016","format":false,"excerpt":"Un itin\u00e9raire\u00a0modifi\u00e9 Cliquez sur l\u2019image pour la t\u00e9l\u00e9charger dans son format originel Plusieurs modifications sont apport\u00e9es \u00e0 l\u2019itin\u00e9raire de la ligne 23, toutes dans V\u00e9lizy: la ligne 23 dessert le quartier Mozart-Provinces\u00a0par l'avenue de Picardie, la rue Division Leclerc et l'avenue de Savoie la ligne abandonne, en direction de V\u00e9lizy\u2026","rel":"","context":"Article similaire","img":{"alt_text":"","src":"","width":0,"height":0},"classes":[]},{"id":2463,"url":"https:\/\/www.horizonemployeur.fr\/wordpress\/28-05-2016\/restructuration-bus-phase-2\/restructuration-bus-phase-2-chaville\/","url_meta":{"origin":2487,"position":2},"title":"La restructuration bus sur l&rsquo;axe Chaville","date":"28 avril 2016","format":false,"excerpt":"Depuis d\u00e9cembre 2014, l'offre sur l'axe Chaville\u00a0est compos\u00e9e, hors lignes scolaires de 4 lignes: la ligne 30, Chaville-V\u00e9lizy\u00a0- V\u00e9lizy 2, assure la liaison des diff\u00e9rents quartiers de la ville, de la partie sud d'Inovel Parc Nord et du centre commercial V\u00e9lizy 2, avec la gare de Chaville-V\u00e9lizy la ligne 31,\u2026","rel":"","context":"Article similaire","img":{"alt_text":"","src":"https:\/\/i0.wp.com\/www.horizonemployeur.fr\/wordpress\/wp-content\/uploads\/2016\/04\/Plan-bus-mai-2016-axe-Chaville-300x275.png?resize=350%2C200","width":350,"height":200},"classes":[]},{"id":2461,"url":"https:\/\/www.horizonemployeur.fr\/wordpress\/28-05-2016\/restructuration-bus-phase-2\/versailles\/","url_meta":{"origin":2487,"position":3},"title":"La restructuration bus sur l&rsquo;axe Versailles","date":"28 avril 2016","format":false,"excerpt":"Depuis d\u00e9cembre 2014, l'offre sur l'axe Versailles est compos\u00e9e de 4 lignes: la ligne 20, Versailles-Rive-Gauche - V\u00e9lizy 2, qui dessert la gare des Chantiers et rejoint V\u00e9lizy par le pont Colbert et l'A 86 la ligne 22, Versailles-Chantiers - Burospace, passe \u00e9galement par le pont Colbert et l'A 86,\u2026","rel":"","context":"Article similaire","img":{"alt_text":"","src":"","width":0,"height":0},"classes":[]},{"id":349,"url":"https:\/\/www.horizonemployeur.fr\/wordpress\/accueil\/sedeplacer\/t6-chatillon\/","url_meta":{"origin":2487,"position":4},"title":"Le tramway T6 jusqu&rsquo;\u00e0 Ch\u00e2tillon","date":"29 d\u00e9cembre 2014","format":false,"excerpt":"Depuis le samedi 13 d\u00e9cembre 2014, le tramway T6 assure une liaison entre V\u00e9lizy-Robert Wagner et le terminus de Ch\u00e2tillon-Montrouge. 19 stations sont ainsi desservies, dont 6\u00a0desservent\u00a0les divers secteurs d'INOVEL PARC. Soit d'ouest en est: L'Onde-Maison des Arts, qui dessert le secteur ouest d'INOVEL PARC Sud: SOPEMEA, Messier-Bugatti-Dowty via la\u2026","rel":"","context":"Article similaire","img":{"alt_text":"","src":"https:\/\/i0.wp.com\/www.horizonemployeur.fr\/wordpress\/wp-content\/uploads\/2016\/03\/p1010448_1200x600d-1.jpg?fit=1200%2C600&ssl=1&resize=350%2C200","width":350,"height":200},"classes":[]},{"id":2525,"url":"https:\/\/www.horizonemployeur.fr\/wordpress\/28-05-2016\/restructuration-bus-phase-2\/ligne-phebus-33\/","url_meta":{"origin":2487,"position":5},"title":"La ligne Ph\u00e9bus 33 en d\u00e9tails","date":"29 avril 2016","format":false,"excerpt":"Un itin\u00e9raire modifi\u00e9 Cliquez sur l\u2019image pour la t\u00e9l\u00e9charger dans son format originel La ligne 33 reliait les 3 gares de Chaville \u00e0 Burospace via Inovel Parc Sud et la BA 107. Elle continue \u00e0 le faire et va m\u00eame plus loin... jusqu'\u00e0 la gare RER de Bi\u00e8vres. Sur ce\u2026","rel":"","context":"Article similaire","img":{"alt_text":"","src":"https:\/\/i0.wp.com\/www.horizonemployeur.fr\/wordpress\/wp-content\/uploads\/2016\/04\/Ph\u00c3\u00a9bus-33-mai-2016-206x300.png?resize=350%2C200","width":350,"height":200},"classes":[]}],"_links":{"self":[{"href":"https:\/\/www.horizonemployeur.fr\/wordpress\/wp-json\/wp\/v2\/pages\/2487"}],"collection":[{"href":"https:\/\/www.horizonemployeur.fr\/wordpress\/wp-json\/wp\/v2\/pages"}],"about":[{"href":"https:\/\/www.horizonemployeur.fr\/wordpress\/wp-json\/wp\/v2\/types\/page"}],"author":[{"embeddable":true,"href":"https:\/\/www.horizonemployeur.fr\/wordpress\/wp-json\/wp\/v2\/users\/1"}],"replies":[{"embeddable":true,"href":"https:\/\/www.horizonemployeur.fr\/wordpress\/wp-json\/wp\/v2\/comments?post=2487"}],"version-history":[{"count":3,"href":"https:\/\/www.horizonemployeur.fr\/wordpress\/wp-json\/wp\/v2\/pages\/2487\/revisions"}],"predecessor-version":[{"id":2641,"href":"https:\/\/www.horizonemployeur.fr\/wordpress\/wp-json\/wp\/v2\/pages\/2487\/revisions\/2641"}],"up":[{"embeddable":true,"href":"https:\/\/www.horizonemployeur.fr\/wordpress\/wp-json\/wp\/v2\/pages\/2459"}],"wp:attachment":[{"href":"https:\/\/www.horizonemployeur.fr\/wordpress\/wp-json\/wp\/v2\/media?parent=2487"}],"curies":[{"name":"wp","href":"https:\/\/api.w.org\/{rel}","templated":true}]}}