{"id":2484,"date":"2016-04-29T09:21:33","date_gmt":"2016-04-29T07:21:33","guid":{"rendered":"http:\/\/www.horizonemployeur.fr\/wordpress\/?page_id=2484"},"modified":"2016-05-09T10:13:20","modified_gmt":"2016-05-09T08:13:20","slug":"ligne-phebus-24","status":"publish","type":"page","link":"https:\/\/www.horizonemployeur.fr\/wordpress\/28-05-2016\/restructuration-bus-phase-2\/ligne-phebus-24\/","title":{"rendered":"La ligne Ph\u00e9bus 24 en d\u00e9tails"},"content":{"rendered":"<h2>Un itin\u00e9raire modifi\u00e9<\/h2>\n<p><a href=\"https:\/\/i0.wp.com\/www.horizonemployeur.fr\/wordpress\/wp-content\/uploads\/2016\/04\/Ph%c3%a9bus-24-mai-2016-1.png\"><img data-attachment-id=\"2492\" data-permalink=\"https:\/\/www.horizonemployeur.fr\/wordpress\/28-05-2016\/restructuration-bus-phase-2\/ligne-phebus-34\/phebus-24-mai-2016-2\/\" data-orig-file=\"https:\/\/i0.wp.com\/www.horizonemployeur.fr\/wordpress\/wp-content\/uploads\/2016\/04\/Ph\u00e9bus-24-mai-2016-1.png?fit=1443%2C753&amp;ssl=1\" data-orig-size=\"1443,753\" data-comments-opened=\"1\" data-image-meta=\"{&quot;aperture&quot;:&quot;0&quot;,&quot;credit&quot;:&quot;&quot;,&quot;camera&quot;:&quot;&quot;,&quot;caption&quot;:&quot;&quot;,&quot;created_timestamp&quot;:&quot;0&quot;,&quot;copyright&quot;:&quot;&quot;,&quot;focal_length&quot;:&quot;0&quot;,&quot;iso&quot;:&quot;0&quot;,&quot;shutter_speed&quot;:&quot;0&quot;,&quot;title&quot;:&quot;&quot;,&quot;orientation&quot;:&quot;0&quot;}\" data-image-title=\"Ph\u00e9bus 24 &#8211; mai 2016\" data-image-description=\"\" data-image-caption=\"\" data-medium-file=\"https:\/\/i0.wp.com\/www.horizonemployeur.fr\/wordpress\/wp-content\/uploads\/2016\/04\/Ph\u00e9bus-24-mai-2016-1.png?fit=300%2C157&amp;ssl=1\" data-large-file=\"https:\/\/i0.wp.com\/www.horizonemployeur.fr\/wordpress\/wp-content\/uploads\/2016\/04\/Ph\u00e9bus-24-mai-2016-1.png?fit=700%2C365&amp;ssl=1\" decoding=\"async\" loading=\"lazy\" class=\"alignnone wp-image-2492\" src=\"https:\/\/i0.wp.com\/www.horizonemployeur.fr\/wordpress\/wp-content\/uploads\/2016\/04\/Ph\u00e9bus-24-mai-2016-1-300x157.png?resize=300%2C157\" alt=\"Ph\u00e9bus 24 - mai 2016\" width=\"300\" height=\"157\" srcset=\"https:\/\/i0.wp.com\/www.horizonemployeur.fr\/wordpress\/wp-content\/uploads\/2016\/04\/Ph\u00e9bus-24-mai-2016-1.png?resize=300%2C157&amp;ssl=1 300w, https:\/\/i0.wp.com\/www.horizonemployeur.fr\/wordpress\/wp-content\/uploads\/2016\/04\/Ph\u00e9bus-24-mai-2016-1.png?resize=768%2C401&amp;ssl=1 768w, https:\/\/i0.wp.com\/www.horizonemployeur.fr\/wordpress\/wp-content\/uploads\/2016\/04\/Ph\u00e9bus-24-mai-2016-1.png?resize=1024%2C534&amp;ssl=1 1024w, https:\/\/i0.wp.com\/www.horizonemployeur.fr\/wordpress\/wp-content\/uploads\/2016\/04\/Ph\u00e9bus-24-mai-2016-1.png?resize=648%2C338&amp;ssl=1 648w, https:\/\/i0.wp.com\/www.horizonemployeur.fr\/wordpress\/wp-content\/uploads\/2016\/04\/Ph\u00e9bus-24-mai-2016-1.png?resize=368%2C192&amp;ssl=1 368w, https:\/\/i0.wp.com\/www.horizonemployeur.fr\/wordpress\/wp-content\/uploads\/2016\/04\/Ph\u00e9bus-24-mai-2016-1.png?w=1443&amp;ssl=1 1443w\" sizes=\"(max-width: 300px) 100vw, 300px\" data-recalc-dims=\"1\" \/><\/a><\/p>\n<p><span style=\"color: #808080;\"><em>Cliquez sur l\u2019image pour la t\u00e9l\u00e9charger dans son format originel<\/em><\/span><\/p>\n<p>Plusieurs modifications sont apport\u00e9es \u00e0 l\u2019itin\u00e9raire de la ligne 24:<\/p>\n<ul>\n<li>la principale est la modification de l&rsquo;itin\u00e9raire entre Versailles et V\u00e9lizy. L&rsquo;itin\u00e9raire par la rue des Chantiers, la rue du Pont Colbert, les voies lat\u00e9rales de l&rsquo;axe RN 12 \/ A 86 et l&rsquo;\u00e9changeur V\u00e9lizy-Ouest peut \u00eatre tr\u00e8s rapide, mais il peut aussi \u00eatre tr\u00e8s charg\u00e9, \u00e0 la sortie V\u00e9lizy-Ouest en direction de V\u00e9lizy ou rue des Chantiers en direction de Versailles. La ligne 24 emprunte d\u00e9sormais un itin\u00e9raire par l&rsquo;avenue de Paris, la place Louis XIV, le cimeti\u00e8re de Viroflay et la c\u00f4te de Chaville<\/li>\n<li>la ligne 24 dessert la rue Brindejonc des Moulinais, puis, en direction du centre commercial, la rue de Villacoublay<\/li>\n<li>enfin, la boucle par Europe Sud est supprim\u00e9e dans les 2 sens<\/li>\n<\/ul>\n<h3>Que faire si j&rsquo;habite rue des Chantiers ou rue du Pont Colbert ?<\/h3>\n<p>Un arr\u00eat suppl\u00e9mentaire Porchefontaine est cr\u00e9\u00e9 sur les lignes 23 et 24 afin de permettre la correspondance avec le terminus de la ligne B du r\u00e9seau Ph\u00e9bus Versailles. Une autre correspondance avec la m\u00eame ligne B est possible au terminus Gare des Chantiers.<\/p>\n<h2>Des horaires modifi\u00e9s<\/h2>\n<p>Du lundi au vendredi:<\/p>\n<p>A la gare des Chantiers, on a un bus \u00e0 6h00, un bus toutes les 15\u00a0min de 6h30\u00a0\u00e0 9h30, un bus toutes les 60 min de 10h00 \u00e0 15h00, un bus toutes les 30 min de 15h00 \u00e0 16h30, un bus toutes les 15 min de 16h30 \u00e0 19h30 et les 3 derniers bus \u00e0 20h00, 20h25 et 21h00<br \/>\nAu centre commercial, on a des\u00a0bus \u00e0 6h30,\u00a06h55, 7h15, 7h30, un bus toutes les 15\u00a0min de 8h00 \u00e0 9h00, un bus toutes les 30 min de 9h00 \u00e0 10h00, un bus toutes les 60 min de 10h00 \u00e0 14h00, des\u00a0bus \u00e0 14h50, 15h30, un bus toutes les 15 min de 16h00 \u00e0 19h15 puis de 19h25 \u00e0 20h10, et un dernier bus \u00e0 20h30<\/p>\n<p>Le temps de parcours de la ligne compl\u00e8te varie de 28\u00a0\u00e0 37 min en direction du centre commercial, de 34 \u00e0 41 minutes en direction de Versailles.<\/p>\n<h2>Les nouveaux documents<\/h2>\n<ul>\n<li><a href=\"http:\/\/www.horizonemployeur.fr\/wordpress\/wp-content\/uploads\/2016\/05\/Plan-24.pdf\" target=\"_blank\">Plan<\/a><\/li>\n<li><a href=\"http:\/\/www.horizonemployeur.fr\/wordpress\/wp-content\/uploads\/2016\/05\/24-A-partir-du-28-mai-2016.pdf\" target=\"_blank\">Horaires\u00a0\u00e0\u00a0partir du 28 mai 2016<\/a><\/li>\n<\/ul>\n","protected":false},"excerpt":{"rendered":"<p>Un itin\u00e9raire modifi\u00e9 Cliquez sur l\u2019image pour la t\u00e9l\u00e9charger dans son format originel Plusieurs modifications sont apport\u00e9es \u00e0 l\u2019itin\u00e9raire de la ligne 24: la principale est la modification de l&rsquo;itin\u00e9raire entre Versailles et V\u00e9lizy. L&rsquo;itin\u00e9raire par la rue des Chantiers, la rue du Pont Colbert, les voies lat\u00e9rales de l&rsquo;axe RN 12 \/ A 86 [&hellip;]<\/p>\n","protected":false},"author":1,"featured_media":0,"parent":2459,"menu_order":9,"comment_status":"closed","ping_status":"closed","template":"","meta":{"ngg_post_thumbnail":0,"jetpack_post_was_ever_published":false},"jetpack_sharing_enabled":true,"jetpack_shortlink":"https:\/\/wp.me\/P7AoJR-E4","jetpack-related-posts":[{"id":2514,"url":"https:\/\/www.horizonemployeur.fr\/wordpress\/28-05-2016\/restructuration-bus-phase-2\/ligne-phebus-23\/","url_meta":{"origin":2484,"position":0},"title":"La ligne Ph\u00e9bus 23 en d\u00e9tails","date":"29 avril 2016","format":false,"excerpt":"Un itin\u00e9raire\u00a0modifi\u00e9 Cliquez sur l\u2019image pour la t\u00e9l\u00e9charger dans son format originel Plusieurs modifications sont apport\u00e9es \u00e0 l\u2019itin\u00e9raire de la ligne 23, toutes dans V\u00e9lizy: la ligne 23 dessert le quartier Mozart-Provinces\u00a0par l'avenue de Picardie, la rue Division Leclerc et l'avenue de Savoie la ligne abandonne, en direction de V\u00e9lizy\u2026","rel":"","context":"Article similaire","img":{"alt_text":"","src":"","width":0,"height":0},"classes":[]},{"id":2461,"url":"https:\/\/www.horizonemployeur.fr\/wordpress\/28-05-2016\/restructuration-bus-phase-2\/versailles\/","url_meta":{"origin":2484,"position":1},"title":"La restructuration bus sur l&rsquo;axe Versailles","date":"28 avril 2016","format":false,"excerpt":"Depuis d\u00e9cembre 2014, l'offre sur l'axe Versailles est compos\u00e9e de 4 lignes: la ligne 20, Versailles-Rive-Gauche - V\u00e9lizy 2, qui dessert la gare des Chantiers et rejoint V\u00e9lizy par le pont Colbert et l'A 86 la ligne 22, Versailles-Chantiers - Burospace, passe \u00e9galement par le pont Colbert et l'A 86,\u2026","rel":"","context":"Article similaire","img":{"alt_text":"","src":"","width":0,"height":0},"classes":[]},{"id":2482,"url":"https:\/\/www.horizonemployeur.fr\/wordpress\/28-05-2016\/restructuration-bus-phase-2\/ligne-phebus-20\/","url_meta":{"origin":2484,"position":2},"title":"La ligne Ph\u00e9bus 20 en d\u00e9tails","date":"28 avril 2016","format":false,"excerpt":"Elle reliait la gare de Versailles-Rive Gauche et V\u00e9lizy 2 en passant par la gare des Chantiers, le pont Colbert et dans V\u00e9lizy, le quartier Mozart-Provinces\u00a0et\u00a0le centre ville (sauf jusqu'\u00e0 9h en direction de V\u00e9lizy 2) et Inovel Parc Nord. Cette ligne ne survit pas \u00e0 la restructuration, son itin\u00e9raire\u2026","rel":"","context":"Article similaire","img":{"alt_text":"","src":"","width":0,"height":0},"classes":[]},{"id":51,"url":"https:\/\/www.horizonemployeur.fr\/wordpress\/accueil\/sedeplacer\/transports-en-commun\/bus-chaville\/","url_meta":{"origin":2484,"position":3},"title":"Les bus c\u00f4t\u00e9 Chaville","date":"28 f\u00e9vrier 2014","format":false,"excerpt":"En dehors d\u2019assurer la desserte des communes de Viroflay (quartier est) et Chaville, ces lignes donnent correspondance avec: en gare de Chaville-V\u00e9lizy: RER branches C5 (Versailles-Ch\u00e2teau-Rive Gauche) et C7 (St Quentin-en-Yvelines) en gare de Chaville-Rive Gauche: Transilien (Paris-Montparnasse - Versailles-Chantiers - Rambouillet \/ Dreux \/ Mantes) en gare de Chaville-Rive\u2026","rel":"","context":"Avec 2 commentaires","img":{"alt_text":"","src":"https:\/\/i0.wp.com\/www.horizonemployeur.fr\/wordpress\/wp-content\/uploads\/2016\/04\/p1100542-600x430.jpg?fit=600%2C430&ssl=1&resize=350%2C200","width":350,"height":200},"classes":[]},{"id":59,"url":"https:\/\/www.horizonemployeur.fr\/wordpress\/accueil\/sedeplacer\/transports-en-commun\/bus-versailles-sqy\/","url_meta":{"origin":2484,"position":4},"title":"Les bus c\u00f4t\u00e9 Versailles et St Quentin-en-Yvelines","date":"28 f\u00e9vrier 2014","format":false,"excerpt":"Plusieurs lignes permettent de rejoindre Versailles et St-Quentin-en-Yvelines depuis V\u00e9lizy En gare de Versailles-Chantiers uniquement: Ph\u00e9bus 24\u00a0(Versailles-Chantiers \u2013 V\u00e9lizy 2 Gare routi\u00e8re \u2013 Centre Commercial V\u00e9lizy 2)\u00a0-> desserte d\u2019INOVEL PARC Nord Ph\u00e9bus 22\u00a0(Versailles-Chantiers \u2013 Base A\u00e9rienne 107 \u2013 Burospace)\u00a0-> desserte d\u2019INOVEL PARC Sud Toujours en gare de Versailles-Chantiers, 1\u00a0ligne ne\u2026","rel":"","context":"Avec 2 commentaires","img":{"alt_text":"","src":"https:\/\/i0.wp.com\/www.horizonemployeur.fr\/wordpress\/wp-content\/uploads\/2016\/03\/p1100516_1200x900.jpg?fit=1200%2C900&ssl=1&resize=350%2C200","width":350,"height":200},"classes":[]},{"id":2599,"url":"https:\/\/www.horizonemployeur.fr\/wordpress\/28-05-2016\/documentation\/","url_meta":{"origin":2484,"position":5},"title":"Se renseigner","date":"4 mai 2016","format":false,"excerpt":"Avec le d\u00e9veloppement des affichages dans les gares routi\u00e8res et aux arr\u00eats, d'Internet, des sites, des applications, les canaux d'information \u00e0 votre disposition se sont multipli\u00e9s. Que peuvent-ils vous apporter ? en quoi peuvent-ils vous aider ? Qui fait quoi ? Face \u00e0 une mutiplicit\u00e9 de noms et d'abr\u00e9viations, il\u2026","rel":"","context":"Article similaire","img":{"alt_text":"","src":"","width":0,"height":0},"classes":[]}],"_links":{"self":[{"href":"https:\/\/www.horizonemployeur.fr\/wordpress\/wp-json\/wp\/v2\/pages\/2484"}],"collection":[{"href":"https:\/\/www.horizonemployeur.fr\/wordpress\/wp-json\/wp\/v2\/pages"}],"about":[{"href":"https:\/\/www.horizonemployeur.fr\/wordpress\/wp-json\/wp\/v2\/types\/page"}],"author":[{"embeddable":true,"href":"https:\/\/www.horizonemployeur.fr\/wordpress\/wp-json\/wp\/v2\/users\/1"}],"replies":[{"embeddable":true,"href":"https:\/\/www.horizonemployeur.fr\/wordpress\/wp-json\/wp\/v2\/comments?post=2484"}],"version-history":[{"count":8,"href":"https:\/\/www.horizonemployeur.fr\/wordpress\/wp-json\/wp\/v2\/pages\/2484\/revisions"}],"predecessor-version":[{"id":2637,"href":"https:\/\/www.horizonemployeur.fr\/wordpress\/wp-json\/wp\/v2\/pages\/2484\/revisions\/2637"}],"up":[{"embeddable":true,"href":"https:\/\/www.horizonemployeur.fr\/wordpress\/wp-json\/wp\/v2\/pages\/2459"}],"wp:attachment":[{"href":"https:\/\/www.horizonemployeur.fr\/wordpress\/wp-json\/wp\/v2\/media?parent=2484"}],"curies":[{"name":"wp","href":"https:\/\/api.w.org\/{rel}","templated":true}]}}