{"id":2475,"date":"2016-04-28T12:14:47","date_gmt":"2016-04-28T10:14:47","guid":{"rendered":"http:\/\/www.horizonemployeur.fr\/wordpress\/?page_id=2475"},"modified":"2017-11-08T15:21:29","modified_gmt":"2017-11-08T14:21:29","slug":"viroflay-rive-droite","status":"publish","type":"page","link":"https:\/\/www.horizonemployeur.fr\/wordpress\/28-05-2016\/t6-viroflay\/viroflay-rive-droite\/","title":{"rendered":"Viroflay-Rive Droite"},"content":{"rendered":"<p>Viroflay-Rive Droite est la 21e et derni\u00e8re station de la ligne T6. Souterraine comme sa sym\u00e9trique de la rive gauche, elle se situe sous la place de la Bataille de Stalingrad et donne acc\u00e8s \u00e0 la correspondance avec la ligne L2 Paris-St-Lazare &#8211; La D\u00e9fense &#8211; St-Cloud &#8211; Versailles-Rive Droite.<\/p>\n<p>Depuis la restructuration de la ligne op\u00e9r\u00e9e en d\u00e9cembre 2015, cette liaison dessert en direct les gares de:<\/p>\n<ul>\n<li>Paris-St-Lazare, Pont Cardinet, Clichy-Levallois et Asni\u00e8res<\/li>\n<li>La D\u00e9fense<\/li>\n<li>Suresnes-Mont Val\u00e9rien<\/li>\n<li>St-Cloud, S\u00e8vres-Ville d&rsquo;Avray, Chaville-Rive Droite<\/li>\n<li>Montreuil et Versailles-Rive Droite<\/li>\n<\/ul>\n<p>Les autres gares de la ligne, soit B\u00e9con-les-Bruy\u00e8res, Courbevoie, Puteaux et Le Val d&rsquo;Or, ne peuvent \u00eatre rejointes que par une correspondance \u00e0 St-Cloud ou \u00e0 La D\u00e9fense<\/p>\n<p>Par rapport \u00e0 la gare de Chaville-Rive Droite qui est le point de correspondance bus historique depuis cette liaison ferr\u00e9e:<\/p>\n<ul>\n<li>la desserte est \u00e9quivalente entre les 2 gares pour ce qui est de la liaison par la ligne L2 Paris-St-Lazare &#8211; Versailles-Rive Droite: il faut juste tenir compte d&rsquo;un d\u00e9calage de 2 ou 3 minutes dans les heures de passage<\/li>\n<li>la ligne U La D\u00e9fense &#8211; La Verri\u00e8re, qui dessert depuis d\u00e9cembre 2015 la gare de Chaville-Rive Droite, ne dessert pas Viroflay-Rive Droite. Ce n&rsquo;est pas un choix technique qu&rsquo;on peut corriger, mais une totale impossibilit\u00e9 technique: la ligne U ne traverse pas la gare de Viroflay-Rive Droite mais passe sur le viaduc de Viroflay.<\/li>\n<\/ul>\n<h2>Les acc\u00e8s<\/h2>\n<p><img data-attachment-id=\"2785\" data-permalink=\"https:\/\/www.horizonemployeur.fr\/wordpress\/28-05-2016\/t6-viroflay\/viroflay-rive-droite\/p1140102_800\/\" data-orig-file=\"https:\/\/i0.wp.com\/www.horizonemployeur.fr\/wordpress\/wp-content\/uploads\/2016\/04\/P1140102_800.jpg?fit=800%2C600&amp;ssl=1\" data-orig-size=\"800,600\" data-comments-opened=\"1\" data-image-meta=\"{&quot;aperture&quot;:&quot;3.3&quot;,&quot;credit&quot;:&quot;&quot;,&quot;camera&quot;:&quot;DMC-TZ60&quot;,&quot;caption&quot;:&quot;&quot;,&quot;created_timestamp&quot;:&quot;1464432373&quot;,&quot;copyright&quot;:&quot;&quot;,&quot;focal_length&quot;:&quot;4.3&quot;,&quot;iso&quot;:&quot;100&quot;,&quot;shutter_speed&quot;:&quot;0.00076923076923077&quot;,&quot;title&quot;:&quot;&quot;,&quot;orientation&quot;:&quot;0&quot;}\" data-image-title=\"P1140102_800\" data-image-description=\"\" data-image-caption=\"\" data-medium-file=\"https:\/\/i0.wp.com\/www.horizonemployeur.fr\/wordpress\/wp-content\/uploads\/2016\/04\/P1140102_800.jpg?fit=300%2C225&amp;ssl=1\" data-large-file=\"https:\/\/i0.wp.com\/www.horizonemployeur.fr\/wordpress\/wp-content\/uploads\/2016\/04\/P1140102_800.jpg?fit=700%2C525&amp;ssl=1\" decoding=\"async\" loading=\"lazy\" class=\"alignnone size-full wp-image-2785\" src=\"https:\/\/i0.wp.com\/www.horizonemployeur.fr\/wordpress\/wp-content\/uploads\/2016\/04\/P1140102_800.jpg?resize=700%2C525\" alt=\"P1140102_800\" width=\"700\" height=\"525\" srcset=\"https:\/\/i0.wp.com\/www.horizonemployeur.fr\/wordpress\/wp-content\/uploads\/2016\/04\/P1140102_800.jpg?w=800&amp;ssl=1 800w, https:\/\/i0.wp.com\/www.horizonemployeur.fr\/wordpress\/wp-content\/uploads\/2016\/04\/P1140102_800.jpg?resize=300%2C225&amp;ssl=1 300w, https:\/\/i0.wp.com\/www.horizonemployeur.fr\/wordpress\/wp-content\/uploads\/2016\/04\/P1140102_800.jpg?resize=768%2C576&amp;ssl=1 768w, https:\/\/i0.wp.com\/www.horizonemployeur.fr\/wordpress\/wp-content\/uploads\/2016\/04\/P1140102_800.jpg?resize=648%2C486&amp;ssl=1 648w, https:\/\/i0.wp.com\/www.horizonemployeur.fr\/wordpress\/wp-content\/uploads\/2016\/04\/P1140102_800.jpg?resize=256%2C192&amp;ssl=1 256w\" sizes=\"(max-width: 700px) 100vw, 700px\" data-recalc-dims=\"1\" \/><\/p>\n<p>La station de tramway dispose d&rsquo;un acc\u00e8s principal le long des voies ferr\u00e9es. Il est dot\u00e9 un escalier et d&rsquo;un escalier m\u00e9canique. Il permet de rejoindre la place de la Bataille de Stalingrad depuis la station de tramway. Depuis la sortie, on peut rejoindre le quai de la gare SNCF direction Paris par une nouvelle rampe d&rsquo;acc\u00e8s. Un ascenseur a \u00e9t\u00e9 install\u00e9 \u00e0 proximit\u00e9 donnant acc\u00e8s au niveau de la place, mais aussi au niveau du quai de la gare SNCF direction Paris. Attention, dans l&rsquo;\u00e9tat actuel des choses, l&rsquo;accessibilit\u00e9 PMR n&rsquo;est pas assur\u00e9e pour le quai direction Versailles.<\/p>\n<p>Un acc\u00e8s secondaire se trouve entre la rue de la Marquette et les voies ferr\u00e9es: il est \u00e9quip\u00e9 d&rsquo;un escalier.<\/p>\n<p>Concr\u00e8tement:<\/p>\n<ul>\n<li>pour aller des quais SNCF au quai du tramway: rejoindre le quai direction Paris (celui qui se trouve le long du b\u00e2timent de la gare) si vous arrivez depuis&nbsp;St-Cloud en utilisant la passerelle. Passer devant la gare en direction de la t\u00eate du quai direction Paris et tout de suite apr\u00e8s le b\u00e2timent de la gare emprunter le plan inclin\u00e9 en forte pente pour rejoindre la place de la bataille de Stalingrad.<br \/>\n<img data-attachment-id=\"2783\" data-permalink=\"https:\/\/www.horizonemployeur.fr\/wordpress\/28-05-2016\/t6-viroflay\/viroflay-rive-droite\/p1140100_800\/\" data-orig-file=\"https:\/\/i0.wp.com\/www.horizonemployeur.fr\/wordpress\/wp-content\/uploads\/2016\/04\/P1140100_800.jpg?fit=800%2C600&amp;ssl=1\" data-orig-size=\"800,600\" data-comments-opened=\"1\" data-image-meta=\"{&quot;aperture&quot;:&quot;3.3&quot;,&quot;credit&quot;:&quot;&quot;,&quot;camera&quot;:&quot;DMC-TZ60&quot;,&quot;caption&quot;:&quot;&quot;,&quot;created_timestamp&quot;:&quot;1464432298&quot;,&quot;copyright&quot;:&quot;&quot;,&quot;focal_length&quot;:&quot;4.3&quot;,&quot;iso&quot;:&quot;100&quot;,&quot;shutter_speed&quot;:&quot;0.001&quot;,&quot;title&quot;:&quot;&quot;,&quot;orientation&quot;:&quot;0&quot;}\" data-image-title=\"P1140100_800\" data-image-description=\"\" data-image-caption=\"\" data-medium-file=\"https:\/\/i0.wp.com\/www.horizonemployeur.fr\/wordpress\/wp-content\/uploads\/2016\/04\/P1140100_800.jpg?fit=300%2C225&amp;ssl=1\" data-large-file=\"https:\/\/i0.wp.com\/www.horizonemployeur.fr\/wordpress\/wp-content\/uploads\/2016\/04\/P1140100_800.jpg?fit=700%2C525&amp;ssl=1\" decoding=\"async\" loading=\"lazy\" class=\"alignnone size-full wp-image-2783\" src=\"https:\/\/i0.wp.com\/www.horizonemployeur.fr\/wordpress\/wp-content\/uploads\/2016\/04\/P1140100_800.jpg?resize=700%2C525\" alt=\"P1140100_800\" width=\"700\" height=\"525\" srcset=\"https:\/\/i0.wp.com\/www.horizonemployeur.fr\/wordpress\/wp-content\/uploads\/2016\/04\/P1140100_800.jpg?w=800&amp;ssl=1 800w, https:\/\/i0.wp.com\/www.horizonemployeur.fr\/wordpress\/wp-content\/uploads\/2016\/04\/P1140100_800.jpg?resize=300%2C225&amp;ssl=1 300w, https:\/\/i0.wp.com\/www.horizonemployeur.fr\/wordpress\/wp-content\/uploads\/2016\/04\/P1140100_800.jpg?resize=768%2C576&amp;ssl=1 768w, https:\/\/i0.wp.com\/www.horizonemployeur.fr\/wordpress\/wp-content\/uploads\/2016\/04\/P1140100_800.jpg?resize=648%2C486&amp;ssl=1 648w, https:\/\/i0.wp.com\/www.horizonemployeur.fr\/wordpress\/wp-content\/uploads\/2016\/04\/P1140100_800.jpg?resize=256%2C192&amp;ssl=1 256w\" sizes=\"(max-width: 700px) 100vw, 700px\" data-recalc-dims=\"1\" \/><br \/>\nFaire demi-tour pour se trouver face \u00e0 un escalier parall\u00e8le \u00e0 un escalier m\u00e9canique.<br \/>\n<img data-attachment-id=\"2784\" data-permalink=\"https:\/\/www.horizonemployeur.fr\/wordpress\/28-05-2016\/t6-viroflay\/viroflay-rive-droite\/p1140101_800\/\" data-orig-file=\"https:\/\/i0.wp.com\/www.horizonemployeur.fr\/wordpress\/wp-content\/uploads\/2016\/04\/P1140101_800.jpg?fit=800%2C600&amp;ssl=1\" data-orig-size=\"800,600\" data-comments-opened=\"1\" data-image-meta=\"{&quot;aperture&quot;:&quot;3.3&quot;,&quot;credit&quot;:&quot;&quot;,&quot;camera&quot;:&quot;DMC-TZ60&quot;,&quot;caption&quot;:&quot;&quot;,&quot;created_timestamp&quot;:&quot;1464432330&quot;,&quot;copyright&quot;:&quot;&quot;,&quot;focal_length&quot;:&quot;4.3&quot;,&quot;iso&quot;:&quot;100&quot;,&quot;shutter_speed&quot;:&quot;0.00076923076923077&quot;,&quot;title&quot;:&quot;&quot;,&quot;orientation&quot;:&quot;0&quot;}\" data-image-title=\"P1140101_800\" data-image-description=\"\" data-image-caption=\"\" data-medium-file=\"https:\/\/i0.wp.com\/www.horizonemployeur.fr\/wordpress\/wp-content\/uploads\/2016\/04\/P1140101_800.jpg?fit=300%2C225&amp;ssl=1\" data-large-file=\"https:\/\/i0.wp.com\/www.horizonemployeur.fr\/wordpress\/wp-content\/uploads\/2016\/04\/P1140101_800.jpg?fit=700%2C525&amp;ssl=1\" decoding=\"async\" loading=\"lazy\" class=\"alignnone size-full wp-image-2784\" src=\"https:\/\/i0.wp.com\/www.horizonemployeur.fr\/wordpress\/wp-content\/uploads\/2016\/04\/P1140101_800.jpg?resize=700%2C525\" alt=\"P1140101_800\" width=\"700\" height=\"525\" srcset=\"https:\/\/i0.wp.com\/www.horizonemployeur.fr\/wordpress\/wp-content\/uploads\/2016\/04\/P1140101_800.jpg?w=800&amp;ssl=1 800w, https:\/\/i0.wp.com\/www.horizonemployeur.fr\/wordpress\/wp-content\/uploads\/2016\/04\/P1140101_800.jpg?resize=300%2C225&amp;ssl=1 300w, https:\/\/i0.wp.com\/www.horizonemployeur.fr\/wordpress\/wp-content\/uploads\/2016\/04\/P1140101_800.jpg?resize=768%2C576&amp;ssl=1 768w, https:\/\/i0.wp.com\/www.horizonemployeur.fr\/wordpress\/wp-content\/uploads\/2016\/04\/P1140101_800.jpg?resize=648%2C486&amp;ssl=1 648w, https:\/\/i0.wp.com\/www.horizonemployeur.fr\/wordpress\/wp-content\/uploads\/2016\/04\/P1140101_800.jpg?resize=256%2C192&amp;ssl=1 256w\" sizes=\"(max-width: 700px) 100vw, 700px\" data-recalc-dims=\"1\" \/><br \/>\nDescendre les 2 escaliers successifs, puis suivre la direction \u00ab\u00a0T6 &#8211; Ch\u00e2tillon\u00a0\u00bb par 2 escaliers successifs pour rejoindre le quai direction Ch\u00e2tillon<\/li>\n<li>pour aller du quai du tramway aux quais SNCF: emprunter les 2 escaliers ou escaliers m\u00e9caniques successifs pour rejoindre la salle o\u00f9 se trouvent les automates de vente de billets puis reprendre les 2 escaliers ou escaliers m\u00e9caniques direction ligne L (et pas rue de la Marquette) pour quitter la station souterraine. Sur sa&nbsp;droite, commence le plan inclin\u00e9 qui rejoint le quai direction Paris. Ne pas oublier de&nbsp;valider son&nbsp;titre de transport. Pour partir&nbsp;en direction de Montreuil ou Versailles-RD, emprunter la passerelle.<\/li>\n<\/ul>\n<p>Si le plan inclin\u00e9 vous para\u00eet trop difficile, vous avez la possibilit\u00e9 de rejoindre la gare en suivant la rue pour contourner le b\u00e2timent de la gare.<\/p>\n<p>&nbsp;<\/p>\n<h2>Quelques&nbsp;photos<\/h2>\n<p><a href=\"http:\/\/www.horizonemployeur.fr\/wordpress\/28-05-2016\/t6-viroflay\/viroflay-rive-droite\/photos-t6-viroflay-rive-droite\/\">Celles-ci<\/a> ont \u00e9t\u00e9 prises le 28 mai 2016, jour de l&rsquo;ouverture de la station.<\/p>\n","protected":false},"excerpt":{"rendered":"<p>Viroflay-Rive Droite est la 21e et derni\u00e8re station de la ligne T6. Souterraine comme sa sym\u00e9trique de la rive gauche, elle se situe sous la place de la Bataille de Stalingrad et donne acc\u00e8s \u00e0 la correspondance avec la ligne L2 Paris-St-Lazare &#8211; La D\u00e9fense &#8211; St-Cloud &#8211; Versailles-Rive Droite. Depuis la restructuration de la [&hellip;]<\/p>\n","protected":false},"author":1,"featured_media":0,"parent":2457,"menu_order":2,"comment_status":"closed","ping_status":"closed","template":"page-templates\/no-sidebar.php","meta":{"ngg_post_thumbnail":0,"jetpack_post_was_ever_published":false},"jetpack_sharing_enabled":true,"jetpack_shortlink":"https:\/\/wp.me\/P7AoJR-DV","jetpack-related-posts":[{"id":51,"url":"https:\/\/www.horizonemployeur.fr\/wordpress\/accueil\/sedeplacer\/transports-en-commun\/bus-chaville\/","url_meta":{"origin":2475,"position":0},"title":"Les bus c\u00f4t\u00e9 Chaville","date":"28 f\u00e9vrier 2014","format":false,"excerpt":"En dehors d\u2019assurer la desserte des communes de Viroflay (quartier est) et Chaville, ces lignes donnent correspondance avec: en gare de Chaville-V\u00e9lizy: RER branches C5 (Versailles-Ch\u00e2teau-Rive Gauche) et C7 (St Quentin-en-Yvelines) en gare de Chaville-Rive Gauche: Transilien (Paris-Montparnasse - Versailles-Chantiers - Rambouillet \/ Dreux \/ Mantes) en gare de Chaville-Rive\u2026","rel":"","context":"Avec 2 commentaires","img":{"alt_text":"","src":"https:\/\/i0.wp.com\/www.horizonemployeur.fr\/wordpress\/wp-content\/uploads\/2016\/04\/p1100542-600x430.jpg?fit=600%2C430&ssl=1&resize=350%2C200","width":350,"height":200},"classes":[]},{"id":2477,"url":"https:\/\/www.horizonemployeur.fr\/wordpress\/28-05-2016\/t6-viroflay\/viroflay-rive-gauche\/","url_meta":{"origin":2475,"position":1},"title":"Viroflay-Rive Gauche","date":"28 avril 2016","format":false,"excerpt":"Viroflay-Rive Droite est la 20e et avant-derni\u00e8re station de la ligne T6. Elle se situe dans le tunnel de Viroflay emprunt\u00e9 par le tramway \u00e0 partir de la c\u00f4te de Chaville et\u00a0donc\u00a0sous la place du Mar\u00e9chal Koenig. Elle propose les\u00a0correspondances avec: la ligne RER C Paris - Versailles-Ch\u00e2teau-Rive Gauche \/\u2026","rel":"","context":"Article similaire","img":{"alt_text":"P1130441_800d","src":"https:\/\/i0.wp.com\/www.horizonemployeur.fr\/wordpress\/wp-content\/uploads\/2016\/04\/P1130441_800d-300x150.jpg?resize=350%2C200","width":350,"height":200},"classes":[]},{"id":2463,"url":"https:\/\/www.horizonemployeur.fr\/wordpress\/28-05-2016\/restructuration-bus-phase-2\/restructuration-bus-phase-2-chaville\/","url_meta":{"origin":2475,"position":2},"title":"La restructuration bus sur l&rsquo;axe Chaville","date":"28 avril 2016","format":false,"excerpt":"Depuis d\u00e9cembre 2014, l'offre sur l'axe Chaville\u00a0est compos\u00e9e, hors lignes scolaires de 4 lignes: la ligne 30, Chaville-V\u00e9lizy\u00a0- V\u00e9lizy 2, assure la liaison des diff\u00e9rents quartiers de la ville, de la partie sud d'Inovel Parc Nord et du centre commercial V\u00e9lizy 2, avec la gare de Chaville-V\u00e9lizy la ligne 31,\u2026","rel":"","context":"Article similaire","img":{"alt_text":"","src":"https:\/\/i0.wp.com\/www.horizonemployeur.fr\/wordpress\/wp-content\/uploads\/2016\/04\/Plan-bus-mai-2016-axe-Chaville-300x275.png?resize=350%2C200","width":350,"height":200},"classes":[]},{"id":2457,"url":"https:\/\/www.horizonemployeur.fr\/wordpress\/28-05-2016\/t6-viroflay\/","url_meta":{"origin":2475,"position":3},"title":"Le prolongement du tramway T6 jusqu&rsquo;\u00e0 Viroflay","date":"28 avril 2016","format":false,"excerpt":"Depuis le 13 d\u00e9cembre 2014, la ligne T6 allait de Ch\u00e2tillon-Montrouge \u00e0 Robert Wagner. Cela repr\u00e9sentait une longueur de 11,4 km avec 19 stations. La mise en service du prolongement permet d'allonger la ligne de 2,6 km, portant sa longueur totale \u00e0 14 km, et d'ajouter 2 stations, Viroflay-Rive Gauche\u2026","rel":"","context":"Article similaire","img":{"alt_text":"","src":"","width":0,"height":0},"classes":[]},{"id":46,"url":"https:\/\/www.horizonemployeur.fr\/wordpress\/accueil\/sedeplacer\/transports-en-commun\/tramway-t6\/","url_meta":{"origin":2475,"position":4},"title":"Le Tramway T6 (Ch\u00e2tillon &#8211; V\u00e9lizy &#8211; Viroflay)","date":"28 f\u00e9vrier 2014","format":false,"excerpt":"Depuis le 13 d\u00e9cembre 2014,\u00a0les tramways de la ligne T6 sont entr\u00e9s\u00a0en service commercial entre le terminus de la ligne 13 du m\u00e9tro, Ch\u00e2tillon-Montrouge, et la station V\u00e9lizy-Robert Wagner situ\u00e9e \u00e0 l'ouest de V\u00e9lizy. Le 28 mai 2016, la ligne T6 a \u00e9t\u00e9 prolong\u00e9e jusqu'aux 2 gares Rive Gauche et\u2026","rel":"","context":"Article similaire","img":{"alt_text":"","src":"https:\/\/i0.wp.com\/www.horizonemployeur.fr\/wordpress\/wp-content\/uploads\/2014\/02\/p1070314_800.jpg?fit=800%2C600&ssl=1&resize=350%2C200","width":350,"height":200},"classes":[]},{"id":2455,"url":"https:\/\/www.horizonemployeur.fr\/wordpress\/28-05-2016\/","url_meta":{"origin":2475,"position":5},"title":"28 mai 2016: le tramway T6 arrive \u00e0 Viroflay","date":"28 avril 2016","format":false,"excerpt":"Samedi 13 d\u00e9cembre 2014: apr\u00e8s plusieurs ann\u00e9es de longs et p\u00e9nibles travaux, le tramway est mis en service entre Ch\u00e2tillon-Montrouge, terminus de la ligne M13, et V\u00e9lizy-Robert Wagner, station situ\u00e9e le plus \u00e0 l'ouest sur la commune de V\u00e9lizy Samedi 28 mai 2016: apr\u00e8s une autre p\u00e9riode de travaux qui,\u2026","rel":"","context":"Article similaire","img":{"alt_text":"","src":"","width":0,"height":0},"classes":[]}],"_links":{"self":[{"href":"https:\/\/www.horizonemployeur.fr\/wordpress\/wp-json\/wp\/v2\/pages\/2475"}],"collection":[{"href":"https:\/\/www.horizonemployeur.fr\/wordpress\/wp-json\/wp\/v2\/pages"}],"about":[{"href":"https:\/\/www.horizonemployeur.fr\/wordpress\/wp-json\/wp\/v2\/types\/page"}],"author":[{"embeddable":true,"href":"https:\/\/www.horizonemployeur.fr\/wordpress\/wp-json\/wp\/v2\/users\/1"}],"replies":[{"embeddable":true,"href":"https:\/\/www.horizonemployeur.fr\/wordpress\/wp-json\/wp\/v2\/comments?post=2475"}],"version-history":[{"count":7,"href":"https:\/\/www.horizonemployeur.fr\/wordpress\/wp-json\/wp\/v2\/pages\/2475\/revisions"}],"predecessor-version":[{"id":3539,"href":"https:\/\/www.horizonemployeur.fr\/wordpress\/wp-json\/wp\/v2\/pages\/2475\/revisions\/3539"}],"up":[{"embeddable":true,"href":"https:\/\/www.horizonemployeur.fr\/wordpress\/wp-json\/wp\/v2\/pages\/2457"}],"wp:attachment":[{"href":"https:\/\/www.horizonemployeur.fr\/wordpress\/wp-json\/wp\/v2\/media?parent=2475"}],"curies":[{"name":"wp","href":"https:\/\/api.w.org\/{rel}","templated":true}]}}