{"id":2469,"date":"2016-04-28T11:14:28","date_gmt":"2016-04-28T09:14:28","guid":{"rendered":"http:\/\/www.horizonemployeur.fr\/wordpress\/?page_id=2469"},"modified":"2016-05-02T12:08:42","modified_gmt":"2016-05-02T10:08:42","slug":"jouy","status":"publish","type":"page","link":"https:\/\/www.horizonemployeur.fr\/wordpress\/28-05-2016\/restructuration-bus-phase-2\/jouy\/","title":{"rendered":"La restructuration bus sur l&rsquo;axe Jouy-en-Josas"},"content":{"rendered":"<p>Comme c&rsquo;\u00e9tait le cas depuis d\u00e9cembre 2014, c&rsquo;est toujours la ligne 32 qui assure la liaison entre V\u00e9lizy et Jouy-en-Josas. Cette ligne est cependant modifi\u00e9e:<\/p>\n<ul>\n<li>elle ne dessert plus l&rsquo;arr\u00eat Les Gen\u00eats, arr\u00eat que les contraintes li\u00e9es \u00e0 la voirie locale rendaient difficile d&rsquo;acc\u00e8s<\/li>\n<li>elle ne dessert plus le site de l&rsquo;INRA (desserte assur\u00e9e par la ligne N au d\u00e9part de la gare de Jouy-en-Josas)<\/li>\n<li>elle gagne en fr\u00e9quence<\/li>\n<\/ul>\n<p>Pour en savoir plus:<\/p>\n<p><a href=\"http:\/\/www.horizonemployeur.fr\/wordpress\/28-05-2016\/restructuration-bus-phase-2\/ligne-phebus-32\/\"><img data-attachment-id=\"2556\" data-permalink=\"https:\/\/www.horizonemployeur.fr\/wordpress\/28-05-2016\/restructuration-bus-phase-2\/vignette_phebus_32_330x240\/\" data-orig-file=\"https:\/\/i0.wp.com\/www.horizonemployeur.fr\/wordpress\/wp-content\/uploads\/2016\/04\/vignette_phebus_32_330x240.png?fit=330%2C240&amp;ssl=1\" data-orig-size=\"330,240\" data-comments-opened=\"1\" data-image-meta=\"{&quot;aperture&quot;:&quot;0&quot;,&quot;credit&quot;:&quot;&quot;,&quot;camera&quot;:&quot;&quot;,&quot;caption&quot;:&quot;&quot;,&quot;created_timestamp&quot;:&quot;0&quot;,&quot;copyright&quot;:&quot;&quot;,&quot;focal_length&quot;:&quot;0&quot;,&quot;iso&quot;:&quot;0&quot;,&quot;shutter_speed&quot;:&quot;0&quot;,&quot;title&quot;:&quot;&quot;,&quot;orientation&quot;:&quot;0&quot;}\" data-image-title=\"vignette_phebus_32_330x240\" data-image-description=\"\" data-image-caption=\"\" data-medium-file=\"https:\/\/i0.wp.com\/www.horizonemployeur.fr\/wordpress\/wp-content\/uploads\/2016\/04\/vignette_phebus_32_330x240.png?fit=300%2C218&amp;ssl=1\" data-large-file=\"https:\/\/i0.wp.com\/www.horizonemployeur.fr\/wordpress\/wp-content\/uploads\/2016\/04\/vignette_phebus_32_330x240.png?fit=330%2C240&amp;ssl=1\" decoding=\"async\" loading=\"lazy\" class=\"alignnone  wp-image-2556\" src=\"https:\/\/i0.wp.com\/www.horizonemployeur.fr\/wordpress\/wp-content\/uploads\/2016\/04\/vignette_phebus_32_330x240-300x218.png?resize=150%2C109\" sizes=\"(max-width: 300px) 100vw, 300px\" srcset=\"https:\/\/i0.wp.com\/www.horizonemployeur.fr\/wordpress\/wp-content\/uploads\/2016\/04\/vignette_phebus_32_330x240-300x218.png?resize=150%2C109 300w, http:\/\/www.horizonemployeur.fr\/wordpress\/wp-content\/uploads\/2016\/04\/vignette_phebus_32_330x240.png 330w, http:\/\/www.horizonemployeur.fr\/wordpress\/wp-content\/uploads\/2016\/04\/vignette_phebus_32_330x240-264x192.png 264w\" alt=\"vignette_phebus_32_330x240\" width=\"150\" height=\"109\" data-recalc-dims=\"1\" \/><\/a><\/p>\n","protected":false},"excerpt":{"rendered":"<p>Comme c&rsquo;\u00e9tait le cas depuis d\u00e9cembre 2014, c&rsquo;est toujours la ligne 32 qui assure la liaison entre V\u00e9lizy et Jouy-en-Josas. Cette ligne est cependant modifi\u00e9e: elle ne dessert plus l&rsquo;arr\u00eat Les Gen\u00eats, arr\u00eat que les contraintes li\u00e9es \u00e0 la voirie locale rendaient difficile d&rsquo;acc\u00e8s elle ne dessert plus le site de l&rsquo;INRA (desserte assur\u00e9e par [&hellip;]<\/p>\n","protected":false},"author":1,"featured_media":0,"parent":2459,"menu_order":5,"comment_status":"closed","ping_status":"closed","template":"","meta":{"ngg_post_thumbnail":0,"jetpack_post_was_ever_published":false},"jetpack_sharing_enabled":true,"jetpack_shortlink":"https:\/\/wp.me\/P7AoJR-DP","jetpack-related-posts":[{"id":2463,"url":"https:\/\/www.horizonemployeur.fr\/wordpress\/28-05-2016\/restructuration-bus-phase-2\/restructuration-bus-phase-2-chaville\/","url_meta":{"origin":2469,"position":0},"title":"La restructuration bus sur l&rsquo;axe Chaville","date":"28 avril 2016","format":false,"excerpt":"Depuis d\u00e9cembre 2014, l'offre sur l'axe Chaville\u00a0est compos\u00e9e, hors lignes scolaires de 4 lignes: la ligne 30, Chaville-V\u00e9lizy\u00a0- V\u00e9lizy 2, assure la liaison des diff\u00e9rents quartiers de la ville, de la partie sud d'Inovel Parc Nord et du centre commercial V\u00e9lizy 2, avec la gare de Chaville-V\u00e9lizy la ligne 31,\u2026","rel":"","context":"Article similaire","img":{"alt_text":"","src":"https:\/\/i0.wp.com\/www.horizonemployeur.fr\/wordpress\/wp-content\/uploads\/2016\/04\/Plan-bus-mai-2016-axe-Chaville-300x275.png?resize=350%2C200","width":350,"height":200},"classes":[]},{"id":2521,"url":"https:\/\/www.horizonemployeur.fr\/wordpress\/28-05-2016\/restructuration-bus-phase-2\/ligne-phebus-32\/","url_meta":{"origin":2469,"position":1},"title":"La ligne Ph\u00e9bus 32 en d\u00e9tails","date":"29 avril 2016","format":false,"excerpt":"Un itin\u00e9raire modifi\u00e9 Cliquez sur l\u2019image pour la t\u00e9l\u00e9charger dans son format originel Si la ligne 32 continue \u00e0 assurer la liaison entre les 3 gares de Chaville, V\u00e9lizy et la gare de Jouy-en-Josas, son itin\u00e9raire est simplifi\u00e9 en 2 endroits sur Jouy-en-Josas: suppression de l'arr\u00eat Les Gen\u00eats: en direction\u2026","rel":"","context":"Article similaire","img":{"alt_text":"","src":"https:\/\/i0.wp.com\/www.horizonemployeur.fr\/wordpress\/wp-content\/uploads\/2016\/04\/Ph\u00c3\u00a9bus-32-mai-2016-142x300.png?resize=350%2C200","width":350,"height":200},"classes":[]},{"id":67,"url":"https:\/\/www.horizonemployeur.fr\/wordpress\/communes-desservies-tc\/","url_meta":{"origin":2469,"position":2},"title":"Les Communes desservies par les Transports en Commun","date":"28 f\u00e9vrier 2014","format":false,"excerpt":"Afin de vous aider \u00e0 trouver votre ligne, vous trouverez ci-dessous une liste des communes desservies au moins partiellement par les transports en commun sans correspondance \u00e0 partir de V\u00e9lizy ou de Meudon-la-For\u00eat. Attention, la ligne Noctilien\u00a0\u00a0ne circule que la nuit ! 75 - Paris Paris 14e \u00a0\u00a0\u00a0 Paris 16e\u2026","rel":"","context":"Article similaire","img":{"alt_text":"","src":"","width":0,"height":0},"classes":[]},{"id":2459,"url":"https:\/\/www.horizonemployeur.fr\/wordpress\/28-05-2016\/restructuration-bus-phase-2\/","url_meta":{"origin":2469,"position":3},"title":"La restructuration des lignes de bus du r\u00e9seau Ph\u00e9bus V\u00e9lizy","date":"28 avril 2016","format":false,"excerpt":"Cette phase de restructuration a pour objectifs: de prendre en compte la mise en service du prolongement du tramway T6 \u00e0 Viroflay pour rendre le r\u00e9seau bus compl\u00e9mentaire \u00e0 la nouvelle liaison tramway de proposer une offre plus adapt\u00e9e aux besoins des salari\u00e9s et des V\u00e9liziens sur certains axes Elle\u2026","rel":"","context":"Article similaire","img":{"alt_text":"","src":"","width":0,"height":0},"classes":[]},{"id":160,"url":"https:\/\/www.horizonemployeur.fr\/wordpress\/projets-tc\/","url_meta":{"origin":2469,"position":4},"title":"Les Projets de Transport en Commun","date":"18 mars 2014","format":false,"excerpt":"Au-del\u00e0 du tramway T6 Ch\u00e2tillon - V\u00e9lizy - Viroflay mis en service en 2014 et 2016, d'autres projets devraient voir le jour \u00e0 plus long terme: 2 lignes de tram-train tangentielles qui reprennent les infrastructures de l'ancienne Grande Ceinture Ferroviaire autour de Paris: la Tangentielle Ouest (TGO) ou Tramway Express\u2026","rel":"","context":"Article similaire","img":{"alt_text":"","src":"https:\/\/i0.wp.com\/www.horizonemployeur.fr\/wordpress\/wp-content\/uploads\/2016\/03\/plan-sgp-4-2015-partiel.png?fit=1200%2C600&ssl=1&resize=350%2C200","width":350,"height":200},"classes":[]},{"id":51,"url":"https:\/\/www.horizonemployeur.fr\/wordpress\/accueil\/sedeplacer\/transports-en-commun\/bus-chaville\/","url_meta":{"origin":2469,"position":5},"title":"Les bus c\u00f4t\u00e9 Chaville","date":"28 f\u00e9vrier 2014","format":false,"excerpt":"En dehors d\u2019assurer la desserte des communes de Viroflay (quartier est) et Chaville, ces lignes donnent correspondance avec: en gare de Chaville-V\u00e9lizy: RER branches C5 (Versailles-Ch\u00e2teau-Rive Gauche) et C7 (St Quentin-en-Yvelines) en gare de Chaville-Rive Gauche: Transilien (Paris-Montparnasse - Versailles-Chantiers - Rambouillet \/ Dreux \/ Mantes) en gare de Chaville-Rive\u2026","rel":"","context":"Avec 2 commentaires","img":{"alt_text":"","src":"https:\/\/i0.wp.com\/www.horizonemployeur.fr\/wordpress\/wp-content\/uploads\/2016\/04\/p1100542-600x430.jpg?fit=600%2C430&ssl=1&resize=350%2C200","width":350,"height":200},"classes":[]}],"_links":{"self":[{"href":"https:\/\/www.horizonemployeur.fr\/wordpress\/wp-json\/wp\/v2\/pages\/2469"}],"collection":[{"href":"https:\/\/www.horizonemployeur.fr\/wordpress\/wp-json\/wp\/v2\/pages"}],"about":[{"href":"https:\/\/www.horizonemployeur.fr\/wordpress\/wp-json\/wp\/v2\/types\/page"}],"author":[{"embeddable":true,"href":"https:\/\/www.horizonemployeur.fr\/wordpress\/wp-json\/wp\/v2\/users\/1"}],"replies":[{"embeddable":true,"href":"https:\/\/www.horizonemployeur.fr\/wordpress\/wp-json\/wp\/v2\/comments?post=2469"}],"version-history":[{"count":3,"href":"https:\/\/www.horizonemployeur.fr\/wordpress\/wp-json\/wp\/v2\/pages\/2469\/revisions"}],"predecessor-version":[{"id":2564,"href":"https:\/\/www.horizonemployeur.fr\/wordpress\/wp-json\/wp\/v2\/pages\/2469\/revisions\/2564"}],"up":[{"embeddable":true,"href":"https:\/\/www.horizonemployeur.fr\/wordpress\/wp-json\/wp\/v2\/pages\/2459"}],"wp:attachment":[{"href":"https:\/\/www.horizonemployeur.fr\/wordpress\/wp-json\/wp\/v2\/media?parent=2469"}],"curies":[{"name":"wp","href":"https:\/\/api.w.org\/{rel}","templated":true}]}}