{"id":2467,"date":"2016-04-28T11:12:19","date_gmt":"2016-04-28T09:12:19","guid":{"rendered":"http:\/\/www.horizonemployeur.fr\/wordpress\/?page_id=2467"},"modified":"2016-05-02T12:15:26","modified_gmt":"2016-05-02T10:15:26","slug":"restructuration-bus-phase-2-bievres","status":"publish","type":"page","link":"https:\/\/www.horizonemployeur.fr\/wordpress\/28-05-2016\/restructuration-bus-phase-2\/restructuration-bus-phase-2-bievres\/","title":{"rendered":"La restructuration bus sur l&rsquo;axe Bi\u00e8vres"},"content":{"rendered":"<p>La desserte de la vall\u00e9e de la Bi\u00e8vre \u00e9tait assur\u00e9e par 2 lignes, issues de l&rsquo;ancienne ligne 495 co-exploit\u00e9e par la RATP et les Cars d&rsquo;Orsay:<\/p>\n<ul>\n<li>la ligne MobiCAPS 15, entre Massy-Palaiseau (gare RER C Vilmorin), Igny, Bi\u00e8vres, Le Petit Clamart et V\u00e9lizy 2<\/li>\n<li>la ligne MobiCAPS 17, entre Bi\u00e8vres, la BA 107, Inovel Parc Sud et le quartier de la Pointe Ouest (aux heures de pointe et dans le sens de la pointe)<\/li>\n<\/ul>\n<p>La ligne 15 a fait en novembre 2015 l&rsquo;objet d&rsquo;une importante restructuration avec le report de la desserte de Vauhallan sur la ligne RATP 119 et une sensible augmentation des fr\u00e9quences.<\/p>\n<p>Aujourd&rsquo;hui, c&rsquo;est la ligne 17 qui fait l&rsquo;objet d&rsquo;une importante modification. Elle est en effet fusionn\u00e9e avec la ligne Ph\u00e9bus 33 qui assure d\u00e9sormais une liaison entre les 3 gares de Chaville, les quartiers ouest de V\u00e9lizy, Inovel Parc Sud, la BA 107, Burospace<\/p>\n<p>Pour en savoir plus:<br \/>\n<a href=\"http:\/\/www.horizonemployeur.fr\/wordpress\/28-05-2016\/restructuration-bus-phase-2\/ligne-phebus-33\/\"><img data-attachment-id=\"2557\" data-permalink=\"https:\/\/www.horizonemployeur.fr\/wordpress\/28-05-2016\/restructuration-bus-phase-2\/vignette_phebus_33_330x240\/\" data-orig-file=\"https:\/\/i0.wp.com\/www.horizonemployeur.fr\/wordpress\/wp-content\/uploads\/2016\/04\/vignette_phebus_33_330x240.png?fit=330%2C240&amp;ssl=1\" data-orig-size=\"330,240\" data-comments-opened=\"1\" data-image-meta=\"{&quot;aperture&quot;:&quot;0&quot;,&quot;credit&quot;:&quot;&quot;,&quot;camera&quot;:&quot;&quot;,&quot;caption&quot;:&quot;&quot;,&quot;created_timestamp&quot;:&quot;0&quot;,&quot;copyright&quot;:&quot;&quot;,&quot;focal_length&quot;:&quot;0&quot;,&quot;iso&quot;:&quot;0&quot;,&quot;shutter_speed&quot;:&quot;0&quot;,&quot;title&quot;:&quot;&quot;,&quot;orientation&quot;:&quot;0&quot;}\" data-image-title=\"vignette_phebus_33_330x240\" data-image-description=\"\" data-image-caption=\"\" data-medium-file=\"https:\/\/i0.wp.com\/www.horizonemployeur.fr\/wordpress\/wp-content\/uploads\/2016\/04\/vignette_phebus_33_330x240.png?fit=300%2C218&amp;ssl=1\" data-large-file=\"https:\/\/i0.wp.com\/www.horizonemployeur.fr\/wordpress\/wp-content\/uploads\/2016\/04\/vignette_phebus_33_330x240.png?fit=330%2C240&amp;ssl=1\" decoding=\"async\" loading=\"lazy\" class=\"alignnone  wp-image-2557\" src=\"https:\/\/i0.wp.com\/www.horizonemployeur.fr\/wordpress\/wp-content\/uploads\/2016\/04\/vignette_phebus_33_330x240-300x218.png?resize=149%2C108\" sizes=\"(max-width: 300px) 100vw, 300px\" srcset=\"https:\/\/i0.wp.com\/www.horizonemployeur.fr\/wordpress\/wp-content\/uploads\/2016\/04\/vignette_phebus_33_330x240-300x218.png?resize=149%2C108 300w, http:\/\/www.horizonemployeur.fr\/wordpress\/wp-content\/uploads\/2016\/04\/vignette_phebus_33_330x240.png 330w, http:\/\/www.horizonemployeur.fr\/wordpress\/wp-content\/uploads\/2016\/04\/vignette_phebus_33_330x240-264x192.png 264w\" alt=\"vignette_phebus_33_330x240\" width=\"149\" height=\"108\" data-recalc-dims=\"1\" \/><\/a><\/p>\n","protected":false},"excerpt":{"rendered":"<p>La desserte de la vall\u00e9e de la Bi\u00e8vre \u00e9tait assur\u00e9e par 2 lignes, issues de l&rsquo;ancienne ligne 495 co-exploit\u00e9e par la RATP et les Cars d&rsquo;Orsay: la ligne MobiCAPS 15, entre Massy-Palaiseau (gare RER C Vilmorin), Igny, Bi\u00e8vres, Le Petit Clamart et V\u00e9lizy 2 la ligne MobiCAPS 17, entre Bi\u00e8vres, la BA 107, Inovel Parc [&hellip;]<\/p>\n","protected":false},"author":1,"featured_media":0,"parent":2459,"menu_order":4,"comment_status":"closed","ping_status":"closed","template":"","meta":{"ngg_post_thumbnail":0,"jetpack_post_was_ever_published":false},"jetpack_sharing_enabled":true,"jetpack_shortlink":"https:\/\/wp.me\/P7AoJR-DN","jetpack-related-posts":[{"id":2546,"url":"https:\/\/www.horizonemployeur.fr\/wordpress\/28-05-2016\/restructuration-bus-phase-2\/la-ligne-mobicaps-17-en-details\/","url_meta":{"origin":2467,"position":0},"title":"La ligne MobiCAPS 17 en d\u00e9tails","date":"2 mai 2016","format":false,"excerpt":"Cette ligne 17 \u00e9tait l'h\u00e9riti\u00e8re des services Pointe Ouest - Inovel Parc Sud - BA 107 - Burospace - Gare de Bi\u00e8vres de la ligne 495 RATP \/ Cars d'Orsay. Cette ligne ne circulait qu'aux heures de pointe, assurant: le matin 9 d\u00e9parts de Bi\u00e8vres vers Pointe Ouest par Burospace\u2026","rel":"","context":"Article similaire","img":{"alt_text":"","src":"","width":0,"height":0},"classes":[]},{"id":2463,"url":"https:\/\/www.horizonemployeur.fr\/wordpress\/28-05-2016\/restructuration-bus-phase-2\/restructuration-bus-phase-2-chaville\/","url_meta":{"origin":2467,"position":1},"title":"La restructuration bus sur l&rsquo;axe Chaville","date":"28 avril 2016","format":false,"excerpt":"Depuis d\u00e9cembre 2014, l'offre sur l'axe Chaville\u00a0est compos\u00e9e, hors lignes scolaires de 4 lignes: la ligne 30, Chaville-V\u00e9lizy\u00a0- V\u00e9lizy 2, assure la liaison des diff\u00e9rents quartiers de la ville, de la partie sud d'Inovel Parc Nord et du centre commercial V\u00e9lizy 2, avec la gare de Chaville-V\u00e9lizy la ligne 31,\u2026","rel":"","context":"Article similaire","img":{"alt_text":"","src":"https:\/\/i0.wp.com\/www.horizonemployeur.fr\/wordpress\/wp-content\/uploads\/2016\/04\/Plan-bus-mai-2016-axe-Chaville-300x275.png?resize=350%2C200","width":350,"height":200},"classes":[]},{"id":2525,"url":"https:\/\/www.horizonemployeur.fr\/wordpress\/28-05-2016\/restructuration-bus-phase-2\/ligne-phebus-33\/","url_meta":{"origin":2467,"position":2},"title":"La ligne Ph\u00e9bus 33 en d\u00e9tails","date":"29 avril 2016","format":false,"excerpt":"Un itin\u00e9raire modifi\u00e9 Cliquez sur l\u2019image pour la t\u00e9l\u00e9charger dans son format originel La ligne 33 reliait les 3 gares de Chaville \u00e0 Burospace via Inovel Parc Sud et la BA 107. Elle continue \u00e0 le faire et va m\u00eame plus loin... jusqu'\u00e0 la gare RER de Bi\u00e8vres. Sur ce\u2026","rel":"","context":"Article similaire","img":{"alt_text":"","src":"https:\/\/i0.wp.com\/www.horizonemployeur.fr\/wordpress\/wp-content\/uploads\/2016\/04\/Ph\u00c3\u00a9bus-33-mai-2016-206x300.png?resize=350%2C200","width":350,"height":200},"classes":[]},{"id":2599,"url":"https:\/\/www.horizonemployeur.fr\/wordpress\/28-05-2016\/documentation\/","url_meta":{"origin":2467,"position":3},"title":"Se renseigner","date":"4 mai 2016","format":false,"excerpt":"Avec le d\u00e9veloppement des affichages dans les gares routi\u00e8res et aux arr\u00eats, d'Internet, des sites, des applications, les canaux d'information \u00e0 votre disposition se sont multipli\u00e9s. Que peuvent-ils vous apporter ? en quoi peuvent-ils vous aider ? Qui fait quoi ? Face \u00e0 une mutiplicit\u00e9 de noms et d'abr\u00e9viations, il\u2026","rel":"","context":"Article similaire","img":{"alt_text":"","src":"","width":0,"height":0},"classes":[]},{"id":2461,"url":"https:\/\/www.horizonemployeur.fr\/wordpress\/28-05-2016\/restructuration-bus-phase-2\/versailles\/","url_meta":{"origin":2467,"position":4},"title":"La restructuration bus sur l&rsquo;axe Versailles","date":"28 avril 2016","format":false,"excerpt":"Depuis d\u00e9cembre 2014, l'offre sur l'axe Versailles est compos\u00e9e de 4 lignes: la ligne 20, Versailles-Rive-Gauche - V\u00e9lizy 2, qui dessert la gare des Chantiers et rejoint V\u00e9lizy par le pont Colbert et l'A 86 la ligne 22, Versailles-Chantiers - Burospace, passe \u00e9galement par le pont Colbert et l'A 86,\u2026","rel":"","context":"Article similaire","img":{"alt_text":"","src":"","width":0,"height":0},"classes":[]},{"id":53,"url":"https:\/\/www.horizonemployeur.fr\/wordpress\/accueil\/sedeplacer\/transports-en-commun\/bus-paris\/","url_meta":{"origin":2467,"position":5},"title":"Les bus c\u00f4t\u00e9 Paris","date":"28 f\u00e9vrier 2014","format":false,"excerpt":"Outre la desserte des communes proches de Paris, ces lignes assurent la correspondance avec: RER \u00a0branches C5 (Versailles-Ch\u00e2teau-Rive Gauche) et C7 (St-Quentin-en-Yvelines) en gare de Meudon-Val Fleury: RATP 289 (Porte de St-Cloud \u00a0- Clamart-Georges Pompidou) - passage \u00e0 proximit\u00e9 d'INOVEL PARC Est RATP\u00a0389\u00a0(H\u00f4tel de Ville de Boulogne-Billancourt - Clamart-Georges Pompidou)\u2026","rel":"","context":"Article similaire","img":{"alt_text":"","src":"https:\/\/i0.wp.com\/www.horizonemployeur.fr\/wordpress\/wp-content\/uploads\/2016\/03\/p1150550_1200x900-1.jpg?fit=1200%2C900&ssl=1&resize=350%2C200","width":350,"height":200},"classes":[]}],"_links":{"self":[{"href":"https:\/\/www.horizonemployeur.fr\/wordpress\/wp-json\/wp\/v2\/pages\/2467"}],"collection":[{"href":"https:\/\/www.horizonemployeur.fr\/wordpress\/wp-json\/wp\/v2\/pages"}],"about":[{"href":"https:\/\/www.horizonemployeur.fr\/wordpress\/wp-json\/wp\/v2\/types\/page"}],"author":[{"embeddable":true,"href":"https:\/\/www.horizonemployeur.fr\/wordpress\/wp-json\/wp\/v2\/users\/1"}],"replies":[{"embeddable":true,"href":"https:\/\/www.horizonemployeur.fr\/wordpress\/wp-json\/wp\/v2\/comments?post=2467"}],"version-history":[{"count":4,"href":"https:\/\/www.horizonemployeur.fr\/wordpress\/wp-json\/wp\/v2\/pages\/2467\/revisions"}],"predecessor-version":[{"id":2571,"href":"https:\/\/www.horizonemployeur.fr\/wordpress\/wp-json\/wp\/v2\/pages\/2467\/revisions\/2571"}],"up":[{"embeddable":true,"href":"https:\/\/www.horizonemployeur.fr\/wordpress\/wp-json\/wp\/v2\/pages\/2459"}],"wp:attachment":[{"href":"https:\/\/www.horizonemployeur.fr\/wordpress\/wp-json\/wp\/v2\/media?parent=2467"}],"curies":[{"name":"wp","href":"https:\/\/api.w.org\/{rel}","templated":true}]}}