{"id":2465,"date":"2016-04-28T11:01:23","date_gmt":"2016-04-28T09:01:23","guid":{"rendered":"http:\/\/www.horizonemployeur.fr\/wordpress\/?page_id=2465"},"modified":"2016-04-28T11:18:37","modified_gmt":"2016-04-28T09:18:37","slug":"restructuration-bus-phase-2-antony","status":"publish","type":"page","link":"https:\/\/www.horizonemployeur.fr\/wordpress\/28-05-2016\/restructuration-bus-phase-2\/restructuration-bus-phase-2-antony\/","title":{"rendered":"La restructuration bus sur l&rsquo;axe Antony"},"content":{"rendered":"<p>Depuis de nombreuses ann\u00e9es, la ligne 50 (ex VAN) assurait tant bien que mal\u00a0une liaison Antony (Fontaine Michalon RER B) &#8211; Verri\u00e8res &#8211; Ch\u00e2tenay &#8211; Petit Clamart &#8211; V\u00e9lizy avec une offre tr\u00e8s r\u00e9duite, principalement orient\u00e9e vers la desserte scolaire. En d\u00e9cembre 2014, la partie de la ligne dans V\u00e9lizy avait \u00e9t\u00e9 supprim\u00e9e, la partie V\u00e9lizy 2 &#8211; L&rsquo;Onde \u00e9tant reprise par le tramway T6.<\/p>\n<p>Cette ligne est supprim\u00e9e.<\/p>\n<p>Il faudra donc utiliser 2 lignes en correspondance, dont la ligne RATP 379 entre La Croix de Berny et V\u00e9lizy 2. Plusieurs lignes dont la ligne RATP 294 et certaines lignes du r\u00e9seau Paladin permettent d&rsquo;assurer le rabattement sur la RD 986 et donc la ligne 379<\/p>\n<p>&nbsp;<\/p>\n","protected":false},"excerpt":{"rendered":"<p>Depuis de nombreuses ann\u00e9es, la ligne 50 (ex VAN) assurait tant bien que mal\u00a0une liaison Antony (Fontaine Michalon RER B) &#8211; Verri\u00e8res &#8211; Ch\u00e2tenay &#8211; Petit Clamart &#8211; V\u00e9lizy avec une offre tr\u00e8s r\u00e9duite, principalement orient\u00e9e vers la desserte scolaire. En d\u00e9cembre 2014, la partie de la ligne dans V\u00e9lizy avait \u00e9t\u00e9 supprim\u00e9e, la partie [&hellip;]<\/p>\n","protected":false},"author":1,"featured_media":0,"parent":2459,"menu_order":3,"comment_status":"closed","ping_status":"closed","template":"","meta":{"ngg_post_thumbnail":0,"jetpack_post_was_ever_published":false},"jetpack_sharing_enabled":true,"jetpack_shortlink":"https:\/\/wp.me\/P7AoJR-DL","jetpack-related-posts":[{"id":2508,"url":"https:\/\/www.horizonemployeur.fr\/wordpress\/28-05-2016\/restructuration-bus-phase-2\/ligne-phebus-50\/","url_meta":{"origin":2465,"position":0},"title":"La ligne Ph\u00e9bus 50 en d\u00e9tails","date":"29 avril 2016","format":false,"excerpt":"\u00a0 Depuis de nombreuses ann\u00e9es, la ligne 50 (ex VAN) assurait tant bien que mal\u00a0une liaison Antony (Fontaine Michalon RER B) \u2013 Verri\u00e8res \u2013 Ch\u00e2tenay \u2013 Petit Clamart \u2013 V\u00e9lizy avec une offre tr\u00e8s r\u00e9duite, principalement orient\u00e9e vers la desserte scolaire. En d\u00e9cembre 2014, la partie de la ligne dans\u2026","rel":"","context":"Article similaire","img":{"alt_text":"","src":"https:\/\/i0.wp.com\/www.horizonemployeur.fr\/wordpress\/wp-content\/uploads\/2016\/04\/Ph\u00c3\u00a9bus-50-remplacement-CAHB-300x232.png?resize=350%2C200","width":350,"height":200},"classes":[]},{"id":182,"url":"https:\/\/www.horizonemployeur.fr\/wordpress\/transports-reseaux-sociaux\/","url_meta":{"origin":2465,"position":1},"title":"Transports et R\u00e9seaux Sociaux","date":"24 mars 2014","format":false,"excerpt":"Qu'on le veuille ou pas, les r\u00e9seaux sociaux, et en particulier Twitter, prennent de plus en plus d'importance dans notre existence. Twitter est en effet un canal d'information instantan\u00e9e avec ses qualit\u00e9s (la rapidit\u00e9, tout dire en 280 caract\u00e8res maximum, et la r\u00e9activit\u00e9) mais aussi parfois ses d\u00e9fauts (absence de\u2026","rel":"","context":"Article similaire","img":{"alt_text":"","src":"","width":0,"height":0},"classes":[]},{"id":2544,"url":"https:\/\/www.horizonemployeur.fr\/wordpress\/28-05-2016\/restructuration-bus-phase-2\/ligne-phebus-30\/","url_meta":{"origin":2465,"position":2},"title":"La ligne Ph\u00e9bus 30 en d\u00e9tails","date":"2 mai 2016","format":false,"excerpt":"Cette ligne, issue de la ligne CVE pr\u00e9c\u00e9dente, avait pour vocation \u00e0 \u00eatre une ligne interquartiers, reliant l'ensemble des quartiers de V\u00e9lizy de Mozart-Provinces au centre commercial V\u00e9lizy 2 \u00e0 la gare RER C de Chaville-V\u00e9lizy. La ligne 30 est supprim\u00e9e. Les liaisons interquartiers sont assur\u00e9es par les autres lignes\u2026","rel":"","context":"Article similaire","img":{"alt_text":"","src":"","width":0,"height":0},"classes":[]},{"id":2463,"url":"https:\/\/www.horizonemployeur.fr\/wordpress\/28-05-2016\/restructuration-bus-phase-2\/restructuration-bus-phase-2-chaville\/","url_meta":{"origin":2465,"position":3},"title":"La restructuration bus sur l&rsquo;axe Chaville","date":"28 avril 2016","format":false,"excerpt":"Depuis d\u00e9cembre 2014, l'offre sur l'axe Chaville\u00a0est compos\u00e9e, hors lignes scolaires de 4 lignes: la ligne 30, Chaville-V\u00e9lizy\u00a0- V\u00e9lizy 2, assure la liaison des diff\u00e9rents quartiers de la ville, de la partie sud d'Inovel Parc Nord et du centre commercial V\u00e9lizy 2, avec la gare de Chaville-V\u00e9lizy la ligne 31,\u2026","rel":"","context":"Article similaire","img":{"alt_text":"","src":"https:\/\/i0.wp.com\/www.horizonemployeur.fr\/wordpress\/wp-content\/uploads\/2016\/04\/Plan-bus-mai-2016-axe-Chaville-300x275.png?resize=350%2C200","width":350,"height":200},"classes":[]},{"id":2461,"url":"https:\/\/www.horizonemployeur.fr\/wordpress\/28-05-2016\/restructuration-bus-phase-2\/versailles\/","url_meta":{"origin":2465,"position":4},"title":"La restructuration bus sur l&rsquo;axe Versailles","date":"28 avril 2016","format":false,"excerpt":"Depuis d\u00e9cembre 2014, l'offre sur l'axe Versailles est compos\u00e9e de 4 lignes: la ligne 20, Versailles-Rive-Gauche - V\u00e9lizy 2, qui dessert la gare des Chantiers et rejoint V\u00e9lizy par le pont Colbert et l'A 86 la ligne 22, Versailles-Chantiers - Burospace, passe \u00e9galement par le pont Colbert et l'A 86,\u2026","rel":"","context":"Article similaire","img":{"alt_text":"","src":"","width":0,"height":0},"classes":[]},{"id":2599,"url":"https:\/\/www.horizonemployeur.fr\/wordpress\/28-05-2016\/documentation\/","url_meta":{"origin":2465,"position":5},"title":"Se renseigner","date":"4 mai 2016","format":false,"excerpt":"Avec le d\u00e9veloppement des affichages dans les gares routi\u00e8res et aux arr\u00eats, d'Internet, des sites, des applications, les canaux d'information \u00e0 votre disposition se sont multipli\u00e9s. Que peuvent-ils vous apporter ? en quoi peuvent-ils vous aider ? Qui fait quoi ? Face \u00e0 une mutiplicit\u00e9 de noms et d'abr\u00e9viations, il\u2026","rel":"","context":"Article similaire","img":{"alt_text":"","src":"","width":0,"height":0},"classes":[]}],"_links":{"self":[{"href":"https:\/\/www.horizonemployeur.fr\/wordpress\/wp-json\/wp\/v2\/pages\/2465"}],"collection":[{"href":"https:\/\/www.horizonemployeur.fr\/wordpress\/wp-json\/wp\/v2\/pages"}],"about":[{"href":"https:\/\/www.horizonemployeur.fr\/wordpress\/wp-json\/wp\/v2\/types\/page"}],"author":[{"embeddable":true,"href":"https:\/\/www.horizonemployeur.fr\/wordpress\/wp-json\/wp\/v2\/users\/1"}],"replies":[{"embeddable":true,"href":"https:\/\/www.horizonemployeur.fr\/wordpress\/wp-json\/wp\/v2\/comments?post=2465"}],"version-history":[{"count":1,"href":"https:\/\/www.horizonemployeur.fr\/wordpress\/wp-json\/wp\/v2\/pages\/2465\/revisions"}],"predecessor-version":[{"id":2466,"href":"https:\/\/www.horizonemployeur.fr\/wordpress\/wp-json\/wp\/v2\/pages\/2465\/revisions\/2466"}],"up":[{"embeddable":true,"href":"https:\/\/www.horizonemployeur.fr\/wordpress\/wp-json\/wp\/v2\/pages\/2459"}],"wp:attachment":[{"href":"https:\/\/www.horizonemployeur.fr\/wordpress\/wp-json\/wp\/v2\/media?parent=2465"}],"curies":[{"name":"wp","href":"https:\/\/api.w.org\/{rel}","templated":true}]}}