{"id":2463,"date":"2016-04-28T10:56:00","date_gmt":"2016-04-28T08:56:00","guid":{"rendered":"http:\/\/www.horizonemployeur.fr\/wordpress\/?page_id=2463"},"modified":"2016-05-25T08:21:42","modified_gmt":"2016-05-25T06:21:42","slug":"restructuration-bus-phase-2-chaville","status":"publish","type":"page","link":"https:\/\/www.horizonemployeur.fr\/wordpress\/28-05-2016\/restructuration-bus-phase-2\/restructuration-bus-phase-2-chaville\/","title":{"rendered":"La restructuration bus sur l&rsquo;axe Chaville"},"content":{"rendered":"<p>Depuis d\u00e9cembre 2014, l&rsquo;offre sur l&rsquo;axe Chaville\u00a0est compos\u00e9e, hors lignes scolaires de 4 lignes:<\/p>\n<ul>\n<li>la ligne 30, Chaville-V\u00e9lizy\u00a0&#8211; V\u00e9lizy 2, assure la liaison des diff\u00e9rents quartiers de la ville, de la partie sud d&rsquo;Inovel Parc Nord et du centre commercial V\u00e9lizy 2, avec la gare de Chaville-V\u00e9lizy<\/li>\n<li>la ligne 31, Chaville-V\u00e9lizy &#8211; Ursine, dessert V\u00e9lizy-le-Bas<\/li>\n<li>la ligne 32, Chaville-Rive Droite &#8211; Jouy-en-Josas RER C, relie les 3 gares de Chaville, le secteur ouest de V\u00e9lizy (rue Marcel Sembat, avenue Robert Wagner) et Jouy-en-Josas<\/li>\n<li>la ligne 33, Chaville-Rive Droite &#8211; Burospace, relie les 3 gares de Chaville, le secteur\u00a0ouest de V\u00e9lizy (rue Marcel Sembat, avenue Robert Wagner), Inovel Parc Sud, la BA 107 et Burospace<\/li>\n<li>la ligne 34, Chaville-Rive Droite &#8211; V\u00e9lizy 2, dessert les 3 gares de Chaville, le centre ville de V\u00e9lizy et la partie nord d&rsquo;Inovel Parc Nord<\/li>\n<\/ul>\n<p>D\u00e9sormais, il n&rsquo;y a plus que 4\u00a0lignes, la ligne 30 \u00e9tant supprim\u00e9e:<\/p>\n<ul>\n<li>la ligne 31\u00a0est prolong\u00e9e jusqu&rsquo;\u00e0 Robert Wagner et assure ainsi la correspondance avec le tramway T6 pour les habitants de V\u00e9lizy-le-Bas<\/li>\n<li>la ligne 32\u00a0continue \u00e0 assurer\u00a0la m\u00eame liaison mais son itin\u00e9raire est simplifi\u00e9 dans Jouy-en-Josas, ne desseervant plus Les Gen\u00eats<\/li>\n<li>la ligne 33\u00a0conserve sa desserte actuelle, prolong\u00e9e de Burospace jusqu&rsquo;\u00e0 la gare de Bi\u00e8vres en r\u00e9cup\u00e9rant la desserte aujourd&rsquo;hui assur\u00e9e par la ligne MobiCAPS 17<\/li>\n<li>la ligne 34 est modifi\u00e9e en empruntant l&rsquo;avenue G\u00e9n\u00e9ral de Gaulle au lieu de la rue Brindejonc des Moulinais. Sauf aux heures de pointe salari\u00e9s (matin vers Inovel Parc Nord, soir vers Chaville), elle dessert le quartier Mozart-Provinces.<\/li>\n<\/ul>\n<p><a href=\"https:\/\/i0.wp.com\/www.horizonemployeur.fr\/wordpress\/wp-content\/uploads\/2016\/04\/Plan-bus-mai-2016-axe-Chaville.png\"><img data-attachment-id=\"2704\" data-permalink=\"https:\/\/www.horizonemployeur.fr\/wordpress\/28-05-2016\/restructuration-bus-phase-2\/restructuration-bus-phase-2-chaville\/plan-bus-mai-2016-axe-chaville\/\" data-orig-file=\"https:\/\/i0.wp.com\/www.horizonemployeur.fr\/wordpress\/wp-content\/uploads\/2016\/04\/Plan-bus-mai-2016-axe-Chaville.png?fit=781%2C716&amp;ssl=1\" data-orig-size=\"781,716\" data-comments-opened=\"1\" data-image-meta=\"{&quot;aperture&quot;:&quot;0&quot;,&quot;credit&quot;:&quot;&quot;,&quot;camera&quot;:&quot;&quot;,&quot;caption&quot;:&quot;&quot;,&quot;created_timestamp&quot;:&quot;0&quot;,&quot;copyright&quot;:&quot;&quot;,&quot;focal_length&quot;:&quot;0&quot;,&quot;iso&quot;:&quot;0&quot;,&quot;shutter_speed&quot;:&quot;0&quot;,&quot;title&quot;:&quot;&quot;,&quot;orientation&quot;:&quot;0&quot;}\" data-image-title=\"Plan bus mai 2016 axe Chaville\" data-image-description=\"\" data-image-caption=\"\" data-medium-file=\"https:\/\/i0.wp.com\/www.horizonemployeur.fr\/wordpress\/wp-content\/uploads\/2016\/04\/Plan-bus-mai-2016-axe-Chaville.png?fit=300%2C275&amp;ssl=1\" data-large-file=\"https:\/\/i0.wp.com\/www.horizonemployeur.fr\/wordpress\/wp-content\/uploads\/2016\/04\/Plan-bus-mai-2016-axe-Chaville.png?fit=700%2C642&amp;ssl=1\" decoding=\"async\" loading=\"lazy\" class=\"alignnone size-medium wp-image-2704\" src=\"https:\/\/i0.wp.com\/www.horizonemployeur.fr\/wordpress\/wp-content\/uploads\/2016\/04\/Plan-bus-mai-2016-axe-Chaville-300x275.png?resize=300%2C275\" alt=\"Plan bus mai 2016 axe Chaville\" width=\"300\" height=\"275\" srcset=\"https:\/\/i0.wp.com\/www.horizonemployeur.fr\/wordpress\/wp-content\/uploads\/2016\/04\/Plan-bus-mai-2016-axe-Chaville.png?resize=300%2C275&amp;ssl=1 300w, https:\/\/i0.wp.com\/www.horizonemployeur.fr\/wordpress\/wp-content\/uploads\/2016\/04\/Plan-bus-mai-2016-axe-Chaville.png?resize=768%2C704&amp;ssl=1 768w, https:\/\/i0.wp.com\/www.horizonemployeur.fr\/wordpress\/wp-content\/uploads\/2016\/04\/Plan-bus-mai-2016-axe-Chaville.png?resize=648%2C594&amp;ssl=1 648w, https:\/\/i0.wp.com\/www.horizonemployeur.fr\/wordpress\/wp-content\/uploads\/2016\/04\/Plan-bus-mai-2016-axe-Chaville.png?resize=209%2C192&amp;ssl=1 209w, https:\/\/i0.wp.com\/www.horizonemployeur.fr\/wordpress\/wp-content\/uploads\/2016\/04\/Plan-bus-mai-2016-axe-Chaville.png?w=781&amp;ssl=1 781w\" sizes=\"(max-width: 300px) 100vw, 300px\" data-recalc-dims=\"1\" \/><\/a><\/p>\n<p><em>Cliquez sur l&rsquo;image pour l&rsquo;agrandir<\/em><\/p>\n<p>Pour en savoir plus:<\/p>\n<p><a href=\"http:\/\/www.horizonemployeur.fr\/wordpress\/28-05-2016\/restructuration-bus-phase-2\/ligne-phebus-31\/\"><img data-attachment-id=\"2555\" data-permalink=\"https:\/\/www.horizonemployeur.fr\/wordpress\/28-05-2016\/restructuration-bus-phase-2\/vignette_phebus_31_330x240\/\" data-orig-file=\"https:\/\/i0.wp.com\/www.horizonemployeur.fr\/wordpress\/wp-content\/uploads\/2016\/04\/vignette_phebus_31_330x240.png?fit=330%2C240&amp;ssl=1\" data-orig-size=\"330,240\" data-comments-opened=\"1\" data-image-meta=\"{&quot;aperture&quot;:&quot;0&quot;,&quot;credit&quot;:&quot;&quot;,&quot;camera&quot;:&quot;&quot;,&quot;caption&quot;:&quot;&quot;,&quot;created_timestamp&quot;:&quot;0&quot;,&quot;copyright&quot;:&quot;&quot;,&quot;focal_length&quot;:&quot;0&quot;,&quot;iso&quot;:&quot;0&quot;,&quot;shutter_speed&quot;:&quot;0&quot;,&quot;title&quot;:&quot;&quot;,&quot;orientation&quot;:&quot;0&quot;}\" data-image-title=\"vignette_phebus_31_330x240\" data-image-description=\"\" data-image-caption=\"\" data-medium-file=\"https:\/\/i0.wp.com\/www.horizonemployeur.fr\/wordpress\/wp-content\/uploads\/2016\/04\/vignette_phebus_31_330x240.png?fit=300%2C218&amp;ssl=1\" data-large-file=\"https:\/\/i0.wp.com\/www.horizonemployeur.fr\/wordpress\/wp-content\/uploads\/2016\/04\/vignette_phebus_31_330x240.png?fit=330%2C240&amp;ssl=1\" decoding=\"async\" loading=\"lazy\" class=\"alignnone wp-image-2555\" src=\"https:\/\/i0.wp.com\/www.horizonemployeur.fr\/wordpress\/wp-content\/uploads\/2016\/04\/vignette_phebus_31_330x240-300x218.png?resize=150%2C109\" sizes=\"(max-width: 300px) 100vw, 300px\" srcset=\"https:\/\/i0.wp.com\/www.horizonemployeur.fr\/wordpress\/wp-content\/uploads\/2016\/04\/vignette_phebus_31_330x240-300x218.png?resize=150%2C109 300w, http:\/\/www.horizonemployeur.fr\/wordpress\/wp-content\/uploads\/2016\/04\/vignette_phebus_31_330x240.png 330w, http:\/\/www.horizonemployeur.fr\/wordpress\/wp-content\/uploads\/2016\/04\/vignette_phebus_31_330x240-264x192.png 264w\" alt=\"vignette_phebus_31_330x240\" width=\"150\" height=\"109\" data-recalc-dims=\"1\" \/><\/a><a href=\"http:\/\/www.horizonemployeur.fr\/wordpress\/28-05-2016\/restructuration-bus-phase-2\/ligne-phebus-32\/\"><img data-attachment-id=\"2556\" data-permalink=\"https:\/\/www.horizonemployeur.fr\/wordpress\/28-05-2016\/restructuration-bus-phase-2\/vignette_phebus_32_330x240\/\" data-orig-file=\"https:\/\/i0.wp.com\/www.horizonemployeur.fr\/wordpress\/wp-content\/uploads\/2016\/04\/vignette_phebus_32_330x240.png?fit=330%2C240&amp;ssl=1\" data-orig-size=\"330,240\" data-comments-opened=\"1\" data-image-meta=\"{&quot;aperture&quot;:&quot;0&quot;,&quot;credit&quot;:&quot;&quot;,&quot;camera&quot;:&quot;&quot;,&quot;caption&quot;:&quot;&quot;,&quot;created_timestamp&quot;:&quot;0&quot;,&quot;copyright&quot;:&quot;&quot;,&quot;focal_length&quot;:&quot;0&quot;,&quot;iso&quot;:&quot;0&quot;,&quot;shutter_speed&quot;:&quot;0&quot;,&quot;title&quot;:&quot;&quot;,&quot;orientation&quot;:&quot;0&quot;}\" data-image-title=\"vignette_phebus_32_330x240\" data-image-description=\"\" data-image-caption=\"\" data-medium-file=\"https:\/\/i0.wp.com\/www.horizonemployeur.fr\/wordpress\/wp-content\/uploads\/2016\/04\/vignette_phebus_32_330x240.png?fit=300%2C218&amp;ssl=1\" data-large-file=\"https:\/\/i0.wp.com\/www.horizonemployeur.fr\/wordpress\/wp-content\/uploads\/2016\/04\/vignette_phebus_32_330x240.png?fit=330%2C240&amp;ssl=1\" decoding=\"async\" loading=\"lazy\" class=\"alignnone wp-image-2556\" src=\"https:\/\/i0.wp.com\/www.horizonemployeur.fr\/wordpress\/wp-content\/uploads\/2016\/04\/vignette_phebus_32_330x240-300x218.png?resize=150%2C109\" sizes=\"(max-width: 300px) 100vw, 300px\" srcset=\"https:\/\/i0.wp.com\/www.horizonemployeur.fr\/wordpress\/wp-content\/uploads\/2016\/04\/vignette_phebus_32_330x240-300x218.png?resize=150%2C109 300w, http:\/\/www.horizonemployeur.fr\/wordpress\/wp-content\/uploads\/2016\/04\/vignette_phebus_32_330x240.png 330w, http:\/\/www.horizonemployeur.fr\/wordpress\/wp-content\/uploads\/2016\/04\/vignette_phebus_32_330x240-264x192.png 264w\" alt=\"vignette_phebus_32_330x240\" width=\"150\" height=\"109\" data-recalc-dims=\"1\" \/><\/a><a href=\"http:\/\/www.horizonemployeur.fr\/wordpress\/28-05-2016\/restructuration-bus-phase-2\/ligne-phebus-33\/\"><img data-attachment-id=\"2557\" data-permalink=\"https:\/\/www.horizonemployeur.fr\/wordpress\/28-05-2016\/restructuration-bus-phase-2\/vignette_phebus_33_330x240\/\" data-orig-file=\"https:\/\/i0.wp.com\/www.horizonemployeur.fr\/wordpress\/wp-content\/uploads\/2016\/04\/vignette_phebus_33_330x240.png?fit=330%2C240&amp;ssl=1\" data-orig-size=\"330,240\" data-comments-opened=\"1\" data-image-meta=\"{&quot;aperture&quot;:&quot;0&quot;,&quot;credit&quot;:&quot;&quot;,&quot;camera&quot;:&quot;&quot;,&quot;caption&quot;:&quot;&quot;,&quot;created_timestamp&quot;:&quot;0&quot;,&quot;copyright&quot;:&quot;&quot;,&quot;focal_length&quot;:&quot;0&quot;,&quot;iso&quot;:&quot;0&quot;,&quot;shutter_speed&quot;:&quot;0&quot;,&quot;title&quot;:&quot;&quot;,&quot;orientation&quot;:&quot;0&quot;}\" data-image-title=\"vignette_phebus_33_330x240\" data-image-description=\"\" data-image-caption=\"\" data-medium-file=\"https:\/\/i0.wp.com\/www.horizonemployeur.fr\/wordpress\/wp-content\/uploads\/2016\/04\/vignette_phebus_33_330x240.png?fit=300%2C218&amp;ssl=1\" data-large-file=\"https:\/\/i0.wp.com\/www.horizonemployeur.fr\/wordpress\/wp-content\/uploads\/2016\/04\/vignette_phebus_33_330x240.png?fit=330%2C240&amp;ssl=1\" decoding=\"async\" loading=\"lazy\" class=\"alignnone wp-image-2557\" src=\"https:\/\/i0.wp.com\/www.horizonemployeur.fr\/wordpress\/wp-content\/uploads\/2016\/04\/vignette_phebus_33_330x240-300x218.png?resize=149%2C108\" sizes=\"(max-width: 300px) 100vw, 300px\" srcset=\"https:\/\/i0.wp.com\/www.horizonemployeur.fr\/wordpress\/wp-content\/uploads\/2016\/04\/vignette_phebus_33_330x240-300x218.png?resize=149%2C108 300w, http:\/\/www.horizonemployeur.fr\/wordpress\/wp-content\/uploads\/2016\/04\/vignette_phebus_33_330x240.png 330w, http:\/\/www.horizonemployeur.fr\/wordpress\/wp-content\/uploads\/2016\/04\/vignette_phebus_33_330x240-264x192.png 264w\" alt=\"vignette_phebus_33_330x240\" width=\"149\" height=\"108\" data-recalc-dims=\"1\" \/><\/a><a href=\"http:\/\/www.horizonemployeur.fr\/wordpress\/28-05-2016\/restructuration-bus-phase-2\/ligne-phebus-34\/\"><img data-attachment-id=\"2558\" data-permalink=\"https:\/\/www.horizonemployeur.fr\/wordpress\/28-05-2016\/restructuration-bus-phase-2\/vignette_phebus_34_330x240\/\" data-orig-file=\"https:\/\/i0.wp.com\/www.horizonemployeur.fr\/wordpress\/wp-content\/uploads\/2016\/04\/vignette_phebus_34_330x240.png?fit=330%2C240&amp;ssl=1\" data-orig-size=\"330,240\" data-comments-opened=\"1\" data-image-meta=\"{&quot;aperture&quot;:&quot;0&quot;,&quot;credit&quot;:&quot;&quot;,&quot;camera&quot;:&quot;&quot;,&quot;caption&quot;:&quot;&quot;,&quot;created_timestamp&quot;:&quot;0&quot;,&quot;copyright&quot;:&quot;&quot;,&quot;focal_length&quot;:&quot;0&quot;,&quot;iso&quot;:&quot;0&quot;,&quot;shutter_speed&quot;:&quot;0&quot;,&quot;title&quot;:&quot;&quot;,&quot;orientation&quot;:&quot;0&quot;}\" data-image-title=\"vignette_phebus_34_330x240\" data-image-description=\"\" data-image-caption=\"\" data-medium-file=\"https:\/\/i0.wp.com\/www.horizonemployeur.fr\/wordpress\/wp-content\/uploads\/2016\/04\/vignette_phebus_34_330x240.png?fit=300%2C218&amp;ssl=1\" data-large-file=\"https:\/\/i0.wp.com\/www.horizonemployeur.fr\/wordpress\/wp-content\/uploads\/2016\/04\/vignette_phebus_34_330x240.png?fit=330%2C240&amp;ssl=1\" decoding=\"async\" loading=\"lazy\" class=\"alignnone wp-image-2558\" src=\"https:\/\/i0.wp.com\/www.horizonemployeur.fr\/wordpress\/wp-content\/uploads\/2016\/04\/vignette_phebus_34_330x240-300x218.png?resize=150%2C109\" sizes=\"(max-width: 300px) 100vw, 300px\" srcset=\"https:\/\/i0.wp.com\/www.horizonemployeur.fr\/wordpress\/wp-content\/uploads\/2016\/04\/vignette_phebus_34_330x240-300x218.png?resize=150%2C109 300w, http:\/\/www.horizonemployeur.fr\/wordpress\/wp-content\/uploads\/2016\/04\/vignette_phebus_34_330x240.png 330w, http:\/\/www.horizonemployeur.fr\/wordpress\/wp-content\/uploads\/2016\/04\/vignette_phebus_34_330x240-264x192.png 264w\" alt=\"vignette_phebus_34_330x240\" width=\"150\" height=\"109\" data-recalc-dims=\"1\" \/><\/a><\/p>\n","protected":false},"excerpt":{"rendered":"<p>Depuis d\u00e9cembre 2014, l&rsquo;offre sur l&rsquo;axe Chaville\u00a0est compos\u00e9e, hors lignes scolaires de 4 lignes: la ligne 30, Chaville-V\u00e9lizy\u00a0&#8211; V\u00e9lizy 2, assure la liaison des diff\u00e9rents quartiers de la ville, de la partie sud d&rsquo;Inovel Parc Nord et du centre commercial V\u00e9lizy 2, avec la gare de Chaville-V\u00e9lizy la ligne 31, Chaville-V\u00e9lizy &#8211; Ursine, dessert V\u00e9lizy-le-Bas [&hellip;]<\/p>\n","protected":false},"author":1,"featured_media":0,"parent":2459,"menu_order":2,"comment_status":"closed","ping_status":"closed","template":"","meta":{"ngg_post_thumbnail":0,"jetpack_post_was_ever_published":false},"jetpack_sharing_enabled":true,"jetpack_shortlink":"https:\/\/wp.me\/P7AoJR-DJ","jetpack-related-posts":[{"id":51,"url":"https:\/\/www.horizonemployeur.fr\/wordpress\/accueil\/sedeplacer\/transports-en-commun\/bus-chaville\/","url_meta":{"origin":2463,"position":0},"title":"Les bus c\u00f4t\u00e9 Chaville","date":"28 f\u00e9vrier 2014","format":false,"excerpt":"En dehors d\u2019assurer la desserte des communes de Viroflay (quartier est) et Chaville, ces lignes donnent correspondance avec: en gare de Chaville-V\u00e9lizy: RER branches C5 (Versailles-Ch\u00e2teau-Rive Gauche) et C7 (St Quentin-en-Yvelines) en gare de Chaville-Rive Gauche: Transilien (Paris-Montparnasse - Versailles-Chantiers - Rambouillet \/ Dreux \/ Mantes) en gare de Chaville-Rive\u2026","rel":"","context":"Avec 2 commentaires","img":{"alt_text":"","src":"https:\/\/i0.wp.com\/www.horizonemployeur.fr\/wordpress\/wp-content\/uploads\/2016\/04\/p1100542-600x430.jpg?fit=600%2C430&ssl=1&resize=350%2C200","width":350,"height":200},"classes":[]},{"id":2517,"url":"https:\/\/www.horizonemployeur.fr\/wordpress\/28-05-2016\/restructuration-bus-phase-2\/ligne-phebus-31\/","url_meta":{"origin":2463,"position":1},"title":"La ligne Ph\u00e9bus 31 en d\u00e9tails","date":"29 avril 2016","format":false,"excerpt":"Un itin\u00e9raire modifi\u00e9 Cliquez sur l\u2019image pour la t\u00e9l\u00e9charger dans son format originel Une seule modification est apport\u00e9e \u00e0 l'itin\u00e9raire de la ligne mais elle est d'importance pour les habitants de V\u00e9lizy-le-Bas. La ligne est en effet prolong\u00e9e jusqu'\u00e0 Robert Wagner de fa\u00e7on \u00e0 apporter une correspondance directe avec le\u2026","rel":"","context":"Article similaire","img":{"alt_text":"","src":"https:\/\/i0.wp.com\/www.horizonemployeur.fr\/wordpress\/wp-content\/uploads\/2016\/04\/Ph\u00c3\u00a9bus-31-mai-2016-263x300.png?resize=350%2C200","width":350,"height":200},"classes":[]},{"id":2461,"url":"https:\/\/www.horizonemployeur.fr\/wordpress\/28-05-2016\/restructuration-bus-phase-2\/versailles\/","url_meta":{"origin":2463,"position":2},"title":"La restructuration bus sur l&rsquo;axe Versailles","date":"28 avril 2016","format":false,"excerpt":"Depuis d\u00e9cembre 2014, l'offre sur l'axe Versailles est compos\u00e9e de 4 lignes: la ligne 20, Versailles-Rive-Gauche - V\u00e9lizy 2, qui dessert la gare des Chantiers et rejoint V\u00e9lizy par le pont Colbert et l'A 86 la ligne 22, Versailles-Chantiers - Burospace, passe \u00e9galement par le pont Colbert et l'A 86,\u2026","rel":"","context":"Article similaire","img":{"alt_text":"","src":"","width":0,"height":0},"classes":[]},{"id":2521,"url":"https:\/\/www.horizonemployeur.fr\/wordpress\/28-05-2016\/restructuration-bus-phase-2\/ligne-phebus-32\/","url_meta":{"origin":2463,"position":3},"title":"La ligne Ph\u00e9bus 32 en d\u00e9tails","date":"29 avril 2016","format":false,"excerpt":"Un itin\u00e9raire modifi\u00e9 Cliquez sur l\u2019image pour la t\u00e9l\u00e9charger dans son format originel Si la ligne 32 continue \u00e0 assurer la liaison entre les 3 gares de Chaville, V\u00e9lizy et la gare de Jouy-en-Josas, son itin\u00e9raire est simplifi\u00e9 en 2 endroits sur Jouy-en-Josas: suppression de l'arr\u00eat Les Gen\u00eats: en direction\u2026","rel":"","context":"Article similaire","img":{"alt_text":"","src":"https:\/\/i0.wp.com\/www.horizonemployeur.fr\/wordpress\/wp-content\/uploads\/2016\/04\/Ph\u00c3\u00a9bus-32-mai-2016-142x300.png?resize=350%2C200","width":350,"height":200},"classes":[]},{"id":2477,"url":"https:\/\/www.horizonemployeur.fr\/wordpress\/28-05-2016\/t6-viroflay\/viroflay-rive-gauche\/","url_meta":{"origin":2463,"position":4},"title":"Viroflay-Rive Gauche","date":"28 avril 2016","format":false,"excerpt":"Viroflay-Rive Droite est la 20e et avant-derni\u00e8re station de la ligne T6. Elle se situe dans le tunnel de Viroflay emprunt\u00e9 par le tramway \u00e0 partir de la c\u00f4te de Chaville et\u00a0donc\u00a0sous la place du Mar\u00e9chal Koenig. Elle propose les\u00a0correspondances avec: la ligne RER C Paris - Versailles-Ch\u00e2teau-Rive Gauche \/\u2026","rel":"","context":"Article similaire","img":{"alt_text":"P1130441_800d","src":"https:\/\/i0.wp.com\/www.horizonemployeur.fr\/wordpress\/wp-content\/uploads\/2016\/04\/P1130441_800d-300x150.jpg?resize=350%2C200","width":350,"height":200},"classes":[]},{"id":2467,"url":"https:\/\/www.horizonemployeur.fr\/wordpress\/28-05-2016\/restructuration-bus-phase-2\/restructuration-bus-phase-2-bievres\/","url_meta":{"origin":2463,"position":5},"title":"La restructuration bus sur l&rsquo;axe Bi\u00e8vres","date":"28 avril 2016","format":false,"excerpt":"La desserte de la vall\u00e9e de la Bi\u00e8vre \u00e9tait assur\u00e9e par 2 lignes, issues de l'ancienne ligne 495 co-exploit\u00e9e par la RATP et les Cars d'Orsay: la ligne MobiCAPS 15, entre Massy-Palaiseau (gare RER C Vilmorin), Igny, Bi\u00e8vres, Le Petit Clamart et V\u00e9lizy 2 la ligne MobiCAPS 17, entre Bi\u00e8vres,\u2026","rel":"","context":"Article similaire","img":{"alt_text":"","src":"","width":0,"height":0},"classes":[]}],"_links":{"self":[{"href":"https:\/\/www.horizonemployeur.fr\/wordpress\/wp-json\/wp\/v2\/pages\/2463"}],"collection":[{"href":"https:\/\/www.horizonemployeur.fr\/wordpress\/wp-json\/wp\/v2\/pages"}],"about":[{"href":"https:\/\/www.horizonemployeur.fr\/wordpress\/wp-json\/wp\/v2\/types\/page"}],"author":[{"embeddable":true,"href":"https:\/\/www.horizonemployeur.fr\/wordpress\/wp-json\/wp\/v2\/users\/1"}],"replies":[{"embeddable":true,"href":"https:\/\/www.horizonemployeur.fr\/wordpress\/wp-json\/wp\/v2\/comments?post=2463"}],"version-history":[{"count":4,"href":"https:\/\/www.horizonemployeur.fr\/wordpress\/wp-json\/wp\/v2\/pages\/2463\/revisions"}],"predecessor-version":[{"id":2705,"href":"https:\/\/www.horizonemployeur.fr\/wordpress\/wp-json\/wp\/v2\/pages\/2463\/revisions\/2705"}],"up":[{"embeddable":true,"href":"https:\/\/www.horizonemployeur.fr\/wordpress\/wp-json\/wp\/v2\/pages\/2459"}],"wp:attachment":[{"href":"https:\/\/www.horizonemployeur.fr\/wordpress\/wp-json\/wp\/v2\/media?parent=2463"}],"curies":[{"name":"wp","href":"https:\/\/api.w.org\/{rel}","templated":true}]}}