{"id":2461,"date":"2016-04-28T10:35:28","date_gmt":"2016-04-28T08:35:28","guid":{"rendered":"http:\/\/www.horizonemployeur.fr\/wordpress\/?page_id=2461"},"modified":"2016-05-11T13:06:14","modified_gmt":"2016-05-11T11:06:14","slug":"versailles","status":"publish","type":"page","link":"https:\/\/www.horizonemployeur.fr\/wordpress\/28-05-2016\/restructuration-bus-phase-2\/versailles\/","title":{"rendered":"La restructuration bus sur l&rsquo;axe Versailles"},"content":{"rendered":"<p>Depuis d\u00e9cembre 2014, l&rsquo;offre sur l&rsquo;axe Versailles est compos\u00e9e de 4 lignes:<\/p>\n<ul>\n<li>la ligne 20, Versailles-Rive-Gauche &#8211; V\u00e9lizy 2, qui dessert la gare des Chantiers et rejoint V\u00e9lizy par le pont Colbert et l&rsquo;A 86<\/li>\n<li>la ligne 22, Versailles-Chantiers &#8211; Burospace, passe \u00e9galement par le pont Colbert et l&rsquo;A 86, puis dessert Inovel Parc Sud et la BA 107<\/li>\n<li>la ligne 23, Versailles-Europe &#8211; V\u00e9lizy Centre Commercial, passe par l&rsquo;avenue de Paris puis longe Viroflay avant d&rsquo;atteindre V\u00e9lizy par la c\u00f4te de Chaville<\/li>\n<li>la ligne 24, Versailles-Chantiers &#8211; V\u00e9lizy Centre Commercial, passe par le pont Colbert et l&rsquo;A 86. Elle longe ensuite le tramway T6 puis traverse Inovel Parc Nord avant de desservir la gare routi\u00e8re V\u00e9lizy 2<\/li>\n<\/ul>\n<p>D\u00e9sormais, il n&rsquo;y a plus que 3 lignes, la ligne 20 \u00e9tant supprim\u00e9e:<\/p>\n<ul>\n<li>la ligne 22 continue \u00e0 assurer la liaison entre Versailles-Chantiers et Burospace, en passant par le pont Colbert, l&rsquo;A 86, Inovel Parc Sud (rue G\u00e9n\u00e9ral Val\u00e9rie Andr\u00e9) et la BA 107<\/li>\n<li>la ligne 23 continue \u00e0 assurer la liaison entre Versailles-Europe et V\u00e9lizy-Centre Commercial, mais elle dessert le quartier Mozart-Provinces \u00e0 l&rsquo;ouest de V\u00e9lizy et traverse maintenant la partie sud d&rsquo;Inovel Parc Nord<\/li>\n<li>la ligne 24 continue \u00e0 assurer la liaison entre Versailles-Chantiers et V\u00e9lizy-Centre Commercial. Mais elle suit en grande partie l&rsquo;itin\u00e9raire de la ligne 23 par l&rsquo;avenue de Paris et la limite de Viroflay jusqu&rsquo;\u00e0 la c\u00f4te de Chaville. &#8211;\u00a0Pourquoi ce changement ? il ne s&rsquo;agit pas d&rsquo;assurer un trajet plus rapide (le temps de parcours devrait \u00eatre inchang\u00e9) mais d&rsquo;avoir un temps de parcours moins soumis aux fluctuations dues aux encombrements de la rue des Chantiers et de l&rsquo;A 86<br \/>\n&#8211; j&rsquo;habite entre la gare des Chantiers et le pont Colbert. qu&rsquo;est-ce que je fais maintenant ? la ligne B du r\u00e9seau Ph\u00e9bus Versailles assure une liaison fr\u00e9quente entre la gare des Chantiers et son terminus de Porchefontaine, \u00e0 l&rsquo;extr\u00e9mit\u00e9 de la rue Yves Le Coz. Un arr\u00eat est cr\u00e9\u00e9 sur les lignes 23 et 24 en correspondance avec ce terminus de Porchefontaine.<\/li>\n<\/ul>\n<table>\n<tbody>\n<tr>\n<td>\u00a0<a href=\"https:\/\/i0.wp.com\/www.horizonemployeur.fr\/wordpress\/wp-content\/uploads\/2016\/04\/Plan-23-24-mai-2016.png\"><img data-attachment-id=\"2657\" data-permalink=\"https:\/\/www.horizonemployeur.fr\/wordpress\/28-05-2016\/restructuration-bus-phase-2\/versailles\/plan-23-24-mai-2016\/\" data-orig-file=\"https:\/\/i0.wp.com\/www.horizonemployeur.fr\/wordpress\/wp-content\/uploads\/2016\/04\/Plan-23-24-mai-2016.png?fit=1319%2C667&amp;ssl=1\" data-orig-size=\"1319,667\" data-comments-opened=\"1\" data-image-meta=\"{&quot;aperture&quot;:&quot;0&quot;,&quot;credit&quot;:&quot;&quot;,&quot;camera&quot;:&quot;&quot;,&quot;caption&quot;:&quot;&quot;,&quot;created_timestamp&quot;:&quot;0&quot;,&quot;copyright&quot;:&quot;&quot;,&quot;focal_length&quot;:&quot;0&quot;,&quot;iso&quot;:&quot;0&quot;,&quot;shutter_speed&quot;:&quot;0&quot;,&quot;title&quot;:&quot;&quot;,&quot;orientation&quot;:&quot;0&quot;}\" data-image-title=\"Plan 23-24 mai 2016\" data-image-description=\"\" data-image-caption=\"\" data-medium-file=\"https:\/\/i0.wp.com\/www.horizonemployeur.fr\/wordpress\/wp-content\/uploads\/2016\/04\/Plan-23-24-mai-2016.png?fit=300%2C152&amp;ssl=1\" data-large-file=\"https:\/\/i0.wp.com\/www.horizonemployeur.fr\/wordpress\/wp-content\/uploads\/2016\/04\/Plan-23-24-mai-2016.png?fit=700%2C354&amp;ssl=1\" decoding=\"async\" loading=\"lazy\" class=\"alignnone wp-image-2657\" src=\"https:\/\/i0.wp.com\/www.horizonemployeur.fr\/wordpress\/wp-content\/uploads\/2016\/04\/Plan-23-24-mai-2016-300x152.png?resize=300%2C152\" alt=\"Plan 23-24 mai 2016\" width=\"300\" height=\"152\" srcset=\"https:\/\/i0.wp.com\/www.horizonemployeur.fr\/wordpress\/wp-content\/uploads\/2016\/04\/Plan-23-24-mai-2016.png?resize=300%2C152&amp;ssl=1 300w, https:\/\/i0.wp.com\/www.horizonemployeur.fr\/wordpress\/wp-content\/uploads\/2016\/04\/Plan-23-24-mai-2016.png?resize=768%2C388&amp;ssl=1 768w, https:\/\/i0.wp.com\/www.horizonemployeur.fr\/wordpress\/wp-content\/uploads\/2016\/04\/Plan-23-24-mai-2016.png?resize=1024%2C518&amp;ssl=1 1024w, https:\/\/i0.wp.com\/www.horizonemployeur.fr\/wordpress\/wp-content\/uploads\/2016\/04\/Plan-23-24-mai-2016.png?resize=648%2C328&amp;ssl=1 648w, https:\/\/i0.wp.com\/www.horizonemployeur.fr\/wordpress\/wp-content\/uploads\/2016\/04\/Plan-23-24-mai-2016.png?resize=380%2C192&amp;ssl=1 380w, https:\/\/i0.wp.com\/www.horizonemployeur.fr\/wordpress\/wp-content\/uploads\/2016\/04\/Plan-23-24-mai-2016.png?w=1319&amp;ssl=1 1319w\" sizes=\"(max-width: 300px) 100vw, 300px\" data-recalc-dims=\"1\" \/><br \/>\n<\/a><br \/>\n(cliquez sur l&rsquo;image pour l&rsquo;agrandir)<\/td>\n<td>Sur le sch\u00e9ma suivant, vous retrouverez:<\/p>\n<ul>\n<li>la ligne 23 en rose<\/li>\n<li>la ligne 24 en bleu fonc\u00e9<\/li>\n<li>la ligne B du r\u00e9seau Versailles en vert<\/li>\n<\/ul>\n<\/td>\n<\/tr>\n<\/tbody>\n<\/table>\n<p>Pour en savoir plus:<\/p>\n<p><a href=\"http:\/\/www.horizonemployeur.fr\/wordpress\/28-05-2016\/restructuration-bus-phase-2\/ligne-phebus-22\/\"><img data-attachment-id=\"2551\" data-permalink=\"https:\/\/www.horizonemployeur.fr\/wordpress\/28-05-2016\/restructuration-bus-phase-2\/vignette_phebus_22_330x240\/\" data-orig-file=\"https:\/\/i0.wp.com\/www.horizonemployeur.fr\/wordpress\/wp-content\/uploads\/2016\/04\/vignette_phebus_22_330x240.png?fit=330%2C240&amp;ssl=1\" data-orig-size=\"330,240\" data-comments-opened=\"1\" data-image-meta=\"{&quot;aperture&quot;:&quot;0&quot;,&quot;credit&quot;:&quot;&quot;,&quot;camera&quot;:&quot;&quot;,&quot;caption&quot;:&quot;&quot;,&quot;created_timestamp&quot;:&quot;0&quot;,&quot;copyright&quot;:&quot;&quot;,&quot;focal_length&quot;:&quot;0&quot;,&quot;iso&quot;:&quot;0&quot;,&quot;shutter_speed&quot;:&quot;0&quot;,&quot;title&quot;:&quot;&quot;,&quot;orientation&quot;:&quot;0&quot;}\" data-image-title=\"vignette_phebus_22_330x240\" data-image-description=\"\" data-image-caption=\"\" data-medium-file=\"https:\/\/i0.wp.com\/www.horizonemployeur.fr\/wordpress\/wp-content\/uploads\/2016\/04\/vignette_phebus_22_330x240.png?fit=300%2C218&amp;ssl=1\" data-large-file=\"https:\/\/i0.wp.com\/www.horizonemployeur.fr\/wordpress\/wp-content\/uploads\/2016\/04\/vignette_phebus_22_330x240.png?fit=330%2C240&amp;ssl=1\" decoding=\"async\" loading=\"lazy\" class=\"alignnone wp-image-2551\" src=\"https:\/\/i0.wp.com\/www.horizonemployeur.fr\/wordpress\/wp-content\/uploads\/2016\/04\/vignette_phebus_22_330x240-300x218.png?resize=156%2C113\" sizes=\"(max-width: 300px) 100vw, 300px\" srcset=\"https:\/\/i0.wp.com\/www.horizonemployeur.fr\/wordpress\/wp-content\/uploads\/2016\/04\/vignette_phebus_22_330x240-300x218.png?resize=156%2C113 300w, http:\/\/www.horizonemployeur.fr\/wordpress\/wp-content\/uploads\/2016\/04\/vignette_phebus_22_330x240.png 330w, http:\/\/www.horizonemployeur.fr\/wordpress\/wp-content\/uploads\/2016\/04\/vignette_phebus_22_330x240-264x192.png 264w\" alt=\"vignette_phebus_22_330x240\" width=\"156\" height=\"113\" data-recalc-dims=\"1\" \/><\/a><a href=\"http:\/\/www.horizonemployeur.fr\/wordpress\/28-05-2016\/restructuration-bus-phase-2\/ligne-phebus-23\/\"><img data-attachment-id=\"2552\" data-permalink=\"https:\/\/www.horizonemployeur.fr\/wordpress\/28-05-2016\/restructuration-bus-phase-2\/vignette_phebus_23_330x240\/\" data-orig-file=\"https:\/\/i0.wp.com\/www.horizonemployeur.fr\/wordpress\/wp-content\/uploads\/2016\/04\/vignette_phebus_23_330x240.png?fit=330%2C240&amp;ssl=1\" data-orig-size=\"330,240\" data-comments-opened=\"1\" data-image-meta=\"{&quot;aperture&quot;:&quot;0&quot;,&quot;credit&quot;:&quot;&quot;,&quot;camera&quot;:&quot;&quot;,&quot;caption&quot;:&quot;&quot;,&quot;created_timestamp&quot;:&quot;0&quot;,&quot;copyright&quot;:&quot;&quot;,&quot;focal_length&quot;:&quot;0&quot;,&quot;iso&quot;:&quot;0&quot;,&quot;shutter_speed&quot;:&quot;0&quot;,&quot;title&quot;:&quot;&quot;,&quot;orientation&quot;:&quot;0&quot;}\" data-image-title=\"vignette_phebus_23_330x240\" data-image-description=\"\" data-image-caption=\"\" data-medium-file=\"https:\/\/i0.wp.com\/www.horizonemployeur.fr\/wordpress\/wp-content\/uploads\/2016\/04\/vignette_phebus_23_330x240.png?fit=300%2C218&amp;ssl=1\" data-large-file=\"https:\/\/i0.wp.com\/www.horizonemployeur.fr\/wordpress\/wp-content\/uploads\/2016\/04\/vignette_phebus_23_330x240.png?fit=330%2C240&amp;ssl=1\" decoding=\"async\" loading=\"lazy\" class=\"alignnone wp-image-2552\" src=\"https:\/\/i0.wp.com\/www.horizonemployeur.fr\/wordpress\/wp-content\/uploads\/2016\/04\/vignette_phebus_23_330x240-300x218.png?resize=150%2C109\" sizes=\"(max-width: 300px) 100vw, 300px\" srcset=\"https:\/\/i0.wp.com\/www.horizonemployeur.fr\/wordpress\/wp-content\/uploads\/2016\/04\/vignette_phebus_23_330x240-300x218.png?resize=150%2C109 300w, http:\/\/www.horizonemployeur.fr\/wordpress\/wp-content\/uploads\/2016\/04\/vignette_phebus_23_330x240.png 330w, http:\/\/www.horizonemployeur.fr\/wordpress\/wp-content\/uploads\/2016\/04\/vignette_phebus_23_330x240-264x192.png 264w\" alt=\"vignette_phebus_23_330x240\" width=\"150\" height=\"109\" data-recalc-dims=\"1\" \/><\/a><a href=\"http:\/\/www.horizonemployeur.fr\/wordpress\/28-05-2016\/restructuration-bus-phase-2\/ligne-phebus-24\/\"><img data-attachment-id=\"2553\" data-permalink=\"https:\/\/www.horizonemployeur.fr\/wordpress\/28-05-2016\/restructuration-bus-phase-2\/vignette_phebus_24_330x240\/\" data-orig-file=\"https:\/\/i0.wp.com\/www.horizonemployeur.fr\/wordpress\/wp-content\/uploads\/2016\/04\/vignette_phebus_24_330x240.png?fit=330%2C240&amp;ssl=1\" data-orig-size=\"330,240\" data-comments-opened=\"1\" data-image-meta=\"{&quot;aperture&quot;:&quot;0&quot;,&quot;credit&quot;:&quot;&quot;,&quot;camera&quot;:&quot;&quot;,&quot;caption&quot;:&quot;&quot;,&quot;created_timestamp&quot;:&quot;0&quot;,&quot;copyright&quot;:&quot;&quot;,&quot;focal_length&quot;:&quot;0&quot;,&quot;iso&quot;:&quot;0&quot;,&quot;shutter_speed&quot;:&quot;0&quot;,&quot;title&quot;:&quot;&quot;,&quot;orientation&quot;:&quot;0&quot;}\" data-image-title=\"vignette_phebus_24_330x240\" data-image-description=\"\" data-image-caption=\"\" data-medium-file=\"https:\/\/i0.wp.com\/www.horizonemployeur.fr\/wordpress\/wp-content\/uploads\/2016\/04\/vignette_phebus_24_330x240.png?fit=300%2C218&amp;ssl=1\" data-large-file=\"https:\/\/i0.wp.com\/www.horizonemployeur.fr\/wordpress\/wp-content\/uploads\/2016\/04\/vignette_phebus_24_330x240.png?fit=330%2C240&amp;ssl=1\" decoding=\"async\" loading=\"lazy\" class=\"alignnone wp-image-2553\" src=\"https:\/\/i0.wp.com\/www.horizonemployeur.fr\/wordpress\/wp-content\/uploads\/2016\/04\/vignette_phebus_24_330x240-300x218.png?resize=150%2C109\" sizes=\"(max-width: 300px) 100vw, 300px\" srcset=\"https:\/\/i0.wp.com\/www.horizonemployeur.fr\/wordpress\/wp-content\/uploads\/2016\/04\/vignette_phebus_24_330x240-300x218.png?resize=150%2C109 300w, http:\/\/www.horizonemployeur.fr\/wordpress\/wp-content\/uploads\/2016\/04\/vignette_phebus_24_330x240.png 330w, http:\/\/www.horizonemployeur.fr\/wordpress\/wp-content\/uploads\/2016\/04\/vignette_phebus_24_330x240-264x192.png 264w\" alt=\"vignette_phebus_24_330x240\" width=\"150\" height=\"109\" data-recalc-dims=\"1\" \/><\/a><\/p>\n","protected":false},"excerpt":{"rendered":"<p>Depuis d\u00e9cembre 2014, l&rsquo;offre sur l&rsquo;axe Versailles est compos\u00e9e de 4 lignes: la ligne 20, Versailles-Rive-Gauche &#8211; V\u00e9lizy 2, qui dessert la gare des Chantiers et rejoint V\u00e9lizy par le pont Colbert et l&rsquo;A 86 la ligne 22, Versailles-Chantiers &#8211; Burospace, passe \u00e9galement par le pont Colbert et l&rsquo;A 86, puis dessert Inovel Parc Sud [&hellip;]<\/p>\n","protected":false},"author":1,"featured_media":0,"parent":2459,"menu_order":1,"comment_status":"closed","ping_status":"closed","template":"","meta":{"ngg_post_thumbnail":0,"jetpack_post_was_ever_published":false},"jetpack_sharing_enabled":true,"jetpack_shortlink":"https:\/\/wp.me\/P7AoJR-DH","jetpack-related-posts":[{"id":59,"url":"https:\/\/www.horizonemployeur.fr\/wordpress\/accueil\/sedeplacer\/transports-en-commun\/bus-versailles-sqy\/","url_meta":{"origin":2461,"position":0},"title":"Les bus c\u00f4t\u00e9 Versailles et St Quentin-en-Yvelines","date":"28 f\u00e9vrier 2014","format":false,"excerpt":"Plusieurs lignes permettent de rejoindre Versailles et St-Quentin-en-Yvelines depuis V\u00e9lizy En gare de Versailles-Chantiers uniquement: Ph\u00e9bus 24\u00a0(Versailles-Chantiers \u2013 V\u00e9lizy 2 Gare routi\u00e8re \u2013 Centre Commercial V\u00e9lizy 2)\u00a0-> desserte d\u2019INOVEL PARC Nord Ph\u00e9bus 22\u00a0(Versailles-Chantiers \u2013 Base A\u00e9rienne 107 \u2013 Burospace)\u00a0-> desserte d\u2019INOVEL PARC Sud Toujours en gare de Versailles-Chantiers, 1\u00a0ligne ne\u2026","rel":"","context":"Avec 2 commentaires","img":{"alt_text":"","src":"https:\/\/i0.wp.com\/www.horizonemployeur.fr\/wordpress\/wp-content\/uploads\/2016\/03\/p1100516_1200x900.jpg?fit=1200%2C900&ssl=1&resize=350%2C200","width":350,"height":200},"classes":[]},{"id":2482,"url":"https:\/\/www.horizonemployeur.fr\/wordpress\/28-05-2016\/restructuration-bus-phase-2\/ligne-phebus-20\/","url_meta":{"origin":2461,"position":1},"title":"La ligne Ph\u00e9bus 20 en d\u00e9tails","date":"28 avril 2016","format":false,"excerpt":"Elle reliait la gare de Versailles-Rive Gauche et V\u00e9lizy 2 en passant par la gare des Chantiers, le pont Colbert et dans V\u00e9lizy, le quartier Mozart-Provinces\u00a0et\u00a0le centre ville (sauf jusqu'\u00e0 9h en direction de V\u00e9lizy 2) et Inovel Parc Nord. Cette ligne ne survit pas \u00e0 la restructuration, son itin\u00e9raire\u2026","rel":"","context":"Article similaire","img":{"alt_text":"","src":"","width":0,"height":0},"classes":[]},{"id":2484,"url":"https:\/\/www.horizonemployeur.fr\/wordpress\/28-05-2016\/restructuration-bus-phase-2\/ligne-phebus-24\/","url_meta":{"origin":2461,"position":2},"title":"La ligne Ph\u00e9bus 24 en d\u00e9tails","date":"29 avril 2016","format":false,"excerpt":"Un itin\u00e9raire modifi\u00e9 Cliquez sur l\u2019image pour la t\u00e9l\u00e9charger dans son format originel Plusieurs modifications sont apport\u00e9es \u00e0 l\u2019itin\u00e9raire de la ligne 24: la principale est la modification de l'itin\u00e9raire entre Versailles et V\u00e9lizy. L'itin\u00e9raire par la rue des Chantiers, la rue du Pont Colbert, les voies lat\u00e9rales de l'axe\u2026","rel":"","context":"Article similaire","img":{"alt_text":"","src":"","width":0,"height":0},"classes":[]},{"id":2477,"url":"https:\/\/www.horizonemployeur.fr\/wordpress\/28-05-2016\/t6-viroflay\/viroflay-rive-gauche\/","url_meta":{"origin":2461,"position":3},"title":"Viroflay-Rive Gauche","date":"28 avril 2016","format":false,"excerpt":"Viroflay-Rive Droite est la 20e et avant-derni\u00e8re station de la ligne T6. Elle se situe dans le tunnel de Viroflay emprunt\u00e9 par le tramway \u00e0 partir de la c\u00f4te de Chaville et\u00a0donc\u00a0sous la place du Mar\u00e9chal Koenig. Elle propose les\u00a0correspondances avec: la ligne RER C Paris - Versailles-Ch\u00e2teau-Rive Gauche \/\u2026","rel":"","context":"Article similaire","img":{"alt_text":"P1130441_800d","src":"https:\/\/i0.wp.com\/www.horizonemployeur.fr\/wordpress\/wp-content\/uploads\/2016\/04\/P1130441_800d-300x150.jpg?resize=350%2C200","width":350,"height":200},"classes":[]},{"id":53,"url":"https:\/\/www.horizonemployeur.fr\/wordpress\/accueil\/sedeplacer\/transports-en-commun\/bus-paris\/","url_meta":{"origin":2461,"position":4},"title":"Les bus c\u00f4t\u00e9 Paris","date":"28 f\u00e9vrier 2014","format":false,"excerpt":"Outre la desserte des communes proches de Paris, ces lignes assurent la correspondance avec: RER \u00a0branches C5 (Versailles-Ch\u00e2teau-Rive Gauche) et C7 (St-Quentin-en-Yvelines) en gare de Meudon-Val Fleury: RATP 289 (Porte de St-Cloud \u00a0- Clamart-Georges Pompidou) - passage \u00e0 proximit\u00e9 d'INOVEL PARC Est RATP\u00a0389\u00a0(H\u00f4tel de Ville de Boulogne-Billancourt - Clamart-Georges Pompidou)\u2026","rel":"","context":"Article similaire","img":{"alt_text":"","src":"https:\/\/i0.wp.com\/www.horizonemployeur.fr\/wordpress\/wp-content\/uploads\/2016\/03\/p1150550_1200x900-1.jpg?fit=1200%2C900&ssl=1&resize=350%2C200","width":350,"height":200},"classes":[]},{"id":2599,"url":"https:\/\/www.horizonemployeur.fr\/wordpress\/28-05-2016\/documentation\/","url_meta":{"origin":2461,"position":5},"title":"Se renseigner","date":"4 mai 2016","format":false,"excerpt":"Avec le d\u00e9veloppement des affichages dans les gares routi\u00e8res et aux arr\u00eats, d'Internet, des sites, des applications, les canaux d'information \u00e0 votre disposition se sont multipli\u00e9s. Que peuvent-ils vous apporter ? en quoi peuvent-ils vous aider ? Qui fait quoi ? Face \u00e0 une mutiplicit\u00e9 de noms et d'abr\u00e9viations, il\u2026","rel":"","context":"Article similaire","img":{"alt_text":"","src":"","width":0,"height":0},"classes":[]}],"_links":{"self":[{"href":"https:\/\/www.horizonemployeur.fr\/wordpress\/wp-json\/wp\/v2\/pages\/2461"}],"collection":[{"href":"https:\/\/www.horizonemployeur.fr\/wordpress\/wp-json\/wp\/v2\/pages"}],"about":[{"href":"https:\/\/www.horizonemployeur.fr\/wordpress\/wp-json\/wp\/v2\/types\/page"}],"author":[{"embeddable":true,"href":"https:\/\/www.horizonemployeur.fr\/wordpress\/wp-json\/wp\/v2\/users\/1"}],"replies":[{"embeddable":true,"href":"https:\/\/www.horizonemployeur.fr\/wordpress\/wp-json\/wp\/v2\/comments?post=2461"}],"version-history":[{"count":7,"href":"https:\/\/www.horizonemployeur.fr\/wordpress\/wp-json\/wp\/v2\/pages\/2461\/revisions"}],"predecessor-version":[{"id":2661,"href":"https:\/\/www.horizonemployeur.fr\/wordpress\/wp-json\/wp\/v2\/pages\/2461\/revisions\/2661"}],"up":[{"embeddable":true,"href":"https:\/\/www.horizonemployeur.fr\/wordpress\/wp-json\/wp\/v2\/pages\/2459"}],"wp:attachment":[{"href":"https:\/\/www.horizonemployeur.fr\/wordpress\/wp-json\/wp\/v2\/media?parent=2461"}],"curies":[{"name":"wp","href":"https:\/\/api.w.org\/{rel}","templated":true}]}}