{"id":216,"date":"2014-04-30T16:38:33","date_gmt":"2014-04-30T14:38:33","guid":{"rendered":"http:\/\/horizonmobi.wordpress.com\/?page_id=216"},"modified":"2018-04-23T08:52:28","modified_gmt":"2018-04-23T06:52:28","slug":"pollution-limitation-concentrations","status":"publish","type":"page","link":"https:\/\/www.horizonemployeur.fr\/wordpress\/accueil\/pdie\/ppa\/air-pollution\/pollution-limitation-concentrations\/","title":{"rendered":"Qualit\u00e9 de l&rsquo;air &#8211; la limitation des concentrations"},"content":{"rendered":"<p>Les \u00e9tudes \u00e9pid\u00e9miologiques et environnementales ont permis de d\u00e9finir des concentrations en polluants au-del\u00e0 desquelles la sant\u00e9 des individus ou l&rsquo;environnement peuvent \u00eatre impact\u00e9s.<\/p>\n<p>Les <strong>recommandations de l&rsquo;OMS<\/strong> (Organisation Mondiale de la Sant\u00e9) d\u00e9finissent des seuils d&rsquo;exposition, donc des couples (concentration, dur\u00e9e) applicables \u00e0 chacun des polluants. On aura entre autres (liste non exhaustive):<\/p>\n<ul>\n<li>pour le dioxyde d&rsquo;azote:\n<ul>\n<li>un seuil de 200 microgrammes par m\u00e8tre cube pendant une heure<\/li>\n<li>un seuil de 40 microgrammes par m\u00e8tre cube&nbsp;sur une ann\u00e9e<\/li>\n<\/ul>\n<\/li>\n<li>pour le dioxyde de soufre:\n<ul>\n<li>un seuil de 500 microgrammes par m\u00e8tre cube pendant&nbsp;10 minutes<\/li>\n<li>un seuil de 20 microgrammes par m\u00e8tre cube&nbsp;sur une&nbsp;journ\u00e9e<\/li>\n<\/ul>\n<\/li>\n<li>pour les particules fines PM 10 (diam\u00e8tre inf\u00e9rieur \u00e0 10 microm\u00e8tres):\n<ul>\n<li>un seuil de 50 microgrammes par m\u00e8tre cube&nbsp;sur une journ\u00e9e, \u00e0 ne pas d\u00e9passer plus de 3 jours par an<\/li>\n<li>un seuil de&nbsp;20 microgrammes par m\u00e8tre cube&nbsp;sur une ann\u00e9e<\/li>\n<\/ul>\n<\/li>\n<\/ul>\n<p>&nbsp;<\/p>\n<p>L&rsquo;objectif des diverses <strong>r\u00e9glementations europ\u00e9ennes et nationales<\/strong> relatives aux seuils limites de concentration est donc de rester en-dessous de ces valeurs seuils recommand\u00e9es par l&rsquo;OMS.<\/p>\n<p>Un certain nombre de <strong>directives<\/strong> ont \u00e9t\u00e9 \u00e9dict\u00e9es par les services de l&rsquo;Union Europ\u00e9enne afin de:<\/p>\n<ul>\n<li>limiter les \u00e9missions de polluants,<\/li>\n<li>limiter les concentration de polluants dans l&rsquo;air ambiant<\/li>\n<li>disposer de modalit\u00e9s uniformes de mesure de la qualit\u00e9 de l&rsquo;air<\/li>\n<li>r\u00e9cup\u00e9rer les donn\u00e9es relatives aux mesures de la qualit\u00e9 de l&rsquo;air<\/li>\n<li>rendre ces informations publiques<\/li>\n<\/ul>\n<p>Pour un certain nombre de polluants, sont fix\u00e9s tout ou partie des param\u00e8tres suivants:<\/p>\n<ul>\n<li>valeur cible<\/li>\n<li>valeur limite (concentrations en fonction de la dur\u00e9e)<\/li>\n<li>seuil d&rsquo;information<\/li>\n<li>seuil d&rsquo;alerte<\/li>\n<li>niveau critique<\/li>\n<\/ul>\n<p>&nbsp;<\/p>\n<p>Au niveau fran\u00e7ais, c&rsquo;est depuis une vingtaine d&rsquo;ann\u00e9es le <strong>Code de l&rsquo;Environnement<\/strong> qui englobe toutes les r\u00e9glementations relatives au droit de l&rsquo;environnement. Le titre II du livre II, intitul\u00e9 \u00ab\u00a0Air et atmosph\u00e8re\u00a0\u00bb, et le titre Ier du livre V, consacr\u00e9 aux&nbsp;\u00ab\u00a0Installations class\u00e9es pour la protection de l&rsquo;environnement\u00a0\u00bb, concernent tout particuli\u00e8rement le sujet de la qualit\u00e9 de l&rsquo;air.<\/p>\n<p>L&rsquo;<a title=\"Article R.221-2 du Code de l\u2019Environnement (extraits)\" href=\"http:\/\/mobilite.horizonemployeur.fr\/air-pollution\/pollution-limitation-concentrations\/article-r-221-2\/\">article R.221-2<\/a> de ce Code de l&rsquo;Environnement reprend l&rsquo;ensemble des sp\u00e9cifications en termes de concentration des divers polluants.<\/p>\n<p>&nbsp;<\/p>\n","protected":false},"excerpt":{"rendered":"<p>Les \u00e9tudes \u00e9pid\u00e9miologiques et environnementales ont permis de d\u00e9finir des concentrations en polluants au-del\u00e0 desquelles la sant\u00e9 des individus ou l&rsquo;environnement peuvent \u00eatre impact\u00e9s. Les recommandations de l&rsquo;OMS (Organisation Mondiale de la Sant\u00e9) d\u00e9finissent des seuils d&rsquo;exposition, donc des couples (concentration, dur\u00e9e) applicables \u00e0 chacun des polluants. On aura entre autres (liste non exhaustive): pour [&hellip;]<\/p>\n","protected":false},"author":1,"featured_media":0,"parent":200,"menu_order":3,"comment_status":"open","ping_status":"open","template":"","meta":{"ngg_post_thumbnail":0,"jetpack_post_was_ever_published":false},"jetpack_sharing_enabled":true,"jetpack_shortlink":"https:\/\/wp.me\/P7AoJR-3u","jetpack-related-posts":[{"id":228,"url":"https:\/\/www.horizonemployeur.fr\/wordpress\/accueil\/pdie\/ppa\/air-pollution\/pollution-limitation-concentrations\/article-r-221-2\/","url_meta":{"origin":216,"position":0},"title":"Article R.221-2 du Code de l&rsquo;Environnement (extraits)","date":"6 mai 2014","format":false,"excerpt":"Cette page reprend une partie des donn\u00e9es d\u00e9finies dans l'article R221-2 du Code de l'Environnement (version mai 2014). Les normes de qualit\u00e9 de l'air, d\u00e9termin\u00e9es selon des m\u00e9thodes d\u00e9finies par arr\u00eat\u00e9 du ministre charg\u00e9 de l'environnement, sont \u00e9tablies par polluant comme suit (les d\u00e9finitions utilis\u00e9es se trouvent en bas de\u2026","rel":"","context":"Article similaire","img":{"alt_text":"","src":"","width":0,"height":0},"classes":[]},{"id":854,"url":"https:\/\/www.horizonemployeur.fr\/wordpress\/pics-pollution\/","url_meta":{"origin":216,"position":1},"title":"Les pics de pollution","date":"21 octobre 2015","format":false,"excerpt":"Pratiquement quelle que soit la saison de l'ann\u00e9e, la pollution atmosph\u00e9rique est susceptible de pr\u00e9senter des pics n\u00e9cessitant la mise en place de dispositifs d'information puis d'alerte. La gestion de la pollution en termes de mesures de la qualit\u00e9 de l'air (en particulier par l'association Airparif), de dispositifs de lutte\u2026","rel":"","context":"Article similaire","img":{"alt_text":"","src":"https:\/\/i0.wp.com\/www.horizonemployeur.fr\/wordpress\/wp-content\/uploads\/2016\/11\/Facture-certificat-qualit\u00c3\u00a9-de-lair.jpg?resize=350%2C200","width":350,"height":200},"classes":[]},{"id":200,"url":"https:\/\/www.horizonemployeur.fr\/wordpress\/accueil\/pdie\/ppa\/air-pollution\/","url_meta":{"origin":216,"position":2},"title":"Air et pollution atmosph\u00e9rique","date":"29 avril 2014","format":false,"excerpt":"L'air qui nous entoure est un \u00e9l\u00e9ment indispensable \u00e0 la vie. C'est en particulier lui qui nous apporte l'oxyg\u00e8ne dont nous avons besoin par le m\u00e9canisme de la respiration, nous inspirons ainsi chacun environ 15 m3 d'air tous les jours. Sa composition standard est la suivante: 78 % d\u2019azote (N2)\u2026","rel":"","context":"Article similaire","img":{"alt_text":"","src":"","width":0,"height":0},"classes":[]},{"id":206,"url":"https:\/\/www.horizonemployeur.fr\/wordpress\/accueil\/pdie\/ppa\/air-pollution\/polluants\/","url_meta":{"origin":216,"position":3},"title":"Polluants de l&rsquo;air","date":"30 avril 2014","format":false,"excerpt":"Les polluants sont pr\u00e9sents sous diff\u00e9rents \u00e9tats dans l'air: gaz, liquides, solides. Certains de ces polluants sont d'origine naturelle (volcans, oc\u00e9ans, v\u00e9g\u00e9tation, mais aussi respiration, digestion, \u2026), d'autres sont \u00e9mis par les activit\u00e9s humaines (agriculture, industrie, transport, habitat, ...). On distingue \u00e9galement: les polluants primaires qui sont directement \u00e9mis par\u2026","rel":"","context":"Article similaire","img":{"alt_text":"","src":"https:\/\/i0.wp.com\/www.horizonemployeur.fr\/wordpress\/wp-content\/uploads\/2014\/04\/tableau-polluants-airparif.png?resize=350%2C200","width":350,"height":200},"classes":[]},{"id":242,"url":"https:\/\/www.horizonemployeur.fr\/wordpress\/accueil\/pdie\/ppa\/","url_meta":{"origin":216,"position":4},"title":"Les Plans de Protection de l&rsquo;Atmosph\u00e8re d&rsquo;Ile-de-France","date":"7 mai 2014","format":false,"excerpt":"Conform\u00e9ment \u00e0 la\u00a0Loi sur l'Air et l'Utilisation Rationnelle de l'Energie (LAURE) 96-1236 du 30 d\u00e9cembre 1996 et \u00e0 sa retranscription dans le Code de l'Environnement, la r\u00e9gion Ile-de-France a \u00e9t\u00e9 dot\u00e9e d\u00e8s 2005 d'un Plan de Protection de l'Atmosph\u00e8re (PPA): le premier a couvert les ann\u00e9es 2005 \u00e0 2010 le\u2026","rel":"","context":"Article similaire","img":{"alt_text":"","src":"","width":0,"height":0},"classes":[]},{"id":204,"url":"https:\/\/www.horizonemployeur.fr\/wordpress\/accueil\/pdie\/ppa\/air-pollution\/air-pollution-liens\/","url_meta":{"origin":216,"position":5},"title":"Air et pollution atmosph\u00e9rique: en savoir plus","date":"30 avril 2014","format":false,"excerpt":"Pour en savoir plus sur ces th\u00e8mes de l'air et de la pollution atmosph\u00e9rique, vous pouvez vous reporter aux sites suivants, dont certains ont \u00e9t\u00e9 utilis\u00e9s comme sources pour la r\u00e9daction de ces pages. Airparif, l'association de surveillance de la qualit\u00e9 de l'air en Ile-de-France: http:\/\/www.airparif.asso.fr\/ le Minist\u00e8re de l'Ecologie,\u2026","rel":"","context":"Article similaire","img":{"alt_text":"","src":"","width":0,"height":0},"classes":[]}],"_links":{"self":[{"href":"https:\/\/www.horizonemployeur.fr\/wordpress\/wp-json\/wp\/v2\/pages\/216"}],"collection":[{"href":"https:\/\/www.horizonemployeur.fr\/wordpress\/wp-json\/wp\/v2\/pages"}],"about":[{"href":"https:\/\/www.horizonemployeur.fr\/wordpress\/wp-json\/wp\/v2\/types\/page"}],"author":[{"embeddable":true,"href":"https:\/\/www.horizonemployeur.fr\/wordpress\/wp-json\/wp\/v2\/users\/1"}],"replies":[{"embeddable":true,"href":"https:\/\/www.horizonemployeur.fr\/wordpress\/wp-json\/wp\/v2\/comments?post=216"}],"version-history":[{"count":2,"href":"https:\/\/www.horizonemployeur.fr\/wordpress\/wp-json\/wp\/v2\/pages\/216\/revisions"}],"predecessor-version":[{"id":4460,"href":"https:\/\/www.horizonemployeur.fr\/wordpress\/wp-json\/wp\/v2\/pages\/216\/revisions\/4460"}],"up":[{"embeddable":true,"href":"https:\/\/www.horizonemployeur.fr\/wordpress\/wp-json\/wp\/v2\/pages\/200"}],"wp:attachment":[{"href":"https:\/\/www.horizonemployeur.fr\/wordpress\/wp-json\/wp\/v2\/media?parent=216"}],"curies":[{"name":"wp","href":"https:\/\/api.w.org\/{rel}","templated":true}]}}