{"id":1775,"date":"2016-03-14T15:42:38","date_gmt":"2016-03-14T13:42:38","guid":{"rendered":"https:\/\/horizonmobi.wordpress.com\/?page_id=1775"},"modified":"2017-11-02T11:52:21","modified_gmt":"2017-11-02T10:52:21","slug":"accueil","status":"publish","type":"page","link":"https:\/\/www.horizonemployeur.fr\/wordpress\/","title":{"rendered":"Accueil"},"content":{"rendered":"<header class=\"entry-header\">\n<h1 class=\"page-title\">Bienvenue<\/h1>\n<\/header>\n<div class=\"entry-content\">\n<p>Se d\u00e9placer dans Inovel Parc&nbsp;et autour, y venir, en repartir, n\u2019est pas n\u00e9cessairement \u00e9vident. L\u2019objectif de ce site est de vous pr\u00e9senter, aussi pr\u00e9cis\u00e9ment que possible, les possibilit\u00e9s qui vous sont propos\u00e9es.<\/p>\n<p>Ce site vous est propos\u00e9 par l\u2019association \u00ab&nbsp;Horizon Employeur&nbsp;\u00bb des entreprises de V\u00e9lizy \/ Meudon-la-For\u00eat.<\/p>\n<p>A l&rsquo;occasion de la mise en service du prolongement du tramway T6 jusqu&rsquo;aux gares de Viroflay, intervenue le samedi 28 mai, une rubrique sp\u00e9cifique est mise \u00e0 votre disposition: cliquez <a href=\"http:\/\/www.horizonemployeur.fr\/wordpress\/28-05-2016\/\">&gt;&gt;&gt; ici &lt;&lt;&lt;<br \/>\nL<\/a>es informations qu&rsquo;elle contient seront progressivement report\u00e9es dans les rubriques habituelles.<\/p>\n<\/div>\n<p><script>\/\/ <![CDATA[ (function(i,s,o,g,r,a,m){i['GoogleAnalyticsObject']=r;i[r]=i[r]||function(){ (i[r].q=i[r].q||[]).push(arguments)},i[r].l=1*new Date();a=s.createElement(o), m=s.getElementsByTagName(o)[0];a.async=1;a.src=g;m.parentNode.insertBefore(a,m) })(window,document,'script','https:\/\/www.google-analytics.com\/analytics.js','ga'); ga('create', 'UA-77901100-1', 'auto'); ga('send', 'pageview'); \/\/ ]]><\/script><\/p>\n","protected":false},"excerpt":{"rendered":"<p>Bienvenue Se d\u00e9placer dans Inovel Parc&nbsp;et autour, y venir, en repartir, n\u2019est pas n\u00e9cessairement \u00e9vident. L\u2019objectif de ce site est de vous pr\u00e9senter, aussi pr\u00e9cis\u00e9ment que possible, les possibilit\u00e9s qui vous sont propos\u00e9es. Ce site vous est propos\u00e9 par l\u2019association \u00ab&nbsp;Horizon Employeur&nbsp;\u00bb des entreprises de V\u00e9lizy \/ Meudon-la-For\u00eat. A l&rsquo;occasion de la mise en service [&hellip;]<\/p>\n","protected":false},"author":1,"featured_media":2809,"parent":0,"menu_order":0,"comment_status":"closed","ping_status":"closed","template":"page-templates\/template-home.php","meta":{"ngg_post_thumbnail":0,"jetpack_post_was_ever_published":false},"jetpack_sharing_enabled":true,"jetpack_shortlink":"https:\/\/wp.me\/P7AoJR-sD","jetpack-related-posts":[{"id":33,"url":"https:\/\/www.horizonemployeur.fr\/wordpress\/accueil\/sedeplacer\/circulations-douces\/","url_meta":{"origin":1775,"position":0},"title":"Les Circulations Douces","date":"27 f\u00e9vrier 2014","format":false,"excerpt":"Les circulations douces (ou circulations actives) sont les modes de transport dans lesquels seule (ou pratiquement seule) l'\u00e9nergie du voyageur est mis en oeuvre. \u00a0 La marche \u00e0 pied Pour qui habite V\u00e9lizy ou Meudon-la-For\u00eat, voire quelques autres communes environnantes, la marche \u00e0 pied peut \u00eatre, surtout par beau temps,\u2026","rel":"","context":"Article similaire","img":{"alt_text":"","src":"https:\/\/i0.wp.com\/www.horizonemployeur.fr\/wordpress\/wp-content\/uploads\/2016\/03\/20141121_175251_1200x600d.jpg?fit=1200%2C600&ssl=1&resize=350%2C200","width":350,"height":200},"classes":[]},{"id":623,"url":"https:\/\/www.horizonemployeur.fr\/wordpress\/accueil\/sedeplacer\/securite-routiere\/voies-ferrees\/","url_meta":{"origin":1775,"position":1},"title":"Traverser une voie ferr\u00e9e","date":"16 juillet 2015","format":false,"excerpt":"Qu'elles soient celles du RER C, par exemple entre Massy et Versailles, Source:\u00a0http:\/\/data.iledefrance.fr\/explore\/dataset\/passages_a_niveau\/?tab=map En rouge, les passages \u00e0 niveau pour les v\u00e9hicules; en jaune, les passages r\u00e9serv\u00e9s aux pi\u00e9tons; en gris, les passages priv\u00e9s. Notez que dans l'\u00e9tat actuel des choses, les passages \u00e0 niveau entre Noisy-le-Roi et Saint-Cyr se\u2026","rel":"","context":"Article similaire","img":{"alt_text":"PN secteur V\u00c3\u00a9lizy","src":"https:\/\/i0.wp.com\/www.horizonemployeur.fr\/wordpress\/wp-content\/uploads\/2015\/07\/pn-secteur-vc3a9lizy.png?resize=350%2C200","width":350,"height":200},"classes":[]},{"id":854,"url":"https:\/\/www.horizonemployeur.fr\/wordpress\/pics-pollution\/","url_meta":{"origin":1775,"position":2},"title":"Les pics de pollution","date":"21 octobre 2015","format":false,"excerpt":"Pratiquement quelle que soit la saison de l'ann\u00e9e, la pollution atmosph\u00e9rique est susceptible de pr\u00e9senter des pics n\u00e9cessitant la mise en place de dispositifs d'information puis d'alerte. La gestion de la pollution en termes de mesures de la qualit\u00e9 de l'air (en particulier par l'association Airparif), de dispositifs de lutte\u2026","rel":"","context":"Article similaire","img":{"alt_text":"","src":"https:\/\/i0.wp.com\/www.horizonemployeur.fr\/wordpress\/wp-content\/uploads\/2016\/11\/Facture-certificat-qualit\u00c3\u00a9-de-lair.jpg?resize=350%2C200","width":350,"height":200},"classes":[]},{"id":4018,"url":"https:\/\/www.horizonemployeur.fr\/wordpress\/live\/","url_meta":{"origin":1775,"position":3},"title":"Journ\u00e9e du jeudi 1er mars 2018","date":"28 f\u00e9vrier 2018","format":false,"excerpt":"Sommaire Pr\u00e9visions m\u00e9t\u00e9o Circulation routi\u00e8re Transports en commun \u00a0 \u00a0 Pr\u00e9visions m\u00e9t\u00e9o Derni\u00e8re mise \u00e0 jour: jeudi 14 heures LEVEE DE LA VIGILANCE ORANGE NEIGE-VERGLAS JEUDI 14 HEURES Attention \u00e0 la matin\u00e9e de demain vendredi: voir plus bas M\u00e9t\u00e9o-France a mis un niveau de vigilance orange neige-verglas pour l'Ile-de-France (et\u2026","rel":"","context":"Article similaire","img":{"alt_text":"","src":"https:\/\/i0.wp.com\/www.horizonemployeur.fr\/wordpress\/wp-content\/uploads\/2018\/02\/M\u00c3\u00a9t\u00c3\u00a9o-France-Ile-de-France-1er-mars-2018.png?resize=350%2C200","width":350,"height":200},"classes":[]},{"id":242,"url":"https:\/\/www.horizonemployeur.fr\/wordpress\/accueil\/pdie\/ppa\/","url_meta":{"origin":1775,"position":4},"title":"Les Plans de Protection de l&rsquo;Atmosph\u00e8re d&rsquo;Ile-de-France","date":"7 mai 2014","format":false,"excerpt":"Conform\u00e9ment \u00e0 la\u00a0Loi sur l'Air et l'Utilisation Rationnelle de l'Energie (LAURE) 96-1236 du 30 d\u00e9cembre 1996 et \u00e0 sa retranscription dans le Code de l'Environnement, la r\u00e9gion Ile-de-France a \u00e9t\u00e9 dot\u00e9e d\u00e8s 2005 d'un Plan de Protection de l'Atmosph\u00e8re (PPA): le premier a couvert les ann\u00e9es 2005 \u00e0 2010 le\u2026","rel":"","context":"Article similaire","img":{"alt_text":"","src":"","width":0,"height":0},"classes":[]},{"id":253,"url":"https:\/\/www.horizonemployeur.fr\/wordpress\/accueil\/pdie\/ppa\/ppa_reg1\/","url_meta":{"origin":1775,"position":5},"title":"La mesure r\u00e9glementaire n\u00b01 du PPA","date":"9 mai 2014","format":false,"excerpt":"Que ce soit dans la version de 2006 ou dans la version de 2013, le Plan de Protection de l'Atmosph\u00e8re d'Ile-de-France demande aux grands p\u00f4les g\u00e9n\u00e9rateurs de trafic d'\u00e9laborer et de mettre en oeuvre des Plans de D\u00e9placements. \u00a0 Qu'est-ce qu'un Plan de D\u00e9placements ? Un Plan de D\u00e9placements a\u2026","rel":"","context":"Article similaire","img":{"alt_text":"","src":"","width":0,"height":0},"classes":[]}],"_links":{"self":[{"href":"https:\/\/www.horizonemployeur.fr\/wordpress\/wp-json\/wp\/v2\/pages\/1775"}],"collection":[{"href":"https:\/\/www.horizonemployeur.fr\/wordpress\/wp-json\/wp\/v2\/pages"}],"about":[{"href":"https:\/\/www.horizonemployeur.fr\/wordpress\/wp-json\/wp\/v2\/types\/page"}],"author":[{"embeddable":true,"href":"https:\/\/www.horizonemployeur.fr\/wordpress\/wp-json\/wp\/v2\/users\/1"}],"replies":[{"embeddable":true,"href":"https:\/\/www.horizonemployeur.fr\/wordpress\/wp-json\/wp\/v2\/comments?post=1775"}],"version-history":[{"count":5,"href":"https:\/\/www.horizonemployeur.fr\/wordpress\/wp-json\/wp\/v2\/pages\/1775\/revisions"}],"predecessor-version":[{"id":3403,"href":"https:\/\/www.horizonemployeur.fr\/wordpress\/wp-json\/wp\/v2\/pages\/1775\/revisions\/3403"}],"wp:featuredmedia":[{"embeddable":true,"href":"https:\/\/www.horizonemployeur.fr\/wordpress\/wp-json\/wp\/v2\/media\/2809"}],"wp:attachment":[{"href":"https:\/\/www.horizonemployeur.fr\/wordpress\/wp-json\/wp\/v2\/media?parent=1775"}],"curies":[{"name":"wp","href":"https:\/\/api.w.org\/{rel}","templated":true}]}}