{"id":1731,"date":"2017-01-01T13:36:48","date_gmt":"2017-01-01T11:36:48","guid":{"rendered":"https:\/\/horizonmobi.wordpress.com\/?page_id=1731"},"modified":"2018-04-23T09:09:55","modified_gmt":"2018-04-23T07:09:55","slug":"inovel-parc","status":"publish","type":"page","link":"https:\/\/www.horizonemployeur.fr\/wordpress\/inovel-parc\/","title":{"rendered":"Inovel Parc"},"content":{"rendered":"<h2><img data-attachment-id=\"19\" data-permalink=\"https:\/\/www.horizonemployeur.fr\/wordpress\/logo-rvb1\/\" data-orig-file=\"https:\/\/i0.wp.com\/www.horizonemployeur.fr\/wordpress\/wp-content\/uploads\/2014\/02\/logo-rvb1.jpg?fit=1406%2C463&amp;ssl=1\" data-orig-size=\"1406,463\" data-comments-opened=\"1\" data-image-meta=\"{&quot;aperture&quot;:&quot;0&quot;,&quot;credit&quot;:&quot;&quot;,&quot;camera&quot;:&quot;&quot;,&quot;caption&quot;:&quot;&quot;,&quot;created_timestamp&quot;:&quot;0&quot;,&quot;copyright&quot;:&quot;&quot;,&quot;focal_length&quot;:&quot;0&quot;,&quot;iso&quot;:&quot;0&quot;,&quot;shutter_speed&quot;:&quot;0&quot;,&quot;title&quot;:&quot;&quot;,&quot;orientation&quot;:&quot;0&quot;}\" data-image-title=\"logo-rvb1\" data-image-description=\"\" data-image-caption=\"\" data-medium-file=\"https:\/\/i0.wp.com\/www.horizonemployeur.fr\/wordpress\/wp-content\/uploads\/2014\/02\/logo-rvb1.jpg?fit=300%2C99&amp;ssl=1\" data-large-file=\"https:\/\/i0.wp.com\/www.horizonemployeur.fr\/wordpress\/wp-content\/uploads\/2014\/02\/logo-rvb1.jpg?fit=700%2C230&amp;ssl=1\" decoding=\"async\" loading=\"lazy\" class=\"alignnone wp-image-19 size-full\" src=\"https:\/\/i0.wp.com\/www.horizonemployeur.fr\/wordpress\/wp-content\/uploads\/2014\/02\/logo-rvb1.jpg?resize=700%2C231\" alt=\"\" width=\"700\" height=\"231\" srcset=\"https:\/\/i0.wp.com\/www.horizonemployeur.fr\/wordpress\/wp-content\/uploads\/2014\/02\/logo-rvb1.jpg?w=1406&amp;ssl=1 1406w, https:\/\/i0.wp.com\/www.horizonemployeur.fr\/wordpress\/wp-content\/uploads\/2014\/02\/logo-rvb1.jpg?resize=300%2C99&amp;ssl=1 300w, https:\/\/i0.wp.com\/www.horizonemployeur.fr\/wordpress\/wp-content\/uploads\/2014\/02\/logo-rvb1.jpg?resize=768%2C253&amp;ssl=1 768w, https:\/\/i0.wp.com\/www.horizonemployeur.fr\/wordpress\/wp-content\/uploads\/2014\/02\/logo-rvb1.jpg?resize=1024%2C337&amp;ssl=1 1024w, https:\/\/i0.wp.com\/www.horizonemployeur.fr\/wordpress\/wp-content\/uploads\/2014\/02\/logo-rvb1.jpg?resize=648%2C213&amp;ssl=1 648w, https:\/\/i0.wp.com\/www.horizonemployeur.fr\/wordpress\/wp-content\/uploads\/2014\/02\/logo-rvb1.jpg?resize=583%2C192&amp;ssl=1 583w\" sizes=\"(max-width: 700px) 100vw, 700px\" data-recalc-dims=\"1\" \/><\/h2>\n<ul>\n<li><strong>Inovel Parc<\/strong>, c&rsquo;est l&rsquo;ensemble des parcs d&rsquo;activit\u00e9s de V\u00e9lizy-Villacoublay et de Meudon-la-For\u00eat.<\/li>\n<li><strong>Inovel Parc<\/strong>, ce sont plus de 40 000 salari\u00e9s et plus de 50 000 clients qui tous les jours se rendent dans les centres commerciaux: V\u00e9lizy 2, L&rsquo;Usine Mode et Maison (ex Usines Center) et La Maison Villacoublay (ex Art de Vivre).<\/li>\n<li><strong>Inovel Parc,<\/strong> historiquement, ce sont aussi des d\u00e9placements difficiles faute de moyens de transport efficaces depuis Paris, les principales villes aux alentours, les gares, les a\u00e9roports, &#8230;<br \/>\nLa vocation de ce&nbsp;site&nbsp;est (aussi) de vous apporter un maximum d&rsquo;informations pour effectuer vos d\u00e9placements dans les meilleures conditions possibles.<\/li>\n<\/ul>\n<p>&nbsp;<\/p>\n<h2>Pourquoi \u00ab\u00a0Inovel Parc\u00a0\u00bb ? pourquoi ce logo bleu et vert ?<\/h2>\n<p>La nouvelle identit\u00e9 des zones d&rsquo;activit\u00e9s de V\u00e9lizy-Villacoublay a \u00e9t\u00e9 pr\u00e9sent\u00e9e en janvier 2011 par la ville de V\u00e9lizy-Villacoublay. Les appellations \u00ab\u00a0Zone d&rsquo;Emplois\u00a0\u00bb, \u00ab\u00a0Zone A\u00e9ronautique Louis Breguet\u00a0\u00bb, \u00ab\u00a0Zone Commerciale du Val de Gr\u00e2ce\u00a0\u00bb, &#8230; ont fait place \u00e0 \u00ab\u00a0Inovel Parc\u00a0\u00bb, parc d&rsquo;activit\u00e9s qui se d\u00e9compose en 3 secteurs:<\/p>\n<ul>\n<li><strong>Inovel Parc Nord<\/strong>, entre l&rsquo;A 86, la RN 118 et la for\u00eat de Meudon. C&rsquo;est l&rsquo;ancienne \u00ab\u00a0Zone d&rsquo;Emplois\u00a0\u00bb travers\u00e9e de part en part par l&rsquo;avenue Morane-Saulnier et le tramway T6 avec ses 3 stations V\u00e9lizy 2, Dewoitine et Inovel Parc Nord d&rsquo;est en ouest<\/li>\n<li><strong>Inovel Parc Est<\/strong>, entre la RN 118 \u00e0 l&rsquo;ouest et la rue du Petit Clamart et le tramway T6 (station Meudon-la-For\u00eat) \u00e0 l&rsquo;est<\/li>\n<li><strong>Inovel Parc Sud<\/strong>, au sud de l&rsquo;A 86 du quartier de la Pointe Ouest \u00e0 la RD 306. Ce sont&nbsp;l&rsquo;ancienne \u00ab\u00a0Zone A\u00e9ronautique Louis Breguet\u00a0\u00bb et l&rsquo;ancienne \u00ab\u00a0Zone Commerciale du Val de Gr\u00e2ce\u00a0\u00bb<\/li>\n<\/ul>\n<p>Pour en savoir plus sur cette nouvelle identit\u00e9, consultez le <a title=\"DP_INOVEL_simplifie\" href=\"http:\/\/www.horizonemployeur.fr\/wordpress\/wp-content\/uploads\/2016\/04\/dp_inovel_simplifie.pdf\" target=\"_blank\" rel=\"noopener\">dossier de presse de la ville de V\u00e9lizy-Villacoublay de janvier 2011<\/a><\/p>\n<p>Sans que cela ait \u00e9t\u00e9 totalement officialis\u00e9, le secteur de Meudon-la-For\u00eat comprenant l&rsquo;avenue Mar\u00e9chal Juin et les voies du Parc tertiaire de Meudon a \u00e9t\u00e9 inclus dans Inovel Parc Nord.<\/p>\n<p>&nbsp;<\/p>\n","protected":false},"excerpt":{"rendered":"<p>Inovel Parc, c&rsquo;est l&rsquo;ensemble des parcs d&rsquo;activit\u00e9s de V\u00e9lizy-Villacoublay et de Meudon-la-For\u00eat. Inovel Parc, ce sont plus de 40 000 salari\u00e9s et plus de 50 000 clients qui tous les jours se rendent dans les centres commerciaux: V\u00e9lizy 2, L&rsquo;Usine Mode et Maison (ex Usines Center) et La Maison Villacoublay (ex Art de Vivre). Inovel [&hellip;]<\/p>\n","protected":false},"author":1,"featured_media":0,"parent":0,"menu_order":0,"comment_status":"closed","ping_status":"closed","template":"page-templates\/no-sidebar.php","meta":{"ngg_post_thumbnail":0,"jetpack_post_was_ever_published":false},"jetpack_sharing_enabled":true,"jetpack_shortlink":"https:\/\/wp.me\/P7AoJR-rV","jetpack-related-posts":[{"id":30,"url":"https:\/\/www.horizonemployeur.fr\/wordpress\/accueil\/inovelparc\/parc-inovelparc\/","url_meta":{"origin":1731,"position":0},"title":"Le parc d&rsquo;activit\u00e9s \u00ab\u00a0Inovel Parc\u00a0\u00bb","date":"27 f\u00e9vrier 2014","format":false,"excerpt":"INOVEL PARC INOVEL PARC, c'est l'ensemble des parcs d'activit\u00e9s de V\u00e9lizy-Villacoublay et de Meudon-la-For\u00eat. INOVEL PARC, ce sont plus de 40 000 salari\u00e9s et plus de 50 000 clients qui tous les jours se rendent dans les centres commerciaux: V\u00e9lizy 2, L'Usine Mode et Maison (ex Usines Center) et La\u2026","rel":"","context":"Avec 2 commentaires","img":{"alt_text":"","src":"https:\/\/i0.wp.com\/www.horizonemployeur.fr\/wordpress\/wp-content\/uploads\/2016\/04\/vignette-inovel-parc-600x430-1.png?fit=600%2C430&ssl=1&resize=350%2C200","width":350,"height":200},"classes":[]},{"id":1785,"url":"https:\/\/www.horizonemployeur.fr\/wordpress\/accueil\/inovelparc\/","url_meta":{"origin":1731,"position":1},"title":"Inovel Parc","date":"14 mars 2016","format":false,"excerpt":"Inovel Parc, c'est l'ensemble des parcs d'activit\u00e9s de V\u00e9lizy-Villacoublay et de Meudon-la-For\u00eat. Inovel Parc, ce sont plus de 40 000 salari\u00e9s et plus de 50 000 clients qui tous les jours se rendent dans les\u00a0grands\u00a0centres commerciaux: V\u00e9lizy 2, L'Usine Mode et Maison (ex Usines Center) et La Maison Villacoublay (ex\u2026","rel":"","context":"Article similaire","img":{"alt_text":"","src":"https:\/\/i0.wp.com\/www.horizonemployeur.fr\/wordpress\/wp-content\/uploads\/2016\/04\/p1020698_600d.jpg?fit=600%2C430&ssl=1&resize=350%2C200","width":350,"height":200},"classes":[]},{"id":2261,"url":"https:\/\/www.horizonemployeur.fr\/wordpress\/echangeur-a86\/","url_meta":{"origin":1731,"position":2},"title":"L&rsquo;\u00e9changeur \u00ab\u00a0V\u00e9lizy 2\u00a0\u00bb de l&rsquo;A 86","date":"8 avril 2016","format":false,"excerpt":"Que ce soit pour rejoindre Inovel Parc Nord ou Inovel Parc Sud, il n'existe pratiquement qu'un acc\u00e8s unique c\u00f4t\u00e9 est: l'\u00e9changeur n\u00b03 de la RN 118 (V\u00e9lizy-Zone d'Emplois - Meudon-la-For\u00eat) pour Inovel Parc Nord l'\u00e9changeur n\u00b04.1 de la m\u00eame RN 118 (ZA Villacoublay) pour Inovel Parc Sud A c\u00f4t\u00e9 de\u2026","rel":"","context":"Article similaire","img":{"alt_text":"","src":"https:\/\/i0.wp.com\/www.horizonemployeur.fr\/wordpress\/wp-content\/uploads\/2016\/04\/vignette-projet-c3a9changeur-vc3a9lizy-2.png?fit=600%2C430&ssl=1&resize=350%2C200","width":350,"height":200},"classes":[]},{"id":107,"url":"https:\/\/www.horizonemployeur.fr\/wordpress\/vehicule-motorise\/","url_meta":{"origin":1731,"position":3},"title":"Utiliser son propre v\u00e9hicule motoris\u00e9","date":"7 mars 2014","format":false,"excerpt":"Les pages pr\u00e9c\u00e9dentes ne vous ont pas permis de trouver la solution adapt\u00e9e pour vous rendre \u00e0 Inovel Parc ou le quitter. Il reste donc le v\u00e9hicule individuel motoris\u00e9, que celui-ci ait\u00a02 (v\u00e9lomoteurs, scooters, motos), 3 (scooters) ou 4 (voitures) roues. La circulation autour d'Inovel Parc \u00e9tant ce qu'elle est\u2026","rel":"","context":"Article similaire","img":{"alt_text":"","src":"","width":0,"height":0},"classes":[]},{"id":2318,"url":"https:\/\/www.horizonemployeur.fr\/wordpress\/vehicule-motorise-2\/","url_meta":{"origin":1731,"position":4},"title":"Utiliser son propre v\u00e9hicule motoris\u00e9","date":"7 mars 2014","format":false,"excerpt":"Les pages pr\u00e9c\u00e9dentes ne vous ont pas permis de trouver la solution adapt\u00e9e pour vous rendre \u00e0 Inovel Parc ou le quitter. Il reste donc le v\u00e9hicule individuel motoris\u00e9, que celui-ci ait\u00a02 (v\u00e9lomoteurs, scooters, motos), 3 (scooters) ou 4 (voitures) roues. La circulation autour d'Inovel Parc \u00e9tant ce qu'elle est\u2026","rel":"","context":"Article similaire","img":{"alt_text":"","src":"","width":0,"height":0},"classes":[]},{"id":179,"url":"https:\/\/www.horizonemployeur.fr\/wordpress\/accueil\/sedeplacer\/en-2-3-ou-4-roues-motorises-voiture-moto-scooter\/","url_meta":{"origin":1731,"position":5},"title":"En 2, 3 ou 4 roues motoris\u00e9s: voiture, moto, scooter, &#8230;","date":"24 mars 2014","format":false,"excerpt":"Inovel Parc se trouve \u00e0 l'intersection de 2 axes majeurs de l'Ile de France: la route nationale 118, voie express joignant le pont de S\u00e8vres et l'autoroute A 10 au niveau des Ulis Au pont de S\u00e8vres, vous aurez le choix entre la RD 910 rejoignant le boulevard p\u00e9riph\u00e9rique \u00e0\u2026","rel":"","context":"Article similaire","img":{"alt_text":"","src":"https:\/\/i0.wp.com\/www.horizonemployeur.fr\/wordpress\/wp-content\/uploads\/2016\/03\/p1100423_600.jpg?fit=600%2C450&ssl=1&resize=350%2C200","width":350,"height":200},"classes":[]}],"_links":{"self":[{"href":"https:\/\/www.horizonemployeur.fr\/wordpress\/wp-json\/wp\/v2\/pages\/1731"}],"collection":[{"href":"https:\/\/www.horizonemployeur.fr\/wordpress\/wp-json\/wp\/v2\/pages"}],"about":[{"href":"https:\/\/www.horizonemployeur.fr\/wordpress\/wp-json\/wp\/v2\/types\/page"}],"author":[{"embeddable":true,"href":"https:\/\/www.horizonemployeur.fr\/wordpress\/wp-json\/wp\/v2\/users\/1"}],"replies":[{"embeddable":true,"href":"https:\/\/www.horizonemployeur.fr\/wordpress\/wp-json\/wp\/v2\/comments?post=1731"}],"version-history":[{"count":4,"href":"https:\/\/www.horizonemployeur.fr\/wordpress\/wp-json\/wp\/v2\/pages\/1731\/revisions"}],"predecessor-version":[{"id":4465,"href":"https:\/\/www.horizonemployeur.fr\/wordpress\/wp-json\/wp\/v2\/pages\/1731\/revisions\/4465"}],"wp:attachment":[{"href":"https:\/\/www.horizonemployeur.fr\/wordpress\/wp-json\/wp\/v2\/media?parent=1731"}],"curies":[{"name":"wp","href":"https:\/\/api.w.org\/{rel}","templated":true}]}}