{"id":160,"date":"2014-03-18T10:20:04","date_gmt":"2014-03-18T09:20:04","guid":{"rendered":"http:\/\/horizonmobi.wordpress.com\/?page_id=160"},"modified":"2017-11-21T09:18:00","modified_gmt":"2017-11-21T08:18:00","slug":"projets-tc","status":"publish","type":"page","link":"https:\/\/www.horizonemployeur.fr\/wordpress\/projets-tc\/","title":{"rendered":"Les Projets de Transport en Commun"},"content":{"rendered":"<p>Au-del\u00e0 du tramway T6 Ch\u00e2tillon &#8211; V\u00e9lizy &#8211; Viroflay mis en service en 2014 et 2016, d&rsquo;autres projets devraient voir le jour \u00e0 plus long terme:<\/p>\n<ul>\n<li>2 <a title=\"Les Tangentielles ferr\u00e9es\" href=\"http:\/\/www.horizonemployeur.fr\/wordpress\/tangentielles\/\">lignes de tram-train tangentielles<\/a> qui reprennent les infrastructures de l&rsquo;ancienne Grande Ceinture Ferroviaire autour de Paris:\n<ul>\n<li>la Tangentielle Ouest (TGO) ou Tramway Express T13, entre St-Cyr-l&rsquo;Ecole et St-Germain-en-Laye puis Ach\u00e8res<\/li>\n<li>le Tram-Train Massy-Evry (TTME) et son prolongement jusqu&rsquo;\u00e0 Versailles, ou Tramway Express T12, entre Versailles-Chantiers, Massy (en desservant les gares de Jouy-en-Josas et Bi\u00e8vres), Epinay-sur-Orge et Evry-Courcouronnes.<\/li>\n<\/ul>\n<\/li>\n<li>le <a title=\"Le tramway T10 (Antony \u2013 Clamart)\" href=\"http:\/\/www.horizonemployeur.fr\/wordpress\/tramway-t10\/\">tramway T10<\/a> entre Antony (La Croix de Berny) et Clamart (Place du Garde)<\/li>\n<li>le <a title=\"Le Grand Paris Express\" href=\"http:\/\/www.horizonemployeur.fr\/wordpress\/grand-paris-express\/\">Grand Paris Express<\/a>, r\u00e9seau compos\u00e9 de nouvelles lignes de m\u00e9tro, dont:\n<ul>\n<li>la ligne 15, autour de Paris, qui desservira en particulier les gares de Pont de S\u00e8vres et Ch\u00e2tillon-Montrouge<\/li>\n<li>la ligne 18, qui ira \u00e0 terme d&rsquo;Orly \u00e0 Versailles via le plateau de Saclay, qui desservira entre autres le p\u00f4le gares de Massy-Palaiseau<\/li>\n<\/ul>\n<\/li>\n<\/ul>\n","protected":false},"excerpt":{"rendered":"<p>Au-del\u00e0 du tramway T6 Ch\u00e2tillon &#8211; V\u00e9lizy &#8211; Viroflay mis en service en 2014 et 2016, d&rsquo;autres projets devraient voir le jour \u00e0 plus long terme: 2 lignes de tram-train tangentielles qui reprennent les infrastructures de l&rsquo;ancienne Grande Ceinture Ferroviaire autour de Paris: la Tangentielle Ouest (TGO) ou Tramway Express T13, entre St-Cyr-l&rsquo;Ecole et St-Germain-en-Laye [&hellip;]<\/p>\n","protected":false},"author":1,"featured_media":1811,"parent":0,"menu_order":20,"comment_status":"open","ping_status":"open","template":"page-templates\/no-sidebar.php","meta":{"ngg_post_thumbnail":0,"jetpack_post_was_ever_published":false},"jetpack_sharing_enabled":true,"jetpack_shortlink":"https:\/\/wp.me\/P7AoJR-2A","jetpack-related-posts":[{"id":86,"url":"https:\/\/www.horizonemployeur.fr\/wordpress\/tangentielles\/","url_meta":{"origin":160,"position":0},"title":"Les Tangentielles ferr\u00e9es","date":"5 mars 2014","format":false,"excerpt":"Assez rapidement apr\u00e8s la construction des premiers chemins de fer en France, le besoin de lignes faisant le tour de Paris est apparu. C'est ainsi que sont successivement n\u00e9es: la Petite Ceinture (qui suit en grande partie le trac\u00e9 du boulevard des Mar\u00e9chaux parisien), ligne de 32 km construite sous\u2026","rel":"","context":"Article similaire","img":{"alt_text":"St Nom la Bret\u00c3\u00a8che Grande Ceinture mars 2013","src":"https:\/\/i0.wp.com\/www.horizonemployeur.fr\/wordpress\/wp-content\/uploads\/2014\/03\/st-nom-la-bretc3a8che-grande-ceinture-mars-2013.png?resize=350%2C200","width":350,"height":200},"classes":[]},{"id":623,"url":"https:\/\/www.horizonemployeur.fr\/wordpress\/accueil\/sedeplacer\/securite-routiere\/voies-ferrees\/","url_meta":{"origin":160,"position":1},"title":"Traverser une voie ferr\u00e9e","date":"16 juillet 2015","format":false,"excerpt":"Qu'elles soient celles du RER C, par exemple entre Massy et Versailles, Source:\u00a0http:\/\/data.iledefrance.fr\/explore\/dataset\/passages_a_niveau\/?tab=map En rouge, les passages \u00e0 niveau pour les v\u00e9hicules; en jaune, les passages r\u00e9serv\u00e9s aux pi\u00e9tons; en gris, les passages priv\u00e9s. Notez que dans l'\u00e9tat actuel des choses, les passages \u00e0 niveau entre Noisy-le-Roi et Saint-Cyr se\u2026","rel":"","context":"Article similaire","img":{"alt_text":"PN secteur V\u00c3\u00a9lizy","src":"https:\/\/i0.wp.com\/www.horizonemployeur.fr\/wordpress\/wp-content\/uploads\/2015\/07\/pn-secteur-vc3a9lizy.png?resize=350%2C200","width":350,"height":200},"classes":[]},{"id":38,"url":"https:\/\/www.horizonemployeur.fr\/wordpress\/accueil\/sedeplacer\/transports-en-commun\/","url_meta":{"origin":160,"position":2},"title":"Les Transports en Commun","date":"27 f\u00e9vrier 2014","format":false,"excerpt":"M\u00eame si tout n'est pas toujours idyllique, en particulier lorsque les voies rapides que sont l'A 86 et la RN 118 sont satur\u00e9es, les derni\u00e8res ann\u00e9es ont \u00e9t\u00e9 marqu\u00e9es par un certain nombre d'am\u00e9liorations dans les transports en commun qui desservent Inovel Parc: le tramway T6 a (enfin) \u00e9t\u00e9 mis\u2026","rel":"","context":"Article similaire","img":{"alt_text":"","src":"https:\/\/i0.wp.com\/www.horizonemployeur.fr\/wordpress\/wp-content\/uploads\/2016\/03\/p1180619_1200x600d.jpg?fit=1200%2C600&ssl=1&resize=350%2C200","width":350,"height":200},"classes":[]},{"id":2599,"url":"https:\/\/www.horizonemployeur.fr\/wordpress\/28-05-2016\/documentation\/","url_meta":{"origin":160,"position":3},"title":"Se renseigner","date":"4 mai 2016","format":false,"excerpt":"Avec le d\u00e9veloppement des affichages dans les gares routi\u00e8res et aux arr\u00eats, d'Internet, des sites, des applications, les canaux d'information \u00e0 votre disposition se sont multipli\u00e9s. Que peuvent-ils vous apporter ? en quoi peuvent-ils vous aider ? Qui fait quoi ? Face \u00e0 une mutiplicit\u00e9 de noms et d'abr\u00e9viations, il\u2026","rel":"","context":"Article similaire","img":{"alt_text":"","src":"","width":0,"height":0},"classes":[]},{"id":2477,"url":"https:\/\/www.horizonemployeur.fr\/wordpress\/28-05-2016\/t6-viroflay\/viroflay-rive-gauche\/","url_meta":{"origin":160,"position":4},"title":"Viroflay-Rive Gauche","date":"28 avril 2016","format":false,"excerpt":"Viroflay-Rive Droite est la 20e et avant-derni\u00e8re station de la ligne T6. Elle se situe dans le tunnel de Viroflay emprunt\u00e9 par le tramway \u00e0 partir de la c\u00f4te de Chaville et\u00a0donc\u00a0sous la place du Mar\u00e9chal Koenig. Elle propose les\u00a0correspondances avec: la ligne RER C Paris - Versailles-Ch\u00e2teau-Rive Gauche \/\u2026","rel":"","context":"Article similaire","img":{"alt_text":"P1130441_800d","src":"https:\/\/i0.wp.com\/www.horizonemployeur.fr\/wordpress\/wp-content\/uploads\/2016\/04\/P1130441_800d-300x150.jpg?resize=350%2C200","width":350,"height":200},"classes":[]},{"id":182,"url":"https:\/\/www.horizonemployeur.fr\/wordpress\/transports-reseaux-sociaux\/","url_meta":{"origin":160,"position":5},"title":"Transports et R\u00e9seaux Sociaux","date":"24 mars 2014","format":false,"excerpt":"Qu'on le veuille ou pas, les r\u00e9seaux sociaux, et en particulier Twitter, prennent de plus en plus d'importance dans notre existence. Twitter est en effet un canal d'information instantan\u00e9e avec ses qualit\u00e9s (la rapidit\u00e9, tout dire en 280 caract\u00e8res maximum, et la r\u00e9activit\u00e9) mais aussi parfois ses d\u00e9fauts (absence de\u2026","rel":"","context":"Article similaire","img":{"alt_text":"","src":"","width":0,"height":0},"classes":[]}],"_links":{"self":[{"href":"https:\/\/www.horizonemployeur.fr\/wordpress\/wp-json\/wp\/v2\/pages\/160"}],"collection":[{"href":"https:\/\/www.horizonemployeur.fr\/wordpress\/wp-json\/wp\/v2\/pages"}],"about":[{"href":"https:\/\/www.horizonemployeur.fr\/wordpress\/wp-json\/wp\/v2\/types\/page"}],"author":[{"embeddable":true,"href":"https:\/\/www.horizonemployeur.fr\/wordpress\/wp-json\/wp\/v2\/users\/1"}],"replies":[{"embeddable":true,"href":"https:\/\/www.horizonemployeur.fr\/wordpress\/wp-json\/wp\/v2\/comments?post=160"}],"version-history":[{"count":3,"href":"https:\/\/www.horizonemployeur.fr\/wordpress\/wp-json\/wp\/v2\/pages\/160\/revisions"}],"predecessor-version":[{"id":3627,"href":"https:\/\/www.horizonemployeur.fr\/wordpress\/wp-json\/wp\/v2\/pages\/160\/revisions\/3627"}],"wp:featuredmedia":[{"embeddable":true,"href":"https:\/\/www.horizonemployeur.fr\/wordpress\/wp-json\/wp\/v2\/media\/1811"}],"wp:attachment":[{"href":"https:\/\/www.horizonemployeur.fr\/wordpress\/wp-json\/wp\/v2\/media?parent=160"}],"curies":[{"name":"wp","href":"https:\/\/api.w.org\/{rel}","templated":true}]}}